{"id":126534,"date":"2020-04-07T16:31:24","date_gmt":"2020-04-07T13:31:24","guid":{"rendered":"http:\/\/www.testeryou.bootests.com\/?page_id=126534"},"modified":"2025-12-02T10:12:56","modified_gmt":"2025-12-02T07:12:56","slug":"danismanlik","status":"publish","type":"page","link":"https:\/\/testeryou.com\/tr\/danismanlik\/","title":{"rendered":"Dan\u0131\u015fmanl\u0131k"},"content":{"rendered":"<div class=\"wpb-content-wrapper\"><p>[vc_row row_height_percent=&#8221;0&#8243; override_padding=&#8221;yes&#8221; h_padding=&#8221;2&#8243; top_padding=&#8221;3&#8243; bottom_padding=&#8221;3&#8243; overlay_alpha=&#8221;70&#8243; gutter_size=&#8221;100&#8243; column_width_percent=&#8221;100&#8243; border_color=&#8221;color-gyho&#8221; border_style=&#8221;solid&#8221; shift_y=&#8221;0&#8243; z_index=&#8221;0&#8243; style=&#8221;inherited&#8221; row_name=&#8221;Welcome&#8221; css=&#8221;.vc_custom_1528872364561{border-bottom-width: 1px !important;}&#8221; el_class=&#8221;consultancy consultancy-section-1&#8243;][vc_column column_width_percent=&#8221;100&#8243; gutter_size=&#8221;1&#8243; overlay_alpha=&#8221;50&#8243; shift_x=&#8221;0&#8243; shift_y=&#8221;0&#8243; z_index=&#8221;0&#8243; medium_width=&#8221;0&#8243; width=&#8221;1\/1&#8243;][vc_row_inner row_inner_height_percent=&#8221;0&#8243; overlay_alpha=&#8221;50&#8243; gutter_size=&#8221;4&#8243; shift_y=&#8221;0&#8243; limit_content=&#8221;&#8221;][vc_column_inner column_width_percent=&#8221;100&#8243; gutter_size=&#8221;3&#8243; overlay_alpha=&#8221;50&#8243; shift_x=&#8221;0&#8243; shift_y=&#8221;0&#8243; z_index=&#8221;0&#8243; medium_width=&#8221;0&#8243; mobile_width=&#8221;0&#8243; width=&#8221;1\/4&#8243;][vc_custom_heading heading_semantic=&#8221;h5&#8243; text_font=&#8221;font-762333&#8243; text_size=&#8221;h5&#8243; text_transform=&#8221;capitalize&#8221; text_align=&#8221;text-left&#8221; text_uppercase=&#8221;&#8221; subheading=&#8221;M\u00fc\u015fterilerimizin mevcut yaz\u0131l\u0131m geli\u015ftirme ve teslimat s\u00fcre\u00e7lerini h\u0131zland\u0131r\u0131rken; Scrum, Kanban, SAFe gibi \u00e7evik metodolojilerdeki becerilerini ve deneyimlerini geli\u015ftiriyoruz.&#8221;]<\/p>\n<style type=\"text\/css\"><!--td {border: 1px solid #ccc;}br {mso-data-placement:same-cell;}--><\/style>\n<p><span data-sheets-value=\"{&quot;1&quot;:2,&quot;2&quot;:&quot;\u00c7evik Dan\u0131\u015fmanl\u0131k&quot;}\" data-sheets-userformat=\"{&quot;2&quot;:17281,&quot;3&quot;:{&quot;1&quot;:0},&quot;10&quot;:2,&quot;11&quot;:4,&quot;12&quot;:0,&quot;17&quot;:1}\">\u00c7evik Dan\u0131\u015fmanl\u0131k<\/span>[\/vc_custom_heading][vc_single_image media=&#8221;202020&#8243; media_width_percent=&#8221;100&#8243; uncode_shortcode_id=&#8221;213615&#8243; media_link=&#8221;url:http%3A%2F%2Ftesteryou.com%2Fagile%2F&#8221;][vc_separator sep_color=&#8221;,Default&#8221; el_class=&#8221;destop-top2&#8243;][uncode_list icon=&#8221;fa fa-check2&#8243; icon_color=&#8221;accent&#8221;]<\/p>\n<ul>\n<li>\u00c7evik Uygulamalar<\/li>\n<li>Scrum, Kanban, SAFe<\/li>\n<li>DevOps<\/li>\n<li>S\u00fcrekli Entegrasyon<\/li>\n<li>S\u00fcrekli Test<\/li>\n<li>\u00c7evik Operasyonlar<\/li>\n<\/ul>\n<p>[\/uncode_list][\/vc_column_inner][vc_column_inner width=&#8221;1\/4&#8243;][vc_custom_heading heading_semantic=&#8221;h5&#8243; text_font=&#8221;font-762333&#8243; text_size=&#8221;h5&#8243; text_transform=&#8221;capitalize&#8221; text_align=&#8221;text-left&#8221; text_uppercase=&#8221;&#8221; subheading=&#8221;M\u00fc\u015fterilerimizin g\u00fcnl\u00fck i\u015f ak\u0131\u015flar\u0131na kat\u0131larak organizasyonlar\u0131n\u0131 \u00e7evik hale getirmelerine ve daha y\u00fcksek verimlilik ve daha h\u0131zl\u0131 teslimat sa\u011flamalar\u0131na yard\u0131mc\u0131 oluyoruz.&#8221;]<\/p>\n<style type=\"text\/css\"><!--td {border: 1px solid #ccc;}br {mso-data-placement:same-cell;}--><\/style>\n<p><span data-sheets-value=\"{&quot;1&quot;:2,&quot;2&quot;:&quot;\u00c7evik D\u00f6n\u00fc\u015f\u00fcm&quot;}\" data-sheets-userformat=\"{&quot;2&quot;:17281,&quot;3&quot;:{&quot;1&quot;:0},&quot;10&quot;:2,&quot;11&quot;:4,&quot;12&quot;:0,&quot;17&quot;:1}\">\u00c7evik D\u00f6n\u00fc\u015f\u00fcm<\/span>[\/vc_custom_heading][vc_single_image media=&#8221;202020&#8243; media_width_percent=&#8221;100&#8243; uncode_shortcode_id=&#8221;213615&#8243; media_link=&#8221;url:http%3A%2F%2Ftesteryou.com%2Fagile%2F&#8221;][vc_separator sep_color=&#8221;,Default&#8221; el_class=&#8221;destop-top&#8221;][uncode_list icon=&#8221;fa fa-check2&#8243; icon_color=&#8221;accent&#8221;]<\/p>\n<ul>\n<li>\u015eirket K\u00fclt\u00fcr\u00fcn\u00fcn \u0130ncelenmesi<\/li>\n<li>S\u00fcre\u00e7lerin Tan\u0131mlanmas\u0131<\/li>\n<li>Teslim Edilecekleri Tan\u0131mlama<\/li>\n<li>Organizasyon Yap\u0131s\u0131n\u0131 Tan\u0131mlama<\/li>\n<li>Standartlara Uyum<\/li>\n<li>Ara\u00e7lar\u0131 Se\u00e7me ve \u00d6zelle\u015ftirme<\/li>\n<\/ul>\n<p>[\/uncode_list][\/vc_column_inner][vc_column_inner width=&#8221;1\/4&#8243;][vc_custom_heading heading_semantic=&#8221;h5&#8243; text_font=&#8221;font-762333&#8243; text_size=&#8221;h5&#8243; text_transform=&#8221;capitalize&#8221; text_align=&#8221;text-left&#8221; text_uppercase=&#8221;&#8221; subheading=&#8221;M\u00fc\u015fterilerimizin i\u015f s\u00fcre\u00e7lerini inceleyerek, bu s\u00fcre\u00e7lerin net, s\u00fcrd\u00fcr\u00fclebilir ve \u015firketin dijital vizyon ve teslimat vaatleriyle uyumlu olmalar\u0131n\u0131 sa\u011fl\u0131yoruz.&#8221;]<\/p>\n<style type=\"text\/css\"><!--td {border: 1px solid #ccc;}br {mso-data-placement:same-cell;}--><\/style>\n<p><span data-sheets-value=\"{&quot;1&quot;:2,&quot;2&quot;:&quot;\u0130\u015f Analizi&quot;}\" data-sheets-userformat=\"{&quot;2&quot;:17281,&quot;3&quot;:{&quot;1&quot;:0},&quot;10&quot;:2,&quot;11&quot;:4,&quot;12&quot;:0,&quot;17&quot;:1}\">Dijital D\u00f6n\u00fc\u015f\u00fcm<\/span>[\/vc_custom_heading][vc_single_image media=&#8221;202022&#8243; media_width_percent=&#8221;100&#8243; uncode_shortcode_id=&#8221;174128&#8243; media_link=&#8221;url:http%3A%2F%2Ftesteryou.com%2Fdigital%2F&#8221;][vc_separator sep_color=&#8221;,Default&#8221; el_class=&#8221;destop-top&#8221;][uncode_list icon=&#8221;fa fa-check2&#8243; icon_color=&#8221;accent&#8221;]<\/p>\n<ul>\n<li>Dijital Strateji<\/li>\n<li>Dijital Olgunluk<\/li>\n<li>Dijitalle\u015fme Ara\u00e7lar\u0131<\/li>\n<li>S\u00fcre\u00e7 Otomasyonu<\/li>\n<li>Dijital De\u011fer Endeksi<\/li>\n<li>Dijitalle\u015fme Metrikleri ve KPI&#8217;lar<\/li>\n<\/ul>\n<p>[\/uncode_list][\/vc_column_inner][vc_column_inner width=&#8221;1\/4&#8243;][vc_custom_heading heading_semantic=&#8221;h5&#8243; text_font=&#8221;font-762333&#8243; text_size=&#8221;h5&#8243; text_transform=&#8221;capitalize&#8221; text_align=&#8221;text-left&#8221; text_uppercase=&#8221;&#8221; subheading=&#8221;M\u00fc\u015fterilerimizin \u00fcr\u00fcnlerine ve\/veya hizmetlerine ili\u015fkin bilgi, fikir ve g\u00fcven elde etmek i\u00e7in yararlanabilecekleri geni\u015f bir kullan\u0131c\u0131 deneyimi hizmetleri portf\u00f6y\u00fc sunuyoruz.&#8221;]<\/p>\n<style type=\"text\/css\"><!--td {border: 1px solid #ccc;}br {mso-data-placement:same-cell;}--><\/style>\n<p><span data-sheets-value=\"{&quot;1&quot;:2,&quot;2&quot;:&quot;Kullan\u0131c\u0131 Deneyimi&quot;}\" data-sheets-userformat=\"{&quot;2&quot;:17281,&quot;3&quot;:{&quot;1&quot;:0},&quot;10&quot;:2,&quot;11&quot;:4,&quot;12&quot;:0,&quot;17&quot;:1}\">Kullan\u0131c\u0131 Deneyimi<\/span>[\/vc_custom_heading][vc_single_image media=&#8221;202559&#8243; media_width_percent=&#8221;100&#8243; uncode_shortcode_id=&#8221;110410&#8243; media_link=&#8221;url:http%3A%2F%2Ftesteryou.com%2Fux%2F&#8221;][vc_separator sep_color=&#8221;,Default&#8221; el_class=&#8221;destop-top2&#8243;][uncode_list icon=&#8221;fa fa-check2&#8243; icon_color=&#8221;accent&#8221;]<\/p>\n<ul>\n<li>Kullan\u0131c\u0131 Deneyimi Stratejisi<\/li>\n<li>Bilgi Mimarisi<\/li>\n<li>Etkile\u015fim ve Kullan\u0131c\u0131 Aray\u00fcz\u00fc Tasar\u0131m\u0131<\/li>\n<li>Tasar\u0131m Odakl\u0131 D\u00fc\u015f\u00fcnme<\/li>\n<li>UX \/ Kullan\u0131labilirlik Testi<\/li>\n<li>UX Ara\u00e7lar\u0131 ve \u00d6zelle\u015ftirmeleri<\/li>\n<\/ul>\n<p>[\/uncode_list][\/vc_column_inner][\/vc_row_inner][vc_empty_space empty_h=&#8221;3&#8243;][vc_separator sep_color=&#8221;color-909636&#8243;][vc_empty_space empty_h=&#8221;3&#8243;][vc_row_inner row_inner_height_percent=&#8221;0&#8243; overlay_alpha=&#8221;50&#8243; gutter_size=&#8221;4&#8243; shift_y=&#8221;0&#8243; limit_content=&#8221;&#8221;][vc_column_inner column_width_percent=&#8221;100&#8243; gutter_size=&#8221;3&#8243; overlay_alpha=&#8221;50&#8243; shift_x=&#8221;0&#8243; shift_y=&#8221;0&#8243; z_index=&#8221;0&#8243; medium_width=&#8221;0&#8243; mobile_width=&#8221;0&#8243; width=&#8221;1\/4&#8243;][vc_custom_heading heading_semantic=&#8221;h5&#8243; text_font=&#8221;font-762333&#8243; text_size=&#8221;h5&#8243; text_transform=&#8221;capitalize&#8221; text_align=&#8221;text-left&#8221; text_uppercase=&#8221;&#8221; subheading=&#8221;Mevcut test s\u00fcre\u00e7lerinizi analiz ediyor ve iyile\u015ftirmeler i\u00e7in ili\u015fkili bir yol haritas\u0131 \u00f6neriyoruz. (ISTQB, IIBA, CMMi, TMMi, TPI, ITIL, COBIT, PMI tabanl\u0131)&#8221;]<\/p>\n<style type=\"text\/css\"><!--td {border: 1px solid #ccc;}br {mso-data-placement:same-cell;}--><\/style>\n<p><span data-sheets-value=\"{&quot;1&quot;:2,&quot;2&quot;:&quot;Test De\u011ferlendirmesi&quot;}\" data-sheets-userformat=\"{&quot;2&quot;:17281,&quot;3&quot;:{&quot;1&quot;:0},&quot;10&quot;:2,&quot;11&quot;:4,&quot;12&quot;:0,&quot;17&quot;:1}\">Test De\u011ferlendirmesi<\/span>[\/vc_custom_heading][vc_single_image media=&#8221;202564&#8243; media_width_percent=&#8221;100&#8243; uncode_shortcode_id=&#8221;172763&#8243; media_link=&#8221;url:http%3A%2F%2Ftesteryou.com%2Fquality%2F&#8221;][vc_separator sep_color=&#8221;,Default&#8221;][uncode_list icon=&#8221;fa fa-check2&#8243; icon_color=&#8221;accent&#8221;]<\/p>\n<ul>\n<li>Organizasyonun Belirlenmesi<\/li>\n<li>Hedeflenen Seviyeyi Belirleme<\/li>\n<li>Derinlik G\u00f6r\u00fc\u015fmeleri<\/li>\n<li>Dok\u00fcmantasyon ve Ara\u00e7 \u0130nceleme<\/li>\n<li>Anket Analizi<\/li>\n<li>Raporlama ve Yol Haritas\u0131<\/li>\n<\/ul>\n<p>[\/uncode_list][\/vc_column_inner][vc_column_inner width=&#8221;1\/4&#8243;][vc_custom_heading heading_semantic=&#8221;h5&#8243; text_font=&#8221;font-762333&#8243; text_size=&#8221;h5&#8243; text_transform=&#8221;capitalize&#8221; text_align=&#8221;text-left&#8221; text_uppercase=&#8221;&#8221; subheading=&#8221;M\u00fc\u015fterilerimize, a\u00e7\u0131k ve somut ad\u0131mlar atarak daha y\u00fcksek test olgunlu\u011fu seviyelerine ula\u015fmalar\u0131 i\u00e7in yard\u0131mc\u0131 oluyoruz.&#8221;]<\/p>\n<style type=\"text\/css\"><!--td {border: 1px solid #ccc;}br {mso-data-placement:same-cell;}--><\/style>\n<p><span data-sheets-value=\"{&quot;1&quot;:2,&quot;2&quot;:&quot;Test \u0130yile\u015ftirme&quot;}\" data-sheets-userformat=\"{&quot;2&quot;:17281,&quot;3&quot;:{&quot;1&quot;:0},&quot;10&quot;:2,&quot;11&quot;:4,&quot;12&quot;:0,&quot;17&quot;:1}\">Test \u0130yile\u015ftirme<\/span>[\/vc_custom_heading][vc_single_image media=&#8221;202564&#8243; media_width_percent=&#8221;100&#8243; uncode_shortcode_id=&#8221;172763&#8243; media_link=&#8221;url:http%3A%2F%2Ftesteryou.com%2Fquality%2F&#8221;][vc_separator sep_color=&#8221;,Default&#8221;][uncode_list icon=&#8221;fa fa-check2&#8243; icon_color=&#8221;accent&#8221;]<\/p>\n<ul>\n<li>S\u00fcre\u00e7lerin Tan\u0131mlanmas\u0131<\/li>\n<li>Teslim Edilecekleri Tan\u0131mlama<\/li>\n<li>Rolleri Tan\u0131mlama<\/li>\n<li>Kaynak Modelini Tan\u0131mlama<\/li>\n<li>Ara\u00e7lar\u0131 Se\u00e7me ve \u00d6zelle\u015ftirme<\/li>\n<li>Standartlara Uyum<\/li>\n<\/ul>\n<p>[\/uncode_list][\/vc_column_inner][vc_column_inner width=&#8221;1\/4&#8243;][vc_custom_heading heading_semantic=&#8221;h5&#8243; text_font=&#8221;font-762333&#8243; text_size=&#8221;h5&#8243; text_transform=&#8221;capitalize&#8221; text_align=&#8221;text-left&#8221; text_uppercase=&#8221;&#8221; subheading=&#8221;Test ortam\u0131n\u0131z i\u00e7in en uygun test otomasyon ara\u00e7lar\u0131n\u0131 \u00f6neriyor ve test otomasyon ekibinizi olu\u015ftururken size destek oluyoruz.&#8221;]<\/p>\n<style type=\"text\/css\"><!--td {border: 1px solid #ccc;}br {mso-data-placement:same-cell;}--><\/style>\n<p><span data-sheets-value=\"{&quot;1&quot;:2,&quot;2&quot;:&quot;Test Otomasyonu&quot;}\" data-sheets-userformat=\"{&quot;2&quot;:17281,&quot;3&quot;:{&quot;1&quot;:0},&quot;10&quot;:2,&quot;11&quot;:4,&quot;12&quot;:0,&quot;17&quot;:1}\">Test Otomasyonu<\/span>[\/vc_custom_heading][vc_single_image media=&#8221;202564&#8243; media_width_percent=&#8221;100&#8243; uncode_shortcode_id=&#8221;172763&#8243; media_link=&#8221;url:http%3A%2F%2Ftesteryou.com%2Fquality%2F&#8221;][vc_separator sep_color=&#8221;,Default&#8221;][uncode_list icon=&#8221;fa fa-check2&#8243; icon_color=&#8221;accent&#8221;]<\/p>\n<ul>\n<li>Test Otomasyonu Stratejisi<\/li>\n<li>Ara\u00e7 PoC&#8217;lar\u0131<\/li>\n<li>Ara\u00e7 \u00d6zelle\u015ftirmeleri<\/li>\n<li>Altyap\u0131 Kurulumu<\/li>\n<li>Test Durumunu Geli\u015ftirme<\/li>\n<li>Test Durumunu Y\u00fcr\u00fctme<\/li>\n<\/ul>\n<p>[\/uncode_list][\/vc_column_inner][vc_column_inner width=&#8221;1\/4&#8243;][vc_custom_heading heading_semantic=&#8221;h5&#8243; text_font=&#8221;font-762333&#8243; text_size=&#8221;h5&#8243; text_transform=&#8221;capitalize&#8221; text_align=&#8221;text-left&#8221; text_uppercase=&#8221;&#8221; subheading=&#8221;Yaz\u0131l\u0131m test ekiplerimizle yerinde veya uzaktan \u00e7al\u0131\u015fabildi\u011finiz, esnek, \u00f6l\u00e7eklenebilir ve uygun fiyatlarda d\u0131\u015f kaynak \u00e7\u00f6z\u00fcmleri sunuyoruz.&#8221;]<\/p>\n<style type=\"text\/css\"><!--td {border: 1px solid #ccc;}br {mso-data-placement:same-cell;}--><\/style>\n<p><span data-sheets-value=\"{&quot;1&quot;:2,&quot;2&quot;:&quot;Test D\u0131\u015f Kaynak Kullan\u0131m\u0131&quot;}\" data-sheets-userformat=\"{&quot;2&quot;:17281,&quot;3&quot;:{&quot;1&quot;:0},&quot;10&quot;:2,&quot;11&quot;:4,&quot;12&quot;:0,&quot;17&quot;:1}\">Test D\u0131\u015f Kaynak Kullan\u0131m\u0131<\/span>[\/vc_custom_heading][vc_single_image media=&#8221;202564&#8243; media_width_percent=&#8221;100&#8243; uncode_shortcode_id=&#8221;172763&#8243; media_link=&#8221;url:http%3A%2F%2Ftesteryou.com%2Fquality%2F&#8221;][vc_separator sep_color=&#8221;,Default&#8221;][uncode_list icon=&#8221;fa fa-check2&#8243; icon_color=&#8221;accent&#8221;]<\/p>\n<ul>\n<li>Test Planlamas\u0131<\/li>\n<li>Kaynak Y\u00f6netimi<\/li>\n<li>Test Tasar\u0131m\u0131<\/li>\n<li>Test Uygulamas\u0131<\/li>\n<li>Test Raporlama<\/li>\n<li>Hata Takibi<\/li>\n<\/ul>\n<p>[\/uncode_list][\/vc_column_inner][\/vc_row_inner][\/vc_column][\/vc_row]<\/p>\n<\/div>","protected":false},"excerpt":{"rendered":"<p>[vc_row row_height_percent=&#8221;0&#8243; override_padding=&#8221;yes&#8221; h_padding=&#8221;2&#8243; top_padding=&#8221;3&#8243; bottom_padding=&#8221;3&#8243; overlay_alpha=&#8221;70&#8243; gutter_size=&#8221;100&#8243; column_width_percent=&#8221;100&#8243; border_color=&#8221;color-gyho&#8221; border_style=&#8221;solid&#8221; shift_y=&#8221;0&#8243; z_index=&#8221;0&#8243; style=&#8221;inherited&#8221; row_name=&#8221;Welcome&#8221; css=&#8221;.vc_custom_1528872364561{border-bottom-width: 1px !important;}&#8221; el_class=&#8221;consultancy consultancy-section-1&#8243;][vc_column [&hellip;]<\/p>\n","protected":false},"author":1,"featured_media":200990,"parent":0,"menu_order":0,"comment_status":"closed","ping_status":"closed","template":"","meta":{"_acf_changed":false,"_exactmetrics_skip_tracking":false,"_exactmetrics_sitenote_active":false,"_exactmetrics_sitenote_note":"","_exactmetrics_sitenote_category":0,"footnotes":""},"class_list":["post-126534","page","type-page","status-publish","has-post-thumbnail","hentry"],"acf":[],"yoast_head":"<!-- This site is optimized with the Yoast SEO plugin v26.1.1 - https:\/\/yoast.com\/wordpress\/plugins\/seo\/ -->\n<title>Dan\u0131\u015fmanl\u0131k - TesterYou<\/title>\n<meta name=\"description\" content=\"TesterYou dan\u0131\u015fmanl\u0131k hizmeti hakk\u0131nda detayl\u0131 bilgi almak i\u00e7in sayfam\u0131z\u0131 ziyaret edebilirsiniz.\" \/>\n<meta name=\"robots\" content=\"index, follow, max-snippet:-1, max-image-preview:large, max-video-preview:-1\" \/>\n<link rel=\"canonical\" href=\"https:\/\/testeryou.com\/tr\/danismanlik\/\" \/>\n<meta property=\"og:locale\" content=\"tr_TR\" \/>\n<meta property=\"og:type\" content=\"article\" \/>\n<meta property=\"og:title\" content=\"Dan\u0131\u015fmanl\u0131k - TesterYou\" \/>\n<meta property=\"og:description\" content=\"TesterYou dan\u0131\u015fmanl\u0131k hizmeti hakk\u0131nda detayl\u0131 bilgi almak i\u00e7in sayfam\u0131z\u0131 ziyaret edebilirsiniz.\" \/>\n<meta property=\"og:url\" content=\"https:\/\/testeryou.com\/tr\/danismanlik\/\" \/>\n<meta property=\"og:site_name\" content=\"TesterYou\" \/>\n<meta property=\"article:publisher\" content=\"http:\/\/www.facebook.com\/testeryouhq\" \/>\n<meta property=\"article:modified_time\" content=\"2025-12-02T07:12:56+00:00\" \/>\n<meta property=\"og:image\" content=\"https:\/\/testeryou.com\/wp-content\/uploads\/2018\/06\/consultancy.jpg\" \/>\n\t<meta property=\"og:image:width\" content=\"1920\" \/>\n\t<meta property=\"og:image:height\" content=\"1080\" \/>\n\t<meta property=\"og:image:type\" content=\"image\/jpeg\" \/>\n<meta name=\"twitter:card\" content=\"summary_large_image\" \/>\n<meta name=\"twitter:site\" content=\"@testeryouhq\" \/>\n<meta name=\"twitter:label1\" content=\"Tahmini okuma s\u00fcresi\" \/>\n\t<meta name=\"twitter:data1\" content=\"4 dakika\" \/>\n<script type=\"application\/ld+json\" class=\"yoast-schema-graph\">{\"@context\":\"https:\/\/schema.org\",\"@graph\":[{\"@type\":\"WebPage\",\"@id\":\"https:\/\/testeryou.com\/tr\/danismanlik\/\",\"url\":\"https:\/\/testeryou.com\/tr\/danismanlik\/\",\"name\":\"Dan\u0131\u015fmanl\u0131k - TesterYou\",\"isPartOf\":{\"@id\":\"https:\/\/testeryou.com\/tr\/#website\"},\"primaryImageOfPage\":{\"@id\":\"https:\/\/testeryou.com\/tr\/danismanlik\/#primaryimage\"},\"image\":{\"@id\":\"https:\/\/testeryou.com\/tr\/danismanlik\/#primaryimage\"},\"thumbnailUrl\":\"https:\/\/testeryou.com\/wp-content\/uploads\/2018\/06\/consultancy.jpg\",\"datePublished\":\"2020-04-07T13:31:24+00:00\",\"dateModified\":\"2025-12-02T07:12:56+00:00\",\"description\":\"TesterYou dan\u0131\u015fmanl\u0131k hizmeti hakk\u0131nda detayl\u0131 bilgi almak i\u00e7in sayfam\u0131z\u0131 ziyaret edebilirsiniz.\",\"breadcrumb\":{\"@id\":\"https:\/\/testeryou.com\/tr\/danismanlik\/#breadcrumb\"},\"inLanguage\":\"tr\",\"potentialAction\":[{\"@type\":\"ReadAction\",\"target\":[\"https:\/\/testeryou.com\/tr\/danismanlik\/\"]}]},{\"@type\":\"ImageObject\",\"inLanguage\":\"tr\",\"@id\":\"https:\/\/testeryou.com\/tr\/danismanlik\/#primaryimage\",\"url\":\"https:\/\/testeryou.com\/wp-content\/uploads\/2018\/06\/consultancy.jpg\",\"contentUrl\":\"https:\/\/testeryou.com\/wp-content\/uploads\/2018\/06\/consultancy.jpg\",\"width\":1920,\"height\":1080},{\"@type\":\"BreadcrumbList\",\"@id\":\"https:\/\/testeryou.com\/tr\/danismanlik\/#breadcrumb\",\"itemListElement\":[{\"@type\":\"ListItem\",\"position\":1,\"name\":\"Home\",\"item\":\"https:\/\/testeryou.com\/tr\/\"},{\"@type\":\"ListItem\",\"position\":2,\"name\":\"Dan\u0131\u015fmanl\u0131k\"}]},{\"@type\":\"WebSite\",\"@id\":\"https:\/\/testeryou.com\/tr\/#website\",\"url\":\"https:\/\/testeryou.com\/tr\/\",\"name\":\"TesterYou\",\"description\":\"TesterYou\",\"publisher\":{\"@id\":\"https:\/\/testeryou.com\/tr\/#organization\"},\"potentialAction\":[{\"@type\":\"SearchAction\",\"target\":{\"@type\":\"EntryPoint\",\"urlTemplate\":\"https:\/\/testeryou.com\/tr\/?s={search_term_string}\"},\"query-input\":{\"@type\":\"PropertyValueSpecification\",\"valueRequired\":true,\"valueName\":\"search_term_string\"}}],\"inLanguage\":\"tr\"},{\"@type\":\"Organization\",\"@id\":\"https:\/\/testeryou.com\/tr\/#organization\",\"name\":\"TesterYou Bili\u015fim Hizmetleri A.\u015e.\",\"url\":\"https:\/\/testeryou.com\/tr\/\",\"logo\":{\"@type\":\"ImageObject\",\"inLanguage\":\"tr\",\"@id\":\"https:\/\/testeryou.com\/tr\/#\/schema\/logo\/image\/\",\"url\":\"https:\/\/testeryou.com\/wp-content\/uploads\/2018\/06\/TesterYou_Favicon.png\",\"contentUrl\":\"https:\/\/testeryou.com\/wp-content\/uploads\/2018\/06\/TesterYou_Favicon.png\",\"width\":1691,\"height\":1921,\"caption\":\"TesterYou Bili\u015fim Hizmetleri A.\u015e.\"},\"image\":{\"@id\":\"https:\/\/testeryou.com\/tr\/#\/schema\/logo\/image\/\"},\"sameAs\":[\"http:\/\/www.facebook.com\/testeryouhq\",\"https:\/\/x.com\/testeryouhq\",\"http:\/\/www.instagram.com\/testeryouhq\/\",\"http:\/\/www.linkedin.com\/company\/testeryou\/\",\"http:\/\/www.youtube.com\/channel\/UC77eVCL7mzsIbNP799cEPOQ\"]}]}<\/script>\n<!-- \/ Yoast SEO plugin. -->","yoast_head_json":{"title":"Dan\u0131\u015fmanl\u0131k - TesterYou","description":"TesterYou dan\u0131\u015fmanl\u0131k hizmeti hakk\u0131nda detayl\u0131 bilgi almak i\u00e7in sayfam\u0131z\u0131 ziyaret edebilirsiniz.","robots":{"index":"index","follow":"follow","max-snippet":"max-snippet:-1","max-image-preview":"max-image-preview:large","max-video-preview":"max-video-preview:-1"},"canonical":"https:\/\/testeryou.com\/tr\/danismanlik\/","og_locale":"tr_TR","og_type":"article","og_title":"Dan\u0131\u015fmanl\u0131k - TesterYou","og_description":"TesterYou dan\u0131\u015fmanl\u0131k hizmeti hakk\u0131nda detayl\u0131 bilgi almak i\u00e7in sayfam\u0131z\u0131 ziyaret edebilirsiniz.","og_url":"https:\/\/testeryou.com\/tr\/danismanlik\/","og_site_name":"TesterYou","article_publisher":"http:\/\/www.facebook.com\/testeryouhq","article_modified_time":"2025-12-02T07:12:56+00:00","og_image":[{"width":1920,"height":1080,"url":"https:\/\/testeryou.com\/wp-content\/uploads\/2018\/06\/consultancy.jpg","type":"image\/jpeg"}],"twitter_card":"summary_large_image","twitter_site":"@testeryouhq","twitter_misc":{"Tahmini okuma s\u00fcresi":"4 dakika"},"schema":{"@context":"https:\/\/schema.org","@graph":[{"@type":"WebPage","@id":"https:\/\/testeryou.com\/tr\/danismanlik\/","url":"https:\/\/testeryou.com\/tr\/danismanlik\/","name":"Dan\u0131\u015fmanl\u0131k - TesterYou","isPartOf":{"@id":"https:\/\/testeryou.com\/tr\/#website"},"primaryImageOfPage":{"@id":"https:\/\/testeryou.com\/tr\/danismanlik\/#primaryimage"},"image":{"@id":"https:\/\/testeryou.com\/tr\/danismanlik\/#primaryimage"},"thumbnailUrl":"https:\/\/testeryou.com\/wp-content\/uploads\/2018\/06\/consultancy.jpg","datePublished":"2020-04-07T13:31:24+00:00","dateModified":"2025-12-02T07:12:56+00:00","description":"TesterYou dan\u0131\u015fmanl\u0131k hizmeti hakk\u0131nda detayl\u0131 bilgi almak i\u00e7in sayfam\u0131z\u0131 ziyaret edebilirsiniz.","breadcrumb":{"@id":"https:\/\/testeryou.com\/tr\/danismanlik\/#breadcrumb"},"inLanguage":"tr","potentialAction":[{"@type":"ReadAction","target":["https:\/\/testeryou.com\/tr\/danismanlik\/"]}]},{"@type":"ImageObject","inLanguage":"tr","@id":"https:\/\/testeryou.com\/tr\/danismanlik\/#primaryimage","url":"https:\/\/testeryou.com\/wp-content\/uploads\/2018\/06\/consultancy.jpg","contentUrl":"https:\/\/testeryou.com\/wp-content\/uploads\/2018\/06\/consultancy.jpg","width":1920,"height":1080},{"@type":"BreadcrumbList","@id":"https:\/\/testeryou.com\/tr\/danismanlik\/#breadcrumb","itemListElement":[{"@type":"ListItem","position":1,"name":"Home","item":"https:\/\/testeryou.com\/tr\/"},{"@type":"ListItem","position":2,"name":"Dan\u0131\u015fmanl\u0131k"}]},{"@type":"WebSite","@id":"https:\/\/testeryou.com\/tr\/#website","url":"https:\/\/testeryou.com\/tr\/","name":"TesterYou","description":"TesterYou","publisher":{"@id":"https:\/\/testeryou.com\/tr\/#organization"},"potentialAction":[{"@type":"SearchAction","target":{"@type":"EntryPoint","urlTemplate":"https:\/\/testeryou.com\/tr\/?s={search_term_string}"},"query-input":{"@type":"PropertyValueSpecification","valueRequired":true,"valueName":"search_term_string"}}],"inLanguage":"tr"},{"@type":"Organization","@id":"https:\/\/testeryou.com\/tr\/#organization","name":"TesterYou Bili\u015fim Hizmetleri A.\u015e.","url":"https:\/\/testeryou.com\/tr\/","logo":{"@type":"ImageObject","inLanguage":"tr","@id":"https:\/\/testeryou.com\/tr\/#\/schema\/logo\/image\/","url":"https:\/\/testeryou.com\/wp-content\/uploads\/2018\/06\/TesterYou_Favicon.png","contentUrl":"https:\/\/testeryou.com\/wp-content\/uploads\/2018\/06\/TesterYou_Favicon.png","width":1691,"height":1921,"caption":"TesterYou Bili\u015fim Hizmetleri A.\u015e."},"image":{"@id":"https:\/\/testeryou.com\/tr\/#\/schema\/logo\/image\/"},"sameAs":["http:\/\/www.facebook.com\/testeryouhq","https:\/\/x.com\/testeryouhq","http:\/\/www.instagram.com\/testeryouhq\/","http:\/\/www.linkedin.com\/company\/testeryou\/","http:\/\/www.youtube.com\/channel\/UC77eVCL7mzsIbNP799cEPOQ"]}]}},"_links":{"self":[{"href":"https:\/\/testeryou.com\/tr\/wp-json\/wp\/v2\/pages\/126534","targetHints":{"allow":["GET"]}}],"collection":[{"href":"https:\/\/testeryou.com\/tr\/wp-json\/wp\/v2\/pages"}],"about":[{"href":"https:\/\/testeryou.com\/tr\/wp-json\/wp\/v2\/types\/page"}],"author":[{"embeddable":true,"href":"https:\/\/testeryou.com\/tr\/wp-json\/wp\/v2\/users\/1"}],"replies":[{"embeddable":true,"href":"https:\/\/testeryou.com\/tr\/wp-json\/wp\/v2\/comments?post=126534"}],"version-history":[{"count":3,"href":"https:\/\/testeryou.com\/tr\/wp-json\/wp\/v2\/pages\/126534\/revisions"}],"predecessor-version":[{"id":211648,"href":"https:\/\/testeryou.com\/tr\/wp-json\/wp\/v2\/pages\/126534\/revisions\/211648"}],"wp:featuredmedia":[{"embeddable":true,"href":"https:\/\/testeryou.com\/tr\/wp-json\/wp\/v2\/media\/200990"}],"wp:attachment":[{"href":"https:\/\/testeryou.com\/tr\/wp-json\/wp\/v2\/media?parent=126534"}],"curies":[{"name":"wp","href":"https:\/\/api.w.org\/{rel}","templated":true}]}}