{"id":126555,"date":"2020-04-07T17:18:10","date_gmt":"2020-04-07T14:18:10","guid":{"rendered":"http:\/\/www.testeryou.bootests.com\/?page_id=126555"},"modified":"2025-10-15T09:18:43","modified_gmt":"2025-10-15T06:18:43","slug":"kariyer","status":"publish","type":"page","link":"https:\/\/testeryou.com\/tr\/kariyer\/","title":{"rendered":"Kariyer"},"content":{"rendered":"<div class=\"wpb-content-wrapper\"><p>[vc_row row_height_percent=&#8221;0&#8243; override_padding=&#8221;yes&#8221; h_padding=&#8221;2&#8243; top_padding=&#8221;5&#8243; bottom_padding=&#8221;5&#8243; overlay_alpha=&#8221;100&#8243; gutter_size=&#8221;100&#8243; column_width_percent=&#8221;100&#8243; shift_y=&#8221;0&#8243; z_index=&#8221;0&#8243; style=&#8221;inherited&#8221; el_class=&#8221;kariyer-bayrak-img&#8221;][vc_column column_width_use_pixel=&#8221;yes&#8221; align_horizontal=&#8221;align_center&#8221; gutter_size=&#8221;4&#8243; overlay_alpha=&#8221;100&#8243; shift_x=&#8221;0&#8243; shift_y=&#8221;0&#8243; medium_width=&#8221;100&#8243; zoom_width=&#8221;0&#8243; zoom_height=&#8221;0&#8243; width=&#8221;1\/1&#8243; column_width_pixel=&#8221;1400&#8243;][vc_row_inner][vc_column_inner width=&#8221;1\/3&#8243;][vc_single_image media=&#8221;210530&#8243; media_width_percent=&#8221;100&#8243; uncode_shortcode_id=&#8221;212561&#8243;][\/vc_column_inner][vc_column_inner width=&#8221;1\/3&#8243;][vc_single_image media=&#8221;210534&#8243; media_width_percent=&#8221;100&#8243; uncode_shortcode_id=&#8221;122302&#8243;][\/vc_column_inner][vc_column_inner width=&#8221;1\/3&#8243;][vc_single_image media=&#8221;210538&#8243; media_width_percent=&#8221;100&#8243; uncode_shortcode_id=&#8221;121693&#8243;][\/vc_column_inner][\/vc_row_inner][vc_row_inner row_inner_height_percent=&#8221;0&#8243; overlay_alpha=&#8221;100&#8243; gutter_size=&#8221;3&#8243; shift_y=&#8221;0&#8243; limit_content=&#8221;&#8221;][vc_column_inner column_width_use_pixel=&#8221;yes&#8221; align_horizontal=&#8221;align_center&#8221; gutter_size=&#8221;3&#8243; font_family=&#8221;font-134980&#8243; overlay_alpha=&#8221;100&#8243; shift_x=&#8221;0&#8243; shift_y=&#8221;0&#8243; medium_width=&#8221;0&#8243; zoom_width=&#8221;0&#8243; zoom_height=&#8221;0&#8243; width=&#8221;1\/1&#8243; column_width_pixel=&#8221;700&#8243;][vc_custom_heading heading_semantic=&#8221;h5&#8243; text_font=&#8221;font-762333&#8243; text_size=&#8221;h5&#8243; separator=&#8221;yes&#8221; separator_color=&#8221;yes&#8221; sub_lead=&#8221;yes&#8221; text_align=&#8221;text-center&#8221;]A\u015fa\u011f\u0131daki pozisyonlardan birine ba\u015fvurun[\/vc_custom_heading][\/vc_column_inner][\/vc_row_inner][vc_row_inner row_inner_height_percent=&#8221;0&#8243; overlay_alpha=&#8221;100&#8243; gutter_size=&#8221;3&#8243; shift_y=&#8221;0&#8243; z_index=&#8221;0&#8243; el_class=&#8221;careers-section-1&#8243; limit_content=&#8221;&#8221;][vc_column_inner column_width_percent=&#8221;100&#8243; align_horizontal=&#8221;align_center&#8221; gutter_size=&#8221;3&#8243; overlay_alpha=&#8221;100&#8243; shift_x=&#8221;0&#8243; shift_y=&#8221;0&#8243; shift_y_down=&#8221;0&#8243; z_index=&#8221;0&#8243; medium_width=&#8221;3&#8243; mobile_width=&#8221;0&#8243; zoom_width=&#8221;0&#8243; zoom_height=&#8221;0&#8243; width=&#8221;1\/3&#8243;][vc_icon icon_image=&#8221;201142&#8243; icon_color=&#8221;color-882BFF&#8221; background_style=&#8221;fa-rounded&#8221; media_size=&#8221;150&#8243; heading_semantic=&#8221;h5&#8243; text_font=&#8221;font-762333&#8243; text_size=&#8221;h4&#8243; css_animation=&#8221;bottom-t-top&#8221; animation_delay=&#8221;400&#8243; title=&#8221;Teknoloji Dan\u0131\u015fman\u0131&#8221; link=&#8221;|||&#8221; el_class=&#8221;career-icon&#8221; uncode_shortcode_id=&#8221;168367&#8243; icon_color_type=&#8221;uncode-palette&#8221;]<span class=\"font-762333\">Teknik Uzmanl\u0131k, Agile,<\/span><\/p>\n<p><span class=\"font-762333\">Yaz\u0131l\u0131m Geli\u015ftirme Ya\u015fam D\u00f6ng\u00fcs\u00fc,<\/span><\/p>\n<p><span class=\"font-762333\">Dijital D\u00f6n\u00fc\u015f\u00fcm, B\u00fcy\u00fck Veri<\/span><\/p>\n<p>Nesnelerin \u0130nterneti<\/p>\n<p>Yapay Zeka<\/p>\n<p>Metaverse, NFT[\/vc_icon][\/vc_column_inner][vc_column_inner column_width_percent=&#8221;100&#8243; align_horizontal=&#8221;align_center&#8221; gutter_size=&#8221;3&#8243; overlay_alpha=&#8221;100&#8243; shift_x=&#8221;0&#8243; shift_y=&#8221;0&#8243; medium_width=&#8221;3&#8243; zoom_width=&#8221;0&#8243; zoom_height=&#8221;0&#8243; width=&#8221;1\/3&#8243;][vc_icon icon_image=&#8221;201146&#8243; icon_color=&#8221;color-882BFF&#8221; background_style=&#8221;fa-rounded&#8221; media_size=&#8221;150&#8243; heading_semantic=&#8221;h5&#8243; text_font=&#8221;font-762333&#8243; text_size=&#8221;h4&#8243; linked_title=&#8221;yes&#8221; text_reduced=&#8221;yes&#8221; css_animation=&#8221;bottom-t-top&#8221; animation_delay=&#8221;600&#8243; title=&#8221;UX Dan\u0131\u015fman\u0131&#8221; link=&#8221;|||&#8221; el_class=&#8221;career-icon&#8221; uncode_shortcode_id=&#8221;192264&#8243; icon_color_type=&#8221;uncode-palette&#8221;]<span class=\"font-762333\">Kullan\u0131c\u0131 Ara\u015ft\u0131rmas\u0131<\/span><\/p>\n<p><span class=\"font-762333\">Bilgi Mimarisi<\/span><\/p>\n<p><span class=\"font-762333\">Etkile\u015fim Dizayn\u0131<\/span><\/p>\n<p><span class=\"font-762333\">G\u00f6rsel Tasar\u0131m<\/span><\/p>\n<p><span class=\"font-762333\">Kullan\u0131labilirlik testi<\/span><\/p>\n<p><span class=\"font-762333\">Kullan\u0131c\u0131 Deneyimi Stratejisi<\/span>[\/vc_icon][\/vc_column_inner][vc_column_inner column_width_percent=&#8221;100&#8243; align_horizontal=&#8221;align_center&#8221; gutter_size=&#8221;3&#8243; overlay_alpha=&#8221;100&#8243; shift_x=&#8221;0&#8243; shift_y=&#8221;0&#8243; medium_width=&#8221;3&#8243; zoom_width=&#8221;0&#8243; zoom_height=&#8221;0&#8243; width=&#8221;1\/3&#8243;][vc_icon icon_image=&#8221;201144&#8243; icon_color=&#8221;color-882BFF&#8221; background_style=&#8221;fa-rounded&#8221; media_size=&#8221;150&#8243; heading_semantic=&#8221;h5&#8243; text_font=&#8221;font-762333&#8243; text_size=&#8221;h4&#8243; linked_title=&#8221;yes&#8221; text_reduced=&#8221;yes&#8221; css_animation=&#8221;bottom-t-top&#8221; animation_delay=&#8221;800&#8243; title=&#8221;Test Dan\u0131\u015fman\u0131&#8221; link=&#8221;|||&#8221; el_class=&#8221;career-icon&#8221; uncode_shortcode_id=&#8221;157618&#8243; icon_color_type=&#8221;uncode-palette&#8221;]<span class=\"font-762333\">Test Stratejisi, Test Politikas\u0131 ve Metodolojisi<\/span><\/p>\n<p><span class=\"font-762333\">Test Planlama<\/span><\/p>\n<p><span class=\"font-762333\"> Kaynak Y\u00f6netimi<\/span><\/p>\n<p><span class=\"font-762333\">Test De\u011ferlendirme<\/span><\/p>\n<p><span class=\"font-762333\">Test Geli\u015ftirme<\/span><\/p>\n<p><span class=\"font-762333\">Ara\u00e7 Se\u00e7imi ve PoC&#8217;ler<\/span>[\/vc_icon][\/vc_column_inner][\/vc_row_inner][\/vc_column][\/vc_row][vc_row row_height_percent=&#8221;0&#8243; override_padding=&#8221;yes&#8221; h_padding=&#8221;2&#8243; top_padding=&#8221;5&#8243; bottom_padding=&#8221;5&#8243; overlay_alpha=&#8221;100&#8243; gutter_size=&#8221;100&#8243; column_width_percent=&#8221;100&#8243; shift_y=&#8221;0&#8243; z_index=&#8221;0&#8243; style=&#8221;inherited&#8221; el_class=&#8221;career-section-2&#8243;][vc_column column_width_use_pixel=&#8221;yes&#8221; align_horizontal=&#8221;align_center&#8221; gutter_size=&#8221;4&#8243; overlay_alpha=&#8221;100&#8243; shift_x=&#8221;0&#8243; shift_y=&#8221;0&#8243; shift_y_down=&#8221;0&#8243; z_index=&#8221;0&#8243; medium_width=&#8221;100&#8243; mobile_width=&#8221;0&#8243; zoom_width=&#8221;0&#8243; zoom_height=&#8221;0&#8243; width=&#8221;1\/1&#8243; column_width_pixel=&#8221;1000&#8243; uncode_shortcode_id=&#8221;750284&#8243; el_class=&#8221;career-testeryou-page&#8221;][vc_row_inner row_inner_height_percent=&#8221;0&#8243; overlay_alpha=&#8221;100&#8243; gutter_size=&#8221;3&#8243; shift_y=&#8221;0&#8243; limit_content=&#8221;&#8221;][vc_column_inner column_width_use_pixel=&#8221;yes&#8221; align_horizontal=&#8221;align_center&#8221; gutter_size=&#8221;3&#8243; font_family=&#8221;font-134980&#8243; overlay_alpha=&#8221;100&#8243; shift_x=&#8221;0&#8243; shift_y=&#8221;0&#8243; medium_width=&#8221;0&#8243; zoom_width=&#8221;0&#8243; zoom_height=&#8221;0&#8243; width=&#8221;1\/1&#8243; column_width_pixel=&#8221;700&#8243;][vc_custom_heading heading_semantic=&#8221;h5&#8243; text_font=&#8221;font-762333&#8243; text_size=&#8221;h5&#8243; text_space=&#8221;fontspace-111509&#8243; separator=&#8221;yes&#8221; separator_color=&#8221;yes&#8221; sub_lead=&#8221;yes&#8221; text_align=&#8221;text-center&#8221; subheading=&#8221;Farkl\u0131 deneyimlere sahip, hevesli test uzmanlar\u0131 ar\u0131yoruz! Harika ekibimizin bir par\u00e7as\u0131 olmak istiyorsan\u0131z, buradan ba\u015fvurabilirsiniz!&#8221;]B\u00fcy\u00fck D\u00fc\u015f\u00fcn![\/vc_custom_heading][\/vc_column_inner][\/vc_row_inner]\n<div class=\"wpcf7 no-js\" id=\"wpcf7-f211395-o1\" lang=\"tr-TR\" dir=\"ltr\" data-wpcf7-id=\"211395\">\n<div class=\"screen-reader-response\"><p role=\"status\" aria-live=\"polite\" aria-atomic=\"true\"><\/p> <ul><\/ul><\/div>\n<form action=\"\/tr\/wp-json\/wp\/v2\/pages\/126555#wpcf7-f211395-o1\" method=\"post\" class=\"wpcf7-form init\" aria-label=\"\u0130leti\u015fim Formu\" enctype=\"multipart\/form-data\" novalidate=\"novalidate\" data-status=\"init\">\n<fieldset class=\"hidden-fields-container\"><input type=\"hidden\" name=\"_wpcf7\" value=\"211395\" \/><input type=\"hidden\" name=\"_wpcf7_version\" value=\"6.1.2\" \/><input type=\"hidden\" name=\"_wpcf7_locale\" value=\"tr_TR\" \/><input type=\"hidden\" name=\"_wpcf7_unit_tag\" value=\"wpcf7-f211395-o1\" \/><input type=\"hidden\" name=\"_wpcf7_container_post\" value=\"0\" \/><input type=\"hidden\" name=\"_wpcf7_posted_data_hash\" value=\"\" \/><input type=\"hidden\" name=\"_wpcf7cf_hidden_group_fields\" value=\"[]\" \/><input type=\"hidden\" name=\"_wpcf7cf_hidden_groups\" value=\"[]\" \/><input type=\"hidden\" name=\"_wpcf7cf_visible_groups\" value=\"[]\" \/><input type=\"hidden\" name=\"_wpcf7cf_repeaters\" value=\"[]\" \/><input type=\"hidden\" name=\"_wpcf7cf_steps\" value=\"{}\" \/><input type=\"hidden\" name=\"_wpcf7cf_options\" value=\"{&quot;form_id&quot;:211395,&quot;conditions&quot;:[],&quot;settings&quot;:{&quot;animation&quot;:&quot;yes&quot;,&quot;animation_intime&quot;:200,&quot;animation_outtime&quot;:200,&quot;conditions_ui&quot;:&quot;normal&quot;,&quot;notice_dismissed&quot;:false,&quot;notice_dismissed_update-cf7-5.9.5&quot;:true}}\" \/><input type=\"hidden\" name=\"_wpcf7_recaptcha_response\" value=\"\" \/>\n<\/fieldset>\n<div class=\"wpcf7-inline-wrapper\">\n\t<p class=\"wpcf7-inline-field\"><span class=\"wpcf7-form-control-wrap\" data-name=\"Your-Name\"><input size=\"40\" maxlength=\"400\" class=\"wpcf7-form-control wpcf7-text wpcf7-validates-as-required\" aria-required=\"true\" aria-invalid=\"false\" placeholder=\"Ad*\" value=\"\" type=\"text\" name=\"Your-Name\" \/><\/span>\n\t<\/p>\n\t<p class=\"wpcf7-inline-field\"><span class=\"wpcf7-form-control-wrap\" data-name=\"Your-Surname\"><input size=\"40\" maxlength=\"400\" class=\"wpcf7-form-control wpcf7-text wpcf7-validates-as-required form-fluid\" aria-required=\"true\" aria-invalid=\"false\" placeholder=\"Soyad*\" value=\"\" type=\"text\" name=\"Your-Surname\" \/><\/span>\n\t<\/p>\n<\/div>\n<div class=\"wpcf7-inline-wrapper\">\n\t<p class=\"wpcf7-inline-field\"><span class=\"wpcf7-form-control-wrap\" data-name=\"your-email\"><input size=\"40\" maxlength=\"400\" class=\"wpcf7-form-control wpcf7-email wpcf7-validates-as-required wpcf7-text wpcf7-validates-as-email\" aria-required=\"true\" aria-invalid=\"false\" placeholder=\"E-posta *\" value=\"\" type=\"email\" name=\"your-email\" \/><\/span>\n\t<\/p>\n\t<p class=\"wpcf7-inline-field\"><span class=\"wpcf7-form-control-wrap\" data-name=\"your-telephone\"><input size=\"40\" maxlength=\"400\" class=\"wpcf7-form-control wpcf7-text wpcf7-validates-as-required form-fluid\" aria-required=\"true\" aria-invalid=\"false\" placeholder=\"Telefon*\" value=\"\" type=\"text\" name=\"your-telephone\" \/><\/span>\n\t<\/p>\n<\/div>\n<p><span class=\"wpcf7-form-control-wrap\" data-name=\"your-subject\"><textarea cols=\"40\" rows=\"10\" maxlength=\"2000\" class=\"wpcf7-form-control wpcf7-textarea form-fluid\" aria-invalid=\"false\" placeholder=\"Hedefinizi Anlat\u0131n*\" name=\"your-subject\"><\/textarea><\/span>\n<\/p>\n<p style=\" margin-bottom: 18px; \"><span class=\"wpcf7-form-control-wrap\" data-name=\"Combobox\"><select class=\"wpcf7-form-control wpcf7-select\" aria-invalid=\"false\" name=\"Combobox\"><option value=\"L\u00fctfen Ba\u015fvurmak \u0130stedi\u011finiz Pozisyonu Se\u00e7in* *\">L\u00fctfen Ba\u015fvurmak \u0130stedi\u011finiz Pozisyonu Se\u00e7in* *<\/option><option value=\"Teknoloji Dan\u0131\u015fman\u0131\">Teknoloji Dan\u0131\u015fman\u0131<\/option><option value=\"UX Dan\u0131\u015fman\u0131\">UX Dan\u0131\u015fman\u0131<\/option><option value=\"Test Dan\u0131\u015fman\u0131\">Test Dan\u0131\u015fman\u0131<\/option><\/select><\/span>\n<\/p>\n<p class=\"file-form\">\n<\/p>\n<p class=\"baslik-cv\">CV (PDF): *\n<\/p>\n<p class=\"baslik-cv-button\"<span class=\"wpcf7-form-control-wrap\" data-name=\"your-file\"><input size=\"40\" class=\"wpcf7-form-control wpcf7-file wpcf7-validates-as-required\" accept=\".pdf\" aria-required=\"true\" aria-invalid=\"false\" type=\"file\" name=\"your-file\" \/><\/span>\n<\/p>\n<div style=\" text-align: left; margin-bottom: 18px; \">\n\t<p><span class=\"wpcf7-form-control-wrap\" data-name=\"acceptance\"><span class=\"wpcf7-form-control wpcf7-acceptance\"><span class=\"wpcf7-list-item\"><label><input type=\"checkbox\" name=\"acceptance\" value=\"1\" aria-invalid=\"false\" \/><span class=\"wpcf7-list-item-label\"><a style=\"font-weight:bold\" href=\"\/tr\/kvkk\/\" target=\"_blank\">KVKK<\/a> ve <a style=\"font-weight:bold\" href=\"\/tr\/aydinlatma-metni\/\" target=\"_blank\">Ayd\u0131nlatma metni<\/a>'ni okudum ve kabul ediyorum<\/span><\/label><\/span><\/span><\/span>\n\t<\/p>\n<\/div>\n<p><input class=\"wpcf7-form-control wpcf7-submit has-spinner btn btn-accent btn-circle\" type=\"submit\" value=\"BA\u015eVURUYU G\u00d6NDER\" \/>\n<\/p><div class=\"wpcf7-response-output\" aria-hidden=\"true\"><\/div>\n<\/form>\n<\/div>\n[\/vc_column][\/vc_row]<\/p>\n<\/div>","protected":false},"excerpt":{"rendered":"<p>[vc_row row_height_percent=&#8221;0&#8243; override_padding=&#8221;yes&#8221; h_padding=&#8221;2&#8243; top_padding=&#8221;5&#8243; bottom_padding=&#8221;5&#8243; overlay_alpha=&#8221;100&#8243; gutter_size=&#8221;100&#8243; column_width_percent=&#8221;100&#8243; shift_y=&#8221;0&#8243; z_index=&#8221;0&#8243; style=&#8221;inherited&#8221; el_class=&#8221;kariyer-bayrak-img&#8221;][vc_column column_width_use_pixel=&#8221;yes&#8221; align_horizontal=&#8221;align_center&#8221; gutter_size=&#8221;4&#8243; overlay_alpha=&#8221;100&#8243; shift_x=&#8221;0&#8243; shift_y=&#8221;0&#8243; medium_width=&#8221;100&#8243; [&hellip;]<\/p>\n","protected":false},"author":1,"featured_media":201013,"parent":0,"menu_order":0,"comment_status":"open","ping_status":"closed","template":"","meta":{"_acf_changed":false,"_exactmetrics_skip_tracking":false,"_exactmetrics_sitenote_active":false,"_exactmetrics_sitenote_note":"","_exactmetrics_sitenote_category":0,"footnotes":""},"class_list":["post-126555","page","type-page","status-publish","has-post-thumbnail","hentry"],"acf":[],"yoast_head":"<!-- This site is optimized with the Yoast SEO plugin v26.1.1 - https:\/\/yoast.com\/wordpress\/plugins\/seo\/ -->\n<title>Kariyer - TesterYou<\/title>\n<meta name=\"description\" content=\"TesterYou ailesine kat\u0131lmak ister misiniz? TesterYou kariyer f\u0131rsatlar\u0131n\u0131 g\u00f6rmek i\u00e7in sitemizi ziyarete edebilirsiniz.\" \/>\n<meta name=\"robots\" content=\"index, follow, max-snippet:-1, max-image-preview:large, max-video-preview:-1\" \/>\n<link rel=\"canonical\" href=\"https:\/\/testeryou.com\/tr\/kariyer\/\" \/>\n<meta property=\"og:locale\" content=\"tr_TR\" \/>\n<meta property=\"og:type\" content=\"article\" \/>\n<meta property=\"og:title\" content=\"Kariyer - TesterYou\" \/>\n<meta property=\"og:description\" content=\"TesterYou ailesine kat\u0131lmak ister misiniz? TesterYou kariyer f\u0131rsatlar\u0131n\u0131 g\u00f6rmek i\u00e7in sitemizi ziyarete edebilirsiniz.\" \/>\n<meta property=\"og:url\" content=\"https:\/\/testeryou.com\/tr\/kariyer\/\" \/>\n<meta property=\"og:site_name\" content=\"TesterYou\" \/>\n<meta property=\"article:publisher\" content=\"http:\/\/www.facebook.com\/testeryouhq\" \/>\n<meta property=\"article:modified_time\" content=\"2025-10-15T06:18:43+00:00\" \/>\n<meta property=\"og:image\" content=\"https:\/\/testeryou.com\/wp-content\/uploads\/2021\/08\/career.jpg\" \/>\n\t<meta property=\"og:image:width\" content=\"2000\" \/>\n\t<meta property=\"og:image:height\" content=\"1125\" \/>\n\t<meta property=\"og:image:type\" content=\"image\/jpeg\" \/>\n<meta name=\"twitter:card\" content=\"summary_large_image\" \/>\n<meta name=\"twitter:site\" content=\"@testeryouhq\" \/>\n<meta name=\"twitter:label1\" content=\"Tahmini okuma s\u00fcresi\" \/>\n\t<meta name=\"twitter:data1\" content=\"2 dakika\" \/>\n<script type=\"application\/ld+json\" class=\"yoast-schema-graph\">{\"@context\":\"https:\/\/schema.org\",\"@graph\":[{\"@type\":\"WebPage\",\"@id\":\"https:\/\/testeryou.com\/tr\/kariyer\/\",\"url\":\"https:\/\/testeryou.com\/tr\/kariyer\/\",\"name\":\"Kariyer - TesterYou\",\"isPartOf\":{\"@id\":\"https:\/\/testeryou.com\/tr\/#website\"},\"primaryImageOfPage\":{\"@id\":\"https:\/\/testeryou.com\/tr\/kariyer\/#primaryimage\"},\"image\":{\"@id\":\"https:\/\/testeryou.com\/tr\/kariyer\/#primaryimage\"},\"thumbnailUrl\":\"https:\/\/testeryou.com\/wp-content\/uploads\/2021\/08\/career.jpg\",\"datePublished\":\"2020-04-07T14:18:10+00:00\",\"dateModified\":\"2025-10-15T06:18:43+00:00\",\"description\":\"TesterYou ailesine kat\u0131lmak ister misiniz? TesterYou kariyer f\u0131rsatlar\u0131n\u0131 g\u00f6rmek i\u00e7in sitemizi ziyarete edebilirsiniz.\",\"breadcrumb\":{\"@id\":\"https:\/\/testeryou.com\/tr\/kariyer\/#breadcrumb\"},\"inLanguage\":\"tr\",\"potentialAction\":[{\"@type\":\"ReadAction\",\"target\":[\"https:\/\/testeryou.com\/tr\/kariyer\/\"]}]},{\"@type\":\"ImageObject\",\"inLanguage\":\"tr\",\"@id\":\"https:\/\/testeryou.com\/tr\/kariyer\/#primaryimage\",\"url\":\"https:\/\/testeryou.com\/wp-content\/uploads\/2021\/08\/career.jpg\",\"contentUrl\":\"https:\/\/testeryou.com\/wp-content\/uploads\/2021\/08\/career.jpg\",\"width\":2000,\"height\":1125},{\"@type\":\"BreadcrumbList\",\"@id\":\"https:\/\/testeryou.com\/tr\/kariyer\/#breadcrumb\",\"itemListElement\":[{\"@type\":\"ListItem\",\"position\":1,\"name\":\"Home\",\"item\":\"https:\/\/testeryou.com\/tr\/\"},{\"@type\":\"ListItem\",\"position\":2,\"name\":\"Kariyer\"}]},{\"@type\":\"WebSite\",\"@id\":\"https:\/\/testeryou.com\/tr\/#website\",\"url\":\"https:\/\/testeryou.com\/tr\/\",\"name\":\"TesterYou\",\"description\":\"TesterYou\",\"publisher\":{\"@id\":\"https:\/\/testeryou.com\/tr\/#organization\"},\"potentialAction\":[{\"@type\":\"SearchAction\",\"target\":{\"@type\":\"EntryPoint\",\"urlTemplate\":\"https:\/\/testeryou.com\/tr\/?s={search_term_string}\"},\"query-input\":{\"@type\":\"PropertyValueSpecification\",\"valueRequired\":true,\"valueName\":\"search_term_string\"}}],\"inLanguage\":\"tr\"},{\"@type\":\"Organization\",\"@id\":\"https:\/\/testeryou.com\/tr\/#organization\",\"name\":\"TesterYou Bili\u015fim Hizmetleri A.\u015e.\",\"url\":\"https:\/\/testeryou.com\/tr\/\",\"logo\":{\"@type\":\"ImageObject\",\"inLanguage\":\"tr\",\"@id\":\"https:\/\/testeryou.com\/tr\/#\/schema\/logo\/image\/\",\"url\":\"https:\/\/testeryou.com\/wp-content\/uploads\/2018\/06\/TesterYou_Favicon.png\",\"contentUrl\":\"https:\/\/testeryou.com\/wp-content\/uploads\/2018\/06\/TesterYou_Favicon.png\",\"width\":1691,\"height\":1921,\"caption\":\"TesterYou Bili\u015fim Hizmetleri A.\u015e.\"},\"image\":{\"@id\":\"https:\/\/testeryou.com\/tr\/#\/schema\/logo\/image\/\"},\"sameAs\":[\"http:\/\/www.facebook.com\/testeryouhq\",\"https:\/\/x.com\/testeryouhq\",\"http:\/\/www.instagram.com\/testeryouhq\/\",\"http:\/\/www.linkedin.com\/company\/testeryou\/\",\"http:\/\/www.youtube.com\/channel\/UC77eVCL7mzsIbNP799cEPOQ\"]}]}<\/script>\n<!-- \/ Yoast SEO plugin. -->","yoast_head_json":{"title":"Kariyer - TesterYou","description":"TesterYou ailesine kat\u0131lmak ister misiniz? TesterYou kariyer f\u0131rsatlar\u0131n\u0131 g\u00f6rmek i\u00e7in sitemizi ziyarete edebilirsiniz.","robots":{"index":"index","follow":"follow","max-snippet":"max-snippet:-1","max-image-preview":"max-image-preview:large","max-video-preview":"max-video-preview:-1"},"canonical":"https:\/\/testeryou.com\/tr\/kariyer\/","og_locale":"tr_TR","og_type":"article","og_title":"Kariyer - TesterYou","og_description":"TesterYou ailesine kat\u0131lmak ister misiniz? TesterYou kariyer f\u0131rsatlar\u0131n\u0131 g\u00f6rmek i\u00e7in sitemizi ziyarete edebilirsiniz.","og_url":"https:\/\/testeryou.com\/tr\/kariyer\/","og_site_name":"TesterYou","article_publisher":"http:\/\/www.facebook.com\/testeryouhq","article_modified_time":"2025-10-15T06:18:43+00:00","og_image":[{"width":2000,"height":1125,"url":"https:\/\/testeryou.com\/wp-content\/uploads\/2021\/08\/career.jpg","type":"image\/jpeg"}],"twitter_card":"summary_large_image","twitter_site":"@testeryouhq","twitter_misc":{"Tahmini okuma s\u00fcresi":"2 dakika"},"schema":{"@context":"https:\/\/schema.org","@graph":[{"@type":"WebPage","@id":"https:\/\/testeryou.com\/tr\/kariyer\/","url":"https:\/\/testeryou.com\/tr\/kariyer\/","name":"Kariyer - TesterYou","isPartOf":{"@id":"https:\/\/testeryou.com\/tr\/#website"},"primaryImageOfPage":{"@id":"https:\/\/testeryou.com\/tr\/kariyer\/#primaryimage"},"image":{"@id":"https:\/\/testeryou.com\/tr\/kariyer\/#primaryimage"},"thumbnailUrl":"https:\/\/testeryou.com\/wp-content\/uploads\/2021\/08\/career.jpg","datePublished":"2020-04-07T14:18:10+00:00","dateModified":"2025-10-15T06:18:43+00:00","description":"TesterYou ailesine kat\u0131lmak ister misiniz? TesterYou kariyer f\u0131rsatlar\u0131n\u0131 g\u00f6rmek i\u00e7in sitemizi ziyarete edebilirsiniz.","breadcrumb":{"@id":"https:\/\/testeryou.com\/tr\/kariyer\/#breadcrumb"},"inLanguage":"tr","potentialAction":[{"@type":"ReadAction","target":["https:\/\/testeryou.com\/tr\/kariyer\/"]}]},{"@type":"ImageObject","inLanguage":"tr","@id":"https:\/\/testeryou.com\/tr\/kariyer\/#primaryimage","url":"https:\/\/testeryou.com\/wp-content\/uploads\/2021\/08\/career.jpg","contentUrl":"https:\/\/testeryou.com\/wp-content\/uploads\/2021\/08\/career.jpg","width":2000,"height":1125},{"@type":"BreadcrumbList","@id":"https:\/\/testeryou.com\/tr\/kariyer\/#breadcrumb","itemListElement":[{"@type":"ListItem","position":1,"name":"Home","item":"https:\/\/testeryou.com\/tr\/"},{"@type":"ListItem","position":2,"name":"Kariyer"}]},{"@type":"WebSite","@id":"https:\/\/testeryou.com\/tr\/#website","url":"https:\/\/testeryou.com\/tr\/","name":"TesterYou","description":"TesterYou","publisher":{"@id":"https:\/\/testeryou.com\/tr\/#organization"},"potentialAction":[{"@type":"SearchAction","target":{"@type":"EntryPoint","urlTemplate":"https:\/\/testeryou.com\/tr\/?s={search_term_string}"},"query-input":{"@type":"PropertyValueSpecification","valueRequired":true,"valueName":"search_term_string"}}],"inLanguage":"tr"},{"@type":"Organization","@id":"https:\/\/testeryou.com\/tr\/#organization","name":"TesterYou Bili\u015fim Hizmetleri A.\u015e.","url":"https:\/\/testeryou.com\/tr\/","logo":{"@type":"ImageObject","inLanguage":"tr","@id":"https:\/\/testeryou.com\/tr\/#\/schema\/logo\/image\/","url":"https:\/\/testeryou.com\/wp-content\/uploads\/2018\/06\/TesterYou_Favicon.png","contentUrl":"https:\/\/testeryou.com\/wp-content\/uploads\/2018\/06\/TesterYou_Favicon.png","width":1691,"height":1921,"caption":"TesterYou Bili\u015fim Hizmetleri A.\u015e."},"image":{"@id":"https:\/\/testeryou.com\/tr\/#\/schema\/logo\/image\/"},"sameAs":["http:\/\/www.facebook.com\/testeryouhq","https:\/\/x.com\/testeryouhq","http:\/\/www.instagram.com\/testeryouhq\/","http:\/\/www.linkedin.com\/company\/testeryou\/","http:\/\/www.youtube.com\/channel\/UC77eVCL7mzsIbNP799cEPOQ"]}]}},"_links":{"self":[{"href":"https:\/\/testeryou.com\/tr\/wp-json\/wp\/v2\/pages\/126555","targetHints":{"allow":["GET"]}}],"collection":[{"href":"https:\/\/testeryou.com\/tr\/wp-json\/wp\/v2\/pages"}],"about":[{"href":"https:\/\/testeryou.com\/tr\/wp-json\/wp\/v2\/types\/page"}],"author":[{"embeddable":true,"href":"https:\/\/testeryou.com\/tr\/wp-json\/wp\/v2\/users\/1"}],"replies":[{"embeddable":true,"href":"https:\/\/testeryou.com\/tr\/wp-json\/wp\/v2\/comments?post=126555"}],"version-history":[{"count":0,"href":"https:\/\/testeryou.com\/tr\/wp-json\/wp\/v2\/pages\/126555\/revisions"}],"wp:featuredmedia":[{"embeddable":true,"href":"https:\/\/testeryou.com\/tr\/wp-json\/wp\/v2\/media\/201013"}],"wp:attachment":[{"href":"https:\/\/testeryou.com\/tr\/wp-json\/wp\/v2\/media?parent=126555"}],"curies":[{"name":"wp","href":"https:\/\/api.w.org\/{rel}","templated":true}]}}