{"id":126561,"date":"2020-04-07T17:29:38","date_gmt":"2020-04-07T14:29:38","guid":{"rendered":"http:\/\/www.testeryou.bootests.com\/?page_id=126561"},"modified":"2025-12-02T09:56:23","modified_gmt":"2025-12-02T06:56:23","slug":"felsefemiz","status":"publish","type":"page","link":"https:\/\/testeryou.com\/tr\/felsefemiz\/","title":{"rendered":"Felsefemiz"},"content":{"rendered":"<div class=\"wpb-content-wrapper\"><p>[vc_row unlock_row_content=&#8221;yes&#8221; row_height_percent=&#8221;0&#8243; override_padding=&#8221;yes&#8221; h_padding=&#8221;0&#8243; top_padding=&#8221;0&#8243; bottom_padding=&#8221;0&#8243; overlay_alpha=&#8221;50&#8243; equal_height=&#8221;yes&#8221; gutter_size=&#8221;0&#8243; shift_y=&#8221;0&#8243;][vc_column column_width_percent=&#8221;100&#8243; position_vertical=&#8221;middle&#8221; gutter_size=&#8221;3&#8243; override_padding=&#8221;yes&#8221; column_padding=&#8221;4&#8243; style=&#8221;dark&#8221; font_family=&#8221;font-762333&#8243; back_color=&#8221;color-prif&#8221; overlay_alpha=&#8221;50&#8243; shift_x=&#8221;0&#8243; shift_y=&#8221;0&#8243; shift_y_down=&#8221;0&#8243; z_index=&#8221;0&#8243; align_medium=&#8221;align_center_tablet&#8221; medium_width=&#8221;0&#8243; align_mobile=&#8221;align_center_mobile&#8221; mobile_width=&#8221;0&#8243; width=&#8221;6\/12&#8243;][vc_custom_heading heading_semantic=&#8221;h3&#8243; text_size=&#8221;h1&#8243; separator=&#8221;yes&#8221; separator_color=&#8221;yes&#8221;]Yakla\u015f\u0131m\u0131m\u0131z[\/vc_custom_heading][vc_column_text text_lead=&#8221;yes&#8221;]<\/p>\n<style type=\"text\/css\"><!--td {border: 1px solid #ccc;}br {mso-data-placement:same-cell;}--><\/style>\n<p><span data-sheets-value=\"{&quot;1&quot;:2,&quot;2&quot;:&quot;M\u00fc\u015fterilerimizi giderek daha karma\u015f\u0131kla\u015fan dijital ortamlara adapte eden; bunu yaparken de operasyonlar\u0131 iyile\u015ftirmek ve m\u00fc\u015fteri de\u011ferini art\u0131rmak i\u00e7in yaz\u0131l\u0131m testindeki son teknolojilerden faydalanan \u00f6zel bir yaz\u0131l\u0131m test hizmetleri \u015firketiyiz.&quot;}\" data-sheets-userformat=\"{&quot;2&quot;:899,&quot;3&quot;:{&quot;1&quot;:0},&quot;4&quot;:[null,2,16776960],&quot;10&quot;:0,&quot;11&quot;:4,&quot;12&quot;:0}\">M\u00fc\u015fterilerimizi giderek daha karma\u015f\u0131kla\u015fan dijital ortamlara adapte eden; bunu yaparken de operasyonlar\u0131 iyile\u015ftirmek ve m\u00fc\u015fteri de\u011ferini art\u0131rmak i\u00e7in geli\u015fen son teknolojilerden faydalanan \u00f6zel bir teknoloji dan\u0131\u015fmanl\u0131k \u015firketiyiz.<\/span>[\/vc_column_text][\/vc_column][vc_column column_width_percent=&#8221;100&#8243; position_vertical=&#8221;middle&#8221; gutter_size=&#8221;3&#8243; override_padding=&#8221;yes&#8221; column_padding=&#8221;4&#8243; style=&#8221;dark&#8221; font_family=&#8221;font-762333&#8243; back_color=&#8221;color-wayh&#8221; overlay_alpha=&#8221;50&#8243; shift_x=&#8221;0&#8243; shift_y=&#8221;0&#8243; z_index=&#8221;0&#8243; align_medium=&#8221;align_center_tablet&#8221; medium_width=&#8221;0&#8243; align_mobile=&#8221;align_center_mobile&#8221; width=&#8221;3\/12&#8243;][vc_custom_heading heading_semantic=&#8221;h3&#8243; text_size=&#8221;h1&#8243; text_transform=&#8221;capitalize&#8221; separator=&#8221;yes&#8221; separator_color=&#8221;yes&#8221;]<\/p>\n<style type=\"text\/css\"><!--td {border: 1px solid #ccc;}br {mso-data-placement:same-cell;}--><\/style>\n<p><span data-sheets-value=\"{&quot;1&quot;:2,&quot;2&quot;:&quot;G\u00f6revimiz.&quot;}\" data-sheets-userformat=\"{&quot;2&quot;:897,&quot;3&quot;:{&quot;1&quot;:0},&quot;10&quot;:2,&quot;11&quot;:4,&quot;12&quot;:0}\">G\u00f6revimiz.<\/span>[\/vc_custom_heading][vc_column_text text_lead=&#8221;yes&#8221;]<\/p>\n<style type=\"text\/css\"><!--td {border: 1px solid #ccc;}br {mso-data-placement:same-cell;}--><\/style>\n<p><span data-sheets-value=\"{&quot;1&quot;:2,&quot;2&quot;:&quot;\u00d6l\u00e7\u00fclebilir faydalar sa\u011fl\u0131yoruz ve daha sa\u011flam organizasyonlar olu\u015fturulmas\u0131na yard\u0131mc\u0131 oluyoruz.&quot;}\" data-sheets-userformat=\"{&quot;2&quot;:897,&quot;3&quot;:{&quot;1&quot;:0},&quot;10&quot;:2,&quot;11&quot;:4,&quot;12&quot;:0}\">\u00d6l\u00e7\u00fclebilir faydalar sa\u011fl\u0131yoruz ve daha sa\u011flam organizasyonlar olu\u015fturulmas\u0131na yard\u0131mc\u0131 oluyoruz.<\/span>[\/vc_column_text][\/vc_column][vc_column column_width_percent=&#8221;100&#8243; position_vertical=&#8221;middle&#8221; align_horizontal=&#8221;align_center&#8221; gutter_size=&#8221;1&#8243; override_padding=&#8221;yes&#8221; column_padding=&#8221;4&#8243; style=&#8221;dark&#8221; font_family=&#8221;font-762333&#8243; back_color=&#8221;accent&#8221; overlay_alpha=&#8221;50&#8243; shift_x=&#8221;0&#8243; shift_y=&#8221;0&#8243; shift_y_down=&#8221;0&#8243; z_index=&#8221;0&#8243; medium_width=&#8221;0&#8243; mobile_width=&#8221;0&#8243; width=&#8221;3\/12&#8243; el_class=&#8221;about-us-contact&#8221;][vc_custom_heading heading_semantic=&#8221;h3&#8243; text_size=&#8221;&#8221; text_transform=&#8221;capitalize&#8221; separator=&#8221;yes&#8221; separator_color=&#8221;yes&#8221; el_class=&#8221;about-us-wearetesters&#8221;]<\/p>\n<style type=\"text\/css\"><!--td {border: 1px solid #ccc;}br {mso-data-placement:same-cell;}--><\/style>\n<p>Teknoloji Dehas\u0131,<\/p>\n<p>Yeniden Tan\u0131mland\u0131.[\/vc_custom_heading][vc_button radius=&#8221;btn-circle&#8221; outline=&#8221;yes&#8221; border_width=&#8221;0&#8243; link=&#8221;url:%2Ftr%2Filetisim%2F|||&#8221;]Bize Ula\u015f\u0131n[\/vc_button][\/vc_column][\/vc_row][vc_row row_height_percent=&#8221;0&#8243; override_padding=&#8221;yes&#8221; h_padding=&#8221;2&#8243; top_padding=&#8221;4&#8243; bottom_padding=&#8221;4&#8243; overlay_alpha=&#8221;50&#8243; gutter_size=&#8221;2&#8243; column_width_percent=&#8221;100&#8243; shift_y=&#8221;0&#8243; z_index=&#8221;0&#8243; el_class=&#8221;about-us-justify-1&#8243;][vc_column column_width_use_pixel=&#8221;yes&#8221; position_horizontal=&#8221;left&#8221; position_vertical=&#8221;middle&#8221; align_horizontal=&#8221;align_center&#8221; gutter_size=&#8221;1&#8243; font_family=&#8221;font-762333&#8243; overlay_alpha=&#8221;50&#8243; shift_x=&#8221;0&#8243; shift_y=&#8221;0&#8243; shift_y_down=&#8221;0&#8243; z_index=&#8221;0&#8243; medium_width=&#8221;0&#8243; mobile_width=&#8221;0&#8243; width=&#8221;1\/2&#8243; column_width_pixel=&#8221;900&#8243;][vc_custom_heading heading_semantic=&#8221;h5&#8243; text_font=&#8221;font-762333&#8243; text_size=&#8221;h5&#8243; separator=&#8221;yes&#8221; separator_color=&#8221;yes&#8221; sub_lead=&#8221;yes&#8221; subheading=&#8221;Organizasyon yap\u0131m\u0131z, kaynaklar\u0131 m\u00fc\u015fterilerimizin yarar\u0131na en iyi \u015fekilde kullan\u0131r ve teknolojik yeteneklerini \u00e7ok boyutlu olarak g\u00fc\u00e7lendirir.<br \/>\nM\u00fc\u015fterilerimize sundu\u011fumuz teknoloji dan\u0131\u015fmanl\u0131\u011f\u0131 hizmeti, teslimat\u0131 h\u0131zland\u0131rmaya, kaliteyi art\u0131rmaya ve somut i\u015f sonu\u00e7lar\u0131 \u00fcreten karma\u015f\u0131k sistemlerin deste\u011fini art\u0131rmaya yard\u0131mc\u0131 olur.<\/p>\n<p>6 katmanl\u0131 Teknolojik Dan\u0131\u015fmanl\u0131k modelimiz, sekt\u00f6re benzersiz bir yakla\u015f\u0131m getiriyor. Model 6 kritik boyutla g\u00fc\u00e7lendirilmi\u015ftir; K\u00fclt\u00fcr, S\u00fcre\u00e7, Organizasyon, Teknoloji, Standartlar ve Ara\u00e7lar.&#8221; el_class=&#8221;about-us-basliklar&#8221;]<\/p>\n<style type=\"text\/css\"><!--td {border: 1px solid #ccc;}br {mso-data-placement:same-cell;}--><\/style>\n<p><span data-sheets-value=\"{&quot;1&quot;:2,&quot;2&quot;:&quot;Kendimizi Teste Adad\u0131k!&quot;}\" data-sheets-userformat=\"{&quot;2&quot;:899,&quot;3&quot;:{&quot;1&quot;:0},&quot;4&quot;:[null,2,16776960],&quot;10&quot;:2,&quot;11&quot;:4,&quot;12&quot;:0}\">Kendimizi Teknolojiye Adad\u0131k!<\/span>[\/vc_custom_heading][\/vc_column][vc_column column_width_percent=&#8221;100&#8243; position_horizontal=&#8221;left&#8221; gutter_size=&#8221;3&#8243; overlay_alpha=&#8221;50&#8243; shift_x=&#8221;0&#8243; shift_y=&#8221;0&#8243; shift_y_down=&#8221;0&#8243; z_index=&#8221;0&#8243; medium_width=&#8221;0&#8243; mobile_width=&#8221;0&#8243; width=&#8221;1\/2&#8243;][vc_single_image media=&#8221;211465&#8243; media_width_percent=&#8221;100&#8243; alignment=&#8221;center&#8221; uncode_shortcode_id=&#8221;103560&#8243;][\/vc_column][\/vc_row][vc_row row_height_percent=&#8221;0&#8243; override_padding=&#8221;yes&#8221; h_padding=&#8221;2&#8243; top_padding=&#8221;4&#8243; bottom_padding=&#8221;4&#8243; back_color=&#8221;color-909636&#8243; overlay_alpha=&#8221;50&#8243; gutter_size=&#8221;3&#8243; column_width_percent=&#8221;100&#8243; shift_y=&#8221;0&#8243; z_index=&#8221;0&#8243; el_class=&#8221;about-us-justify-2&#8243;][vc_column column_width_percent=&#8221;100&#8243; position_horizontal=&#8221;left&#8221; position_vertical=&#8221;middle&#8221; gutter_size=&#8221;3&#8243; overlay_alpha=&#8221;50&#8243; shift_x=&#8221;0&#8243; shift_y=&#8221;0&#8243; shift_y_down=&#8221;0&#8243; z_index=&#8221;0&#8243; medium_width=&#8221;0&#8243; mobile_width=&#8221;0&#8243; width=&#8221;1\/2&#8243;][vc_single_image media=&#8221;211642&#8243; media_width_percent=&#8221;100&#8243; alignment=&#8221;center&#8221; uncode_shortcode_id=&#8221;505145&#8243;][\/vc_column][vc_column column_width_percent=&#8221;100&#8243; position_vertical=&#8221;middle&#8221; align_horizontal=&#8221;align_center&#8221; gutter_size=&#8221;3&#8243; font_family=&#8221;font-762333&#8243; overlay_alpha=&#8221;50&#8243; shift_x=&#8221;0&#8243; shift_y=&#8221;0&#8243; shift_y_down=&#8221;0&#8243; z_index=&#8221;0&#8243; medium_width=&#8221;0&#8243; mobile_width=&#8221;0&#8243; width=&#8221;1\/2&#8243;][vc_custom_heading heading_semantic=&#8221;h5&#8243; text_font=&#8221;font-762333&#8243; text_size=&#8221;h5&#8243; separator=&#8221;yes&#8221; separator_color=&#8221;yes&#8221; sub_lead=&#8221;yes&#8221; subheading=&#8221;Bankac\u0131l\u0131k ve Finans, Sigorta, E-ticaret, Perakende, Y\u00fcksek Teknoloji, Web Hizmetleri ve Savunma Sanayi gibi sekt\u00f6rlerden gelen her seviyedeki profesyonele e\u011fitim ve at\u00f6lye \u00e7al\u0131\u015fmalar\u0131 sunmak konusunda uzmanla\u015fm\u0131\u015f, uluslararas\u0131 bir dijital d\u00f6n\u00fc\u015f\u00fcm, \u00e7eviklik, UX ve yaz\u0131l\u0131m testi e\u011fitim sa\u011flay\u0131c\u0131s\u0131y\u0131z.<\/p>\n<p>Yukar\u0131dakilere ek olarak, TesterYou, yeni teknolojiler ve dijital d\u00f6n\u00fc\u015f\u00fcm dengesine \u00f6nem verenlerin ileti\u015fim kurmalar\u0131, payla\u015fmalar\u0131, \u00f6\u011fretmeleri, \u00f6\u011frenmeleri, dan\u0131\u015fmalar\u0131, geli\u015ftirmeleri ve sosyalle\u015fmeleri i\u00e7in sosyal bir platformdur. TesterYou, teori, pratik, d\u00fc\u015f\u00fcnme, yenilik, farkl\u0131la\u015fma ve e\u011flenceyi i\u00e7inde bar\u0131nd\u0131r\u0131r.&#8221; el_class=&#8221;about-us-basliklar&#8221; uncode_shortcode_id=&#8221;852183&#8243;]<\/p>\n<style type=\"text\/css\"><!--td {border: 1px solid #ccc;}br {mso-data-placement:same-cell;}--><\/style>\n<p><span data-sheets-value=\"{&quot;1&quot;:2,&quot;2&quot;:&quot;Yenilik\u00e7iyiz!&quot;}\" data-sheets-userformat=\"{&quot;2&quot;:513,&quot;3&quot;:{&quot;1&quot;:0},&quot;12&quot;:0}\">Yenilik\u00e7iyiz!<\/span>[\/vc_custom_heading][\/vc_column][\/vc_row][vc_row row_height_percent=&#8221;0&#8243; override_padding=&#8221;yes&#8221; h_padding=&#8221;2&#8243; top_padding=&#8221;3&#8243; bottom_padding=&#8221;3&#8243; overlay_alpha=&#8221;100&#8243; gutter_size=&#8221;3&#8243; border_color=&#8221;color-gyho&#8221; border_style=&#8221;solid&#8221; shift_y=&#8221;0&#8243;][vc_column column_width_percent=&#8221;100&#8243; align_horizontal=&#8221;align_center&#8221; gutter_size=&#8221;3&#8243; overlay_alpha=&#8221;100&#8243; shift_x=&#8221;0&#8243; shift_y=&#8221;0&#8243; z_index=&#8221;0&#8243; medium_width=&#8221;0&#8243; zoom_width=&#8221;0&#8243; zoom_height=&#8221;0&#8243; width=&#8221;1\/1&#8243;][vc_custom_heading heading_semantic=&#8221;h5&#8243; text_font=&#8221;font-762333&#8243; text_size=&#8221;h5&#8243; separator=&#8221;yes&#8221; separator_color=&#8221;yes&#8221; sub_lead=&#8221;yes&#8221; sub_reduced=&#8221;yes&#8221; text_align=&#8221;text-center&#8221; text_serif=&#8221;&#8221;]<\/p>\n<style type=\"text\/css\"><!--td {border: 1px solid #ccc;}br {mso-data-placement:same-cell;}--><\/style>\n<p><span data-sheets-value=\"{&quot;1&quot;:2,&quot;2&quot;:&quot;Uydu\u011fumuz Standartlar&quot;}\" data-sheets-userformat=\"{&quot;2&quot;:897,&quot;3&quot;:{&quot;1&quot;:0},&quot;10&quot;:2,&quot;11&quot;:4,&quot;12&quot;:0}\">Uydu\u011fumuz Standartlar<\/span>[\/vc_custom_heading][vc_gallery el_id=&#8221;gallery-85457&#8243; type=&#8221;carousel&#8221; medias=&#8221;201112,201116,201110,201108,201121,201104,201106,201118&#8243; carousel_lg=&#8221;7&#8243; carousel_md=&#8221;5&#8243; carousel_sm=&#8221;3&#8243; gutter_size=&#8221;3&#8243; media_items=&#8221;media|nolink|original,icon&#8221; carousel_interval=&#8221;3000&#8243; carousel_navspeed=&#8221;400&#8243; carousel_loop=&#8221;yes&#8221; stage_padding=&#8221;0&#8243; single_overlay_opacity=&#8221;50&#8243; single_overlay_anim=&#8221;no&#8221; single_text_anim=&#8221;no&#8221; single_image_anim=&#8221;no&#8221; single_padding=&#8221;2&#8243; single_border=&#8221;yes&#8221; title=&#8221;Clients&#8221; uncode_shortcode_id=&#8221;810961&#8243;][\/vc_column][\/vc_row]<\/p>\n<\/div>","protected":false},"excerpt":{"rendered":"<p>[vc_row unlock_row_content=&#8221;yes&#8221; row_height_percent=&#8221;0&#8243; override_padding=&#8221;yes&#8221; h_padding=&#8221;0&#8243; top_padding=&#8221;0&#8243; bottom_padding=&#8221;0&#8243; overlay_alpha=&#8221;50&#8243; equal_height=&#8221;yes&#8221; gutter_size=&#8221;0&#8243; shift_y=&#8221;0&#8243;][vc_column column_width_percent=&#8221;100&#8243; position_vertical=&#8221;middle&#8221; gutter_size=&#8221;3&#8243; override_padding=&#8221;yes&#8221; column_padding=&#8221;4&#8243; style=&#8221;dark&#8221; font_family=&#8221;font-762333&#8243; back_color=&#8221;color-prif&#8221; overlay_alpha=&#8221;50&#8243; [&hellip;]<\/p>\n","protected":false},"author":1,"featured_media":201033,"parent":0,"menu_order":0,"comment_status":"closed","ping_status":"closed","template":"","meta":{"_acf_changed":false,"_exactmetrics_skip_tracking":false,"_exactmetrics_sitenote_active":false,"_exactmetrics_sitenote_note":"","_exactmetrics_sitenote_category":0,"footnotes":""},"class_list":["post-126561","page","type-page","status-publish","has-post-thumbnail","hentry"],"acf":[],"yoast_head":"<!-- This site is optimized with the Yoast SEO plugin v26.1.1 - https:\/\/yoast.com\/wordpress\/plugins\/seo\/ -->\n<title>Felsefemiz - TesterYou<\/title>\n<meta name=\"description\" content=\"TesterYou \u00f6zel bir yaz\u0131l\u0131m test hizmetleri \u015firketidir. Daha fazla bilgi almak i\u00e7in sayfam\u0131z\u0131 ziyaret edebilirsiniz.\" \/>\n<meta name=\"robots\" content=\"index, follow, max-snippet:-1, max-image-preview:large, max-video-preview:-1\" \/>\n<link rel=\"canonical\" href=\"https:\/\/testeryou.com\/tr\/felsefemiz\/\" \/>\n<meta property=\"og:locale\" content=\"tr_TR\" \/>\n<meta property=\"og:type\" content=\"article\" \/>\n<meta property=\"og:title\" content=\"Felsefemiz - TesterYou\" \/>\n<meta property=\"og:description\" content=\"TesterYou \u00f6zel bir yaz\u0131l\u0131m test hizmetleri \u015firketidir. Daha fazla bilgi almak i\u00e7in sayfam\u0131z\u0131 ziyaret edebilirsiniz.\" \/>\n<meta property=\"og:url\" content=\"https:\/\/testeryou.com\/tr\/felsefemiz\/\" \/>\n<meta property=\"og:site_name\" content=\"TesterYou\" \/>\n<meta property=\"article:publisher\" content=\"http:\/\/www.facebook.com\/testeryouhq\" \/>\n<meta property=\"article:modified_time\" content=\"2025-12-02T06:56:23+00:00\" \/>\n<meta property=\"og:image\" content=\"https:\/\/testeryou.com\/wp-content\/uploads\/2018\/06\/our-philosophy.jpg\" \/>\n\t<meta property=\"og:image:width\" content=\"2000\" \/>\n\t<meta property=\"og:image:height\" content=\"1125\" \/>\n\t<meta property=\"og:image:type\" content=\"image\/jpeg\" \/>\n<meta name=\"twitter:card\" content=\"summary_large_image\" \/>\n<meta name=\"twitter:site\" content=\"@testeryouhq\" \/>\n<meta name=\"twitter:label1\" content=\"Tahmini okuma s\u00fcresi\" \/>\n\t<meta name=\"twitter:data1\" content=\"3 dakika\" \/>\n<script type=\"application\/ld+json\" class=\"yoast-schema-graph\">{\"@context\":\"https:\/\/schema.org\",\"@graph\":[{\"@type\":\"WebPage\",\"@id\":\"https:\/\/testeryou.com\/tr\/felsefemiz\/\",\"url\":\"https:\/\/testeryou.com\/tr\/felsefemiz\/\",\"name\":\"Felsefemiz - TesterYou\",\"isPartOf\":{\"@id\":\"https:\/\/testeryou.com\/tr\/#website\"},\"primaryImageOfPage\":{\"@id\":\"https:\/\/testeryou.com\/tr\/felsefemiz\/#primaryimage\"},\"image\":{\"@id\":\"https:\/\/testeryou.com\/tr\/felsefemiz\/#primaryimage\"},\"thumbnailUrl\":\"https:\/\/testeryou.com\/wp-content\/uploads\/2018\/06\/our-philosophy.jpg\",\"datePublished\":\"2020-04-07T14:29:38+00:00\",\"dateModified\":\"2025-12-02T06:56:23+00:00\",\"description\":\"TesterYou \u00f6zel bir yaz\u0131l\u0131m test hizmetleri \u015firketidir. Daha fazla bilgi almak i\u00e7in sayfam\u0131z\u0131 ziyaret edebilirsiniz.\",\"breadcrumb\":{\"@id\":\"https:\/\/testeryou.com\/tr\/felsefemiz\/#breadcrumb\"},\"inLanguage\":\"tr\",\"potentialAction\":[{\"@type\":\"ReadAction\",\"target\":[\"https:\/\/testeryou.com\/tr\/felsefemiz\/\"]}]},{\"@type\":\"ImageObject\",\"inLanguage\":\"tr\",\"@id\":\"https:\/\/testeryou.com\/tr\/felsefemiz\/#primaryimage\",\"url\":\"https:\/\/testeryou.com\/wp-content\/uploads\/2018\/06\/our-philosophy.jpg\",\"contentUrl\":\"https:\/\/testeryou.com\/wp-content\/uploads\/2018\/06\/our-philosophy.jpg\",\"width\":2000,\"height\":1125},{\"@type\":\"BreadcrumbList\",\"@id\":\"https:\/\/testeryou.com\/tr\/felsefemiz\/#breadcrumb\",\"itemListElement\":[{\"@type\":\"ListItem\",\"position\":1,\"name\":\"Home\",\"item\":\"https:\/\/testeryou.com\/tr\/\"},{\"@type\":\"ListItem\",\"position\":2,\"name\":\"Felsefemiz\"}]},{\"@type\":\"WebSite\",\"@id\":\"https:\/\/testeryou.com\/tr\/#website\",\"url\":\"https:\/\/testeryou.com\/tr\/\",\"name\":\"TesterYou\",\"description\":\"TesterYou\",\"publisher\":{\"@id\":\"https:\/\/testeryou.com\/tr\/#organization\"},\"potentialAction\":[{\"@type\":\"SearchAction\",\"target\":{\"@type\":\"EntryPoint\",\"urlTemplate\":\"https:\/\/testeryou.com\/tr\/?s={search_term_string}\"},\"query-input\":{\"@type\":\"PropertyValueSpecification\",\"valueRequired\":true,\"valueName\":\"search_term_string\"}}],\"inLanguage\":\"tr\"},{\"@type\":\"Organization\",\"@id\":\"https:\/\/testeryou.com\/tr\/#organization\",\"name\":\"TesterYou Bili\u015fim Hizmetleri A.\u015e.\",\"url\":\"https:\/\/testeryou.com\/tr\/\",\"logo\":{\"@type\":\"ImageObject\",\"inLanguage\":\"tr\",\"@id\":\"https:\/\/testeryou.com\/tr\/#\/schema\/logo\/image\/\",\"url\":\"https:\/\/testeryou.com\/wp-content\/uploads\/2018\/06\/TesterYou_Favicon.png\",\"contentUrl\":\"https:\/\/testeryou.com\/wp-content\/uploads\/2018\/06\/TesterYou_Favicon.png\",\"width\":1691,\"height\":1921,\"caption\":\"TesterYou Bili\u015fim Hizmetleri A.\u015e.\"},\"image\":{\"@id\":\"https:\/\/testeryou.com\/tr\/#\/schema\/logo\/image\/\"},\"sameAs\":[\"http:\/\/www.facebook.com\/testeryouhq\",\"https:\/\/x.com\/testeryouhq\",\"http:\/\/www.instagram.com\/testeryouhq\/\",\"http:\/\/www.linkedin.com\/company\/testeryou\/\",\"http:\/\/www.youtube.com\/channel\/UC77eVCL7mzsIbNP799cEPOQ\"]}]}<\/script>\n<!-- \/ Yoast SEO plugin. -->","yoast_head_json":{"title":"Felsefemiz - TesterYou","description":"TesterYou \u00f6zel bir yaz\u0131l\u0131m test hizmetleri \u015firketidir. Daha fazla bilgi almak i\u00e7in sayfam\u0131z\u0131 ziyaret edebilirsiniz.","robots":{"index":"index","follow":"follow","max-snippet":"max-snippet:-1","max-image-preview":"max-image-preview:large","max-video-preview":"max-video-preview:-1"},"canonical":"https:\/\/testeryou.com\/tr\/felsefemiz\/","og_locale":"tr_TR","og_type":"article","og_title":"Felsefemiz - TesterYou","og_description":"TesterYou \u00f6zel bir yaz\u0131l\u0131m test hizmetleri \u015firketidir. Daha fazla bilgi almak i\u00e7in sayfam\u0131z\u0131 ziyaret edebilirsiniz.","og_url":"https:\/\/testeryou.com\/tr\/felsefemiz\/","og_site_name":"TesterYou","article_publisher":"http:\/\/www.facebook.com\/testeryouhq","article_modified_time":"2025-12-02T06:56:23+00:00","og_image":[{"width":2000,"height":1125,"url":"https:\/\/testeryou.com\/wp-content\/uploads\/2018\/06\/our-philosophy.jpg","type":"image\/jpeg"}],"twitter_card":"summary_large_image","twitter_site":"@testeryouhq","twitter_misc":{"Tahmini okuma s\u00fcresi":"3 dakika"},"schema":{"@context":"https:\/\/schema.org","@graph":[{"@type":"WebPage","@id":"https:\/\/testeryou.com\/tr\/felsefemiz\/","url":"https:\/\/testeryou.com\/tr\/felsefemiz\/","name":"Felsefemiz - TesterYou","isPartOf":{"@id":"https:\/\/testeryou.com\/tr\/#website"},"primaryImageOfPage":{"@id":"https:\/\/testeryou.com\/tr\/felsefemiz\/#primaryimage"},"image":{"@id":"https:\/\/testeryou.com\/tr\/felsefemiz\/#primaryimage"},"thumbnailUrl":"https:\/\/testeryou.com\/wp-content\/uploads\/2018\/06\/our-philosophy.jpg","datePublished":"2020-04-07T14:29:38+00:00","dateModified":"2025-12-02T06:56:23+00:00","description":"TesterYou \u00f6zel bir yaz\u0131l\u0131m test hizmetleri \u015firketidir. Daha fazla bilgi almak i\u00e7in sayfam\u0131z\u0131 ziyaret edebilirsiniz.","breadcrumb":{"@id":"https:\/\/testeryou.com\/tr\/felsefemiz\/#breadcrumb"},"inLanguage":"tr","potentialAction":[{"@type":"ReadAction","target":["https:\/\/testeryou.com\/tr\/felsefemiz\/"]}]},{"@type":"ImageObject","inLanguage":"tr","@id":"https:\/\/testeryou.com\/tr\/felsefemiz\/#primaryimage","url":"https:\/\/testeryou.com\/wp-content\/uploads\/2018\/06\/our-philosophy.jpg","contentUrl":"https:\/\/testeryou.com\/wp-content\/uploads\/2018\/06\/our-philosophy.jpg","width":2000,"height":1125},{"@type":"BreadcrumbList","@id":"https:\/\/testeryou.com\/tr\/felsefemiz\/#breadcrumb","itemListElement":[{"@type":"ListItem","position":1,"name":"Home","item":"https:\/\/testeryou.com\/tr\/"},{"@type":"ListItem","position":2,"name":"Felsefemiz"}]},{"@type":"WebSite","@id":"https:\/\/testeryou.com\/tr\/#website","url":"https:\/\/testeryou.com\/tr\/","name":"TesterYou","description":"TesterYou","publisher":{"@id":"https:\/\/testeryou.com\/tr\/#organization"},"potentialAction":[{"@type":"SearchAction","target":{"@type":"EntryPoint","urlTemplate":"https:\/\/testeryou.com\/tr\/?s={search_term_string}"},"query-input":{"@type":"PropertyValueSpecification","valueRequired":true,"valueName":"search_term_string"}}],"inLanguage":"tr"},{"@type":"Organization","@id":"https:\/\/testeryou.com\/tr\/#organization","name":"TesterYou Bili\u015fim Hizmetleri A.\u015e.","url":"https:\/\/testeryou.com\/tr\/","logo":{"@type":"ImageObject","inLanguage":"tr","@id":"https:\/\/testeryou.com\/tr\/#\/schema\/logo\/image\/","url":"https:\/\/testeryou.com\/wp-content\/uploads\/2018\/06\/TesterYou_Favicon.png","contentUrl":"https:\/\/testeryou.com\/wp-content\/uploads\/2018\/06\/TesterYou_Favicon.png","width":1691,"height":1921,"caption":"TesterYou Bili\u015fim Hizmetleri A.\u015e."},"image":{"@id":"https:\/\/testeryou.com\/tr\/#\/schema\/logo\/image\/"},"sameAs":["http:\/\/www.facebook.com\/testeryouhq","https:\/\/x.com\/testeryouhq","http:\/\/www.instagram.com\/testeryouhq\/","http:\/\/www.linkedin.com\/company\/testeryou\/","http:\/\/www.youtube.com\/channel\/UC77eVCL7mzsIbNP799cEPOQ"]}]}},"_links":{"self":[{"href":"https:\/\/testeryou.com\/tr\/wp-json\/wp\/v2\/pages\/126561","targetHints":{"allow":["GET"]}}],"collection":[{"href":"https:\/\/testeryou.com\/tr\/wp-json\/wp\/v2\/pages"}],"about":[{"href":"https:\/\/testeryou.com\/tr\/wp-json\/wp\/v2\/types\/page"}],"author":[{"embeddable":true,"href":"https:\/\/testeryou.com\/tr\/wp-json\/wp\/v2\/users\/1"}],"replies":[{"embeddable":true,"href":"https:\/\/testeryou.com\/tr\/wp-json\/wp\/v2\/comments?post=126561"}],"version-history":[{"count":1,"href":"https:\/\/testeryou.com\/tr\/wp-json\/wp\/v2\/pages\/126561\/revisions"}],"predecessor-version":[{"id":211644,"href":"https:\/\/testeryou.com\/tr\/wp-json\/wp\/v2\/pages\/126561\/revisions\/211644"}],"wp:featuredmedia":[{"embeddable":true,"href":"https:\/\/testeryou.com\/tr\/wp-json\/wp\/v2\/media\/201033"}],"wp:attachment":[{"href":"https:\/\/testeryou.com\/tr\/wp-json\/wp\/v2\/media?parent=126561"}],"curies":[{"name":"wp","href":"https:\/\/api.w.org\/{rel}","templated":true}]}}