{"id":127922,"date":"2020-05-07T09:32:32","date_gmt":"2020-05-07T06:32:32","guid":{"rendered":"http:\/\/www.testeryou.bootests.com\/?page_id=127922"},"modified":"2025-10-14T17:03:42","modified_gmt":"2025-10-14T14:03:42","slug":"sinav-kayit-formu","status":"publish","type":"page","link":"https:\/\/testeryou.com\/tr\/sinav-kayit-formu\/","title":{"rendered":"S\u0131nav Kay\u0131t Formu"},"content":{"rendered":"<div class=\"wpb-content-wrapper\"><p>[vc_row row_height_percent=&#8221;0&#8243; overlay_alpha=&#8221;50&#8243; gutter_size=&#8221;3&#8243; column_width_percent=&#8221;100&#8243; shift_y=&#8221;0&#8243; z_index=&#8221;0&#8243; uncode_shortcode_id=&#8221;407220&#8243; shape_dividers=&#8221;&#8221; el_class=&#8221;sinav-kayit-formu&#8221;][vc_column width=&#8221;1\/4&#8243;][\/vc_column][vc_column width=&#8221;1\/2&#8243;][vc_column_text]<\/p>\n<div class=\"modalboxtitle\">\n<h4 style=\"text-align: center;\">S\u0131nav Kay\u0131t Formu<\/h4>\n<\/div>\n<div class=\"modalboxtitle\">\n<h4 style=\"text-align: center;\"><strong>L\u00fctfen ki\u015fisel verilerinizi doldurun.<\/strong><\/h4>\n<\/div>\n<p>[\/vc_column_text]\n<div class=\"wpcf7 no-js\" id=\"wpcf7-f211235-o1\" lang=\"en-US\" dir=\"ltr\" data-wpcf7-id=\"211235\">\n<div class=\"screen-reader-response\"><p role=\"status\" aria-live=\"polite\" aria-atomic=\"true\"><\/p> <ul><\/ul><\/div>\n<form action=\"\/tr\/wp-json\/wp\/v2\/pages\/127922#wpcf7-f211235-o1\" method=\"post\" class=\"wpcf7-form init\" aria-label=\"Contact form\" novalidate=\"novalidate\" data-status=\"init\">\n<fieldset class=\"hidden-fields-container\"><input type=\"hidden\" name=\"_wpcf7\" value=\"211235\" \/><input type=\"hidden\" name=\"_wpcf7_version\" value=\"6.1.2\" \/><input type=\"hidden\" name=\"_wpcf7_locale\" value=\"en_US\" \/><input type=\"hidden\" name=\"_wpcf7_unit_tag\" value=\"wpcf7-f211235-o1\" \/><input type=\"hidden\" name=\"_wpcf7_container_post\" value=\"0\" \/><input type=\"hidden\" name=\"_wpcf7_posted_data_hash\" value=\"\" \/><input type=\"hidden\" name=\"_wpcf7cf_hidden_group_fields\" value=\"[]\" \/><input type=\"hidden\" name=\"_wpcf7cf_hidden_groups\" value=\"[]\" \/><input type=\"hidden\" name=\"_wpcf7cf_visible_groups\" value=\"[]\" \/><input type=\"hidden\" name=\"_wpcf7cf_repeaters\" value=\"[]\" \/><input type=\"hidden\" name=\"_wpcf7cf_steps\" value=\"{}\" \/><input type=\"hidden\" name=\"_wpcf7cf_options\" value=\"{&quot;form_id&quot;:211235,&quot;conditions&quot;:[{&quot;then_field&quot;:&quot;grup-1&quot;,&quot;and_rules&quot;:[{&quot;if_field&quot;:&quot;sinav-turu&quot;,&quot;operator&quot;:&quot;equals&quot;,&quot;if_value&quot;:&quot;ISTQB\\u00ae Temel Seviye Yaz\\u0131l\\u0131m Test Uzman\\u0131&quot;}]},{&quot;then_field&quot;:&quot;grup-1&quot;,&quot;and_rules&quot;:[{&quot;if_field&quot;:&quot;sinav-turu&quot;,&quot;operator&quot;:&quot;equals&quot;,&quot;if_value&quot;:&quot;ISTQB\\u00ae Temel Seviye Agile Test Uzman\\u0131&quot;}]},{&quot;then_field&quot;:&quot;grup-2&quot;,&quot;and_rules&quot;:[{&quot;if_field&quot;:&quot;sinav-turu&quot;,&quot;operator&quot;:&quot;equals&quot;,&quot;if_value&quot;:&quot;A4Q Selenyum Test Uzman\\u0131&quot;}]},{&quot;then_field&quot;:&quot;grup-2&quot;,&quot;and_rules&quot;:[{&quot;if_field&quot;:&quot;sinav-turu&quot;,&quot;operator&quot;:&quot;equals&quot;,&quot;if_value&quot;:&quot;A4Q Yapay Zeka ve Yaz\\u0131l\\u0131m&quot;}]},{&quot;then_field&quot;:&quot;grup-2&quot;,&quot;and_rules&quot;:[{&quot;if_field&quot;:&quot;sinav-turu&quot;,&quot;operator&quot;:&quot;equals&quot;,&quot;if_value&quot;:&quot;ISTQB \\u0130leri Seviye Test Y\\u00f6neticisi S\\u0131nav\\u0131&quot;}]},{&quot;then_field&quot;:&quot;grup-2&quot;,&quot;and_rules&quot;:[{&quot;if_field&quot;:&quot;sinav-turu&quot;,&quot;operator&quot;:&quot;equals&quot;,&quot;if_value&quot;:&quot;ISTQB \\u0130leri Seviye Test Analisti S\\u0131nav\\u0131 2012&quot;}]},{&quot;then_field&quot;:&quot;grup-2&quot;,&quot;and_rules&quot;:[{&quot;if_field&quot;:&quot;sinav-turu&quot;,&quot;operator&quot;:&quot;equals&quot;,&quot;if_value&quot;:&quot;ISTQB \\u0130leri Seviye Test Analisti S\\u0131nav\\u0131 2019&quot;}]},{&quot;then_field&quot;:&quot;grup-2&quot;,&quot;and_rules&quot;:[{&quot;if_field&quot;:&quot;sinav-turu&quot;,&quot;operator&quot;:&quot;equals&quot;,&quot;if_value&quot;:&quot;ISTQB \\u0130leri Seviye Teknik Test Analisti S\\u0131nav\\u0131 2012&quot;}]},{&quot;then_field&quot;:&quot;grup-2&quot;,&quot;and_rules&quot;:[{&quot;if_field&quot;:&quot;sinav-turu&quot;,&quot;operator&quot;:&quot;equals&quot;,&quot;if_value&quot;:&quot;ISTQB \\u0130leri Seviye Teknik Test Analisti S\\u0131nav\\u0131 2019&quot;}]},{&quot;then_field&quot;:&quot;grup-2&quot;,&quot;and_rules&quot;:[{&quot;if_field&quot;:&quot;sinav-turu&quot;,&quot;operator&quot;:&quot;equals&quot;,&quot;if_value&quot;:&quot;ISTQB \\u0130leri Seviye Test Otomasyon M\\u00fchendisi S\\u0131nav\\u0131&quot;}]},{&quot;then_field&quot;:&quot;grup-1&quot;,&quot;and_rules&quot;:[{&quot;if_field&quot;:&quot;sinav-turu&quot;,&quot;operator&quot;:&quot;equals&quot;,&quot;if_value&quot;:&quot;ISTQB\\u00ae Temel Seviye Kullan\\u0131labilirlik Test&quot;}]},{&quot;then_field&quot;:&quot;grup-1&quot;,&quot;and_rules&quot;:[{&quot;if_field&quot;:&quot;sinav-turu&quot;,&quot;operator&quot;:&quot;equals&quot;,&quot;if_value&quot;:&quot;ISTQB\\u00ae Temel Seviye Kullan\\u0131c\\u0131 Kabul Testi&quot;}]},{&quot;then_field&quot;:&quot;grup-1&quot;,&quot;and_rules&quot;:[{&quot;if_field&quot;:&quot;sinav-turu&quot;,&quot;operator&quot;:&quot;equals&quot;,&quot;if_value&quot;:&quot;ISTQB\\u00ae Temel Seviye Performans Testi&quot;}]},{&quot;then_field&quot;:&quot;grup-1&quot;,&quot;and_rules&quot;:[{&quot;if_field&quot;:&quot;sinav-turu&quot;,&quot;operator&quot;:&quot;equals&quot;,&quot;if_value&quot;:&quot;ISTQB\\u00ae Temel Seviye Mobil Uygulama Testi&quot;}]},{&quot;then_field&quot;:&quot;grup-2&quot;,&quot;and_rules&quot;:[{&quot;if_field&quot;:&quot;sinav-turu&quot;,&quot;operator&quot;:&quot;equals&quot;,&quot;if_value&quot;:&quot;ISTQB \\u0130leri Seviye Test Analisti S\\u0131nav\\u0131&quot;}]},{&quot;then_field&quot;:&quot;grup-2&quot;,&quot;and_rules&quot;:[{&quot;if_field&quot;:&quot;sinav-turu&quot;,&quot;operator&quot;:&quot;equals&quot;,&quot;if_value&quot;:&quot;ISTQB \\u0130leri Seviye Teknik Test Analisti S\\u0131nav\\u0131&quot;}]}],&quot;settings&quot;:{&quot;animation&quot;:&quot;yes&quot;,&quot;animation_intime&quot;:200,&quot;animation_outtime&quot;:200,&quot;conditions_ui&quot;:&quot;normal&quot;,&quot;notice_dismissed&quot;:false,&quot;notice_dismissed_update-cf7-5.9.5&quot;:true}}\" \/><input type=\"hidden\" name=\"_wpcf7_recaptcha_response\" value=\"\" \/>\n<\/fieldset>\n<p><span class=\"wpcf7-form-control-wrap\" data-name=\"sinav-dili\"><select class=\"wpcf7-form-control wpcf7-select wpcf7-validates-as-required form-fluid\" aria-required=\"true\" aria-invalid=\"false\" name=\"sinav-dili\"><option value=\"S\u0131nav Dilini Se\u00e7iniz\">S\u0131nav Dilini Se\u00e7iniz<\/option><option value=\"T\u00fcrk\u00e7e\">T\u00fcrk\u00e7e<\/option><option value=\"\u0130ngilizce\">\u0130ngilizce<\/option><\/select><\/span>\n<\/p>\n<p><span class=\"wpcf7-form-control-wrap\" data-name=\"sinav-cesiti\"><select class=\"wpcf7-form-control wpcf7-select wpcf7-validates-as-required form-fluid\" aria-required=\"true\" aria-invalid=\"false\" name=\"sinav-cesiti\"><option value=\"S\u0131nav Tipini Se\u00e7iniz\">S\u0131nav Tipini Se\u00e7iniz<\/option><option value=\"Online Evde\">Online Evde<\/option><option value=\"Online S\u0131n\u0131f \u0130\u00e7i\">Online S\u0131n\u0131f \u0130\u00e7i<\/option><\/select><\/span>\n<\/p>\n<p><span class=\"wpcf7-form-control-wrap\" data-name=\"sinav-turu\"><select class=\"wpcf7-form-control wpcf7-select wpcf7-validates-as-required form-fluid\" aria-required=\"true\" aria-invalid=\"false\" name=\"sinav-turu\"><option value=\"S\u0131nav Se\u00e7iniz\">S\u0131nav Se\u00e7iniz<\/option><option value=\"ISTQB\u00ae Temel Seviye Yaz\u0131l\u0131m Test Uzman\u0131\">ISTQB\u00ae Temel Seviye Yaz\u0131l\u0131m Test Uzman\u0131<\/option><option value=\"ISTQB\u00ae Temel Seviye Agile Test Uzman\u0131\">ISTQB\u00ae Temel Seviye Agile Test Uzman\u0131<\/option><option value=\"ISTQB\u00ae Temel Seviye Kullan\u0131labilirlik Test\">ISTQB\u00ae Temel Seviye Kullan\u0131labilirlik Test<\/option><option value=\"ISTQB\u00ae Temel Seviye Kullan\u0131labilirlik Test\">ISTQB\u00ae Temel Seviye Kullan\u0131labilirlik Test<\/option><option value=\"ISTQB\u00ae Temel Seviye Performans Testi\">ISTQB\u00ae Temel Seviye Performans Testi<\/option><option value=\"ISTQB\u00ae Temel Seviye Mobil Uygulama Testi\">ISTQB\u00ae Temel Seviye Mobil Uygulama Testi<\/option><option value=\"ISTQB \u0130leri Seviye Test Y\u00f6neticisi S\u0131nav\u0131\">ISTQB \u0130leri Seviye Test Y\u00f6neticisi S\u0131nav\u0131<\/option><option value=\"ISTQB \u0130leri Seviye Test Analisti S\u0131nav\u0131\">ISTQB \u0130leri Seviye Test Analisti S\u0131nav\u0131<\/option><option value=\"ISTQB \u0130leri Seviye Teknik Test Analisti S\u0131nav\u0131\">ISTQB \u0130leri Seviye Teknik Test Analisti S\u0131nav\u0131<\/option><option value=\"ISTQB \u0130leri Seviye Test Otomasyon M\u00fchendisi S\u0131nav\u0131\">ISTQB \u0130leri Seviye Test Otomasyon M\u00fchendisi S\u0131nav\u0131<\/option><option value=\"A4Q Selenyum Test Uzman\u0131\">A4Q Selenyum Test Uzman\u0131<\/option><option value=\"A4Q Yapay Zeka ve Yaz\u0131l\u0131m\">A4Q Yapay Zeka ve Yaz\u0131l\u0131m<\/option><\/select><\/span>\n<\/p>\n<div data-id=\"grup-1\" data-orig_data_id=\"grup-1\"  class=\"\" data-class=\"wpcf7cf_group\">\n\t<p><label style=\" font-size: 17px; font-weight: 900; \">Fiyat: 130 \u20ac + KDV<\/label>\n\t<\/p>\n<\/div>\n<div data-id=\"grup-2\" data-orig_data_id=\"grup-2\"  class=\"\" data-class=\"wpcf7cf_group\">\n\t<p><label style=\" font-size: 17px; font-weight: 900; \">Fiyat: 150 \u20ac + KDV<\/label>\n\t<\/p>\n<\/div>\n<p><span class=\"wpcf7-form-control-wrap\" data-name=\"sinav-tarihi\"><input size=\"40\" maxlength=\"400\" class=\"wpcf7-form-control wpcf7-text wpcf7-validates-as-required form-fluid datepickerinit\" aria-required=\"true\" aria-invalid=\"false\" placeholder=\"S\u0131nav Tarihi\" value=\"\" type=\"text\" name=\"sinav-tarihi\" \/><\/span>\n<\/p>\n<p><span class=\"wpcf7-form-control-wrap\" data-name=\"sinav-zamani\"><select class=\"wpcf7-form-control wpcf7-select wpcf7-validates-as-required form-fluid\" aria-required=\"true\" aria-invalid=\"false\" name=\"sinav-zamani\"><option value=\"S\u0131nav ba\u015flang\u0131\u00e7 saati\">S\u0131nav ba\u015flang\u0131\u00e7 saati<\/option><option value=\"09:00\">09:00<\/option><option value=\"10:00\">10:00<\/option><option value=\"11:00\">11:00<\/option><option value=\"12:00\">12:00<\/option><option value=\"13:00\">13:00<\/option><option value=\"14:00\">14:00<\/option><option value=\"15:00\">15:00<\/option><option value=\"16:00\">16:00<\/option><option value=\"17:00\">17:00<\/option><option value=\"18:00\">18:00<\/option><option value=\"19:00\">19:00<\/option><option value=\"20:00\">20:00<\/option><option value=\"21:00\">21:00<\/option><\/select><\/span>\n<\/p>\n<p><span class=\"wpcf7-form-control-wrap\" data-name=\"adiniz\"><input size=\"40\" maxlength=\"400\" class=\"wpcf7-form-control wpcf7-text wpcf7-validates-as-required form-fluid\" aria-required=\"true\" aria-invalid=\"false\" placeholder=\"Ad\u0131n\u0131z *\" value=\"\" type=\"text\" name=\"adiniz\" \/><\/span>\n<\/p>\n<p><span class=\"wpcf7-form-control-wrap\" data-name=\"soyadiniz\"><input size=\"40\" maxlength=\"400\" class=\"wpcf7-form-control wpcf7-text wpcf7-validates-as-required form-fluid\" aria-required=\"true\" aria-invalid=\"false\" placeholder=\"Soyad\u0131n\u0131z *\" value=\"\" type=\"text\" name=\"soyadiniz\" \/><\/span>\n<\/p>\n<p><span class=\"wpcf7-form-control-wrap\" data-name=\"telefon-numarasi\"><input size=\"40\" maxlength=\"400\" class=\"wpcf7-form-control wpcf7-tel wpcf7-validates-as-required wpcf7-text wpcf7-validates-as-tel form-fluid\" aria-required=\"true\" aria-invalid=\"false\" placeholder=\"Telefon Numaran\u0131z *\" value=\"\" type=\"tel\" name=\"telefon-numarasi\" \/><\/span>\n<\/p>\n<p><span class=\"wpcf7-form-control-wrap\" data-name=\"email\"><input size=\"40\" maxlength=\"400\" class=\"wpcf7-form-control wpcf7-email wpcf7-validates-as-required wpcf7-text wpcf7-validates-as-email form-fluid\" aria-required=\"true\" aria-invalid=\"false\" placeholder=\"E-posta Adresiniz *\" value=\"\" type=\"email\" name=\"email\" \/><\/span>\n<\/p>\n<p><span class=\"wpcf7-form-control-wrap\" data-name=\"ulke-sehir\"><input size=\"40\" maxlength=\"400\" class=\"wpcf7-form-control wpcf7-text wpcf7-validates-as-required form-fluid\" aria-required=\"true\" aria-invalid=\"false\" placeholder=\"\u015eehir\" value=\"\" type=\"text\" name=\"ulke-sehir\" \/><\/span>\n<\/p>\n<p><span class=\"wpcf7-form-control-wrap\" data-name=\"sirket\"><input size=\"40\" maxlength=\"400\" class=\"wpcf7-form-control wpcf7-text form-fluid\" aria-invalid=\"false\" placeholder=\"\u00c7al\u0131\u015ft\u0131\u011f\u0131n\u0131z \u015eirket &amp; \u00dcnvan\u0131n\u0131z\" value=\"\" type=\"text\" name=\"sirket\" \/><\/span>\n<\/p>\n<p><span class=\"wpcf7-form-control-wrap\" data-name=\"acceptance-723\"><span class=\"wpcf7-form-control wpcf7-acceptance\"><span class=\"wpcf7-list-item\"><label><input type=\"checkbox\" name=\"acceptance-723\" value=\"1\" aria-invalid=\"false\" \/><span class=\"wpcf7-list-item-label\"><a style=\"font-weight:bold\" href=\"testeryou.com\/tr\/gizlilik-politikasi\/\">Gizlilik Politikas\u0131n\u0131<\/a> okudum ve kabul ediyorum<\/span><\/label><\/span><\/span><\/span>\n<\/p>\n<p><input class=\"wpcf7-form-control wpcf7-submit has-spinner btn btn-accent btn-lg\" type=\"submit\" value=\"G\u00f6nder\" \/>\n<\/p><div class=\"wpcf7-response-output\" aria-hidden=\"true\"><\/div>\n<\/form>\n<\/div>\n[\/vc_column][vc_column width=&#8221;1\/4&#8243;][\/vc_column][\/vc_row]<\/p>\n<\/div>","protected":false},"excerpt":{"rendered":"<p>[vc_row row_height_percent=&#8221;0&#8243; overlay_alpha=&#8221;50&#8243; gutter_size=&#8221;3&#8243; column_width_percent=&#8221;100&#8243; shift_y=&#8221;0&#8243; z_index=&#8221;0&#8243; uncode_shortcode_id=&#8221;407220&#8243; shape_dividers=&#8221;&#8221; el_class=&#8221;sinav-kayit-formu&#8221;][vc_column width=&#8221;1\/4&#8243;][\/vc_column][vc_column width=&#8221;1\/2&#8243;][vc_column_text] S\u0131nav Kay\u0131t Formu L\u00fctfen ki\u015fisel verilerinizi doldurun. [\/vc_column_text][\/vc_column][vc_column [&hellip;]<\/p>\n","protected":false},"author":1,"featured_media":201155,"parent":0,"menu_order":0,"comment_status":"closed","ping_status":"closed","template":"","meta":{"_acf_changed":false,"_exactmetrics_skip_tracking":false,"_exactmetrics_sitenote_active":false,"_exactmetrics_sitenote_note":"","_exactmetrics_sitenote_category":0,"footnotes":""},"class_list":["post-127922","page","type-page","status-publish","has-post-thumbnail","hentry"],"acf":[],"yoast_head":"<!-- This site is optimized with the Yoast SEO plugin v26.1.1 - https:\/\/yoast.com\/wordpress\/plugins\/seo\/ -->\n<title>S\u0131nav Kay\u0131t Formu - TesterYou<\/title>\n<meta name=\"description\" content=\"S\u0131nav kay\u0131t formuna ula\u015fmak i\u00e7in t\u0131klay\u0131n\u0131z. TesterYou \u00f6zel bir yaz\u0131l\u0131m test hizmetleri \u015firketidir.\" \/>\n<meta name=\"robots\" content=\"index, follow, max-snippet:-1, max-image-preview:large, max-video-preview:-1\" \/>\n<link rel=\"canonical\" href=\"https:\/\/testeryou.com\/tr\/sinav-kayit-formu\/\" \/>\n<meta property=\"og:locale\" content=\"tr_TR\" \/>\n<meta property=\"og:type\" content=\"article\" \/>\n<meta property=\"og:title\" content=\"S\u0131nav Kay\u0131t Formu - TesterYou\" \/>\n<meta property=\"og:description\" content=\"S\u0131nav kay\u0131t formuna ula\u015fmak i\u00e7in t\u0131klay\u0131n\u0131z. TesterYou \u00f6zel bir yaz\u0131l\u0131m test hizmetleri \u015firketidir.\" \/>\n<meta property=\"og:url\" content=\"https:\/\/testeryou.com\/tr\/sinav-kayit-formu\/\" \/>\n<meta property=\"og:site_name\" content=\"TesterYou\" \/>\n<meta property=\"article:publisher\" content=\"http:\/\/www.facebook.com\/testeryouhq\" \/>\n<meta property=\"article:modified_time\" content=\"2025-10-14T14:03:42+00:00\" \/>\n<meta property=\"og:image\" content=\"https:\/\/testeryou.com\/wp-content\/uploads\/2023\/03\/book-your-exam.jpg\" \/>\n\t<meta property=\"og:image:width\" content=\"1920\" \/>\n\t<meta property=\"og:image:height\" content=\"1080\" \/>\n\t<meta property=\"og:image:type\" content=\"image\/jpeg\" \/>\n<meta name=\"twitter:card\" content=\"summary_large_image\" \/>\n<meta name=\"twitter:site\" content=\"@testeryouhq\" \/>\n<meta name=\"twitter:label1\" content=\"Tahmini okuma s\u00fcresi\" \/>\n\t<meta name=\"twitter:data1\" content=\"1 dakika\" \/>\n<script type=\"application\/ld+json\" class=\"yoast-schema-graph\">{\"@context\":\"https:\/\/schema.org\",\"@graph\":[{\"@type\":\"WebPage\",\"@id\":\"https:\/\/testeryou.com\/tr\/sinav-kayit-formu\/\",\"url\":\"https:\/\/testeryou.com\/tr\/sinav-kayit-formu\/\",\"name\":\"S\u0131nav Kay\u0131t Formu - TesterYou\",\"isPartOf\":{\"@id\":\"https:\/\/testeryou.com\/tr\/#website\"},\"primaryImageOfPage\":{\"@id\":\"https:\/\/testeryou.com\/tr\/sinav-kayit-formu\/#primaryimage\"},\"image\":{\"@id\":\"https:\/\/testeryou.com\/tr\/sinav-kayit-formu\/#primaryimage\"},\"thumbnailUrl\":\"https:\/\/testeryou.com\/wp-content\/uploads\/2023\/03\/book-your-exam.jpg\",\"datePublished\":\"2020-05-07T06:32:32+00:00\",\"dateModified\":\"2025-10-14T14:03:42+00:00\",\"description\":\"S\u0131nav kay\u0131t formuna ula\u015fmak i\u00e7in t\u0131klay\u0131n\u0131z. TesterYou \u00f6zel bir yaz\u0131l\u0131m test hizmetleri \u015firketidir.\",\"breadcrumb\":{\"@id\":\"https:\/\/testeryou.com\/tr\/sinav-kayit-formu\/#breadcrumb\"},\"inLanguage\":\"tr\",\"potentialAction\":[{\"@type\":\"ReadAction\",\"target\":[\"https:\/\/testeryou.com\/tr\/sinav-kayit-formu\/\"]}]},{\"@type\":\"ImageObject\",\"inLanguage\":\"tr\",\"@id\":\"https:\/\/testeryou.com\/tr\/sinav-kayit-formu\/#primaryimage\",\"url\":\"https:\/\/testeryou.com\/wp-content\/uploads\/2023\/03\/book-your-exam.jpg\",\"contentUrl\":\"https:\/\/testeryou.com\/wp-content\/uploads\/2023\/03\/book-your-exam.jpg\",\"width\":1920,\"height\":1080},{\"@type\":\"BreadcrumbList\",\"@id\":\"https:\/\/testeryou.com\/tr\/sinav-kayit-formu\/#breadcrumb\",\"itemListElement\":[{\"@type\":\"ListItem\",\"position\":1,\"name\":\"Home\",\"item\":\"https:\/\/testeryou.com\/tr\/\"},{\"@type\":\"ListItem\",\"position\":2,\"name\":\"S\u0131nav Kay\u0131t Formu\"}]},{\"@type\":\"WebSite\",\"@id\":\"https:\/\/testeryou.com\/tr\/#website\",\"url\":\"https:\/\/testeryou.com\/tr\/\",\"name\":\"TesterYou\",\"description\":\"TesterYou\",\"publisher\":{\"@id\":\"https:\/\/testeryou.com\/tr\/#organization\"},\"potentialAction\":[{\"@type\":\"SearchAction\",\"target\":{\"@type\":\"EntryPoint\",\"urlTemplate\":\"https:\/\/testeryou.com\/tr\/?s={search_term_string}\"},\"query-input\":{\"@type\":\"PropertyValueSpecification\",\"valueRequired\":true,\"valueName\":\"search_term_string\"}}],\"inLanguage\":\"tr\"},{\"@type\":\"Organization\",\"@id\":\"https:\/\/testeryou.com\/tr\/#organization\",\"name\":\"TesterYou Bili\u015fim Hizmetleri A.\u015e.\",\"url\":\"https:\/\/testeryou.com\/tr\/\",\"logo\":{\"@type\":\"ImageObject\",\"inLanguage\":\"tr\",\"@id\":\"https:\/\/testeryou.com\/tr\/#\/schema\/logo\/image\/\",\"url\":\"https:\/\/testeryou.com\/wp-content\/uploads\/2018\/06\/TesterYou_Favicon.png\",\"contentUrl\":\"https:\/\/testeryou.com\/wp-content\/uploads\/2018\/06\/TesterYou_Favicon.png\",\"width\":1691,\"height\":1921,\"caption\":\"TesterYou Bili\u015fim Hizmetleri A.\u015e.\"},\"image\":{\"@id\":\"https:\/\/testeryou.com\/tr\/#\/schema\/logo\/image\/\"},\"sameAs\":[\"http:\/\/www.facebook.com\/testeryouhq\",\"https:\/\/x.com\/testeryouhq\",\"http:\/\/www.instagram.com\/testeryouhq\/\",\"http:\/\/www.linkedin.com\/company\/testeryou\/\",\"http:\/\/www.youtube.com\/channel\/UC77eVCL7mzsIbNP799cEPOQ\"]}]}<\/script>\n<!-- \/ Yoast SEO plugin. -->","yoast_head_json":{"title":"S\u0131nav Kay\u0131t Formu - TesterYou","description":"S\u0131nav kay\u0131t formuna ula\u015fmak i\u00e7in t\u0131klay\u0131n\u0131z. TesterYou \u00f6zel bir yaz\u0131l\u0131m test hizmetleri \u015firketidir.","robots":{"index":"index","follow":"follow","max-snippet":"max-snippet:-1","max-image-preview":"max-image-preview:large","max-video-preview":"max-video-preview:-1"},"canonical":"https:\/\/testeryou.com\/tr\/sinav-kayit-formu\/","og_locale":"tr_TR","og_type":"article","og_title":"S\u0131nav Kay\u0131t Formu - TesterYou","og_description":"S\u0131nav kay\u0131t formuna ula\u015fmak i\u00e7in t\u0131klay\u0131n\u0131z. TesterYou \u00f6zel bir yaz\u0131l\u0131m test hizmetleri \u015firketidir.","og_url":"https:\/\/testeryou.com\/tr\/sinav-kayit-formu\/","og_site_name":"TesterYou","article_publisher":"http:\/\/www.facebook.com\/testeryouhq","article_modified_time":"2025-10-14T14:03:42+00:00","og_image":[{"width":1920,"height":1080,"url":"https:\/\/testeryou.com\/wp-content\/uploads\/2023\/03\/book-your-exam.jpg","type":"image\/jpeg"}],"twitter_card":"summary_large_image","twitter_site":"@testeryouhq","twitter_misc":{"Tahmini okuma s\u00fcresi":"1 dakika"},"schema":{"@context":"https:\/\/schema.org","@graph":[{"@type":"WebPage","@id":"https:\/\/testeryou.com\/tr\/sinav-kayit-formu\/","url":"https:\/\/testeryou.com\/tr\/sinav-kayit-formu\/","name":"S\u0131nav Kay\u0131t Formu - TesterYou","isPartOf":{"@id":"https:\/\/testeryou.com\/tr\/#website"},"primaryImageOfPage":{"@id":"https:\/\/testeryou.com\/tr\/sinav-kayit-formu\/#primaryimage"},"image":{"@id":"https:\/\/testeryou.com\/tr\/sinav-kayit-formu\/#primaryimage"},"thumbnailUrl":"https:\/\/testeryou.com\/wp-content\/uploads\/2023\/03\/book-your-exam.jpg","datePublished":"2020-05-07T06:32:32+00:00","dateModified":"2025-10-14T14:03:42+00:00","description":"S\u0131nav kay\u0131t formuna ula\u015fmak i\u00e7in t\u0131klay\u0131n\u0131z. TesterYou \u00f6zel bir yaz\u0131l\u0131m test hizmetleri \u015firketidir.","breadcrumb":{"@id":"https:\/\/testeryou.com\/tr\/sinav-kayit-formu\/#breadcrumb"},"inLanguage":"tr","potentialAction":[{"@type":"ReadAction","target":["https:\/\/testeryou.com\/tr\/sinav-kayit-formu\/"]}]},{"@type":"ImageObject","inLanguage":"tr","@id":"https:\/\/testeryou.com\/tr\/sinav-kayit-formu\/#primaryimage","url":"https:\/\/testeryou.com\/wp-content\/uploads\/2023\/03\/book-your-exam.jpg","contentUrl":"https:\/\/testeryou.com\/wp-content\/uploads\/2023\/03\/book-your-exam.jpg","width":1920,"height":1080},{"@type":"BreadcrumbList","@id":"https:\/\/testeryou.com\/tr\/sinav-kayit-formu\/#breadcrumb","itemListElement":[{"@type":"ListItem","position":1,"name":"Home","item":"https:\/\/testeryou.com\/tr\/"},{"@type":"ListItem","position":2,"name":"S\u0131nav Kay\u0131t Formu"}]},{"@type":"WebSite","@id":"https:\/\/testeryou.com\/tr\/#website","url":"https:\/\/testeryou.com\/tr\/","name":"TesterYou","description":"TesterYou","publisher":{"@id":"https:\/\/testeryou.com\/tr\/#organization"},"potentialAction":[{"@type":"SearchAction","target":{"@type":"EntryPoint","urlTemplate":"https:\/\/testeryou.com\/tr\/?s={search_term_string}"},"query-input":{"@type":"PropertyValueSpecification","valueRequired":true,"valueName":"search_term_string"}}],"inLanguage":"tr"},{"@type":"Organization","@id":"https:\/\/testeryou.com\/tr\/#organization","name":"TesterYou Bili\u015fim Hizmetleri A.\u015e.","url":"https:\/\/testeryou.com\/tr\/","logo":{"@type":"ImageObject","inLanguage":"tr","@id":"https:\/\/testeryou.com\/tr\/#\/schema\/logo\/image\/","url":"https:\/\/testeryou.com\/wp-content\/uploads\/2018\/06\/TesterYou_Favicon.png","contentUrl":"https:\/\/testeryou.com\/wp-content\/uploads\/2018\/06\/TesterYou_Favicon.png","width":1691,"height":1921,"caption":"TesterYou Bili\u015fim Hizmetleri A.\u015e."},"image":{"@id":"https:\/\/testeryou.com\/tr\/#\/schema\/logo\/image\/"},"sameAs":["http:\/\/www.facebook.com\/testeryouhq","https:\/\/x.com\/testeryouhq","http:\/\/www.instagram.com\/testeryouhq\/","http:\/\/www.linkedin.com\/company\/testeryou\/","http:\/\/www.youtube.com\/channel\/UC77eVCL7mzsIbNP799cEPOQ"]}]}},"_links":{"self":[{"href":"https:\/\/testeryou.com\/tr\/wp-json\/wp\/v2\/pages\/127922","targetHints":{"allow":["GET"]}}],"collection":[{"href":"https:\/\/testeryou.com\/tr\/wp-json\/wp\/v2\/pages"}],"about":[{"href":"https:\/\/testeryou.com\/tr\/wp-json\/wp\/v2\/types\/page"}],"author":[{"embeddable":true,"href":"https:\/\/testeryou.com\/tr\/wp-json\/wp\/v2\/users\/1"}],"replies":[{"embeddable":true,"href":"https:\/\/testeryou.com\/tr\/wp-json\/wp\/v2\/comments?post=127922"}],"version-history":[{"count":0,"href":"https:\/\/testeryou.com\/tr\/wp-json\/wp\/v2\/pages\/127922\/revisions"}],"wp:featuredmedia":[{"embeddable":true,"href":"https:\/\/testeryou.com\/tr\/wp-json\/wp\/v2\/media\/201155"}],"wp:attachment":[{"href":"https:\/\/testeryou.com\/tr\/wp-json\/wp\/v2\/media?parent=127922"}],"curies":[{"name":"wp","href":"https:\/\/api.w.org\/{rel}","templated":true}]}}