{"id":184236,"date":"2021-05-05T12:26:07","date_gmt":"2021-05-05T09:26:07","guid":{"rendered":"http:\/\/testeryou.bootests.com\/magaza\/testeryou-kupa-gri\/"},"modified":"2021-06-04T17:23:41","modified_gmt":"2021-06-04T14:23:41","slug":"testeryou-kupa-gri","status":"publish","type":"page","link":"https:\/\/testeryou.com\/tr\/magaza\/testeryou-kupa-gri\/","title":{"rendered":"TesterYou Kupa \u2013 Gri"},"content":{"rendered":"<div class=\"wpb-content-wrapper\"><p>[vc_row row_height_percent=&#8221;0&#8243; overlay_alpha=&#8221;50&#8243; gutter_size=&#8221;3&#8243; column_width_percent=&#8221;100&#8243; shift_y=&#8221;0&#8243; z_index=&#8221;0&#8243; el_class=&#8221;products-row&#8221;][vc_column width=&#8221;1\/1&#8243;][vc_row_inner][vc_column_inner width=&#8221;1\/2&#8243;][vc_single_image media=&#8221;75136&#8243; media_width_percent=&#8221;100&#8243;][\/vc_column_inner][vc_column_inner width=&#8221;1\/2&#8243;][vc_custom_heading heading_semantic=&#8221;h1&#8243;]TesterYou Kupa \u2013 Gri[\/vc_custom_heading][\/vc_column_inner][\/vc_row_inner][vc_column_text]\u0130yi hislerle (ve en sevdi\u011finiz i\u00e7ecekle) dolup ta\u015fan bir TesterYou Kupa ile testlerinize renk kat\u0131n! Bu mor kupa, \u00f6zel bir &#8220;test\u00e7i&#8221; arkada\u015f\u0131n\u0131z\u0131n onu ne kadar \u00f6nemsedi\u011finizi bilmesini sa\u011flamak i\u00e7in harika bir yol olabilir, \u00e7\u00fcnk\u00fc tam da bu y\u00fczden tasarland\u0131!<\/p>\n<p>Detaylar:<br \/>\n\u2022 Seramik.<br \/>\n\u2022 Mikrodalga ve bula\u015f\u0131k makinesi i\u00e7in g\u00fcvenlidir.<br \/>\n\u2022 Parlak<br \/>\n\u2022 T\u00fcrkiye&#8217;de Tasarlanm\u0131\u015f ve \u00dcretilmi\u015ftir, Gezegenin Her Yerinde Kullan\u0131labilir!<\/p>\n<p>E\u011fer be\u011fendiyseniz, l\u00fctfen bize bir mesaj b\u0131rak\u0131n. Teslimat i\u00e7in haz\u0131r olan en k\u0131sa zamanda size haber verece\u011fiz. Te\u015fekk\u00fcrler![\/vc_column_text][vc_row_inner row_inner_height_percent=&#8221;0&#8243; overlay_alpha=&#8221;50&#8243; gutter_size=&#8221;3&#8243; shift_y=&#8221;0&#8243; z_index=&#8221;0&#8243; el_class=&#8221;related-post-row&#8221;][vc_column_inner width=&#8221;1\/1&#8243;][vc_custom_heading]\u0130lgili \u00dcr\u00fcnler[\/vc_custom_heading][uncode_index el_id=&#8221;index-190265&#8243; index_type=&#8221;carousel&#8221; loop=&#8221;size:8|order_by:date|post_type:page|tax_query:336&#8243; carousel_lg=&#8221;4&#8243; carousel_md=&#8221;3&#8243; carousel_sm=&#8221;1&#8243; gutter_size=&#8221;3&#8243; page_items=&#8221;media|featured|onpost|original,title&#8221; carousel_interval=&#8221;3000&#8243; carousel_navspeed=&#8221;400&#8243; stage_padding=&#8221;0&#8243; single_overlay_opacity=&#8221;50&#8243; single_padding=&#8221;2&#8243;][\/vc_column_inner][\/vc_row_inner][\/vc_column][\/vc_row]<\/p>\n<\/div>","protected":false},"excerpt":{"rendered":"<p>[vc_row row_height_percent=&#8221;0&#8243; overlay_alpha=&#8221;50&#8243; gutter_size=&#8221;3&#8243; column_width_percent=&#8221;100&#8243; shift_y=&#8221;0&#8243; z_index=&#8221;0&#8243; el_class=&#8221;products-row&#8221;][vc_column width=&#8221;1\/1&#8243;][vc_row_inner][vc_column_inner width=&#8221;1\/2&#8243;][vc_single_image media=&#8221;75136&#8243; media_width_percent=&#8221;100&#8243;][\/vc_column_inner][vc_column_inner width=&#8221;1\/2&#8243;][vc_custom_heading heading_semantic=&#8221;h1&#8243;]TesterYou Kupa \u2013 Gri[\/vc_custom_heading][\/vc_column_inner][\/vc_row_inner][vc_column_text]\u0130yi hislerle (ve en [&hellip;]<\/p>\n","protected":false},"author":2,"featured_media":127577,"parent":126557,"menu_order":0,"comment_status":"closed","ping_status":"closed","template":"","meta":{"_acf_changed":false,"_exactmetrics_skip_tracking":false,"_exactmetrics_sitenote_active":false,"_exactmetrics_sitenote_note":"","_exactmetrics_sitenote_category":0,"footnotes":""},"class_list":["post-184236","page","type-page","status-publish","has-post-thumbnail","hentry","page_category-diger"],"acf":[],"yoast_head":"<!-- This site is optimized with the Yoast SEO plugin v26.1.1 - https:\/\/yoast.com\/wordpress\/plugins\/seo\/ -->\n<title>TesterYou Kupa \u2013 Gri - TesterYou<\/title>\n<meta name=\"description\" content=\"TesterYou ma\u011fazas\u0131nda farkl\u0131 bir\u00e7ok \u00fcr\u00fcnlere ula\u015fabilirsiniz. TesterYou Gri Kupa \u00fcr\u00fcn\u00fc hakk\u0131nda bilgi almak t\u0131klay\u0131n\u0131z.\" \/>\n<meta name=\"robots\" content=\"index, follow, max-snippet:-1, max-image-preview:large, max-video-preview:-1\" \/>\n<link rel=\"canonical\" href=\"https:\/\/testeryou.com\/tr\/magaza\/testeryou-kupa-gri\/\" \/>\n<meta property=\"og:locale\" content=\"tr_TR\" \/>\n<meta property=\"og:type\" content=\"article\" \/>\n<meta property=\"og:title\" content=\"TesterYou Kupa \u2013 Gri - TesterYou\" \/>\n<meta property=\"og:description\" content=\"TesterYou ma\u011fazas\u0131nda farkl\u0131 bir\u00e7ok \u00fcr\u00fcnlere ula\u015fabilirsiniz. TesterYou Gri Kupa \u00fcr\u00fcn\u00fc hakk\u0131nda bilgi almak t\u0131klay\u0131n\u0131z.\" \/>\n<meta property=\"og:url\" content=\"https:\/\/testeryou.com\/tr\/magaza\/testeryou-kupa-gri\/\" \/>\n<meta property=\"og:site_name\" content=\"TesterYou\" \/>\n<meta property=\"article:publisher\" content=\"http:\/\/www.facebook.com\/testeryouhq\" \/>\n<meta property=\"article:modified_time\" content=\"2021-06-04T14:23:41+00:00\" \/>\n<meta property=\"og:image\" content=\"https:\/\/testeryou.com\/wp-content\/uploads\/2018\/06\/grey.jpg\" \/>\n\t<meta property=\"og:image:width\" content=\"600\" \/>\n\t<meta property=\"og:image:height\" content=\"420\" \/>\n\t<meta property=\"og:image:type\" content=\"image\/jpeg\" \/>\n<meta name=\"twitter:card\" content=\"summary_large_image\" \/>\n<meta name=\"twitter:site\" content=\"@testeryouhq\" \/>\n<meta name=\"twitter:label1\" content=\"Tahmini okuma s\u00fcresi\" \/>\n\t<meta name=\"twitter:data1\" content=\"1 dakika\" \/>\n<script type=\"application\/ld+json\" class=\"yoast-schema-graph\">{\"@context\":\"https:\/\/schema.org\",\"@graph\":[{\"@type\":\"WebPage\",\"@id\":\"https:\/\/testeryou.com\/tr\/magaza\/testeryou-kupa-gri\/\",\"url\":\"https:\/\/testeryou.com\/tr\/magaza\/testeryou-kupa-gri\/\",\"name\":\"TesterYou Kupa \u2013 Gri - TesterYou\",\"isPartOf\":{\"@id\":\"https:\/\/testeryou.com\/tr\/#website\"},\"primaryImageOfPage\":{\"@id\":\"https:\/\/testeryou.com\/tr\/magaza\/testeryou-kupa-gri\/#primaryimage\"},\"image\":{\"@id\":\"https:\/\/testeryou.com\/tr\/magaza\/testeryou-kupa-gri\/#primaryimage\"},\"thumbnailUrl\":\"https:\/\/testeryou.com\/wp-content\/uploads\/2018\/06\/grey.jpg\",\"datePublished\":\"2021-05-05T09:26:07+00:00\",\"dateModified\":\"2021-06-04T14:23:41+00:00\",\"description\":\"TesterYou ma\u011fazas\u0131nda farkl\u0131 bir\u00e7ok \u00fcr\u00fcnlere ula\u015fabilirsiniz. TesterYou Gri Kupa \u00fcr\u00fcn\u00fc hakk\u0131nda bilgi almak t\u0131klay\u0131n\u0131z.\",\"breadcrumb\":{\"@id\":\"https:\/\/testeryou.com\/tr\/magaza\/testeryou-kupa-gri\/#breadcrumb\"},\"inLanguage\":\"tr\",\"potentialAction\":[{\"@type\":\"ReadAction\",\"target\":[\"https:\/\/testeryou.com\/tr\/magaza\/testeryou-kupa-gri\/\"]}]},{\"@type\":\"ImageObject\",\"inLanguage\":\"tr\",\"@id\":\"https:\/\/testeryou.com\/tr\/magaza\/testeryou-kupa-gri\/#primaryimage\",\"url\":\"https:\/\/testeryou.com\/wp-content\/uploads\/2018\/06\/grey.jpg\",\"contentUrl\":\"https:\/\/testeryou.com\/wp-content\/uploads\/2018\/06\/grey.jpg\",\"width\":600,\"height\":420},{\"@type\":\"BreadcrumbList\",\"@id\":\"https:\/\/testeryou.com\/tr\/magaza\/testeryou-kupa-gri\/#breadcrumb\",\"itemListElement\":[{\"@type\":\"ListItem\",\"position\":1,\"name\":\"Home\",\"item\":\"https:\/\/testeryou.com\/tr\/\"},{\"@type\":\"ListItem\",\"position\":2,\"name\":\"Ma\u011faza\",\"item\":\"https:\/\/testeryou.com\/tr\/magaza\/\"},{\"@type\":\"ListItem\",\"position\":3,\"name\":\"TesterYou Kupa \u2013 Gri\"}]},{\"@type\":\"WebSite\",\"@id\":\"https:\/\/testeryou.com\/tr\/#website\",\"url\":\"https:\/\/testeryou.com\/tr\/\",\"name\":\"TesterYou\",\"description\":\"TesterYou\",\"publisher\":{\"@id\":\"https:\/\/testeryou.com\/tr\/#organization\"},\"potentialAction\":[{\"@type\":\"SearchAction\",\"target\":{\"@type\":\"EntryPoint\",\"urlTemplate\":\"https:\/\/testeryou.com\/tr\/?s={search_term_string}\"},\"query-input\":{\"@type\":\"PropertyValueSpecification\",\"valueRequired\":true,\"valueName\":\"search_term_string\"}}],\"inLanguage\":\"tr\"},{\"@type\":\"Organization\",\"@id\":\"https:\/\/testeryou.com\/tr\/#organization\",\"name\":\"TesterYou Bili\u015fim Hizmetleri A.\u015e.\",\"url\":\"https:\/\/testeryou.com\/tr\/\",\"logo\":{\"@type\":\"ImageObject\",\"inLanguage\":\"tr\",\"@id\":\"https:\/\/testeryou.com\/tr\/#\/schema\/logo\/image\/\",\"url\":\"https:\/\/testeryou.com\/wp-content\/uploads\/2018\/06\/TesterYou_Favicon.png\",\"contentUrl\":\"https:\/\/testeryou.com\/wp-content\/uploads\/2018\/06\/TesterYou_Favicon.png\",\"width\":1691,\"height\":1921,\"caption\":\"TesterYou Bili\u015fim Hizmetleri A.\u015e.\"},\"image\":{\"@id\":\"https:\/\/testeryou.com\/tr\/#\/schema\/logo\/image\/\"},\"sameAs\":[\"http:\/\/www.facebook.com\/testeryouhq\",\"https:\/\/x.com\/testeryouhq\",\"http:\/\/www.instagram.com\/testeryouhq\/\",\"http:\/\/www.linkedin.com\/company\/testeryou\/\",\"http:\/\/www.youtube.com\/channel\/UC77eVCL7mzsIbNP799cEPOQ\"]}]}<\/script>\n<!-- \/ Yoast SEO plugin. -->","yoast_head_json":{"title":"TesterYou Kupa \u2013 Gri - TesterYou","description":"TesterYou ma\u011fazas\u0131nda farkl\u0131 bir\u00e7ok \u00fcr\u00fcnlere ula\u015fabilirsiniz. TesterYou Gri Kupa \u00fcr\u00fcn\u00fc hakk\u0131nda bilgi almak t\u0131klay\u0131n\u0131z.","robots":{"index":"index","follow":"follow","max-snippet":"max-snippet:-1","max-image-preview":"max-image-preview:large","max-video-preview":"max-video-preview:-1"},"canonical":"https:\/\/testeryou.com\/tr\/magaza\/testeryou-kupa-gri\/","og_locale":"tr_TR","og_type":"article","og_title":"TesterYou Kupa \u2013 Gri - TesterYou","og_description":"TesterYou ma\u011fazas\u0131nda farkl\u0131 bir\u00e7ok \u00fcr\u00fcnlere ula\u015fabilirsiniz. TesterYou Gri Kupa \u00fcr\u00fcn\u00fc hakk\u0131nda bilgi almak t\u0131klay\u0131n\u0131z.","og_url":"https:\/\/testeryou.com\/tr\/magaza\/testeryou-kupa-gri\/","og_site_name":"TesterYou","article_publisher":"http:\/\/www.facebook.com\/testeryouhq","article_modified_time":"2021-06-04T14:23:41+00:00","og_image":[{"width":600,"height":420,"url":"https:\/\/testeryou.com\/wp-content\/uploads\/2018\/06\/grey.jpg","type":"image\/jpeg"}],"twitter_card":"summary_large_image","twitter_site":"@testeryouhq","twitter_misc":{"Tahmini okuma s\u00fcresi":"1 dakika"},"schema":{"@context":"https:\/\/schema.org","@graph":[{"@type":"WebPage","@id":"https:\/\/testeryou.com\/tr\/magaza\/testeryou-kupa-gri\/","url":"https:\/\/testeryou.com\/tr\/magaza\/testeryou-kupa-gri\/","name":"TesterYou Kupa \u2013 Gri - TesterYou","isPartOf":{"@id":"https:\/\/testeryou.com\/tr\/#website"},"primaryImageOfPage":{"@id":"https:\/\/testeryou.com\/tr\/magaza\/testeryou-kupa-gri\/#primaryimage"},"image":{"@id":"https:\/\/testeryou.com\/tr\/magaza\/testeryou-kupa-gri\/#primaryimage"},"thumbnailUrl":"https:\/\/testeryou.com\/wp-content\/uploads\/2018\/06\/grey.jpg","datePublished":"2021-05-05T09:26:07+00:00","dateModified":"2021-06-04T14:23:41+00:00","description":"TesterYou ma\u011fazas\u0131nda farkl\u0131 bir\u00e7ok \u00fcr\u00fcnlere ula\u015fabilirsiniz. TesterYou Gri Kupa \u00fcr\u00fcn\u00fc hakk\u0131nda bilgi almak t\u0131klay\u0131n\u0131z.","breadcrumb":{"@id":"https:\/\/testeryou.com\/tr\/magaza\/testeryou-kupa-gri\/#breadcrumb"},"inLanguage":"tr","potentialAction":[{"@type":"ReadAction","target":["https:\/\/testeryou.com\/tr\/magaza\/testeryou-kupa-gri\/"]}]},{"@type":"ImageObject","inLanguage":"tr","@id":"https:\/\/testeryou.com\/tr\/magaza\/testeryou-kupa-gri\/#primaryimage","url":"https:\/\/testeryou.com\/wp-content\/uploads\/2018\/06\/grey.jpg","contentUrl":"https:\/\/testeryou.com\/wp-content\/uploads\/2018\/06\/grey.jpg","width":600,"height":420},{"@type":"BreadcrumbList","@id":"https:\/\/testeryou.com\/tr\/magaza\/testeryou-kupa-gri\/#breadcrumb","itemListElement":[{"@type":"ListItem","position":1,"name":"Home","item":"https:\/\/testeryou.com\/tr\/"},{"@type":"ListItem","position":2,"name":"Ma\u011faza","item":"https:\/\/testeryou.com\/tr\/magaza\/"},{"@type":"ListItem","position":3,"name":"TesterYou Kupa \u2013 Gri"}]},{"@type":"WebSite","@id":"https:\/\/testeryou.com\/tr\/#website","url":"https:\/\/testeryou.com\/tr\/","name":"TesterYou","description":"TesterYou","publisher":{"@id":"https:\/\/testeryou.com\/tr\/#organization"},"potentialAction":[{"@type":"SearchAction","target":{"@type":"EntryPoint","urlTemplate":"https:\/\/testeryou.com\/tr\/?s={search_term_string}"},"query-input":{"@type":"PropertyValueSpecification","valueRequired":true,"valueName":"search_term_string"}}],"inLanguage":"tr"},{"@type":"Organization","@id":"https:\/\/testeryou.com\/tr\/#organization","name":"TesterYou Bili\u015fim Hizmetleri A.\u015e.","url":"https:\/\/testeryou.com\/tr\/","logo":{"@type":"ImageObject","inLanguage":"tr","@id":"https:\/\/testeryou.com\/tr\/#\/schema\/logo\/image\/","url":"https:\/\/testeryou.com\/wp-content\/uploads\/2018\/06\/TesterYou_Favicon.png","contentUrl":"https:\/\/testeryou.com\/wp-content\/uploads\/2018\/06\/TesterYou_Favicon.png","width":1691,"height":1921,"caption":"TesterYou Bili\u015fim Hizmetleri A.\u015e."},"image":{"@id":"https:\/\/testeryou.com\/tr\/#\/schema\/logo\/image\/"},"sameAs":["http:\/\/www.facebook.com\/testeryouhq","https:\/\/x.com\/testeryouhq","http:\/\/www.instagram.com\/testeryouhq\/","http:\/\/www.linkedin.com\/company\/testeryou\/","http:\/\/www.youtube.com\/channel\/UC77eVCL7mzsIbNP799cEPOQ"]}]}},"_links":{"self":[{"href":"https:\/\/testeryou.com\/tr\/wp-json\/wp\/v2\/pages\/184236","targetHints":{"allow":["GET"]}}],"collection":[{"href":"https:\/\/testeryou.com\/tr\/wp-json\/wp\/v2\/pages"}],"about":[{"href":"https:\/\/testeryou.com\/tr\/wp-json\/wp\/v2\/types\/page"}],"author":[{"embeddable":true,"href":"https:\/\/testeryou.com\/tr\/wp-json\/wp\/v2\/users\/2"}],"replies":[{"embeddable":true,"href":"https:\/\/testeryou.com\/tr\/wp-json\/wp\/v2\/comments?post=184236"}],"version-history":[{"count":0,"href":"https:\/\/testeryou.com\/tr\/wp-json\/wp\/v2\/pages\/184236\/revisions"}],"up":[{"embeddable":true,"href":"https:\/\/testeryou.com\/tr\/wp-json\/wp\/v2\/pages\/126557"}],"wp:featuredmedia":[{"embeddable":true,"href":"https:\/\/testeryou.com\/tr\/wp-json\/wp\/v2\/media\/127577"}],"wp:attachment":[{"href":"https:\/\/testeryou.com\/tr\/wp-json\/wp\/v2\/media?parent=184236"}],"curies":[{"name":"wp","href":"https:\/\/api.w.org\/{rel}","templated":true}]}}