{"id":184335,"date":"2021-05-05T13:48:49","date_gmt":"2021-05-05T10:48:49","guid":{"rendered":"http:\/\/testeryou.bootests.com\/magaza\/peer-review-form-template\/"},"modified":"2025-10-14T15:03:17","modified_gmt":"2025-10-14T12:03:17","slug":"akran-degerlendirmesi-form-sablonu","status":"publish","type":"page","link":"https:\/\/testeryou.com\/tr\/magaza\/akran-degerlendirmesi-form-sablonu\/","title":{"rendered":"Akran De\u011ferlendirmesi Form \u015eablonu"},"content":{"rendered":"<div class=\"wpb-content-wrapper\"><p>[vc_row row_height_percent=&#8221;0&#8243; overlay_alpha=&#8221;50&#8243; gutter_size=&#8221;3&#8243; column_width_percent=&#8221;100&#8243; shift_y=&#8221;0&#8243; z_index=&#8221;0&#8243; el_class=&#8221;products-row&#8221;][vc_column width=&#8221;1\/1&#8243;][vc_row_inner limit_content=&#8221;&#8221;][vc_column_inner width=&#8221;1\/2&#8243;][vc_single_image media=&#8221;196708&#8243; media_width_percent=&#8221;100&#8243;][\/vc_column_inner][vc_column_inner width=&#8221;1\/2&#8243;][vc_custom_heading heading_semantic=&#8221;h1&#8243;]Akran De\u011ferlendirmesi Form \u015eablonu[\/vc_custom_heading][vc_column_text]Dok\u00fcman\u0131 indirmek ve yaz\u0131l\u0131m testleriyle ilgili daha fazla bilgi almak i\u00e7in l\u00fctfen a\u015fa\u011f\u0131daki formu doldurun.[\/vc_column_text]\n<div class=\"wpcf7 no-js\" id=\"wpcf7-f211239-o1\" lang=\"en-US\" dir=\"ltr\" data-wpcf7-id=\"211239\">\n<div class=\"screen-reader-response\"><p role=\"status\" aria-live=\"polite\" aria-atomic=\"true\"><\/p> <ul><\/ul><\/div>\n<form action=\"\/tr\/wp-json\/wp\/v2\/pages\/184335#wpcf7-f211239-o1\" method=\"post\" class=\"wpcf7-form init\" aria-label=\"Contact form\" novalidate=\"novalidate\" data-status=\"init\">\n<fieldset class=\"hidden-fields-container\"><input type=\"hidden\" name=\"_wpcf7\" value=\"211239\" \/><input type=\"hidden\" name=\"_wpcf7_version\" value=\"6.1.2\" \/><input type=\"hidden\" name=\"_wpcf7_locale\" value=\"en_US\" \/><input type=\"hidden\" name=\"_wpcf7_unit_tag\" value=\"wpcf7-f211239-o1\" \/><input type=\"hidden\" name=\"_wpcf7_container_post\" value=\"0\" \/><input type=\"hidden\" name=\"_wpcf7_posted_data_hash\" value=\"\" \/><input type=\"hidden\" name=\"_wpcf7cf_hidden_group_fields\" value=\"[]\" \/><input type=\"hidden\" name=\"_wpcf7cf_hidden_groups\" value=\"[]\" \/><input type=\"hidden\" name=\"_wpcf7cf_visible_groups\" value=\"[]\" \/><input type=\"hidden\" name=\"_wpcf7cf_repeaters\" value=\"[]\" \/><input type=\"hidden\" name=\"_wpcf7cf_steps\" value=\"{}\" \/><input type=\"hidden\" name=\"_wpcf7cf_options\" value=\"{&quot;form_id&quot;:211239,&quot;conditions&quot;:[],&quot;settings&quot;:{&quot;animation&quot;:&quot;yes&quot;,&quot;animation_intime&quot;:200,&quot;animation_outtime&quot;:200,&quot;conditions_ui&quot;:&quot;normal&quot;,&quot;notice_dismissed&quot;:false,&quot;notice_dismissed_update-cf7-5.9.5&quot;:true}}\" \/><input type=\"hidden\" name=\"_wpcf7_recaptcha_response\" value=\"\" \/>\n<\/fieldset>\n<p><script>\ndocument.addEventListener('DOMContentLoaded', function() {\n \/\/ 1. Sayfan\u0131n tam URL'sini al\n const fullURL = window.location.pathname; \/\/ \u00d6rn: \/store\/lean-business-canvas\/\n\n \/\/ 2. URL'yi '\/' karakterine g\u00f6re par\u00e7ala ve bo\u015f elemanlar\u0131 filtrele\n const parts = fullURL.split('\/').filter(part => part.length > 0); \n \n let slug = '';\n \n \/\/ 3. Par\u00e7alar aras\u0131nda 'store' var m\u0131 kontrol et ve ondan sonras\u0131n\u0131 al\n const storeIndex = parts.indexOf('store');\n \n if (storeIndex !== -1 && parts.length > storeIndex + 1) {\n \/\/ 'store' kelimesinden hemen sonraki par\u00e7ay\u0131 al (Bu bizim slug'\u0131m\u0131zd\u0131r)\n slug = parts[storeIndex + 1];\n } else if (parts.length > 0) {\n \/\/ E\u011fer 'store' bulunamazsa, URL'nin son eleman\u0131n\u0131 al (yedek)\n slug = parts[parts.length - 1]; \n }\n \n \/\/ 4. Contact Form 7'nin gizli alan\u0131n\u0131 se\u00e7 ve de\u011ferini doldur\n \/\/ Gizli alan\u0131n ad\u0131: product-slug\n const hiddenField = document.querySelector('input[name=\"product-slug\"]');\n \n if (hiddenField && slug) {\n hiddenField.value = slug; \/\/ \u00d6rn: lean-business-canvas\n }\n \n \/\/ Geli\u015ftirme i\u00e7in: Konsolda kontrol edebilirsiniz\n \/\/ console.log(\"Yakalanan Slug:\", slug);\n});\n<\/script>\n<\/p>\n<div class=\"footer-form\">\n\t<div class=\"info-input-fields\">\n\t\t<p><span class=\"wpcf7-form-control-wrap\" data-name=\"your-name\"><input size=\"40\" maxlength=\"400\" class=\"wpcf7-form-control wpcf7-text wpcf7-validates-as-required btn-circle input1\" aria-required=\"true\" aria-invalid=\"false\" placeholder=\"\u0130sim*\" value=\"\" type=\"text\" name=\"your-name\" \/><\/span><span class=\"wpcf7-form-control-wrap\" data-name=\"your-surname\"><input size=\"40\" maxlength=\"400\" class=\"wpcf7-form-control wpcf7-text wpcf7-validates-as-required btn-circle input2\" aria-required=\"true\" aria-invalid=\"false\" placeholder=\"Soyisim*\" value=\"\" type=\"text\" name=\"your-surname\" \/><\/span>\n\t\t<\/p>\n\t<\/div>\n<\/div>\n<input class=\"wpcf7-form-control wpcf7-hidden\" value=\"\" type=\"hidden\" name=\"product-slug\" \/>\n<div class=\"wpcf7-inline-wrapper wpcf7-input-group\">\n\t<p class=\"wpcf7-inline-field wpcf7-inline-field-text\"><span class=\"wpcf7-form-control-wrap\" data-name=\"your-email\"><input size=\"40\" maxlength=\"400\" class=\"wpcf7-form-control wpcf7-email wpcf7-validates-as-required wpcf7-text wpcf7-validates-as-email btn-circle\" aria-required=\"true\" aria-invalid=\"false\" placeholder=\"E-mail*\" value=\"\" type=\"email\" name=\"your-email\" \/><\/span>\n\t<\/p>\n\t<p class=\"wpcf7-inline-field wpcf7-inline-field-btn\"><input class=\"wpcf7-form-control wpcf7-submit has-spinner btn btn-accent btn-circle\" type=\"submit\" value=\"G\u00f6nder\" \/>\n\t<\/p>\n<\/div>\n<p style=\"margin-left:0px\"><span class=\"wpcf7-form-control-wrap\" data-name=\"acceptance-737\"><span class=\"wpcf7-form-control wpcf7-acceptance\"><span class=\"wpcf7-list-item\"><label><input type=\"checkbox\" name=\"acceptance-737\" value=\"1\" aria-invalid=\"false\" \/><span class=\"wpcf7-list-item-label\"><a style=\"font-weight:bold\" href=\"testeryou.com\/tr\/gizlilik-politikasi\">Gizlilik Politikas\u0131<\/a>'n\u0131 okudum ve kabul ediyorum.<\/span><\/label><\/span><\/span><\/span>\n<\/p><div class=\"wpcf7-response-output\" aria-hidden=\"true\"><\/div>\n<\/form>\n<\/div>\n[\/vc_column_inner][\/vc_row_inner][vc_column_text]Her bir akran de\u011ferlendirmesi faaliyeti i\u00e7in, buna statik test de diyebilirsiniz, bir Akran De\u011ferlendirmesi Formu doldurulmal\u0131d\u0131r. Bir test uzman\u0131 olarak g\u00f6reviniz, olaylar\u0131 ve hatalar\u0131 olabildi\u011fince erken bildirmektir, b\u00f6ylece zaman ve \u00e7aba verimli bir \u015fekilde t\u00fcketilir. Akran De\u011ferlendirmesi, yaz\u0131l\u0131m geli\u015ftirme ya\u015fam d\u00f6ng\u00fcs\u00fc boyunca \u00fcretilen herhangi bir \u00e7al\u0131\u015fma \u00fcr\u00fcn\u00fcne y\u00f6nelik g\u00fcven geli\u015ftirmeye te\u015fvik eder, ayr\u0131ca \u00fcr\u00fcn kalitesini art\u0131rmaya y\u00f6nelik olup t\u00fcm ekip \u00fcyeleri i\u00e7in hayati bir faaliyettir.<\/p>\n<p>Buradaki \u015fablon, a\u015fa\u011f\u0131dakiler gibi en y\u00fcksek \u00f6ncelikli emsal de\u011ferlendirme formu \u00f6zelliklerini i\u00e7erir: \u00f6nem derecesi, durum, sahip, konum, yazar a\u00e7\u0131klamas\u0131, son tarih, inceleme a\u00e7\u0131klamas\u0131, bulunan proje a\u015famas\u0131, tur numaras\u0131, as\u0131l neden vb.<\/p>\n<p>Akran de\u011ferlendirmesi faaliyetlerinizde referans olarak kullanmak i\u00e7in bu \u015fablonu \u00fccretsiz olarak indirebilirsiniz. Mutlu Testler![\/vc_column_text][vc_row_inner row_inner_height_percent=&#8221;0&#8243; overlay_alpha=&#8221;50&#8243; gutter_size=&#8221;3&#8243; shift_y=&#8221;0&#8243; z_index=&#8221;0&#8243; el_class=&#8221;related-post-row&#8221; limit_content=&#8221;&#8221;][vc_column_inner width=&#8221;1\/1&#8243;][vc_custom_heading]\u0130lgili \u00dcr\u00fcnler[\/vc_custom_heading][uncode_index el_id=&#8221;index-190265&#8243; index_type=&#8221;carousel&#8221; loop=&#8221;size:8|order_by:date|post_type:page|tax_query:342&#8243; carousel_lg=&#8221;4&#8243; carousel_md=&#8221;3&#8243; carousel_sm=&#8221;1&#8243; gutter_size=&#8221;3&#8243; page_items=&#8221;media|featured|onpost|original,title&#8221; carousel_interval=&#8221;3000&#8243; carousel_navspeed=&#8221;400&#8243; stage_padding=&#8221;0&#8243; single_overlay_opacity=&#8221;50&#8243; single_padding=&#8221;2&#8243;][\/vc_column_inner][\/vc_row_inner][\/vc_column][\/vc_row]<\/p>\n<\/div>","protected":false},"excerpt":{"rendered":"<p>[vc_row row_height_percent=&#8221;0&#8243; overlay_alpha=&#8221;50&#8243; gutter_size=&#8221;3&#8243; column_width_percent=&#8221;100&#8243; shift_y=&#8221;0&#8243; z_index=&#8221;0&#8243; el_class=&#8221;products-row&#8221;][vc_column width=&#8221;1\/1&#8243;][vc_row_inner limit_content=&#8221;&#8221;][vc_column_inner width=&#8221;1\/2&#8243;][vc_single_image media=&#8221;196708&#8243; media_width_percent=&#8221;100&#8243;][\/vc_column_inner][vc_column_inner width=&#8221;1\/2&#8243;][vc_custom_heading heading_semantic=&#8221;h1&#8243;]Akran De\u011ferlendirmesi Form \u015eablonu[\/vc_custom_heading][vc_column_text]Dok\u00fcman\u0131 indirmek ve [&hellip;]<\/p>\n","protected":false},"author":2,"featured_media":196708,"parent":126557,"menu_order":0,"comment_status":"closed","ping_status":"closed","template":"","meta":{"_acf_changed":false,"_exactmetrics_skip_tracking":false,"_exactmetrics_sitenote_active":false,"_exactmetrics_sitenote_note":"","_exactmetrics_sitenote_category":0,"footnotes":""},"class_list":["post-184335","page","type-page","status-publish","has-post-thumbnail","hentry","page_category-sablonlar"],"acf":[],"yoast_head":"<!-- This site is optimized with the Yoast SEO plugin v26.1.1 - https:\/\/yoast.com\/wordpress\/plugins\/seo\/ -->\n<title>Akran De\u011ferlendirmesi Form \u015eablonu - TesterYou<\/title>\n<meta name=\"description\" content=\"Akran De\u011ferlendirmesi Form \u015fablonu indirmek i\u00e7in t\u0131klay\u0131n\u0131z. TesterYou ma\u011fazas\u0131ndan farkl\u0131 bir\u00e7ok \u00fcr\u00fcne ula\u015fabilirsiniz.\" \/>\n<meta name=\"robots\" content=\"index, follow, max-snippet:-1, max-image-preview:large, max-video-preview:-1\" \/>\n<link rel=\"canonical\" href=\"https:\/\/testeryou.com\/tr\/magaza\/akran-degerlendirmesi-form-sablonu\/\" \/>\n<meta property=\"og:locale\" content=\"tr_TR\" \/>\n<meta property=\"og:type\" content=\"article\" \/>\n<meta property=\"og:title\" content=\"Akran De\u011ferlendirmesi Form \u015eablonu - TesterYou\" \/>\n<meta property=\"og:description\" content=\"Akran De\u011ferlendirmesi Form \u015fablonu indirmek i\u00e7in t\u0131klay\u0131n\u0131z. TesterYou ma\u011fazas\u0131ndan farkl\u0131 bir\u00e7ok \u00fcr\u00fcne ula\u015fabilirsiniz.\" \/>\n<meta property=\"og:url\" content=\"https:\/\/testeryou.com\/tr\/magaza\/akran-degerlendirmesi-form-sablonu\/\" \/>\n<meta property=\"og:site_name\" content=\"TesterYou\" \/>\n<meta property=\"article:publisher\" content=\"http:\/\/www.facebook.com\/testeryouhq\" \/>\n<meta property=\"article:modified_time\" content=\"2025-10-14T12:03:17+00:00\" \/>\n<meta property=\"og:image\" content=\"https:\/\/testeryou.com\/wp-content\/uploads\/2022\/09\/Peer-Review-Form-Thumbnail.jpg\" \/>\n\t<meta property=\"og:image:width\" content=\"1413\" \/>\n\t<meta property=\"og:image:height\" content=\"989\" \/>\n\t<meta property=\"og:image:type\" content=\"image\/jpeg\" \/>\n<meta name=\"twitter:card\" content=\"summary_large_image\" \/>\n<meta name=\"twitter:site\" content=\"@testeryouhq\" \/>\n<meta name=\"twitter:label1\" content=\"Tahmini okuma s\u00fcresi\" \/>\n\t<meta name=\"twitter:data1\" content=\"1 dakika\" \/>\n<script type=\"application\/ld+json\" class=\"yoast-schema-graph\">{\"@context\":\"https:\/\/schema.org\",\"@graph\":[{\"@type\":\"WebPage\",\"@id\":\"https:\/\/testeryou.com\/tr\/magaza\/akran-degerlendirmesi-form-sablonu\/\",\"url\":\"https:\/\/testeryou.com\/tr\/magaza\/akran-degerlendirmesi-form-sablonu\/\",\"name\":\"Akran De\u011ferlendirmesi Form \u015eablonu - TesterYou\",\"isPartOf\":{\"@id\":\"https:\/\/testeryou.com\/tr\/#website\"},\"primaryImageOfPage\":{\"@id\":\"https:\/\/testeryou.com\/tr\/magaza\/akran-degerlendirmesi-form-sablonu\/#primaryimage\"},\"image\":{\"@id\":\"https:\/\/testeryou.com\/tr\/magaza\/akran-degerlendirmesi-form-sablonu\/#primaryimage\"},\"thumbnailUrl\":\"https:\/\/testeryou.com\/wp-content\/uploads\/2022\/09\/Peer-Review-Form-Thumbnail.jpg\",\"datePublished\":\"2021-05-05T10:48:49+00:00\",\"dateModified\":\"2025-10-14T12:03:17+00:00\",\"description\":\"Akran De\u011ferlendirmesi Form \u015fablonu indirmek i\u00e7in t\u0131klay\u0131n\u0131z. TesterYou ma\u011fazas\u0131ndan farkl\u0131 bir\u00e7ok \u00fcr\u00fcne ula\u015fabilirsiniz.\",\"breadcrumb\":{\"@id\":\"https:\/\/testeryou.com\/tr\/magaza\/akran-degerlendirmesi-form-sablonu\/#breadcrumb\"},\"inLanguage\":\"tr\",\"potentialAction\":[{\"@type\":\"ReadAction\",\"target\":[\"https:\/\/testeryou.com\/tr\/magaza\/akran-degerlendirmesi-form-sablonu\/\"]}]},{\"@type\":\"ImageObject\",\"inLanguage\":\"tr\",\"@id\":\"https:\/\/testeryou.com\/tr\/magaza\/akran-degerlendirmesi-form-sablonu\/#primaryimage\",\"url\":\"https:\/\/testeryou.com\/wp-content\/uploads\/2022\/09\/Peer-Review-Form-Thumbnail.jpg\",\"contentUrl\":\"https:\/\/testeryou.com\/wp-content\/uploads\/2022\/09\/Peer-Review-Form-Thumbnail.jpg\",\"width\":1413,\"height\":989},{\"@type\":\"BreadcrumbList\",\"@id\":\"https:\/\/testeryou.com\/tr\/magaza\/akran-degerlendirmesi-form-sablonu\/#breadcrumb\",\"itemListElement\":[{\"@type\":\"ListItem\",\"position\":1,\"name\":\"Home\",\"item\":\"https:\/\/testeryou.com\/tr\/\"},{\"@type\":\"ListItem\",\"position\":2,\"name\":\"Ma\u011faza\",\"item\":\"https:\/\/testeryou.com\/tr\/magaza\/\"},{\"@type\":\"ListItem\",\"position\":3,\"name\":\"Akran De\u011ferlendirmesi Form \u015eablonu\"}]},{\"@type\":\"WebSite\",\"@id\":\"https:\/\/testeryou.com\/tr\/#website\",\"url\":\"https:\/\/testeryou.com\/tr\/\",\"name\":\"TesterYou\",\"description\":\"TesterYou\",\"publisher\":{\"@id\":\"https:\/\/testeryou.com\/tr\/#organization\"},\"potentialAction\":[{\"@type\":\"SearchAction\",\"target\":{\"@type\":\"EntryPoint\",\"urlTemplate\":\"https:\/\/testeryou.com\/tr\/?s={search_term_string}\"},\"query-input\":{\"@type\":\"PropertyValueSpecification\",\"valueRequired\":true,\"valueName\":\"search_term_string\"}}],\"inLanguage\":\"tr\"},{\"@type\":\"Organization\",\"@id\":\"https:\/\/testeryou.com\/tr\/#organization\",\"name\":\"TesterYou Bili\u015fim Hizmetleri A.\u015e.\",\"url\":\"https:\/\/testeryou.com\/tr\/\",\"logo\":{\"@type\":\"ImageObject\",\"inLanguage\":\"tr\",\"@id\":\"https:\/\/testeryou.com\/tr\/#\/schema\/logo\/image\/\",\"url\":\"https:\/\/testeryou.com\/wp-content\/uploads\/2018\/06\/TesterYou_Favicon.png\",\"contentUrl\":\"https:\/\/testeryou.com\/wp-content\/uploads\/2018\/06\/TesterYou_Favicon.png\",\"width\":1691,\"height\":1921,\"caption\":\"TesterYou Bili\u015fim Hizmetleri A.\u015e.\"},\"image\":{\"@id\":\"https:\/\/testeryou.com\/tr\/#\/schema\/logo\/image\/\"},\"sameAs\":[\"http:\/\/www.facebook.com\/testeryouhq\",\"https:\/\/x.com\/testeryouhq\",\"http:\/\/www.instagram.com\/testeryouhq\/\",\"http:\/\/www.linkedin.com\/company\/testeryou\/\",\"http:\/\/www.youtube.com\/channel\/UC77eVCL7mzsIbNP799cEPOQ\"]}]}<\/script>\n<!-- \/ Yoast SEO plugin. -->","yoast_head_json":{"title":"Akran De\u011ferlendirmesi Form \u015eablonu - TesterYou","description":"Akran De\u011ferlendirmesi Form \u015fablonu indirmek i\u00e7in t\u0131klay\u0131n\u0131z. TesterYou ma\u011fazas\u0131ndan farkl\u0131 bir\u00e7ok \u00fcr\u00fcne ula\u015fabilirsiniz.","robots":{"index":"index","follow":"follow","max-snippet":"max-snippet:-1","max-image-preview":"max-image-preview:large","max-video-preview":"max-video-preview:-1"},"canonical":"https:\/\/testeryou.com\/tr\/magaza\/akran-degerlendirmesi-form-sablonu\/","og_locale":"tr_TR","og_type":"article","og_title":"Akran De\u011ferlendirmesi Form \u015eablonu - TesterYou","og_description":"Akran De\u011ferlendirmesi Form \u015fablonu indirmek i\u00e7in t\u0131klay\u0131n\u0131z. TesterYou ma\u011fazas\u0131ndan farkl\u0131 bir\u00e7ok \u00fcr\u00fcne ula\u015fabilirsiniz.","og_url":"https:\/\/testeryou.com\/tr\/magaza\/akran-degerlendirmesi-form-sablonu\/","og_site_name":"TesterYou","article_publisher":"http:\/\/www.facebook.com\/testeryouhq","article_modified_time":"2025-10-14T12:03:17+00:00","og_image":[{"width":1413,"height":989,"url":"https:\/\/testeryou.com\/wp-content\/uploads\/2022\/09\/Peer-Review-Form-Thumbnail.jpg","type":"image\/jpeg"}],"twitter_card":"summary_large_image","twitter_site":"@testeryouhq","twitter_misc":{"Tahmini okuma s\u00fcresi":"1 dakika"},"schema":{"@context":"https:\/\/schema.org","@graph":[{"@type":"WebPage","@id":"https:\/\/testeryou.com\/tr\/magaza\/akran-degerlendirmesi-form-sablonu\/","url":"https:\/\/testeryou.com\/tr\/magaza\/akran-degerlendirmesi-form-sablonu\/","name":"Akran De\u011ferlendirmesi Form \u015eablonu - TesterYou","isPartOf":{"@id":"https:\/\/testeryou.com\/tr\/#website"},"primaryImageOfPage":{"@id":"https:\/\/testeryou.com\/tr\/magaza\/akran-degerlendirmesi-form-sablonu\/#primaryimage"},"image":{"@id":"https:\/\/testeryou.com\/tr\/magaza\/akran-degerlendirmesi-form-sablonu\/#primaryimage"},"thumbnailUrl":"https:\/\/testeryou.com\/wp-content\/uploads\/2022\/09\/Peer-Review-Form-Thumbnail.jpg","datePublished":"2021-05-05T10:48:49+00:00","dateModified":"2025-10-14T12:03:17+00:00","description":"Akran De\u011ferlendirmesi Form \u015fablonu indirmek i\u00e7in t\u0131klay\u0131n\u0131z. TesterYou ma\u011fazas\u0131ndan farkl\u0131 bir\u00e7ok \u00fcr\u00fcne ula\u015fabilirsiniz.","breadcrumb":{"@id":"https:\/\/testeryou.com\/tr\/magaza\/akran-degerlendirmesi-form-sablonu\/#breadcrumb"},"inLanguage":"tr","potentialAction":[{"@type":"ReadAction","target":["https:\/\/testeryou.com\/tr\/magaza\/akran-degerlendirmesi-form-sablonu\/"]}]},{"@type":"ImageObject","inLanguage":"tr","@id":"https:\/\/testeryou.com\/tr\/magaza\/akran-degerlendirmesi-form-sablonu\/#primaryimage","url":"https:\/\/testeryou.com\/wp-content\/uploads\/2022\/09\/Peer-Review-Form-Thumbnail.jpg","contentUrl":"https:\/\/testeryou.com\/wp-content\/uploads\/2022\/09\/Peer-Review-Form-Thumbnail.jpg","width":1413,"height":989},{"@type":"BreadcrumbList","@id":"https:\/\/testeryou.com\/tr\/magaza\/akran-degerlendirmesi-form-sablonu\/#breadcrumb","itemListElement":[{"@type":"ListItem","position":1,"name":"Home","item":"https:\/\/testeryou.com\/tr\/"},{"@type":"ListItem","position":2,"name":"Ma\u011faza","item":"https:\/\/testeryou.com\/tr\/magaza\/"},{"@type":"ListItem","position":3,"name":"Akran De\u011ferlendirmesi Form \u015eablonu"}]},{"@type":"WebSite","@id":"https:\/\/testeryou.com\/tr\/#website","url":"https:\/\/testeryou.com\/tr\/","name":"TesterYou","description":"TesterYou","publisher":{"@id":"https:\/\/testeryou.com\/tr\/#organization"},"potentialAction":[{"@type":"SearchAction","target":{"@type":"EntryPoint","urlTemplate":"https:\/\/testeryou.com\/tr\/?s={search_term_string}"},"query-input":{"@type":"PropertyValueSpecification","valueRequired":true,"valueName":"search_term_string"}}],"inLanguage":"tr"},{"@type":"Organization","@id":"https:\/\/testeryou.com\/tr\/#organization","name":"TesterYou Bili\u015fim Hizmetleri A.\u015e.","url":"https:\/\/testeryou.com\/tr\/","logo":{"@type":"ImageObject","inLanguage":"tr","@id":"https:\/\/testeryou.com\/tr\/#\/schema\/logo\/image\/","url":"https:\/\/testeryou.com\/wp-content\/uploads\/2018\/06\/TesterYou_Favicon.png","contentUrl":"https:\/\/testeryou.com\/wp-content\/uploads\/2018\/06\/TesterYou_Favicon.png","width":1691,"height":1921,"caption":"TesterYou Bili\u015fim Hizmetleri A.\u015e."},"image":{"@id":"https:\/\/testeryou.com\/tr\/#\/schema\/logo\/image\/"},"sameAs":["http:\/\/www.facebook.com\/testeryouhq","https:\/\/x.com\/testeryouhq","http:\/\/www.instagram.com\/testeryouhq\/","http:\/\/www.linkedin.com\/company\/testeryou\/","http:\/\/www.youtube.com\/channel\/UC77eVCL7mzsIbNP799cEPOQ"]}]}},"_links":{"self":[{"href":"https:\/\/testeryou.com\/tr\/wp-json\/wp\/v2\/pages\/184335","targetHints":{"allow":["GET"]}}],"collection":[{"href":"https:\/\/testeryou.com\/tr\/wp-json\/wp\/v2\/pages"}],"about":[{"href":"https:\/\/testeryou.com\/tr\/wp-json\/wp\/v2\/types\/page"}],"author":[{"embeddable":true,"href":"https:\/\/testeryou.com\/tr\/wp-json\/wp\/v2\/users\/2"}],"replies":[{"embeddable":true,"href":"https:\/\/testeryou.com\/tr\/wp-json\/wp\/v2\/comments?post=184335"}],"version-history":[{"count":0,"href":"https:\/\/testeryou.com\/tr\/wp-json\/wp\/v2\/pages\/184335\/revisions"}],"up":[{"embeddable":true,"href":"https:\/\/testeryou.com\/tr\/wp-json\/wp\/v2\/pages\/126557"}],"wp:featuredmedia":[{"embeddable":true,"href":"https:\/\/testeryou.com\/tr\/wp-json\/wp\/v2\/media\/196708"}],"wp:attachment":[{"href":"https:\/\/testeryou.com\/tr\/wp-json\/wp\/v2\/media?parent=184335"}],"curies":[{"name":"wp","href":"https:\/\/api.w.org\/{rel}","templated":true}]}}