{"id":185141,"date":"2021-06-07T15:36:22","date_gmt":"2021-06-07T12:36:22","guid":{"rendered":"http:\/\/testeryou.local\/istqb-advanced-level-test-manager-training\/"},"modified":"2025-10-13T15:55:24","modified_gmt":"2025-10-13T12:55:24","slug":"istqb-advanced-level-test-manager-training","status":"publish","type":"page","link":"https:\/\/testeryou.com\/tr\/istqb-advanced-level-test-manager-training\/","title":{"rendered":"ISTQB\u00ae \u0130leri Seviye Yaz\u0131l\u0131m Test Y\u00f6neticisi E\u011fitimi"},"content":{"rendered":"<div class=\"wpb-content-wrapper\"><p>[vc_section back_color=&#8221;accent&#8221; back_image=&#8221;127300&#8243; back_repeat=&#8221;no-repeat&#8221; back_attachment=&#8221;inherit&#8221; parallax=&#8221;yes&#8221; overlay_alpha=&#8221;95&#8243; back_size=&#8221;cover&#8221;][vc_row row_height_percent=&#8221;0&#8243; override_padding=&#8221;yes&#8221; h_padding=&#8221;2&#8243; top_padding=&#8221;4&#8243; bottom_padding=&#8221;4&#8243; overlay_alpha=&#8221;95&#8243; gutter_size=&#8221;100&#8243; column_width_percent=&#8221;100&#8243; shift_y=&#8221;0&#8243; z_index=&#8221;0&#8243; style=&#8221;inherited&#8221; el_class=&#8221;trainings-section-2&#8243;][vc_column column_width_percent=&#8221;100&#8243; position_horizontal=&#8221;left&#8221; gutter_size=&#8221;3&#8243; expand_height=&#8221;yes&#8221; back_color=&#8221;color-xsdn&#8221; overlay_alpha=&#8221;100&#8243; shift_x=&#8221;0&#8243; shift_y=&#8221;0&#8243; shift_y_down=&#8221;0&#8243; z_index=&#8221;0&#8243; medium_width=&#8221;0&#8243; mobile_width=&#8221;0&#8243; zoom_width=&#8221;0&#8243; zoom_height=&#8221;0&#8243; width=&#8221;1\/3&#8243;][vc_column_text el_class=&#8221;trainings-ul-2&#8243;]<\/p>\n<p style=\"text-align: left;\"><strong>Test S\u00fcreci<\/strong><\/p>\n<ul>\n<li style=\"text-align: left;\">Test Planlama, \u0130zleme ve Kontrol<\/li>\n<li style=\"text-align: left;\">Test Analizi ve Tasar\u0131m\u0131<\/li>\n<li style=\"text-align: left;\">Testin Uygulanmas\u0131 ve Y\u00fcr\u00fct\u00fclmesi<\/li>\n<li style=\"text-align: left;\">\u00c7\u0131k\u0131\u015f \u00d6l\u00e7\u00fctlerini De\u011ferlendirme ve Raporlama<\/li>\n<li style=\"text-align: left;\">Test Kapatma Aktiviteleri<\/li>\n<\/ul>\n<p style=\"text-align: left;\"><strong>Test Y\u00f6netimi<\/strong><\/p>\n<ul>\n<li style=\"text-align: left;\">Risk Bazl\u0131 Test<\/li>\n<li style=\"text-align: left;\">Test Dok\u00fcmanlar\u0131<\/li>\n<li style=\"text-align: left;\">Test Tahmini ve Test Metrikleri<\/li>\n<li style=\"text-align: left;\">Testin \u0130\u015fletme De\u011feri<\/li>\n<li style=\"text-align: left;\">Da\u011f\u0131t\u0131k, D\u0131\u015f Kaynakl\u0131 ve \u0130\u00e7 Kaynakl\u0131 Test<\/li>\n<li style=\"text-align: left;\">End\u00fcstri Standartlar\u0131n\u0131n Uygulanmas\u0131n\u0131 Y\u00f6netme<\/li>\n<\/ul>\n<p style=\"text-align: left;\"><strong>Yorumlar<\/strong><\/p>\n<ul>\n<li style=\"text-align: left;\">\u0130ncelemeleri ve Denetimleri Y\u00f6netme<\/li>\n<li style=\"text-align: left;\">\u0130ncelemeleri Y\u00f6netme<\/li>\n<li style=\"text-align: left;\">Yorum Metrikleri<\/li>\n<li style=\"text-align: left;\">Resmi \u0130ncelemeleri Y\u00f6netme<\/li>\n<\/ul>\n<p>[\/vc_column_text][\/vc_column][vc_column column_width_percent=&#8221;100&#8243; position_horizontal=&#8221;left&#8221; gutter_size=&#8221;3&#8243; expand_height=&#8221;yes&#8221; back_color=&#8221;color-xsdn&#8221; overlay_alpha=&#8221;100&#8243; shift_x=&#8221;0&#8243; shift_y=&#8221;0&#8243; shift_y_down=&#8221;0&#8243; z_index=&#8221;0&#8243; medium_width=&#8221;0&#8243; mobile_width=&#8221;0&#8243; zoom_width=&#8221;0&#8243; zoom_height=&#8221;0&#8243; width=&#8221;1\/3&#8243; el_class=&#8221;trainings-section-2-2&#8243;][vc_column_text el_class=&#8221;trainings-ul-2&#8243;]<\/p>\n<p style=\"text-align: left;\"><strong>Hata Y\u00f6netimi<\/strong><\/p>\n<ul>\n<li>Hata Ya\u015fam D\u00f6ng\u00fcs\u00fc<\/li>\n<li>Hata Raporu Bilgileri<\/li>\n<li>Hata Raporu Bilgisi ile S\u00fcre\u00e7 Yetene\u011finin De\u011ferlendirilmesi<\/li>\n<\/ul>\n<p style=\"text-align: left;\"><strong>Test S\u00fcrecini \u0130yile\u015ftirme<\/strong><\/p>\n<ul>\n<li style=\"text-align: left;\">Test Geli\u015ftirme S\u00fcreci<\/li>\n<li style=\"text-align: left;\">CMMI, TPI, CTP, STEP ile Test S\u00fcrecinin \u0130yile\u015ftirilmesi<\/li>\n<li style=\"text-align: left;\">Test Arac\u0131 ve Otomasyon<\/li>\n<li style=\"text-align: left;\">Ara\u00e7 Se\u00e7imi<\/li>\n<li style=\"text-align: left;\">Ara\u00e7 \u00d6mr\u00fc<\/li>\n<li style=\"text-align: left;\">Ara\u00e7 Metrikleri<\/li>\n<\/ul>\n<p style=\"text-align: left;\"><strong>\u0130nsan Becerileri<\/strong><\/p>\n<ul>\n<li style=\"text-align: left;\">Bireysel Beceriler<\/li>\n<li style=\"text-align: left;\">Testi Organizasyonun \u0130\u00e7ine Uyarlama<\/li>\n<li style=\"text-align: left;\">\u0130leti\u015fim<\/li>\n<li style=\"text-align: left;\">Test Ekibi Dinami\u011fi<\/li>\n<li style=\"text-align: left;\">Motivasyon<\/li>\n<\/ul>\n<p>[\/vc_column_text][\/vc_column][vc_column column_width_percent=&#8221;100&#8243; position_horizontal=&#8221;left&#8221; gutter_size=&#8221;3&#8243; expand_height=&#8221;yes&#8221; back_color=&#8221;color-xsdn&#8221; overlay_alpha=&#8221;100&#8243; shift_x=&#8221;0&#8243; shift_y=&#8221;0&#8243; shift_y_down=&#8221;0&#8243; z_index=&#8221;0&#8243; medium_width=&#8221;0&#8243; mobile_width=&#8221;0&#8243; zoom_width=&#8221;0&#8243; zoom_height=&#8221;0&#8243; width=&#8221;1\/3&#8243; el_class=&#8221;trainings-section-2-3 orange-button-col&#8221;][vc_column_text el_class=&#8221;trainings-ul-2&#8243; css=&#8221;.vc_custom_1586350495345{margin-bottom: 45px !important;}&#8221;]<\/p>\n<p style=\"text-align: left;\"><strong>Hedef Kitle<\/strong><\/p>\n<ul>\n<li style=\"text-align: left;\">Yaz\u0131l\u0131m Test Uzmanlar\u0131<\/li>\n<li style=\"text-align: left;\">Test Otomasyon Uzmanlar\u0131<\/li>\n<li style=\"text-align: left;\">Test Y\u00f6neticileri<\/li>\n<li style=\"text-align: left;\">\u0130\u015f Analistleri<\/li>\n<li style=\"text-align: left;\">Yaz\u0131l\u0131m Geli\u015ftiricileri<\/li>\n<li style=\"text-align: left;\">Proje Y\u00f6neticileri<\/li>\n<li style=\"text-align: left;\">\u00dcr\u00fcn Sahipleri, Scrum Masters, \u00c7evik Ko\u00e7lar<\/li>\n<\/ul>\n<p>[\/vc_column_text][vc_column_text css=&#8221;.vc_custom_1686661464062{margin-top: 15px !important;margin-bottom: 45px !important;}&#8221; uncode_shortcode_id=&#8221;340062&#8243;]<strong><span style=\"color: #664a9e;\">E\u011fitim S\u00fcresi: <\/span><\/strong>2 g\u00fcn[\/vc_column_text][vc_button button_color=&#8221;color-F05835&#8243; border_width=&#8221;0&#8243; link=&#8221;url:http%3A%2F%2Fbit.ly%2FTY_trnTstMngr||target:%20_blank|&#8221; el_class=&#8221;button-orange egitim-section-buton&#8221; button_color_type=&#8221;uncode-palette&#8221; uncode_shortcode_id=&#8221;810340&#8243;]Bilgi Al[\/vc_button][vc_button button_color=&#8221;color-882BFF&#8221; border_width=&#8221;0&#8243; link=&#8221;url:http%3A%2F%2Ftesteryou.com%2Ftr%2Ftesteryou-products%2Fistqb-yazilim-test-yoneticisi-egitim-2%2F|target:_blank&#8221; el_class=&#8221;button-orange egitim-section-buton&#8221; button_color_type=&#8221;uncode-palette&#8221; uncode_shortcode_id=&#8221;151380&#8243;]Sat\u0131n Al[\/vc_button][\/vc_column][\/vc_row][vc_row row_height_percent=&#8221;0&#8243; overlay_alpha=&#8221;50&#8243; gutter_size=&#8221;3&#8243; column_width_percent=&#8221;100&#8243; shift_y=&#8221;0&#8243; z_index=&#8221;0&#8243; el_id=&#8221;form&#8221;][vc_column width=&#8221;1\/1&#8243;][vc_column_text el_class=&#8221;form-testeryou&#8221; uncode_shortcode_id=&#8221;111444&#8243;]<\/p>\n<div class=\"modalboxtitle\">\n<h4 style=\"text-align: center;\">Daha Fazla Bilgi Al<\/h4>\n<\/div>\n<div class=\"modalboxtitle\">\n<p style=\"text-align: center;\"><strong>ISTQB\u00ae Uluslararas\u0131 Sertifikal\u0131 \u0130leri Seviye Yaz\u0131l\u0131m Test Y\u00f6neticisi E\u011fitimi<\/strong><\/p>\n<\/div>\n<div class=\"wpcf7 no-js\" id=\"wpcf7-f211173-o1\" lang=\"en-US\" dir=\"ltr\" data-wpcf7-id=\"211173\">\n<div class=\"screen-reader-response\"><p role=\"status\" aria-live=\"polite\" aria-atomic=\"true\"><\/p> <ul><\/ul><\/div>\n<form action=\"\/tr\/wp-json\/wp\/v2\/pages\/185141#wpcf7-f211173-o1\" method=\"post\" class=\"wpcf7-form init\" aria-label=\"Contact form\" novalidate=\"novalidate\" data-status=\"init\">\n<fieldset class=\"hidden-fields-container\"><input type=\"hidden\" name=\"_wpcf7\" value=\"211173\" \/><input type=\"hidden\" name=\"_wpcf7_version\" value=\"6.1.2\" \/><input type=\"hidden\" name=\"_wpcf7_locale\" value=\"en_US\" \/><input type=\"hidden\" name=\"_wpcf7_unit_tag\" value=\"wpcf7-f211173-o1\" \/><input type=\"hidden\" name=\"_wpcf7_container_post\" value=\"0\" \/><input type=\"hidden\" name=\"_wpcf7_posted_data_hash\" value=\"\" \/><input type=\"hidden\" name=\"_wpcf7cf_hidden_group_fields\" value=\"[]\" \/><input type=\"hidden\" name=\"_wpcf7cf_hidden_groups\" value=\"[]\" \/><input type=\"hidden\" name=\"_wpcf7cf_visible_groups\" value=\"[]\" \/><input type=\"hidden\" name=\"_wpcf7cf_repeaters\" value=\"[]\" \/><input type=\"hidden\" name=\"_wpcf7cf_steps\" value=\"{}\" \/><input type=\"hidden\" name=\"_wpcf7cf_options\" value=\"{&quot;form_id&quot;:211173,&quot;conditions&quot;:[],&quot;settings&quot;:{&quot;animation&quot;:&quot;yes&quot;,&quot;animation_intime&quot;:200,&quot;animation_outtime&quot;:200,&quot;conditions_ui&quot;:&quot;normal&quot;,&quot;notice_dismissed&quot;:false,&quot;notice_dismissed_update-cf7-5.9.5&quot;:true}}\" \/><input type=\"hidden\" name=\"_wpcf7_recaptcha_response\" value=\"\" \/>\n<\/fieldset>\n<div class=\"row\">\n\t<div class=\"row\">\n\t\t<div class=\"col-lg-6\">\n\t\t\t<div class=\"col-lg-6\">\n\t\t\t\t<p><span class=\"wpcf7-form-control-wrap\" data-name=\"isim\"><input size=\"40\" maxlength=\"400\" class=\"wpcf7-form-control wpcf7-text wpcf7-validates-as-required form-fluid\" aria-required=\"true\" aria-invalid=\"false\" placeholder=\"\u0130sim *\" value=\"\" type=\"text\" name=\"isim\" \/><\/span>\n\t\t\t\t<\/p>\n\t\t\t<\/div>\n\t\t\t<div class=\"col-lg-6\">\n\t\t\t\t<p><span class=\"wpcf7-form-control-wrap\" data-name=\"soyisim\"><input size=\"40\" maxlength=\"400\" class=\"wpcf7-form-control wpcf7-text wpcf7-validates-as-required form-fluid\" aria-required=\"true\" aria-invalid=\"false\" placeholder=\"Soyisim *\" value=\"\" type=\"text\" name=\"soyisim\" \/><\/span>\n\t\t\t\t<\/p>\n\t\t\t<\/div>\n\t\t<\/div>\n\t\t<div class=\"col-lg-6\">\n\t\t\t<p><span class=\"wpcf7-form-control-wrap\" data-name=\"e-mail\"><input size=\"40\" maxlength=\"400\" class=\"wpcf7-form-control wpcf7-email wpcf7-validates-as-required wpcf7-text wpcf7-validates-as-email form-fluid\" aria-required=\"true\" aria-invalid=\"false\" placeholder=\"E-mail *\" value=\"\" type=\"email\" name=\"e-mail\" \/><\/span>\n\t\t\t<\/p>\n\t\t<\/div>\n\t<\/div>\n\t<div class=\"row\">\n\t\t<div >\n\t\t\t<div class=\"col-lg-6\">\n\t\t\t\t<p><span class=\"wpcf7-form-control-wrap\" data-name=\"telefon\"><input size=\"40\" maxlength=\"400\" class=\"wpcf7-form-control wpcf7-tel wpcf7-validates-as-required wpcf7-text wpcf7-validates-as-tel form-fluid\" aria-required=\"true\" aria-invalid=\"false\" placeholder=\"Telefon *\" value=\"\" type=\"tel\" name=\"telefon\" \/><\/span>\n\t\t\t\t<\/p>\n\t\t\t<\/div>\n\t\t\t<div class=\"col-lg-6\">\n\t\t\t\t<p><span class=\"wpcf7-form-control-wrap\" data-name=\"sirket-adi\"><input size=\"40\" maxlength=\"400\" class=\"wpcf7-form-control wpcf7-text wpcf7-validates-as-required form-fluid\" aria-required=\"true\" aria-invalid=\"false\" placeholder=\"\u015eirket Ad\u0131\" value=\"\" type=\"text\" name=\"sirket-adi\" \/><\/span>\n\t\t\t\t<\/p>\n\t\t\t<\/div>\n\t\t<\/div>\n\t<\/div>\n\t<div class=\"col-lg-6\">\n\t\t<p><span class=\"wpcf7-form-control-wrap\" data-name=\"mesaj\"><textarea cols=\"40\" rows=\"4\" maxlength=\"2000\" class=\"wpcf7-form-control wpcf7-textarea\" aria-invalid=\"false\" placeholder=\"Mesaj\u0131n\u0131z\" name=\"mesaj\"><\/textarea><\/span>\n\t\t<\/p>\n\t<\/div>\n<\/div>\n<div class=\"row\">\n\t<div class=\"col-lg-8\">\n\t\t<p><span class=\"wpcf7-form-control-wrap\" data-name=\"acceptance-723\"><span class=\"wpcf7-form-control wpcf7-acceptance\"><span class=\"wpcf7-list-item\"><label><input type=\"checkbox\" name=\"acceptance-723\" value=\"1\" aria-invalid=\"false\" \/><span class=\"wpcf7-list-item-label\"><a style=\"font-weight:bold\" href=\"testeryou.com\/tr\/gizlilik-politikasi\">Gizlilik Politikas\u0131<\/a>'n\u0131 okudum ve kabul ediyorum.<\/span><\/label><\/span><\/span><\/span>\n\t\t<\/p>\n\t<\/div>\n\t<div class=\"col-lg-4\">\n\t\t<p><input class=\"wpcf7-form-control wpcf7-submit has-spinner btn btn-accent btn-lg\" type=\"submit\" value=\"Bilgi Al\" \/>\n\t\t<\/p>\n\t<\/div>\n<\/div><div class=\"wpcf7-response-output\" aria-hidden=\"true\"><\/div>\n<\/form>\n<\/div>\n[\/vc_column_text][\/vc_column][\/vc_row][\/vc_section][vc_row row_height_percent=&#8221;0&#8243; override_padding=&#8221;yes&#8221; h_padding=&#8221;2&#8243; top_padding=&#8221;3&#8243; bottom_padding=&#8221;3&#8243; back_color=&#8221;color-909636&#8243; overlay_alpha=&#8221;100&#8243; gutter_size=&#8221;3&#8243; column_width_percent=&#8221;100&#8243; border_color=&#8221;color-gyho&#8221; border_style=&#8221;solid&#8221; shift_y=&#8221;0&#8243; z_index=&#8221;0&#8243; el_class=&#8221;training-section aciklama&#8221;][vc_column column_width_percent=&#8221;100&#8243; align_horizontal=&#8221;align_center&#8221; gutter_size=&#8221;3&#8243; overlay_alpha=&#8221;100&#8243; shift_x=&#8221;0&#8243; shift_y=&#8221;0&#8243; z_index=&#8221;0&#8243; medium_width=&#8221;0&#8243; zoom_width=&#8221;0&#8243; zoom_height=&#8221;0&#8243; width=&#8221;1\/1&#8243;][vc_column_text]<\/p>\n<p style=\"text-align: left;\"><b><span data-contrast=\"auto\">E\u011fitim Hakk\u0131nda<\/span><\/b><span data-ccp-props=\"{}\">\u00a0<\/span><\/p>\n<p style=\"text-align: left;\"><span data-contrast=\"auto\">\u0130leri Seviye<\/span><span data-contrast=\"auto\">\u00a0<\/span><span data-contrast=\"auto\">Yaz\u0131l\u0131m Test Y\u00f6neticisi E\u011fitimi<\/span><span data-contrast=\"auto\">, test y\u00f6netiminde<\/span><span data-contrast=\"auto\">ki<\/span><span data-contrast=\"auto\">\u00a0bilgi ve becerilerini geli\u015ftirmek\u00a0<\/span><span data-contrast=\"auto\">isteyen\u00a0y\u00f6netici adaylar\u0131\u00a0i\u00e7indir<\/span><span data-contrast=\"auto\">.<\/span><span data-contrast=\"auto\">\u00a0<\/span><span data-ccp-props=\"{}\">\u00a0<\/span><\/p>\n<p>[\/vc_column_text][vc_column_text]<\/p>\n<p style=\"text-align: left;\"><strong>Kazan\u0131mlar:<br \/>\n<\/strong><br \/>\n\u0130leri Seviye Yaz\u0131l\u0131m Test Y\u00f6neticisi sertifikas\u0131na sahip ki\u015filerin i\u015f hayat\u0131ndaki kazan\u0131mlar\u0131 a\u015fa\u011f\u0131daki gibidir:<\/p>\n<ul>\n<li style=\"text-align: left;\">Test organizasyonu i\u00e7in olu\u015fturulan misyonu, hedefleri ve test s\u00fcre\u00e7lerini uygulayarak bir test projesini y\u00f6netebilirsiniz<\/li>\n<li style=\"text-align: left;\">Risk belirleme ve risk analizi oturumlar\u0131 y\u00f6netip, bu t\u00fcr oturumlar\u0131n sonu\u00e7lar\u0131n\u0131 test tahmini, planlama, izleme ve kontrol i\u00e7in kullanabilirsiniz<\/li>\n<li style=\"text-align: left;\">Kurumsal politikalar ve test stratejileriyle tutarl\u0131 test planlar\u0131 olu\u015fturabilir ve bu planlar\u0131 uygulayabilirsiniz.<\/li>\n<li style=\"text-align: left;\">Proje hedeflerine ula\u015fmak i\u00e7in test faaliyetlerini s\u00fcrekli olarak izleyebilir ve kontrol edebilirsiniz.<\/li>\n<li style=\"text-align: left;\">Projedeki test durumunu de\u011ferlendirip, proje payda\u015flar\u0131na rapor edebilirsiniz.<\/li>\n<li style=\"text-align: left;\">Test ekiplerindeki becerileri ve kaynak bo\u015fluklar\u0131n\u0131 belirler ve yeterli kaynaklar\u0131n temin edilmesine katk\u0131da bulunabilirsiniz.<\/li>\n<li style=\"text-align: left;\">Test ekiplerindeki gerekli beceri geli\u015fimini belirler ve planlayabilirsiniz.<\/li>\n<li style=\"text-align: left;\">Beklenen maliyet ve faydalar\u0131 \u00f6zetleyen test faaliyetleri i\u00e7in bir i\u015f plan\u0131 \u00f6nerebilirsiniz.<\/li>\n<li style=\"text-align: left;\">Hem test ekibi i\u00e7indeki, hem de di\u011fer proje payda\u015flar\u0131 ile uygun ileti\u015fimi sa\u011flayabilirsiniz.<\/li>\n<li style=\"text-align: left;\">Test s\u00fcreci iyile\u015ftirme giri\u015fimlerine kat\u0131labilir ve s\u00fcrece liderlik edebilirsiniz.<\/li>\n<\/ul>\n<p>[\/vc_column_text][\/vc_column][\/vc_row]<\/p>\n<\/div>","protected":false},"excerpt":{"rendered":"<p>[vc_section back_color=&#8221;accent&#8221; back_image=&#8221;127300&#8243; back_repeat=&#8221;no-repeat&#8221; back_attachment=&#8221;inherit&#8221; parallax=&#8221;yes&#8221; overlay_alpha=&#8221;95&#8243; back_size=&#8221;cover&#8221;][vc_row row_height_percent=&#8221;0&#8243; override_padding=&#8221;yes&#8221; h_padding=&#8221;2&#8243; top_padding=&#8221;4&#8243; bottom_padding=&#8221;4&#8243; overlay_alpha=&#8221;95&#8243; gutter_size=&#8221;100&#8243; column_width_percent=&#8221;100&#8243; shift_y=&#8221;0&#8243; z_index=&#8221;0&#8243; style=&#8221;inherited&#8221; el_class=&#8221;trainings-section-2&#8243;][vc_column [&hellip;]<\/p>\n","protected":false},"author":1,"featured_media":0,"parent":0,"menu_order":0,"comment_status":"closed","ping_status":"closed","template":"","meta":{"_acf_changed":false,"_exactmetrics_skip_tracking":false,"_exactmetrics_sitenote_active":false,"_exactmetrics_sitenote_note":"","_exactmetrics_sitenote_category":0,"footnotes":""},"class_list":["post-185141","page","type-page","status-publish","hentry"],"acf":[],"yoast_head":"<!-- This site is optimized with the Yoast SEO plugin v26.1.1 - https:\/\/yoast.com\/wordpress\/plugins\/seo\/ -->\n<title>ISTQB\u00ae \u0130leri Seviye Yaz\u0131l\u0131m Test Y\u00f6neticisi E\u011fitimi - TesterYou<\/title>\n<meta name=\"robots\" content=\"index, follow, max-snippet:-1, max-image-preview:large, max-video-preview:-1\" \/>\n<link rel=\"canonical\" href=\"https:\/\/testeryou.com\/tr\/istqb-advanced-level-test-manager-training\/\" \/>\n<meta property=\"og:locale\" content=\"tr_TR\" \/>\n<meta property=\"og:type\" content=\"article\" \/>\n<meta property=\"og:title\" content=\"ISTQB\u00ae \u0130leri Seviye Yaz\u0131l\u0131m Test Y\u00f6neticisi E\u011fitimi - TesterYou\" \/>\n<meta property=\"og:description\" content=\"[vc_section back_color=&#8221;accent&#8221; back_image=&#8221;127300&#8243; back_repeat=&#8221;no-repeat&#8221; back_attachment=&#8221;inherit&#8221; parallax=&#8221;yes&#8221; overlay_alpha=&#8221;95&#8243; back_size=&#8221;cover&#8221;][vc_row row_height_percent=&#8221;0&#8243; override_padding=&#8221;yes&#8221; h_padding=&#8221;2&#8243; top_padding=&#8221;4&#8243; bottom_padding=&#8221;4&#8243; overlay_alpha=&#8221;95&#8243; gutter_size=&#8221;100&#8243; column_width_percent=&#8221;100&#8243; shift_y=&#8221;0&#8243; z_index=&#8221;0&#8243; style=&#8221;inherited&#8221; el_class=&#8221;trainings-section-2&#8243;][vc_column [&hellip;]\" \/>\n<meta property=\"og:url\" content=\"https:\/\/testeryou.com\/tr\/istqb-advanced-level-test-manager-training\/\" \/>\n<meta property=\"og:site_name\" content=\"TesterYou\" \/>\n<meta property=\"article:publisher\" content=\"http:\/\/www.facebook.com\/testeryouhq\" \/>\n<meta property=\"article:modified_time\" content=\"2025-10-13T12:55:24+00:00\" \/>\n<meta name=\"twitter:card\" content=\"summary_large_image\" \/>\n<meta name=\"twitter:site\" content=\"@testeryouhq\" \/>\n<meta name=\"twitter:label1\" content=\"Tahmini okuma s\u00fcresi\" \/>\n\t<meta name=\"twitter:data1\" content=\"3 dakika\" \/>\n<script type=\"application\/ld+json\" class=\"yoast-schema-graph\">{\"@context\":\"https:\/\/schema.org\",\"@graph\":[{\"@type\":\"WebPage\",\"@id\":\"https:\/\/testeryou.com\/tr\/istqb-advanced-level-test-manager-training\/\",\"url\":\"https:\/\/testeryou.com\/tr\/istqb-advanced-level-test-manager-training\/\",\"name\":\"ISTQB\u00ae \u0130leri Seviye Yaz\u0131l\u0131m Test Y\u00f6neticisi E\u011fitimi - TesterYou\",\"isPartOf\":{\"@id\":\"https:\/\/testeryou.com\/tr\/#website\"},\"datePublished\":\"2021-06-07T12:36:22+00:00\",\"dateModified\":\"2025-10-13T12:55:24+00:00\",\"breadcrumb\":{\"@id\":\"https:\/\/testeryou.com\/tr\/istqb-advanced-level-test-manager-training\/#breadcrumb\"},\"inLanguage\":\"tr\",\"potentialAction\":[{\"@type\":\"ReadAction\",\"target\":[\"https:\/\/testeryou.com\/tr\/istqb-advanced-level-test-manager-training\/\"]}]},{\"@type\":\"BreadcrumbList\",\"@id\":\"https:\/\/testeryou.com\/tr\/istqb-advanced-level-test-manager-training\/#breadcrumb\",\"itemListElement\":[{\"@type\":\"ListItem\",\"position\":1,\"name\":\"Home\",\"item\":\"https:\/\/testeryou.com\/tr\/\"},{\"@type\":\"ListItem\",\"position\":2,\"name\":\"ISTQB\u00ae \u0130leri Seviye Yaz\u0131l\u0131m Test Y\u00f6neticisi E\u011fitimi\"}]},{\"@type\":\"WebSite\",\"@id\":\"https:\/\/testeryou.com\/tr\/#website\",\"url\":\"https:\/\/testeryou.com\/tr\/\",\"name\":\"TesterYou\",\"description\":\"TesterYou\",\"publisher\":{\"@id\":\"https:\/\/testeryou.com\/tr\/#organization\"},\"potentialAction\":[{\"@type\":\"SearchAction\",\"target\":{\"@type\":\"EntryPoint\",\"urlTemplate\":\"https:\/\/testeryou.com\/tr\/?s={search_term_string}\"},\"query-input\":{\"@type\":\"PropertyValueSpecification\",\"valueRequired\":true,\"valueName\":\"search_term_string\"}}],\"inLanguage\":\"tr\"},{\"@type\":\"Organization\",\"@id\":\"https:\/\/testeryou.com\/tr\/#organization\",\"name\":\"TesterYou Bili\u015fim Hizmetleri A.\u015e.\",\"url\":\"https:\/\/testeryou.com\/tr\/\",\"logo\":{\"@type\":\"ImageObject\",\"inLanguage\":\"tr\",\"@id\":\"https:\/\/testeryou.com\/tr\/#\/schema\/logo\/image\/\",\"url\":\"https:\/\/testeryou.com\/wp-content\/uploads\/2018\/06\/TesterYou_Favicon.png\",\"contentUrl\":\"https:\/\/testeryou.com\/wp-content\/uploads\/2018\/06\/TesterYou_Favicon.png\",\"width\":1691,\"height\":1921,\"caption\":\"TesterYou Bili\u015fim Hizmetleri A.\u015e.\"},\"image\":{\"@id\":\"https:\/\/testeryou.com\/tr\/#\/schema\/logo\/image\/\"},\"sameAs\":[\"http:\/\/www.facebook.com\/testeryouhq\",\"https:\/\/x.com\/testeryouhq\",\"http:\/\/www.instagram.com\/testeryouhq\/\",\"http:\/\/www.linkedin.com\/company\/testeryou\/\",\"http:\/\/www.youtube.com\/channel\/UC77eVCL7mzsIbNP799cEPOQ\"]}]}<\/script>\n<!-- \/ Yoast SEO plugin. -->","yoast_head_json":{"title":"ISTQB\u00ae \u0130leri Seviye Yaz\u0131l\u0131m Test Y\u00f6neticisi E\u011fitimi - TesterYou","robots":{"index":"index","follow":"follow","max-snippet":"max-snippet:-1","max-image-preview":"max-image-preview:large","max-video-preview":"max-video-preview:-1"},"canonical":"https:\/\/testeryou.com\/tr\/istqb-advanced-level-test-manager-training\/","og_locale":"tr_TR","og_type":"article","og_title":"ISTQB\u00ae \u0130leri Seviye Yaz\u0131l\u0131m Test Y\u00f6neticisi E\u011fitimi - TesterYou","og_description":"[vc_section back_color=&#8221;accent&#8221; back_image=&#8221;127300&#8243; back_repeat=&#8221;no-repeat&#8221; back_attachment=&#8221;inherit&#8221; parallax=&#8221;yes&#8221; overlay_alpha=&#8221;95&#8243; back_size=&#8221;cover&#8221;][vc_row row_height_percent=&#8221;0&#8243; override_padding=&#8221;yes&#8221; h_padding=&#8221;2&#8243; top_padding=&#8221;4&#8243; bottom_padding=&#8221;4&#8243; overlay_alpha=&#8221;95&#8243; gutter_size=&#8221;100&#8243; column_width_percent=&#8221;100&#8243; shift_y=&#8221;0&#8243; z_index=&#8221;0&#8243; style=&#8221;inherited&#8221; el_class=&#8221;trainings-section-2&#8243;][vc_column [&hellip;]","og_url":"https:\/\/testeryou.com\/tr\/istqb-advanced-level-test-manager-training\/","og_site_name":"TesterYou","article_publisher":"http:\/\/www.facebook.com\/testeryouhq","article_modified_time":"2025-10-13T12:55:24+00:00","twitter_card":"summary_large_image","twitter_site":"@testeryouhq","twitter_misc":{"Tahmini okuma s\u00fcresi":"3 dakika"},"schema":{"@context":"https:\/\/schema.org","@graph":[{"@type":"WebPage","@id":"https:\/\/testeryou.com\/tr\/istqb-advanced-level-test-manager-training\/","url":"https:\/\/testeryou.com\/tr\/istqb-advanced-level-test-manager-training\/","name":"ISTQB\u00ae \u0130leri Seviye Yaz\u0131l\u0131m Test Y\u00f6neticisi E\u011fitimi - TesterYou","isPartOf":{"@id":"https:\/\/testeryou.com\/tr\/#website"},"datePublished":"2021-06-07T12:36:22+00:00","dateModified":"2025-10-13T12:55:24+00:00","breadcrumb":{"@id":"https:\/\/testeryou.com\/tr\/istqb-advanced-level-test-manager-training\/#breadcrumb"},"inLanguage":"tr","potentialAction":[{"@type":"ReadAction","target":["https:\/\/testeryou.com\/tr\/istqb-advanced-level-test-manager-training\/"]}]},{"@type":"BreadcrumbList","@id":"https:\/\/testeryou.com\/tr\/istqb-advanced-level-test-manager-training\/#breadcrumb","itemListElement":[{"@type":"ListItem","position":1,"name":"Home","item":"https:\/\/testeryou.com\/tr\/"},{"@type":"ListItem","position":2,"name":"ISTQB\u00ae \u0130leri Seviye Yaz\u0131l\u0131m Test Y\u00f6neticisi E\u011fitimi"}]},{"@type":"WebSite","@id":"https:\/\/testeryou.com\/tr\/#website","url":"https:\/\/testeryou.com\/tr\/","name":"TesterYou","description":"TesterYou","publisher":{"@id":"https:\/\/testeryou.com\/tr\/#organization"},"potentialAction":[{"@type":"SearchAction","target":{"@type":"EntryPoint","urlTemplate":"https:\/\/testeryou.com\/tr\/?s={search_term_string}"},"query-input":{"@type":"PropertyValueSpecification","valueRequired":true,"valueName":"search_term_string"}}],"inLanguage":"tr"},{"@type":"Organization","@id":"https:\/\/testeryou.com\/tr\/#organization","name":"TesterYou Bili\u015fim Hizmetleri A.\u015e.","url":"https:\/\/testeryou.com\/tr\/","logo":{"@type":"ImageObject","inLanguage":"tr","@id":"https:\/\/testeryou.com\/tr\/#\/schema\/logo\/image\/","url":"https:\/\/testeryou.com\/wp-content\/uploads\/2018\/06\/TesterYou_Favicon.png","contentUrl":"https:\/\/testeryou.com\/wp-content\/uploads\/2018\/06\/TesterYou_Favicon.png","width":1691,"height":1921,"caption":"TesterYou Bili\u015fim Hizmetleri A.\u015e."},"image":{"@id":"https:\/\/testeryou.com\/tr\/#\/schema\/logo\/image\/"},"sameAs":["http:\/\/www.facebook.com\/testeryouhq","https:\/\/x.com\/testeryouhq","http:\/\/www.instagram.com\/testeryouhq\/","http:\/\/www.linkedin.com\/company\/testeryou\/","http:\/\/www.youtube.com\/channel\/UC77eVCL7mzsIbNP799cEPOQ"]}]}},"_links":{"self":[{"href":"https:\/\/testeryou.com\/tr\/wp-json\/wp\/v2\/pages\/185141","targetHints":{"allow":["GET"]}}],"collection":[{"href":"https:\/\/testeryou.com\/tr\/wp-json\/wp\/v2\/pages"}],"about":[{"href":"https:\/\/testeryou.com\/tr\/wp-json\/wp\/v2\/types\/page"}],"author":[{"embeddable":true,"href":"https:\/\/testeryou.com\/tr\/wp-json\/wp\/v2\/users\/1"}],"replies":[{"embeddable":true,"href":"https:\/\/testeryou.com\/tr\/wp-json\/wp\/v2\/comments?post=185141"}],"version-history":[{"count":0,"href":"https:\/\/testeryou.com\/tr\/wp-json\/wp\/v2\/pages\/185141\/revisions"}],"wp:attachment":[{"href":"https:\/\/testeryou.com\/tr\/wp-json\/wp\/v2\/media?parent=185141"}],"curies":[{"name":"wp","href":"https:\/\/api.w.org\/{rel}","templated":true}]}}