{"id":185218,"date":"2021-06-07T16:09:34","date_gmt":"2021-06-07T13:09:34","guid":{"rendered":"http:\/\/testeryou.local\/a4q-certified-selenium-tester-training\/"},"modified":"2025-10-13T15:58:12","modified_gmt":"2025-10-13T12:58:12","slug":"a4q-certified-selenium-tester-training","status":"publish","type":"page","link":"https:\/\/testeryou.com\/tr\/a4q-certified-selenium-tester-training\/","title":{"rendered":"A4Q\u00ae Sertifikal\u0131 Selenyum Test E\u011fitimi"},"content":{"rendered":"<div class=\"wpb-content-wrapper\"><p>[vc_section back_color=&#8221;accent&#8221; back_image=&#8221;127300&#8243; back_repeat=&#8221;no-repeat&#8221; back_attachment=&#8221;inherit&#8221; parallax=&#8221;yes&#8221; overlay_alpha=&#8221;95&#8243; back_size=&#8221;cover&#8221;][vc_row row_height_percent=&#8221;0&#8243; override_padding=&#8221;yes&#8221; h_padding=&#8221;2&#8243; top_padding=&#8221;4&#8243; bottom_padding=&#8221;4&#8243; overlay_alpha=&#8221;95&#8243; gutter_size=&#8221;100&#8243; column_width_percent=&#8221;100&#8243; shift_y=&#8221;0&#8243; z_index=&#8221;0&#8243; style=&#8221;inherited&#8221; el_class=&#8221;trainings-section-2&#8243;][vc_column column_width_percent=&#8221;100&#8243; position_horizontal=&#8221;left&#8221; gutter_size=&#8221;3&#8243; expand_height=&#8221;yes&#8221; back_color=&#8221;color-xsdn&#8221; overlay_alpha=&#8221;100&#8243; shift_x=&#8221;0&#8243; shift_y=&#8221;0&#8243; shift_y_down=&#8221;0&#8243; z_index=&#8221;0&#8243; medium_width=&#8221;0&#8243; mobile_width=&#8221;0&#8243; zoom_width=&#8221;0&#8243; zoom_height=&#8221;0&#8243; width=&#8221;1\/3&#8243; uncode_shortcode_id=&#8221;603646&#8243; back_color_type=&#8221;uncode-palette&#8221; el_class=&#8221;card-with-cta&#8221;][vc_column_text el_class=&#8221;trainings-ul-2&#8243;]<\/p>\n<p style=\"text-align: left;\"><strong>Test Otomasyon Temelleri<\/strong><\/p>\n<ul>\n<li style=\"text-align: left;\">Test Otomasyonuna Genel Bak\u0131\u015f<\/li>\n<li style=\"text-align: left;\">Manuel ve Otomatik Testler<\/li>\n<li style=\"text-align: left;\">Ba\u015far\u0131 Fakt\u00f6rleri<\/li>\n<li style=\"text-align: left;\">Selenyum WebDriver&#8217;\u0131n Riskleri ve Faydalar\u0131<\/li>\n<li style=\"text-align: left;\">Test Otomasyon Mimarisinde Selenyum WebDriver<\/li>\n<li style=\"text-align: left;\">Otomasyonda Metrik Toplaman\u0131n Nedenleri ve Amac\u0131<\/li>\n<li style=\"text-align: left;\">Selenyum Ara\u00e7 Seti<\/li>\n<\/ul>\n<p style=\"text-align: left;\"><strong>Web Uygulamalar\u0131n\u0131n Test Otomasyonu i\u00e7in \u0130nternet Teknolojileri<\/strong><\/p>\n<ul>\n<li style=\"text-align: left;\">HTML ve XML&#8217;yi Anlama<\/li>\n<li style=\"text-align: left;\">XPath ve HTML Belgelerini Arama<\/li>\n<li style=\"text-align: left;\">CSS Konumland\u0131r\u0131c\u0131lar\u0131<\/li>\n<\/ul>\n<p>[\/vc_column_text][\/vc_column][vc_column column_width_percent=&#8221;100&#8243; position_horizontal=&#8221;left&#8221; gutter_size=&#8221;3&#8243; expand_height=&#8221;yes&#8221; back_color=&#8221;color-xsdn&#8221; overlay_alpha=&#8221;100&#8243; shift_x=&#8221;0&#8243; shift_y=&#8221;0&#8243; shift_y_down=&#8221;0&#8243; z_index=&#8221;0&#8243; medium_width=&#8221;0&#8243; mobile_width=&#8221;0&#8243; zoom_width=&#8221;0&#8243; zoom_height=&#8221;0&#8243; width=&#8221;1\/3&#8243; el_class=&#8221;trainings-section-2-2 card-with-cta&#8221; uncode_shortcode_id=&#8221;201257&#8243; back_color_type=&#8221;uncode-palette&#8221;][vc_column_text el_class=&#8221;trainings-ul-2&#8243;]<\/p>\n<p style=\"text-align: left;\"><strong>Selenyum WebDriver&#8217;\u0131 kullanma<\/strong><\/p>\n<ul>\n<li style=\"text-align: left;\">Kay\u0131t ve Raporlama Mekanizmalar\u0131<\/li>\n<li style=\"text-align: left;\">Farkl\u0131 URL&#8217;lere Y\u00f6nlendirme<\/li>\n<li style=\"text-align: left;\">Pencere Ba\u011flam\u0131n\u0131 De\u011fi\u015ftirme<\/li>\n<li style=\"text-align: left;\">Web Sayfalar\u0131n\u0131n Ekran G\u00f6r\u00fcnt\u00fcleri<\/li>\n<li style=\"text-align: left;\">GUI \u00d6\u011felerini Bulma<\/li>\n<li style=\"text-align: left;\">GUI \u00d6\u011felerinin Durumunu Alma<\/li>\n<li style=\"text-align: left;\">GUI Elements ile Etkile\u015fime Girme<\/li>\n<li style=\"text-align: left;\">Web Taray\u0131c\u0131lar\u0131nda Kullan\u0131c\u0131 \u0130stemleri ile Etkile\u015fim<\/li>\n<\/ul>\n<p style=\"text-align: left;\"><strong>S\u00fcrd\u00fcr\u00fclebilir Test Komut Dosyalar\u0131n\u0131 Haz\u0131rlama<\/strong><\/p>\n<ul>\n<li style=\"text-align: left;\">Test Metinlerinin S\u00fcrd\u00fcr\u00fclebilirli\u011fi<\/li>\n<li style=\"text-align: left;\">Bekleme Mekanizmalar\u0131<\/li>\n<li style=\"text-align: left;\">Sayfa Nesneleri<\/li>\n<li style=\"text-align: left;\">Anahtar Kelime Odakl\u0131 Test<\/li>\n<\/ul>\n<p>[\/vc_column_text][\/vc_column][vc_column column_width_percent=&#8221;100&#8243; position_horizontal=&#8221;left&#8221; gutter_size=&#8221;3&#8243; back_color=&#8221;color-xsdn&#8221; overlay_alpha=&#8221;100&#8243; shift_x=&#8221;0&#8243; shift_y=&#8221;0&#8243; shift_y_down=&#8221;0&#8243; z_index=&#8221;0&#8243; medium_width=&#8221;0&#8243; mobile_width=&#8221;0&#8243; zoom_width=&#8221;0&#8243; zoom_height=&#8221;0&#8243; width=&#8221;1\/3&#8243; el_class=&#8221;trainings-section-2-3 orange-button-col card-with-cta&#8221; uncode_shortcode_id=&#8221;106602&#8243; back_color_type=&#8221;uncode-palette&#8221;][vc_column_text el_class=&#8221;trainings-ul-2&#8243;]<\/p>\n<p style=\"text-align: left;\"><strong>Hedef Kitle<\/strong><\/p>\n<ul>\n<li style=\"text-align: left;\">Test Otomasyon Uzmanlar\u0131<\/li>\n<li style=\"text-align: left;\">Test Mimarlar\u0131<\/li>\n<li style=\"text-align: left;\">Teknik Test Analistleri<\/li>\n<li style=\"text-align: left;\">Yaz\u0131l\u0131m Test Uzmanlar\u0131<\/li>\n<li style=\"text-align: left;\">Test Y\u00f6neticileri<\/li>\n<li style=\"text-align: left;\">Yaz\u0131l\u0131m Geli\u015ftiricileri<\/li>\n<li style=\"text-align: left;\">Teknik Mimarlar<\/li>\n<\/ul>\n<p>[\/vc_column_text][vc_column_text css=&#8221;.vc_custom_1686662108821{margin-top: 15px !important;margin-bottom: 15px !important;}&#8221; uncode_shortcode_id=&#8221;532671&#8243;]<strong><span style=\"color: #664a9e;\">E\u011fitim S\u00fcresi: <\/span><\/strong>2 g\u00fcn[\/vc_column_text][vc_button button_color=&#8221;color-F05835&#8243; border_width=&#8221;0&#8243; link=&#8221;url:https%3A%2F%2Fforms.office.com%2FPages%2FResponsePage.aspx%3Fid%3DzVbmergX40u9NwDcFPkIX85PZfFM5OtBugTu_mOVDJJUREhHTFRKWFlURU9JTTlQVFhWSDhVVFZYMyQlQCN0PWcu|target:_blank&#8221; el_class=&#8221;button-orange egitim-section-buton&#8221; button_color_type=&#8221;uncode-palette&#8221; uncode_shortcode_id=&#8221;190532&#8243;]Bilgi Al[\/vc_button][vc_button button_color=&#8221;color-882BFF&#8221; border_width=&#8221;0&#8243; link=&#8221;url:http%3A%2F%2Ftesteryou.com%2Ftr%2Ftesteryou-products%2Fa4q-selenium-test-egitimi%2F|target:_blank&#8221; el_class=&#8221;button-orange egitim-section-buton&#8221; button_color_type=&#8221;uncode-palette&#8221; uncode_shortcode_id=&#8221;182342&#8243;]Sat\u0131n Al[\/vc_button][\/vc_column][\/vc_row][vc_row row_height_percent=&#8221;0&#8243; overlay_alpha=&#8221;50&#8243; gutter_size=&#8221;3&#8243; column_width_percent=&#8221;100&#8243; shift_y=&#8221;0&#8243; z_index=&#8221;0&#8243; el_id=&#8221;form&#8221; uncode_shortcode_id=&#8221;202702&#8243; el_class=&#8221;training-form color-F05835&#8243;][vc_column width=&#8221;1\/1&#8243;][vc_column_text el_class=&#8221;form-testeryou&#8221; uncode_shortcode_id=&#8221;107556&#8243;]<\/p>\n<div class=\"modalboxtitle\">\n<h4 style=\"text-align: center;\">Daha Fazla Bilgi Al<\/h4>\n<\/div>\n<div class=\"modalboxtitle\">\n<p style=\"text-align: center;\"><strong>A4Q\u00ae Sertifikal\u0131 Selenyum Testi E\u011fitimi<\/strong><\/p>\n<\/div>\n<div class=\"wpcf7 no-js\" id=\"wpcf7-f211173-o1\" lang=\"en-US\" dir=\"ltr\" data-wpcf7-id=\"211173\">\n<div class=\"screen-reader-response\"><p role=\"status\" aria-live=\"polite\" aria-atomic=\"true\"><\/p> <ul><\/ul><\/div>\n<form action=\"\/tr\/wp-json\/wp\/v2\/pages\/185218#wpcf7-f211173-o1\" method=\"post\" class=\"wpcf7-form init\" aria-label=\"Contact form\" novalidate=\"novalidate\" data-status=\"init\">\n<fieldset class=\"hidden-fields-container\"><input type=\"hidden\" name=\"_wpcf7\" value=\"211173\" \/><input type=\"hidden\" name=\"_wpcf7_version\" value=\"6.1.2\" \/><input type=\"hidden\" name=\"_wpcf7_locale\" value=\"en_US\" \/><input type=\"hidden\" name=\"_wpcf7_unit_tag\" value=\"wpcf7-f211173-o1\" \/><input type=\"hidden\" name=\"_wpcf7_container_post\" value=\"0\" \/><input type=\"hidden\" name=\"_wpcf7_posted_data_hash\" value=\"\" \/><input type=\"hidden\" name=\"_wpcf7cf_hidden_group_fields\" value=\"[]\" \/><input type=\"hidden\" name=\"_wpcf7cf_hidden_groups\" value=\"[]\" \/><input type=\"hidden\" name=\"_wpcf7cf_visible_groups\" value=\"[]\" \/><input type=\"hidden\" name=\"_wpcf7cf_repeaters\" value=\"[]\" \/><input type=\"hidden\" name=\"_wpcf7cf_steps\" value=\"{}\" \/><input type=\"hidden\" name=\"_wpcf7cf_options\" value=\"{&quot;form_id&quot;:211173,&quot;conditions&quot;:[],&quot;settings&quot;:{&quot;animation&quot;:&quot;yes&quot;,&quot;animation_intime&quot;:200,&quot;animation_outtime&quot;:200,&quot;conditions_ui&quot;:&quot;normal&quot;,&quot;notice_dismissed&quot;:false,&quot;notice_dismissed_update-cf7-5.9.5&quot;:true}}\" \/><input type=\"hidden\" name=\"_wpcf7_recaptcha_response\" value=\"\" \/>\n<\/fieldset>\n<div class=\"row\">\n\t<div class=\"row\">\n\t\t<div class=\"col-lg-6\">\n\t\t\t<div class=\"col-lg-6\">\n\t\t\t\t<p><span class=\"wpcf7-form-control-wrap\" data-name=\"isim\"><input size=\"40\" maxlength=\"400\" class=\"wpcf7-form-control wpcf7-text wpcf7-validates-as-required form-fluid\" aria-required=\"true\" aria-invalid=\"false\" placeholder=\"\u0130sim *\" value=\"\" type=\"text\" name=\"isim\" \/><\/span>\n\t\t\t\t<\/p>\n\t\t\t<\/div>\n\t\t\t<div class=\"col-lg-6\">\n\t\t\t\t<p><span class=\"wpcf7-form-control-wrap\" data-name=\"soyisim\"><input size=\"40\" maxlength=\"400\" class=\"wpcf7-form-control wpcf7-text wpcf7-validates-as-required form-fluid\" aria-required=\"true\" aria-invalid=\"false\" placeholder=\"Soyisim *\" value=\"\" type=\"text\" name=\"soyisim\" \/><\/span>\n\t\t\t\t<\/p>\n\t\t\t<\/div>\n\t\t<\/div>\n\t\t<div class=\"col-lg-6\">\n\t\t\t<p><span class=\"wpcf7-form-control-wrap\" data-name=\"e-mail\"><input size=\"40\" maxlength=\"400\" class=\"wpcf7-form-control wpcf7-email wpcf7-validates-as-required wpcf7-text wpcf7-validates-as-email form-fluid\" aria-required=\"true\" aria-invalid=\"false\" placeholder=\"E-mail *\" value=\"\" type=\"email\" name=\"e-mail\" \/><\/span>\n\t\t\t<\/p>\n\t\t<\/div>\n\t<\/div>\n\t<div class=\"row\">\n\t\t<div >\n\t\t\t<div class=\"col-lg-6\">\n\t\t\t\t<p><span class=\"wpcf7-form-control-wrap\" data-name=\"telefon\"><input size=\"40\" maxlength=\"400\" class=\"wpcf7-form-control wpcf7-tel wpcf7-validates-as-required wpcf7-text wpcf7-validates-as-tel form-fluid\" aria-required=\"true\" aria-invalid=\"false\" placeholder=\"Telefon *\" value=\"\" type=\"tel\" name=\"telefon\" \/><\/span>\n\t\t\t\t<\/p>\n\t\t\t<\/div>\n\t\t\t<div class=\"col-lg-6\">\n\t\t\t\t<p><span class=\"wpcf7-form-control-wrap\" data-name=\"sirket-adi\"><input size=\"40\" maxlength=\"400\" class=\"wpcf7-form-control wpcf7-text wpcf7-validates-as-required form-fluid\" aria-required=\"true\" aria-invalid=\"false\" placeholder=\"\u015eirket Ad\u0131\" value=\"\" type=\"text\" name=\"sirket-adi\" \/><\/span>\n\t\t\t\t<\/p>\n\t\t\t<\/div>\n\t\t<\/div>\n\t<\/div>\n\t<div class=\"col-lg-6\">\n\t\t<p><span class=\"wpcf7-form-control-wrap\" data-name=\"mesaj\"><textarea cols=\"40\" rows=\"4\" maxlength=\"2000\" class=\"wpcf7-form-control wpcf7-textarea\" aria-invalid=\"false\" placeholder=\"Mesaj\u0131n\u0131z\" name=\"mesaj\"><\/textarea><\/span>\n\t\t<\/p>\n\t<\/div>\n<\/div>\n<div class=\"row\">\n\t<div class=\"col-lg-8\">\n\t\t<p><span class=\"wpcf7-form-control-wrap\" data-name=\"acceptance-723\"><span class=\"wpcf7-form-control wpcf7-acceptance\"><span class=\"wpcf7-list-item\"><label><input type=\"checkbox\" name=\"acceptance-723\" value=\"1\" aria-invalid=\"false\" \/><span class=\"wpcf7-list-item-label\"><a style=\"font-weight:bold\" href=\"testeryou.com\/tr\/gizlilik-politikasi\">Gizlilik Politikas\u0131<\/a>'n\u0131 okudum ve kabul ediyorum.<\/span><\/label><\/span><\/span><\/span>\n\t\t<\/p>\n\t<\/div>\n\t<div class=\"col-lg-4\">\n\t\t<p><input class=\"wpcf7-form-control wpcf7-submit has-spinner btn btn-accent btn-lg\" type=\"submit\" value=\"Bilgi Al\" \/>\n\t\t<\/p>\n\t<\/div>\n<\/div><div class=\"wpcf7-response-output\" aria-hidden=\"true\"><\/div>\n<\/form>\n<\/div>\n[\/vc_column_text][\/vc_column][\/vc_row][\/vc_section][vc_row row_height_percent=&#8221;0&#8243; override_padding=&#8221;yes&#8221; h_padding=&#8221;2&#8243; top_padding=&#8221;3&#8243; bottom_padding=&#8221;3&#8243; back_color=&#8221;color-909636&#8243; overlay_alpha=&#8221;100&#8243; gutter_size=&#8221;3&#8243; column_width_percent=&#8221;100&#8243; border_color=&#8221;color-gyho&#8221; border_style=&#8221;solid&#8221; shift_y=&#8221;0&#8243; z_index=&#8221;0&#8243; el_class=&#8221;training-section aciklama&#8221;][vc_column column_width_percent=&#8221;100&#8243; align_horizontal=&#8221;align_center&#8221; gutter_size=&#8221;3&#8243; overlay_alpha=&#8221;100&#8243; shift_x=&#8221;0&#8243; shift_y=&#8221;0&#8243; z_index=&#8221;0&#8243; medium_width=&#8221;0&#8243; zoom_width=&#8221;0&#8243; zoom_height=&#8221;0&#8243; width=&#8221;1\/1&#8243;][vc_column_text]<\/p>\n<p style=\"text-align: left;\"><strong>E\u011fitim Hakk\u0131nda<br \/>\n<\/strong><br \/>\nSelenium WebDriver&#8217;\u0131n \u00f6nde gelen sertifikalar\u0131ndan olan Sertifikal\u0131 Selenium Test Uzman\u0131 E\u011fitimi, web uygulama testleri olu\u015fturmak i\u00e7in Selenium WebDriver hakk\u0131nda temel bir anlay\u0131\u015f isteyen test profesyonellerine y\u00f6nelik pratik bir e\u011fitim sunar. E\u011fitimi ba\u015far\u0131yla tamamland\u0131ktan sonra kat\u0131l\u0131mc\u0131lar, g\u00f6zetim olmaks\u0131z\u0131n Selenium WebDriver testleri olu\u015fturabilecek ve \u00e7al\u0131\u015ft\u0131rabilecektir. Kat\u0131l\u0131mc\u0131lar, testi otomatize etmeye karar verirken dikkate al\u0131nmas\u0131 gereken fakt\u00f6rlerin yan\u0131 s\u0131ra gezinme, GUI \u00f6\u011feleriyle etkile\u015fim, g\u00fcnl\u00fck kay\u0131t, raporlama ve daha fazlas\u0131 i\u00e7in belirli teknikler hakk\u0131nda bilgi edinirler.<\/p>\n<p style=\"text-align: left;\"><b><span data-contrast=\"auto\">Kazan\u0131mlar<\/span><\/b><span data-ccp-props=\"{}\">\u00a0<\/span><\/p>\n<p style=\"text-align: left;\"><span data-contrast=\"auto\">Selenyum Test<\/span><span data-contrast=\"auto\">\u00a0sertifikas\u0131na sahip olan uzmanlar\u0131n, i\u015f hayat\u0131ndaki kazan\u0131mlar\u0131 a\u015fa\u011f\u0131daki gibidir:<\/span><span data-ccp-props=\"{}\">\u00a0<\/span><\/p>\n<ul style=\"text-align: left;\">\n<li data-leveltext=\"\uf0b7\" data-font=\"Symbol\" data-listid=\"10\" aria-setsize=\"-1\" data-aria-posinset=\"1\" data-aria-level=\"1\"><span data-contrast=\"auto\">Selenium WebDriver testlerini yard\u0131m almadan olu\u015fturabilir ve \u00e7al\u0131\u015ft\u0131rabilirsiniz.<\/span><span data-ccp-props=\"{}\">\u00a0<\/span><\/li>\n<li data-leveltext=\"\uf0b7\" data-font=\"Symbol\" data-listid=\"10\" aria-setsize=\"-1\" data-aria-posinset=\"1\" data-aria-level=\"1\"><span data-contrast=\"auto\">S\u00fcrd\u00fcr\u00fclebilir bir test otomasyon \u00e7\u00f6z\u00fcm\u00fc yaratmak i\u00e7in test otomasyon ilkelerini do\u011fru \u015fekilde uygulayabilirsiniz.<\/span><span data-ccp-props=\"{}\">\u00a0<\/span><\/li>\n<li data-leveltext=\"\uf0b7\" data-font=\"Symbol\" data-listid=\"10\" aria-setsize=\"-1\" data-aria-posinset=\"1\" data-aria-level=\"1\"><span data-contrast=\"auto\">Do\u011fru test otomasyon ara\u00e7lar\u0131n\u0131 se\u00e7ebilir ve \u00e7al\u0131\u015ft\u0131rabilirsiniz.<\/span><span data-ccp-props=\"{}\">\u00a0<\/span><\/li>\n<li data-leveltext=\"\uf0b7\" data-font=\"Symbol\" data-listid=\"10\" aria-setsize=\"-1\" data-aria-posinset=\"1\" data-aria-level=\"1\"><span data-contrast=\"auto\">Kullan\u0131labilir web uygulamas\u0131 testleri \u00e7al\u0131\u015ft\u0131ran ve y\u00f6netimi kolay Selenium WebDriver komut dosyalar\u0131 yazabil<\/span><span data-contrast=\"auto\">irsiniz.<\/span><span data-ccp-props=\"{}\">\u00a0<\/span><\/li>\n<\/ul>\n<p>[\/vc_column_text][\/vc_column][\/vc_row]<\/p>\n<\/div>","protected":false},"excerpt":{"rendered":"<p>[vc_section back_color=&#8221;accent&#8221; back_image=&#8221;127300&#8243; back_repeat=&#8221;no-repeat&#8221; back_attachment=&#8221;inherit&#8221; parallax=&#8221;yes&#8221; overlay_alpha=&#8221;95&#8243; back_size=&#8221;cover&#8221;][vc_row row_height_percent=&#8221;0&#8243; override_padding=&#8221;yes&#8221; h_padding=&#8221;2&#8243; top_padding=&#8221;4&#8243; bottom_padding=&#8221;4&#8243; overlay_alpha=&#8221;95&#8243; gutter_size=&#8221;100&#8243; column_width_percent=&#8221;100&#8243; shift_y=&#8221;0&#8243; z_index=&#8221;0&#8243; style=&#8221;inherited&#8221; el_class=&#8221;trainings-section-2&#8243;][vc_column [&hellip;]<\/p>\n","protected":false},"author":1,"featured_media":0,"parent":0,"menu_order":0,"comment_status":"closed","ping_status":"closed","template":"","meta":{"_acf_changed":false,"_exactmetrics_skip_tracking":false,"_exactmetrics_sitenote_active":false,"_exactmetrics_sitenote_note":"","_exactmetrics_sitenote_category":0,"footnotes":""},"class_list":["post-185218","page","type-page","status-publish","hentry"],"acf":[],"yoast_head":"<!-- This site is optimized with the Yoast SEO plugin v26.1.1 - https:\/\/yoast.com\/wordpress\/plugins\/seo\/ -->\n<title>A4Q\u00ae Sertifikal\u0131 Selenyum Test E\u011fitimi - TesterYou<\/title>\n<meta name=\"robots\" content=\"index, follow, max-snippet:-1, max-image-preview:large, max-video-preview:-1\" \/>\n<link rel=\"canonical\" href=\"https:\/\/testeryou.com\/tr\/a4q-certified-selenium-tester-training\/\" \/>\n<meta property=\"og:locale\" content=\"tr_TR\" \/>\n<meta property=\"og:type\" content=\"article\" \/>\n<meta property=\"og:title\" content=\"A4Q\u00ae Sertifikal\u0131 Selenyum Test E\u011fitimi - TesterYou\" \/>\n<meta property=\"og:description\" content=\"[vc_section back_color=&#8221;accent&#8221; back_image=&#8221;127300&#8243; back_repeat=&#8221;no-repeat&#8221; back_attachment=&#8221;inherit&#8221; parallax=&#8221;yes&#8221; overlay_alpha=&#8221;95&#8243; back_size=&#8221;cover&#8221;][vc_row row_height_percent=&#8221;0&#8243; override_padding=&#8221;yes&#8221; h_padding=&#8221;2&#8243; top_padding=&#8221;4&#8243; bottom_padding=&#8221;4&#8243; overlay_alpha=&#8221;95&#8243; gutter_size=&#8221;100&#8243; column_width_percent=&#8221;100&#8243; shift_y=&#8221;0&#8243; z_index=&#8221;0&#8243; style=&#8221;inherited&#8221; el_class=&#8221;trainings-section-2&#8243;][vc_column [&hellip;]\" \/>\n<meta property=\"og:url\" content=\"https:\/\/testeryou.com\/tr\/a4q-certified-selenium-tester-training\/\" \/>\n<meta property=\"og:site_name\" content=\"TesterYou\" \/>\n<meta property=\"article:publisher\" content=\"http:\/\/www.facebook.com\/testeryouhq\" \/>\n<meta property=\"article:modified_time\" content=\"2025-10-13T12:58:12+00:00\" \/>\n<meta name=\"twitter:card\" content=\"summary_large_image\" \/>\n<meta name=\"twitter:site\" content=\"@testeryouhq\" \/>\n<meta name=\"twitter:label1\" content=\"Tahmini okuma s\u00fcresi\" \/>\n\t<meta name=\"twitter:data1\" content=\"2 dakika\" \/>\n<script type=\"application\/ld+json\" class=\"yoast-schema-graph\">{\"@context\":\"https:\/\/schema.org\",\"@graph\":[{\"@type\":\"WebPage\",\"@id\":\"https:\/\/testeryou.com\/tr\/a4q-certified-selenium-tester-training\/\",\"url\":\"https:\/\/testeryou.com\/tr\/a4q-certified-selenium-tester-training\/\",\"name\":\"A4Q\u00ae Sertifikal\u0131 Selenyum Test E\u011fitimi - TesterYou\",\"isPartOf\":{\"@id\":\"https:\/\/testeryou.com\/tr\/#website\"},\"datePublished\":\"2021-06-07T13:09:34+00:00\",\"dateModified\":\"2025-10-13T12:58:12+00:00\",\"breadcrumb\":{\"@id\":\"https:\/\/testeryou.com\/tr\/a4q-certified-selenium-tester-training\/#breadcrumb\"},\"inLanguage\":\"tr\",\"potentialAction\":[{\"@type\":\"ReadAction\",\"target\":[\"https:\/\/testeryou.com\/tr\/a4q-certified-selenium-tester-training\/\"]}]},{\"@type\":\"BreadcrumbList\",\"@id\":\"https:\/\/testeryou.com\/tr\/a4q-certified-selenium-tester-training\/#breadcrumb\",\"itemListElement\":[{\"@type\":\"ListItem\",\"position\":1,\"name\":\"Home\",\"item\":\"https:\/\/testeryou.com\/tr\/\"},{\"@type\":\"ListItem\",\"position\":2,\"name\":\"A4Q\u00ae Sertifikal\u0131 Selenyum Test E\u011fitimi\"}]},{\"@type\":\"WebSite\",\"@id\":\"https:\/\/testeryou.com\/tr\/#website\",\"url\":\"https:\/\/testeryou.com\/tr\/\",\"name\":\"TesterYou\",\"description\":\"TesterYou\",\"publisher\":{\"@id\":\"https:\/\/testeryou.com\/tr\/#organization\"},\"potentialAction\":[{\"@type\":\"SearchAction\",\"target\":{\"@type\":\"EntryPoint\",\"urlTemplate\":\"https:\/\/testeryou.com\/tr\/?s={search_term_string}\"},\"query-input\":{\"@type\":\"PropertyValueSpecification\",\"valueRequired\":true,\"valueName\":\"search_term_string\"}}],\"inLanguage\":\"tr\"},{\"@type\":\"Organization\",\"@id\":\"https:\/\/testeryou.com\/tr\/#organization\",\"name\":\"TesterYou Bili\u015fim Hizmetleri A.\u015e.\",\"url\":\"https:\/\/testeryou.com\/tr\/\",\"logo\":{\"@type\":\"ImageObject\",\"inLanguage\":\"tr\",\"@id\":\"https:\/\/testeryou.com\/tr\/#\/schema\/logo\/image\/\",\"url\":\"https:\/\/testeryou.com\/wp-content\/uploads\/2018\/06\/TesterYou_Favicon.png\",\"contentUrl\":\"https:\/\/testeryou.com\/wp-content\/uploads\/2018\/06\/TesterYou_Favicon.png\",\"width\":1691,\"height\":1921,\"caption\":\"TesterYou Bili\u015fim Hizmetleri A.\u015e.\"},\"image\":{\"@id\":\"https:\/\/testeryou.com\/tr\/#\/schema\/logo\/image\/\"},\"sameAs\":[\"http:\/\/www.facebook.com\/testeryouhq\",\"https:\/\/x.com\/testeryouhq\",\"http:\/\/www.instagram.com\/testeryouhq\/\",\"http:\/\/www.linkedin.com\/company\/testeryou\/\",\"http:\/\/www.youtube.com\/channel\/UC77eVCL7mzsIbNP799cEPOQ\"]}]}<\/script>\n<!-- \/ Yoast SEO plugin. -->","yoast_head_json":{"title":"A4Q\u00ae Sertifikal\u0131 Selenyum Test E\u011fitimi - TesterYou","robots":{"index":"index","follow":"follow","max-snippet":"max-snippet:-1","max-image-preview":"max-image-preview:large","max-video-preview":"max-video-preview:-1"},"canonical":"https:\/\/testeryou.com\/tr\/a4q-certified-selenium-tester-training\/","og_locale":"tr_TR","og_type":"article","og_title":"A4Q\u00ae Sertifikal\u0131 Selenyum Test E\u011fitimi - TesterYou","og_description":"[vc_section back_color=&#8221;accent&#8221; back_image=&#8221;127300&#8243; back_repeat=&#8221;no-repeat&#8221; back_attachment=&#8221;inherit&#8221; parallax=&#8221;yes&#8221; overlay_alpha=&#8221;95&#8243; back_size=&#8221;cover&#8221;][vc_row row_height_percent=&#8221;0&#8243; override_padding=&#8221;yes&#8221; h_padding=&#8221;2&#8243; top_padding=&#8221;4&#8243; bottom_padding=&#8221;4&#8243; overlay_alpha=&#8221;95&#8243; gutter_size=&#8221;100&#8243; column_width_percent=&#8221;100&#8243; shift_y=&#8221;0&#8243; z_index=&#8221;0&#8243; style=&#8221;inherited&#8221; el_class=&#8221;trainings-section-2&#8243;][vc_column [&hellip;]","og_url":"https:\/\/testeryou.com\/tr\/a4q-certified-selenium-tester-training\/","og_site_name":"TesterYou","article_publisher":"http:\/\/www.facebook.com\/testeryouhq","article_modified_time":"2025-10-13T12:58:12+00:00","twitter_card":"summary_large_image","twitter_site":"@testeryouhq","twitter_misc":{"Tahmini okuma s\u00fcresi":"2 dakika"},"schema":{"@context":"https:\/\/schema.org","@graph":[{"@type":"WebPage","@id":"https:\/\/testeryou.com\/tr\/a4q-certified-selenium-tester-training\/","url":"https:\/\/testeryou.com\/tr\/a4q-certified-selenium-tester-training\/","name":"A4Q\u00ae Sertifikal\u0131 Selenyum Test E\u011fitimi - TesterYou","isPartOf":{"@id":"https:\/\/testeryou.com\/tr\/#website"},"datePublished":"2021-06-07T13:09:34+00:00","dateModified":"2025-10-13T12:58:12+00:00","breadcrumb":{"@id":"https:\/\/testeryou.com\/tr\/a4q-certified-selenium-tester-training\/#breadcrumb"},"inLanguage":"tr","potentialAction":[{"@type":"ReadAction","target":["https:\/\/testeryou.com\/tr\/a4q-certified-selenium-tester-training\/"]}]},{"@type":"BreadcrumbList","@id":"https:\/\/testeryou.com\/tr\/a4q-certified-selenium-tester-training\/#breadcrumb","itemListElement":[{"@type":"ListItem","position":1,"name":"Home","item":"https:\/\/testeryou.com\/tr\/"},{"@type":"ListItem","position":2,"name":"A4Q\u00ae Sertifikal\u0131 Selenyum Test E\u011fitimi"}]},{"@type":"WebSite","@id":"https:\/\/testeryou.com\/tr\/#website","url":"https:\/\/testeryou.com\/tr\/","name":"TesterYou","description":"TesterYou","publisher":{"@id":"https:\/\/testeryou.com\/tr\/#organization"},"potentialAction":[{"@type":"SearchAction","target":{"@type":"EntryPoint","urlTemplate":"https:\/\/testeryou.com\/tr\/?s={search_term_string}"},"query-input":{"@type":"PropertyValueSpecification","valueRequired":true,"valueName":"search_term_string"}}],"inLanguage":"tr"},{"@type":"Organization","@id":"https:\/\/testeryou.com\/tr\/#organization","name":"TesterYou Bili\u015fim Hizmetleri A.\u015e.","url":"https:\/\/testeryou.com\/tr\/","logo":{"@type":"ImageObject","inLanguage":"tr","@id":"https:\/\/testeryou.com\/tr\/#\/schema\/logo\/image\/","url":"https:\/\/testeryou.com\/wp-content\/uploads\/2018\/06\/TesterYou_Favicon.png","contentUrl":"https:\/\/testeryou.com\/wp-content\/uploads\/2018\/06\/TesterYou_Favicon.png","width":1691,"height":1921,"caption":"TesterYou Bili\u015fim Hizmetleri A.\u015e."},"image":{"@id":"https:\/\/testeryou.com\/tr\/#\/schema\/logo\/image\/"},"sameAs":["http:\/\/www.facebook.com\/testeryouhq","https:\/\/x.com\/testeryouhq","http:\/\/www.instagram.com\/testeryouhq\/","http:\/\/www.linkedin.com\/company\/testeryou\/","http:\/\/www.youtube.com\/channel\/UC77eVCL7mzsIbNP799cEPOQ"]}]}},"_links":{"self":[{"href":"https:\/\/testeryou.com\/tr\/wp-json\/wp\/v2\/pages\/185218","targetHints":{"allow":["GET"]}}],"collection":[{"href":"https:\/\/testeryou.com\/tr\/wp-json\/wp\/v2\/pages"}],"about":[{"href":"https:\/\/testeryou.com\/tr\/wp-json\/wp\/v2\/types\/page"}],"author":[{"embeddable":true,"href":"https:\/\/testeryou.com\/tr\/wp-json\/wp\/v2\/users\/1"}],"replies":[{"embeddable":true,"href":"https:\/\/testeryou.com\/tr\/wp-json\/wp\/v2\/comments?post=185218"}],"version-history":[{"count":0,"href":"https:\/\/testeryou.com\/tr\/wp-json\/wp\/v2\/pages\/185218\/revisions"}],"wp:attachment":[{"href":"https:\/\/testeryou.com\/tr\/wp-json\/wp\/v2\/media?parent=185218"}],"curies":[{"name":"wp","href":"https:\/\/api.w.org\/{rel}","templated":true}]}}