{"id":185246,"date":"2021-06-07T16:27:53","date_gmt":"2021-06-07T13:27:53","guid":{"rendered":"http:\/\/testeryou.local\/a4q-artificial-intelligence-in-software-testing\/"},"modified":"2025-10-13T15:50:31","modified_gmt":"2025-10-13T12:50:31","slug":"istqb-yazilim-testlerinde-yapay-zeka-egitimi","status":"publish","type":"page","link":"https:\/\/testeryou.com\/tr\/istqb-yazilim-testlerinde-yapay-zeka-egitimi\/","title":{"rendered":"ISTQB\u00ae Yaz\u0131l\u0131m Testlerinde Yapay Zeka E\u011fitimi"},"content":{"rendered":"<div class=\"wpb-content-wrapper\"><p>[vc_section back_color=&#8221;accent&#8221; back_image=&#8221;127300&#8243; back_repeat=&#8221;no-repeat&#8221; back_attachment=&#8221;inherit&#8221; parallax=&#8221;yes&#8221; overlay_alpha=&#8221;95&#8243; back_size=&#8221;cover&#8221;][vc_row row_height_percent=&#8221;0&#8243; override_padding=&#8221;yes&#8221; h_padding=&#8221;2&#8243; top_padding=&#8221;4&#8243; bottom_padding=&#8221;4&#8243; overlay_alpha=&#8221;95&#8243; gutter_size=&#8221;100&#8243; column_width_percent=&#8221;100&#8243; shift_y=&#8221;0&#8243; z_index=&#8221;0&#8243; style=&#8221;inherited&#8221; el_class=&#8221;trainings-section-2&#8243;][vc_column column_width_percent=&#8221;100&#8243; position_horizontal=&#8221;left&#8221; gutter_size=&#8221;3&#8243; expand_height=&#8221;yes&#8221; back_color=&#8221;color-xsdn&#8221; overlay_alpha=&#8221;100&#8243; shift_x=&#8221;0&#8243; shift_y=&#8221;0&#8243; shift_y_down=&#8221;0&#8243; z_index=&#8221;0&#8243; medium_width=&#8221;0&#8243; mobile_width=&#8221;0&#8243; zoom_width=&#8221;0&#8243; zoom_height=&#8221;0&#8243; width=&#8221;1\/3&#8243;][vc_column_text el_class=&#8221;trainings-ul-2&#8243;]<strong>Yapay Zekan\u0131n Temel Y\u00f6nleri<\/strong><\/p>\n<ul>\n<li>\u0130nsan Zekas\u0131 ve Yapay Zeka Nedir?<\/li>\n<li>Yapay Zeka Tarihi<\/li>\n<li>Symbolic Yapay Zeka<\/li>\n<li>Sub-symbolic Yapay Zeka<\/li>\n<li>Daha Ayr\u0131nt\u0131l\u0131 Baz\u0131 ML Algoritmalar\u0131<\/li>\n<li>Yapay Zeka Uygulamalar\u0131 ve S\u0131n\u0131rlar\u0131<\/li>\n<\/ul>\n<p><strong>Yapay Zeka Sistemlerinin Test Edilmesi<\/strong><\/p>\n<ul>\n<li>Yapay Zeka Sistemlerinin Test Edilmesiyle \u0130lgili Genel Sorunlar<\/li>\n<li>Makine \u00d6\u011frenimi Model E\u011fitimi<\/li>\n<li>Yapay Zeka Test Ortamlar\u0131n\u0131 Test Etme<\/li>\n<li>Yapay Zeka Tabanl\u0131 Sistemleri Test Etme Stratejileri<\/li>\n<li>Yapay Zeka Tabanl\u0131 Sistemleri Test Etme Metrikleri<\/li>\n<\/ul>\n<p>[\/vc_column_text][\/vc_column][vc_column column_width_percent=&#8221;100&#8243; position_horizontal=&#8221;left&#8221; gutter_size=&#8221;3&#8243; expand_height=&#8221;yes&#8221; back_color=&#8221;color-xsdn&#8221; overlay_alpha=&#8221;100&#8243; shift_x=&#8221;0&#8243; shift_y=&#8221;0&#8243; shift_y_down=&#8221;0&#8243; z_index=&#8221;0&#8243; medium_width=&#8221;0&#8243; mobile_width=&#8221;0&#8243; zoom_width=&#8221;0&#8243; zoom_height=&#8221;0&#8243; width=&#8221;1\/3&#8243; el_class=&#8221;trainings-section-2-2&#8243;][vc_column_text el_class=&#8221;trainings-ul-2&#8243;]<strong>Mobil Uygulamalar i\u00e7in Ortak Test T\u00fcrleri ve Test S\u00fcreci<\/strong><\/p>\n<ul>\n<li>Testte Yapay Zeka<\/li>\n<li>Test G\u00f6revlerine Yapay Zeka Uygulamas\u0131<\/li>\n<li>Bile\u015fen D\u00fczeyinde Test Otomasyonunda Kalite Y\u00f6netimi Yapay Zekas\u0131<\/li>\n<li>Entegrasyon D\u00fczeyinde veya Sistem D\u00fczeyinde Test Otomasyonunda Yapay Zeka<\/li>\n<li>Test i\u00e7in Yapay Zeka Tabanl\u0131 Ara\u00e7 Deste\u011fi<\/li>\n<\/ul>\n<p><strong>Yapay Zeka Tabanl\u0131 Test Yakla\u015f\u0131m\u0131nda \u0130lgili Metrikler<\/strong><\/p>\n<ul>\n<li>Ara\u00e7 Sa\u011flay\u0131c\u0131 \u0130ddialar\u0131n\u0131 De\u011ferlendirin<\/li>\n<li>Sistemlerin Konfig\u00fcrasyonu<\/li>\n<li>Yat\u0131r\u0131m Getirisi (ROI)<\/li>\n<li>Mevcut S\u00fcre\u00e7ler \u00dczerindeki Etkiler<\/li>\n<li>Test Durumu Duyarl\u0131l\u0131\u011f\u0131<\/li>\n<li>Test Durumu Patlamas\u0131<\/li>\n<li>S\u00fcrd\u00fcr\u00fclebilirlik<\/li>\n<li>Bulunan Kusurlar\u0131n \u015eiddeti<\/li>\n<\/ul>\n<p>[\/vc_column_text][\/vc_column][vc_column column_width_percent=&#8221;100&#8243; position_horizontal=&#8221;left&#8221; gutter_size=&#8221;3&#8243; back_color=&#8221;color-xsdn&#8221; overlay_alpha=&#8221;100&#8243; shift_x=&#8221;0&#8243; shift_y=&#8221;0&#8243; shift_y_down=&#8221;0&#8243; z_index=&#8221;0&#8243; medium_width=&#8221;0&#8243; mobile_width=&#8221;0&#8243; zoom_width=&#8221;0&#8243; zoom_height=&#8221;0&#8243; width=&#8221;1\/3&#8243; el_class=&#8221;trainings-section-2-3 orange-button-col&#8221;][vc_column_text el_class=&#8221;trainings-ul-2&#8243;]<strong>Hedef kitle<\/strong><\/p>\n<ul>\n<li>Yaz\u0131l\u0131m Test Uzmanlar\u0131<\/li>\n<li>Kalite Uzmanlar\u0131<\/li>\n<li>Test Otomasyon M\u00fchendisleri<\/li>\n<li>Test Mimarlar\u0131<\/li>\n<li>Test Y\u00f6neticileri<\/li>\n<li>Yaz\u0131l\u0131m Geli\u015ftiricileri<\/li>\n<\/ul>\n<p>[\/vc_column_text][vc_column_text css=&#8221;.vc_custom_1686663755497{margin-top: 15px !important;margin-bottom: 15px !important;}&#8221; uncode_shortcode_id=&#8221;616403&#8243;]<strong><span style=\"color: #664a9e;\">E\u011fitim S\u00fcresi:\u00a0<\/span><\/strong>2 g\u00fcn[\/vc_column_text][vc_button button_color=&#8221;color-F05835&#8243; border_width=&#8221;0&#8243; link=&#8221;url:http%3A%2F%2Fbit.ly%2Fty_trnAI||target:%20_blank|&#8221; el_class=&#8221;button-orange egitim-section-buton&#8221; button_color_type=&#8221;uncode-palette&#8221; uncode_shortcode_id=&#8221;136603&#8243;]Bilgi Al[\/vc_button][vc_button button_color=&#8221;color-882BFF&#8221; border_width=&#8221;0&#8243; link=&#8221;url:http%3A%2F%2Ftesteryou.com%2Ftr%2Ftesteryou-products%2Fistqb-yapay-zeka-testi-egitim%2F|target:_blank&#8221; el_class=&#8221;button-orange egitim-section-buton&#8221; button_color_type=&#8221;uncode-palette&#8221; uncode_shortcode_id=&#8221;115126&#8243;]Sat\u0131n Al[\/vc_button][vc_empty_space empty_h=&#8221;4&#8243;][\/vc_column][\/vc_row][vc_row row_height_percent=&#8221;0&#8243; overlay_alpha=&#8221;50&#8243; gutter_size=&#8221;3&#8243; column_width_percent=&#8221;100&#8243; shift_y=&#8221;0&#8243; z_index=&#8221;0&#8243; el_id=&#8221;form&#8221;][vc_column width=&#8221;1\/1&#8243;][vc_column_text el_class=&#8221;form-testeryou&#8221; uncode_shortcode_id=&#8221;201741&#8243;]<\/p>\n<div class=\"modalboxtitle\">\n<h4 style=\"text-align: center;\">Daha Fazla Bilgi Al<\/h4>\n<\/div>\n<div class=\"modalboxtitle\">\n<p style=\"text-align: center;\"><strong>ISTQB\u00ae Yaz\u0131l\u0131m Testlerinde Yapay Zeka E\u011fitimi<\/strong><\/p>\n<\/div>\n<div class=\"wpcf7 no-js\" id=\"wpcf7-f211173-o1\" lang=\"en-US\" dir=\"ltr\" data-wpcf7-id=\"211173\">\n<div class=\"screen-reader-response\"><p role=\"status\" aria-live=\"polite\" aria-atomic=\"true\"><\/p> <ul><\/ul><\/div>\n<form action=\"\/tr\/wp-json\/wp\/v2\/pages\/185246#wpcf7-f211173-o1\" method=\"post\" class=\"wpcf7-form init\" aria-label=\"Contact form\" novalidate=\"novalidate\" data-status=\"init\">\n<fieldset class=\"hidden-fields-container\"><input type=\"hidden\" name=\"_wpcf7\" value=\"211173\" \/><input type=\"hidden\" name=\"_wpcf7_version\" value=\"6.1.2\" \/><input type=\"hidden\" name=\"_wpcf7_locale\" value=\"en_US\" \/><input type=\"hidden\" name=\"_wpcf7_unit_tag\" value=\"wpcf7-f211173-o1\" \/><input type=\"hidden\" name=\"_wpcf7_container_post\" value=\"0\" \/><input type=\"hidden\" name=\"_wpcf7_posted_data_hash\" value=\"\" \/><input type=\"hidden\" name=\"_wpcf7cf_hidden_group_fields\" value=\"[]\" \/><input type=\"hidden\" name=\"_wpcf7cf_hidden_groups\" value=\"[]\" \/><input type=\"hidden\" name=\"_wpcf7cf_visible_groups\" value=\"[]\" \/><input type=\"hidden\" name=\"_wpcf7cf_repeaters\" value=\"[]\" \/><input type=\"hidden\" name=\"_wpcf7cf_steps\" value=\"{}\" \/><input type=\"hidden\" name=\"_wpcf7cf_options\" value=\"{&quot;form_id&quot;:211173,&quot;conditions&quot;:[],&quot;settings&quot;:{&quot;animation&quot;:&quot;yes&quot;,&quot;animation_intime&quot;:200,&quot;animation_outtime&quot;:200,&quot;conditions_ui&quot;:&quot;normal&quot;,&quot;notice_dismissed&quot;:false,&quot;notice_dismissed_update-cf7-5.9.5&quot;:true}}\" \/><input type=\"hidden\" name=\"_wpcf7_recaptcha_response\" value=\"\" \/>\n<\/fieldset>\n<div class=\"row\">\n\t<div class=\"row\">\n\t\t<div class=\"col-lg-6\">\n\t\t\t<div class=\"col-lg-6\">\n\t\t\t\t<p><span class=\"wpcf7-form-control-wrap\" data-name=\"isim\"><input size=\"40\" maxlength=\"400\" class=\"wpcf7-form-control wpcf7-text wpcf7-validates-as-required form-fluid\" aria-required=\"true\" aria-invalid=\"false\" placeholder=\"\u0130sim *\" value=\"\" type=\"text\" name=\"isim\" \/><\/span>\n\t\t\t\t<\/p>\n\t\t\t<\/div>\n\t\t\t<div class=\"col-lg-6\">\n\t\t\t\t<p><span class=\"wpcf7-form-control-wrap\" data-name=\"soyisim\"><input size=\"40\" maxlength=\"400\" class=\"wpcf7-form-control wpcf7-text wpcf7-validates-as-required form-fluid\" aria-required=\"true\" aria-invalid=\"false\" placeholder=\"Soyisim *\" value=\"\" type=\"text\" name=\"soyisim\" \/><\/span>\n\t\t\t\t<\/p>\n\t\t\t<\/div>\n\t\t<\/div>\n\t\t<div class=\"col-lg-6\">\n\t\t\t<p><span class=\"wpcf7-form-control-wrap\" data-name=\"e-mail\"><input size=\"40\" maxlength=\"400\" class=\"wpcf7-form-control wpcf7-email wpcf7-validates-as-required wpcf7-text wpcf7-validates-as-email form-fluid\" aria-required=\"true\" aria-invalid=\"false\" placeholder=\"E-mail *\" value=\"\" type=\"email\" name=\"e-mail\" \/><\/span>\n\t\t\t<\/p>\n\t\t<\/div>\n\t<\/div>\n\t<div class=\"row\">\n\t\t<div >\n\t\t\t<div class=\"col-lg-6\">\n\t\t\t\t<p><span class=\"wpcf7-form-control-wrap\" data-name=\"telefon\"><input size=\"40\" maxlength=\"400\" class=\"wpcf7-form-control wpcf7-tel wpcf7-validates-as-required wpcf7-text wpcf7-validates-as-tel form-fluid\" aria-required=\"true\" aria-invalid=\"false\" placeholder=\"Telefon *\" value=\"\" type=\"tel\" name=\"telefon\" \/><\/span>\n\t\t\t\t<\/p>\n\t\t\t<\/div>\n\t\t\t<div class=\"col-lg-6\">\n\t\t\t\t<p><span class=\"wpcf7-form-control-wrap\" data-name=\"sirket-adi\"><input size=\"40\" maxlength=\"400\" class=\"wpcf7-form-control wpcf7-text wpcf7-validates-as-required form-fluid\" aria-required=\"true\" aria-invalid=\"false\" placeholder=\"\u015eirket Ad\u0131\" value=\"\" type=\"text\" name=\"sirket-adi\" \/><\/span>\n\t\t\t\t<\/p>\n\t\t\t<\/div>\n\t\t<\/div>\n\t<\/div>\n\t<div class=\"col-lg-6\">\n\t\t<p><span class=\"wpcf7-form-control-wrap\" data-name=\"mesaj\"><textarea cols=\"40\" rows=\"4\" maxlength=\"2000\" class=\"wpcf7-form-control wpcf7-textarea\" aria-invalid=\"false\" placeholder=\"Mesaj\u0131n\u0131z\" name=\"mesaj\"><\/textarea><\/span>\n\t\t<\/p>\n\t<\/div>\n<\/div>\n<div class=\"row\">\n\t<div class=\"col-lg-8\">\n\t\t<p><span class=\"wpcf7-form-control-wrap\" data-name=\"acceptance-723\"><span class=\"wpcf7-form-control wpcf7-acceptance\"><span class=\"wpcf7-list-item\"><label><input type=\"checkbox\" name=\"acceptance-723\" value=\"1\" aria-invalid=\"false\" \/><span class=\"wpcf7-list-item-label\"><a style=\"font-weight:bold\" href=\"testeryou.com\/tr\/gizlilik-politikasi\">Gizlilik Politikas\u0131<\/a>'n\u0131 okudum ve kabul ediyorum.<\/span><\/label><\/span><\/span><\/span>\n\t\t<\/p>\n\t<\/div>\n\t<div class=\"col-lg-4\">\n\t\t<p><input class=\"wpcf7-form-control wpcf7-submit has-spinner btn btn-accent btn-lg\" type=\"submit\" value=\"Bilgi Al\" \/>\n\t\t<\/p>\n\t<\/div>\n<\/div><div class=\"wpcf7-response-output\" aria-hidden=\"true\"><\/div>\n<\/form>\n<\/div>\n[\/vc_column_text][\/vc_column][\/vc_row][\/vc_section][vc_row row_height_percent=&#8221;0&#8243; override_padding=&#8221;yes&#8221; h_padding=&#8221;2&#8243; top_padding=&#8221;3&#8243; bottom_padding=&#8221;3&#8243; back_color=&#8221;color-909636&#8243; overlay_alpha=&#8221;100&#8243; gutter_size=&#8221;3&#8243; column_width_percent=&#8221;100&#8243; border_color=&#8221;color-gyho&#8221; border_style=&#8221;solid&#8221; shift_y=&#8221;0&#8243; z_index=&#8221;0&#8243; el_class=&#8221;training-section&#8221;][vc_column column_width_percent=&#8221;100&#8243; align_horizontal=&#8221;align_center&#8221; gutter_size=&#8221;3&#8243; overlay_alpha=&#8221;100&#8243; shift_x=&#8221;0&#8243; shift_y=&#8221;0&#8243; z_index=&#8221;0&#8243; medium_width=&#8221;0&#8243; zoom_width=&#8221;0&#8243; zoom_height=&#8221;0&#8243; width=&#8221;1\/1&#8243;][vc_column_text]<\/p>\n<div class=\"uncode_text_column trainings-ul-2\">\n<p style=\"text-align: left;\"><strong>E\u011fitim Hakk\u0131nda<\/strong><\/p>\n<p style=\"text-align: left;\">Yapay Zeka ile insan zekas\u0131 aras\u0131nda basit bir nedenden \u00f6t\u00fcr\u00fc pek \u00e7ok benzerlik vard\u0131r: Yapay Zeka, insan zekas\u0131n\u0131 taklit etmeyi ama\u00e7lar. Yapay Zeka terimi 1950&#8217;lere kadar uzan\u0131r ve insanlar\u0131 taklit edebilen &#8220;ak\u0131ll\u0131&#8221; makineler in\u015fa etme ve programlama amac\u0131na at\u0131fta bulunur.<\/p>\n<p style=\"text-align: left;\">Yapay zeka sistemleri daha insani hale geldik\u00e7e, daha az tahmin edilebilir bir durumda olurlar ve bunun sonucunda, bu t\u00fcr sistemleri test ederken dikkate al\u0131nmas\u0131 gereken benzersiz sorunlar ve kalite \u00f6zellikleri olu\u015fur.<\/p>\n<p style=\"text-align: left;\">ISTQB Sertifikal\u0131 Yaz\u0131l\u0131m Testlerinde Yapay Zeka E\u011fitimi\u2019nin \u00fc\u00e7 ana b\u00f6l\u00fcm\u00fcnden ilki; AI tarihi, Sembolik AI (okunabilir AI) ve AI s\u0131n\u0131rlar\u0131n\u0131n nerede olabilece\u011fi dahil olmak \u00fczere yapay zekan\u0131n t\u00fcm temel y\u00f6nlerini \u00f6\u011fretir.<\/p>\n<p style=\"text-align: left;\">Herkes ortak AI dilini konu\u015ftuktan sonra, AI sistemlerini test etmeye ba\u015flar\u0131z. Bu b\u00f6l\u00fcmde t\u00fcm kat\u0131l\u0131mc\u0131lar, AI sistemlerini test etmek i\u00e7in farkl\u0131 stratejileri ve \u00f6l\u00e7\u00fctleri, ayr\u0131ca testle birlikte gelen genel sorunlar\u0131 \u00f6\u011frenirler.<\/p>\n<p style=\"text-align: left;\">Testi desteklemek i\u00e7in yapay zekan\u0131n kullan\u0131lmas\u0131, test g\u00f6revleri ve kalite \u00f6l\u00e7\u00fcmlemelerine yapay zekan\u0131n nas\u0131l uygulanaca\u011f\u0131 gibi konularla birlikte e\u011fitimimiz tamamlan\u0131r.<\/p>\n<\/div>\n<p>[\/vc_column_text][vc_column_text]<\/p>\n<p style=\"text-align: left;\"><b><span data-contrast=\"auto\">Kazan\u0131mlar<\/span><\/b><span data-ccp-props=\"{}\">\u00a0<\/span><\/p>\n<p style=\"text-align: left;\"><span data-contrast=\"auto\">Yaz\u0131l\u0131m Testlerinde Yapay\u00a0Zeka<\/span><span data-contrast=\"auto\">\u00a0sertifikas\u0131na sahip olan uzmanlar\u0131n, i\u015f hayat\u0131ndaki kazan\u0131mlar\u0131 a\u015fa\u011f\u0131daki gibidir:<\/span><span data-ccp-props=\"{}\">\u00a0<\/span><\/p>\n<ul>\n<li style=\"text-align: left;\"><span data-contrast=\"auto\"> Bir (veya daha fazla) AI tabanl\u0131 bile\u015fen i\u00e7eren bir sistem i\u00e7in test analizi, tasar\u0131m, uygulama, y\u00fcr\u00fctme ve tamamlama gibi i\u015flemleri ger\u00e7ekle\u015ftir<\/span><span data-contrast=\"auto\">ebilirsiniz.<\/span><\/li>\n<li style=\"text-align: left;\"><span data-contrast=\"auto\"> Test s\u00fcrecini kolayla\u015ft\u0131rmak i\u00e7in kurulu\u015ftaki test i\u015flemlerini desteklemek i\u00e7in yapay zekay\u0131 kullanma kapasitesine sahip<\/span><span data-contrast=\"auto\">olursunuz<\/span><span data-contrast=\"auto\">.<\/span><\/li>\n<li style=\"text-align: left;\"><span data-contrast=\"auto\">Y<\/span><span data-contrast=\"auto\">apay zeka tabanl\u0131 test metodolojilerinin ve ilgili teknolojinin de\u011ferlendirilmesine katk\u0131da<\/span><span data-contrast=\"auto\">bulunursunuz<\/span><span data-contrast=\"auto\">.<\/span><span data-ccp-props=\"{}\">\u00a0<\/span><\/li>\n<\/ul>\n<p>[\/vc_column_text][\/vc_column][\/vc_row]<\/p>\n<\/div>","protected":false},"excerpt":{"rendered":"<p>[vc_section back_color=&#8221;accent&#8221; back_image=&#8221;127300&#8243; back_repeat=&#8221;no-repeat&#8221; back_attachment=&#8221;inherit&#8221; parallax=&#8221;yes&#8221; overlay_alpha=&#8221;95&#8243; back_size=&#8221;cover&#8221;][vc_row row_height_percent=&#8221;0&#8243; override_padding=&#8221;yes&#8221; h_padding=&#8221;2&#8243; top_padding=&#8221;4&#8243; bottom_padding=&#8221;4&#8243; overlay_alpha=&#8221;95&#8243; gutter_size=&#8221;100&#8243; column_width_percent=&#8221;100&#8243; shift_y=&#8221;0&#8243; z_index=&#8221;0&#8243; style=&#8221;inherited&#8221; el_class=&#8221;trainings-section-2&#8243;][vc_column [&hellip;]<\/p>\n","protected":false},"author":1,"featured_media":0,"parent":0,"menu_order":0,"comment_status":"closed","ping_status":"closed","template":"","meta":{"_acf_changed":false,"_exactmetrics_skip_tracking":false,"_exactmetrics_sitenote_active":false,"_exactmetrics_sitenote_note":"","_exactmetrics_sitenote_category":0,"footnotes":""},"class_list":["post-185246","page","type-page","status-publish","hentry"],"acf":[],"yoast_head":"<!-- This site is optimized with the Yoast SEO plugin v26.1.1 - https:\/\/yoast.com\/wordpress\/plugins\/seo\/ -->\n<title>ISTQB\u00ae Yaz\u0131l\u0131m Testlerinde Yapay Zeka E\u011fitimi - TesterYou<\/title>\n<meta name=\"robots\" content=\"index, follow, max-snippet:-1, max-image-preview:large, max-video-preview:-1\" \/>\n<link rel=\"canonical\" href=\"https:\/\/testeryou.com\/tr\/istqb-yazilim-testlerinde-yapay-zeka-egitimi\/\" \/>\n<meta property=\"og:locale\" content=\"tr_TR\" \/>\n<meta property=\"og:type\" content=\"article\" \/>\n<meta property=\"og:title\" content=\"ISTQB\u00ae Yaz\u0131l\u0131m Testlerinde Yapay Zeka E\u011fitimi - TesterYou\" \/>\n<meta property=\"og:description\" content=\"[vc_section back_color=&#8221;accent&#8221; back_image=&#8221;127300&#8243; back_repeat=&#8221;no-repeat&#8221; back_attachment=&#8221;inherit&#8221; parallax=&#8221;yes&#8221; overlay_alpha=&#8221;95&#8243; back_size=&#8221;cover&#8221;][vc_row row_height_percent=&#8221;0&#8243; override_padding=&#8221;yes&#8221; h_padding=&#8221;2&#8243; top_padding=&#8221;4&#8243; bottom_padding=&#8221;4&#8243; overlay_alpha=&#8221;95&#8243; gutter_size=&#8221;100&#8243; column_width_percent=&#8221;100&#8243; shift_y=&#8221;0&#8243; z_index=&#8221;0&#8243; style=&#8221;inherited&#8221; el_class=&#8221;trainings-section-2&#8243;][vc_column [&hellip;]\" \/>\n<meta property=\"og:url\" content=\"https:\/\/testeryou.com\/tr\/istqb-yazilim-testlerinde-yapay-zeka-egitimi\/\" \/>\n<meta property=\"og:site_name\" content=\"TesterYou\" \/>\n<meta property=\"article:publisher\" content=\"http:\/\/www.facebook.com\/testeryouhq\" \/>\n<meta property=\"article:modified_time\" content=\"2025-10-13T12:50:31+00:00\" \/>\n<meta name=\"twitter:card\" content=\"summary_large_image\" \/>\n<meta name=\"twitter:site\" content=\"@testeryouhq\" \/>\n<meta name=\"twitter:label1\" content=\"Tahmini okuma s\u00fcresi\" \/>\n\t<meta name=\"twitter:data1\" content=\"3 dakika\" \/>\n<script type=\"application\/ld+json\" class=\"yoast-schema-graph\">{\"@context\":\"https:\/\/schema.org\",\"@graph\":[{\"@type\":\"WebPage\",\"@id\":\"https:\/\/testeryou.com\/tr\/istqb-yazilim-testlerinde-yapay-zeka-egitimi\/\",\"url\":\"https:\/\/testeryou.com\/tr\/istqb-yazilim-testlerinde-yapay-zeka-egitimi\/\",\"name\":\"ISTQB\u00ae Yaz\u0131l\u0131m Testlerinde Yapay Zeka E\u011fitimi - TesterYou\",\"isPartOf\":{\"@id\":\"https:\/\/testeryou.com\/tr\/#website\"},\"datePublished\":\"2021-06-07T13:27:53+00:00\",\"dateModified\":\"2025-10-13T12:50:31+00:00\",\"breadcrumb\":{\"@id\":\"https:\/\/testeryou.com\/tr\/istqb-yazilim-testlerinde-yapay-zeka-egitimi\/#breadcrumb\"},\"inLanguage\":\"tr\",\"potentialAction\":[{\"@type\":\"ReadAction\",\"target\":[\"https:\/\/testeryou.com\/tr\/istqb-yazilim-testlerinde-yapay-zeka-egitimi\/\"]}]},{\"@type\":\"BreadcrumbList\",\"@id\":\"https:\/\/testeryou.com\/tr\/istqb-yazilim-testlerinde-yapay-zeka-egitimi\/#breadcrumb\",\"itemListElement\":[{\"@type\":\"ListItem\",\"position\":1,\"name\":\"Home\",\"item\":\"https:\/\/testeryou.com\/tr\/\"},{\"@type\":\"ListItem\",\"position\":2,\"name\":\"ISTQB\u00ae Yaz\u0131l\u0131m Testlerinde Yapay Zeka E\u011fitimi\"}]},{\"@type\":\"WebSite\",\"@id\":\"https:\/\/testeryou.com\/tr\/#website\",\"url\":\"https:\/\/testeryou.com\/tr\/\",\"name\":\"TesterYou\",\"description\":\"TesterYou\",\"publisher\":{\"@id\":\"https:\/\/testeryou.com\/tr\/#organization\"},\"potentialAction\":[{\"@type\":\"SearchAction\",\"target\":{\"@type\":\"EntryPoint\",\"urlTemplate\":\"https:\/\/testeryou.com\/tr\/?s={search_term_string}\"},\"query-input\":{\"@type\":\"PropertyValueSpecification\",\"valueRequired\":true,\"valueName\":\"search_term_string\"}}],\"inLanguage\":\"tr\"},{\"@type\":\"Organization\",\"@id\":\"https:\/\/testeryou.com\/tr\/#organization\",\"name\":\"TesterYou Bili\u015fim Hizmetleri A.\u015e.\",\"url\":\"https:\/\/testeryou.com\/tr\/\",\"logo\":{\"@type\":\"ImageObject\",\"inLanguage\":\"tr\",\"@id\":\"https:\/\/testeryou.com\/tr\/#\/schema\/logo\/image\/\",\"url\":\"https:\/\/testeryou.com\/wp-content\/uploads\/2018\/06\/TesterYou_Favicon.png\",\"contentUrl\":\"https:\/\/testeryou.com\/wp-content\/uploads\/2018\/06\/TesterYou_Favicon.png\",\"width\":1691,\"height\":1921,\"caption\":\"TesterYou Bili\u015fim Hizmetleri A.\u015e.\"},\"image\":{\"@id\":\"https:\/\/testeryou.com\/tr\/#\/schema\/logo\/image\/\"},\"sameAs\":[\"http:\/\/www.facebook.com\/testeryouhq\",\"https:\/\/x.com\/testeryouhq\",\"http:\/\/www.instagram.com\/testeryouhq\/\",\"http:\/\/www.linkedin.com\/company\/testeryou\/\",\"http:\/\/www.youtube.com\/channel\/UC77eVCL7mzsIbNP799cEPOQ\"]}]}<\/script>\n<!-- \/ Yoast SEO plugin. -->","yoast_head_json":{"title":"ISTQB\u00ae Yaz\u0131l\u0131m Testlerinde Yapay Zeka E\u011fitimi - TesterYou","robots":{"index":"index","follow":"follow","max-snippet":"max-snippet:-1","max-image-preview":"max-image-preview:large","max-video-preview":"max-video-preview:-1"},"canonical":"https:\/\/testeryou.com\/tr\/istqb-yazilim-testlerinde-yapay-zeka-egitimi\/","og_locale":"tr_TR","og_type":"article","og_title":"ISTQB\u00ae Yaz\u0131l\u0131m Testlerinde Yapay Zeka E\u011fitimi - TesterYou","og_description":"[vc_section back_color=&#8221;accent&#8221; back_image=&#8221;127300&#8243; back_repeat=&#8221;no-repeat&#8221; back_attachment=&#8221;inherit&#8221; parallax=&#8221;yes&#8221; overlay_alpha=&#8221;95&#8243; back_size=&#8221;cover&#8221;][vc_row row_height_percent=&#8221;0&#8243; override_padding=&#8221;yes&#8221; h_padding=&#8221;2&#8243; top_padding=&#8221;4&#8243; bottom_padding=&#8221;4&#8243; overlay_alpha=&#8221;95&#8243; gutter_size=&#8221;100&#8243; column_width_percent=&#8221;100&#8243; shift_y=&#8221;0&#8243; z_index=&#8221;0&#8243; style=&#8221;inherited&#8221; el_class=&#8221;trainings-section-2&#8243;][vc_column [&hellip;]","og_url":"https:\/\/testeryou.com\/tr\/istqb-yazilim-testlerinde-yapay-zeka-egitimi\/","og_site_name":"TesterYou","article_publisher":"http:\/\/www.facebook.com\/testeryouhq","article_modified_time":"2025-10-13T12:50:31+00:00","twitter_card":"summary_large_image","twitter_site":"@testeryouhq","twitter_misc":{"Tahmini okuma s\u00fcresi":"3 dakika"},"schema":{"@context":"https:\/\/schema.org","@graph":[{"@type":"WebPage","@id":"https:\/\/testeryou.com\/tr\/istqb-yazilim-testlerinde-yapay-zeka-egitimi\/","url":"https:\/\/testeryou.com\/tr\/istqb-yazilim-testlerinde-yapay-zeka-egitimi\/","name":"ISTQB\u00ae Yaz\u0131l\u0131m Testlerinde Yapay Zeka E\u011fitimi - TesterYou","isPartOf":{"@id":"https:\/\/testeryou.com\/tr\/#website"},"datePublished":"2021-06-07T13:27:53+00:00","dateModified":"2025-10-13T12:50:31+00:00","breadcrumb":{"@id":"https:\/\/testeryou.com\/tr\/istqb-yazilim-testlerinde-yapay-zeka-egitimi\/#breadcrumb"},"inLanguage":"tr","potentialAction":[{"@type":"ReadAction","target":["https:\/\/testeryou.com\/tr\/istqb-yazilim-testlerinde-yapay-zeka-egitimi\/"]}]},{"@type":"BreadcrumbList","@id":"https:\/\/testeryou.com\/tr\/istqb-yazilim-testlerinde-yapay-zeka-egitimi\/#breadcrumb","itemListElement":[{"@type":"ListItem","position":1,"name":"Home","item":"https:\/\/testeryou.com\/tr\/"},{"@type":"ListItem","position":2,"name":"ISTQB\u00ae Yaz\u0131l\u0131m Testlerinde Yapay Zeka E\u011fitimi"}]},{"@type":"WebSite","@id":"https:\/\/testeryou.com\/tr\/#website","url":"https:\/\/testeryou.com\/tr\/","name":"TesterYou","description":"TesterYou","publisher":{"@id":"https:\/\/testeryou.com\/tr\/#organization"},"potentialAction":[{"@type":"SearchAction","target":{"@type":"EntryPoint","urlTemplate":"https:\/\/testeryou.com\/tr\/?s={search_term_string}"},"query-input":{"@type":"PropertyValueSpecification","valueRequired":true,"valueName":"search_term_string"}}],"inLanguage":"tr"},{"@type":"Organization","@id":"https:\/\/testeryou.com\/tr\/#organization","name":"TesterYou Bili\u015fim Hizmetleri A.\u015e.","url":"https:\/\/testeryou.com\/tr\/","logo":{"@type":"ImageObject","inLanguage":"tr","@id":"https:\/\/testeryou.com\/tr\/#\/schema\/logo\/image\/","url":"https:\/\/testeryou.com\/wp-content\/uploads\/2018\/06\/TesterYou_Favicon.png","contentUrl":"https:\/\/testeryou.com\/wp-content\/uploads\/2018\/06\/TesterYou_Favicon.png","width":1691,"height":1921,"caption":"TesterYou Bili\u015fim Hizmetleri A.\u015e."},"image":{"@id":"https:\/\/testeryou.com\/tr\/#\/schema\/logo\/image\/"},"sameAs":["http:\/\/www.facebook.com\/testeryouhq","https:\/\/x.com\/testeryouhq","http:\/\/www.instagram.com\/testeryouhq\/","http:\/\/www.linkedin.com\/company\/testeryou\/","http:\/\/www.youtube.com\/channel\/UC77eVCL7mzsIbNP799cEPOQ"]}]}},"_links":{"self":[{"href":"https:\/\/testeryou.com\/tr\/wp-json\/wp\/v2\/pages\/185246","targetHints":{"allow":["GET"]}}],"collection":[{"href":"https:\/\/testeryou.com\/tr\/wp-json\/wp\/v2\/pages"}],"about":[{"href":"https:\/\/testeryou.com\/tr\/wp-json\/wp\/v2\/types\/page"}],"author":[{"embeddable":true,"href":"https:\/\/testeryou.com\/tr\/wp-json\/wp\/v2\/users\/1"}],"replies":[{"embeddable":true,"href":"https:\/\/testeryou.com\/tr\/wp-json\/wp\/v2\/comments?post=185246"}],"version-history":[{"count":0,"href":"https:\/\/testeryou.com\/tr\/wp-json\/wp\/v2\/pages\/185246\/revisions"}],"wp:attachment":[{"href":"https:\/\/testeryou.com\/tr\/wp-json\/wp\/v2\/media?parent=185246"}],"curies":[{"name":"wp","href":"https:\/\/api.w.org\/{rel}","templated":true}]}}