{"id":185596,"date":"2021-06-29T14:28:58","date_gmt":"2021-06-29T11:28:58","guid":{"rendered":"http:\/\/testeryou.local\/?page_id=185596"},"modified":"2025-10-13T15:51:20","modified_gmt":"2025-10-13T12:51:20","slug":"istqb-temel-seviye-mobil-uygulama-testi-egitimi","status":"publish","type":"page","link":"https:\/\/testeryou.com\/tr\/istqb-temel-seviye-mobil-uygulama-testi-egitimi\/","title":{"rendered":"ISTQB\u00ae Temel Seviye Mobil Uygulama Testi E\u011fitimi"},"content":{"rendered":"<div class=\"wpb-content-wrapper\"><p>[vc_section back_color=&#8221;accent&#8221; back_image=&#8221;127300&#8243; back_repeat=&#8221;no-repeat&#8221; back_attachment=&#8221;inherit&#8221; parallax=&#8221;yes&#8221; overlay_alpha=&#8221;95&#8243; back_size=&#8221;cover&#8221;][vc_row row_height_percent=&#8221;0&#8243; override_padding=&#8221;yes&#8221; h_padding=&#8221;2&#8243; top_padding=&#8221;4&#8243; bottom_padding=&#8221;4&#8243; overlay_alpha=&#8221;95&#8243; gutter_size=&#8221;100&#8243; column_width_percent=&#8221;100&#8243; shift_y=&#8221;0&#8243; z_index=&#8221;0&#8243; style=&#8221;inherited&#8221; el_class=&#8221;trainings-section-2&#8243;][vc_column column_width_percent=&#8221;100&#8243; position_horizontal=&#8221;left&#8221; gutter_size=&#8221;3&#8243; expand_height=&#8221;yes&#8221; back_color=&#8221;color-xsdn&#8221; overlay_alpha=&#8221;100&#8243; shift_x=&#8221;0&#8243; shift_y=&#8221;0&#8243; shift_y_down=&#8221;0&#8243; z_index=&#8221;0&#8243; medium_width=&#8221;0&#8243; mobile_width=&#8221;0&#8243; zoom_width=&#8221;0&#8243; zoom_height=&#8221;0&#8243; width=&#8221;1\/3&#8243;][vc_column_text el_class=&#8221;trainings-ul-2&#8243;]<strong>Mobil D\u00fcnya &#8211; \u0130\u015f ve Teknoloji S\u00fcr\u00fcc\u00fcleri<\/strong><\/p>\n<ul>\n<li>Mobil Analiz Verileri<\/li>\n<li>Mobil Uygulamalar i\u00e7in \u0130\u015f Modelleri<\/li>\n<li>Mobil Cihaz T\u00fcrleri<\/li>\n<li>Mobil Uygulama T\u00fcrleri<\/li>\n<li>Mobil Uygulama Mimarisi<\/li>\n<li>Mobil Uygulamalar i\u00e7in Test Stratejisi<\/li>\n<li>Mobil Uygulama Testinin Zorluklar\u0131<\/li>\n<li>Mobil Uygulama Testindeki Riskler<\/li>\n<\/ul>\n<p><strong>Mobil Uygulama Test \u00c7e\u015fitleri<\/strong><\/p>\n<ul>\n<li>Cihaz Donan\u0131m\u0131yla Uyumluluk Testi<\/li>\n<li>Cihaz Yaz\u0131l\u0131m\u0131yla Uygulama Etkile\u015fimlerinin Test Edilmesi<\/li>\n<li>\u00c7e\u015fitli Ba\u011flant\u0131 Y\u00f6ntemlerinin Test Edilmesi<\/li>\n<\/ul>\n<p>[\/vc_column_text][\/vc_column][vc_column column_width_percent=&#8221;100&#8243; position_horizontal=&#8221;left&#8221; gutter_size=&#8221;3&#8243; expand_height=&#8221;yes&#8221; back_color=&#8221;color-xsdn&#8221; overlay_alpha=&#8221;100&#8243; shift_x=&#8221;0&#8243; shift_y=&#8221;0&#8243; shift_y_down=&#8221;0&#8243; z_index=&#8221;0&#8243; medium_width=&#8221;0&#8243; mobile_width=&#8221;0&#8243; zoom_width=&#8221;0&#8243; zoom_height=&#8221;0&#8243; width=&#8221;1\/3&#8243; el_class=&#8221;trainings-section-2-2&#8243;][vc_column_text el_class=&#8221;trainings-ul-2&#8243;]<strong>Mobil Uygulamalar i\u00e7in Ortak Test T\u00fcrleri ve Test S\u00fcreci<\/strong><\/p>\n<ul>\n<li>Mobil Uygulama i\u00e7in Ge\u00e7erli Ortak Test T\u00fcrleri<\/li>\n<li>Mobil Uygulamalar i\u00e7in ge\u00e7erli Ek Test D\u00fczeyleri<\/li>\n<li>Deneyime Dayal\u0131 Test Teknikleri<\/li>\n<li>Mobil Test S\u00fcreci ve Yakla\u015f\u0131mlar\u0131<\/li>\n<\/ul>\n<p><strong>Mobil Uygulama Platformlar\u0131, Ara\u00e7lar ve Ortam<\/strong><\/p>\n<ul>\n<li>Mobil Uygulamalar i\u00e7in Geli\u015ftirme Platformlar\u0131<\/li>\n<li>Ortak Geli\u015ftirme Platformu Ara\u00e7lar\u0131<\/li>\n<li>Em\u00fclat\u00f6rler ve Sim\u00fclat\u00f6rler<\/li>\n<li>Test Laboratuvar\u0131 Kurma<\/li>\n<\/ul>\n<p><strong>Test Y\u00fcr\u00fctmeyi Otomatikle\u015ftirme<\/strong><\/p>\n<ul>\n<li>Otomasyon Yakla\u015f\u0131mlar\u0131<\/li>\n<li>Otomasyon Y\u00f6ntemleri<\/li>\n<li>Otomasyon Ara\u00e7lar\u0131 De\u011ferlendirmesi<\/li>\n<li>Otomasyon Test Laboratuvar\u0131 kurma yakla\u015f\u0131mlar\u0131<\/li>\n<\/ul>\n<p>[\/vc_column_text][\/vc_column][vc_column column_width_percent=&#8221;100&#8243; position_horizontal=&#8221;left&#8221; gutter_size=&#8221;3&#8243; back_color=&#8221;color-xsdn&#8221; overlay_alpha=&#8221;100&#8243; shift_x=&#8221;0&#8243; shift_y=&#8221;0&#8243; shift_y_down=&#8221;0&#8243; z_index=&#8221;0&#8243; medium_width=&#8221;0&#8243; mobile_width=&#8221;0&#8243; zoom_width=&#8221;0&#8243; zoom_height=&#8221;0&#8243; width=&#8221;1\/3&#8243; el_class=&#8221;trainings-section-2-3 orange-button-col&#8221;][vc_column_text el_class=&#8221;trainings-ul-2&#8243;]<strong>Hedef kitle<\/strong><\/p>\n<ul>\n<li>Yaz\u0131l\u0131m Test Uzmanlar\u0131<\/li>\n<li>IOS Uygulama Geli\u015ftiricileri<\/li>\n<li>Android Geli\u015ftiricileri<\/li>\n<li>Test Otomasyonu Uzmanlar\u0131<\/li>\n<li>Test Y\u00f6neticileri<\/li>\n<li>\u0130\u015f Analistleri<\/li>\n<li>Yaz\u0131l\u0131m geli\u015ftiricileri<\/li>\n<li>Proje y\u00f6neticileri<\/li>\n<li>\u00dcr\u00fcn Sahipleri, Scrum Master&#8217;lar, \u00c7evik Ko\u00e7lar<\/li>\n<\/ul>\n<p>[\/vc_column_text][vc_column_text css=&#8221;.vc_custom_1686660928282{margin-top: 15px !important;margin-bottom: 15px !important;}&#8221; uncode_shortcode_id=&#8221;687986&#8243;]<strong><span style=\"color: #664a9e;\">E\u011fitim S\u00fcresi:<\/span><\/strong> 2 g\u00fcn[\/vc_column_text][vc_button button_color=&#8221;color-F05835&#8243; border_width=&#8221;0&#8243; link=&#8221;url:https%3A%2F%2Fforms.office.com%2FPages%2FResponsePage.aspx%3Fid%3DzVbmergX40u9NwDcFPkIX85PZfFM5OtBugTu_mOVDJJUOThUR0Q4NkZXUFdYVUUyOVM4N1lURktHSSQlQCN0PWcu|target:_blank&#8221; el_class=&#8221;button-orange egitim-section-buton&#8221; button_color_type=&#8221;uncode-palette&#8221; uncode_shortcode_id=&#8221;106334&#8243;]Bilgi Al[\/vc_button][vc_button button_color=&#8221;color-882BFF&#8221; border_width=&#8221;0&#8243; link=&#8221;url:http%3A%2F%2Ftesteryou.com%2Ftr%2Ftesteryou-products%2Fistqb-mobil-uygulama-testi-egitim%2F|target:_blank&#8221; el_class=&#8221;button-orange egitim-section-buton&#8221; button_color_type=&#8221;uncode-palette&#8221; uncode_shortcode_id=&#8221;190114&#8243;]Sat\u0131n Al[\/vc_button][\/vc_column][\/vc_row][vc_row row_height_percent=&#8221;0&#8243; overlay_alpha=&#8221;50&#8243; gutter_size=&#8221;3&#8243; column_width_percent=&#8221;100&#8243; shift_y=&#8221;0&#8243; z_index=&#8221;0&#8243; el_id=&#8221;form&#8221;][vc_column width=&#8221;1\/1&#8243;][vc_column_text el_class=&#8221;form-testeryou&#8221; uncode_shortcode_id=&#8221;193433&#8243;]<\/p>\n<div class=\"modalboxtitle\">\n<h4 style=\"text-align: center;\">Daha Fazla Bilgi Al<\/h4>\n<\/div>\n<div class=\"modalboxtitle\">\n<p style=\"text-align: center;\"><strong>ISTQB\u00ae Temel Seviye Mobil Uygulama Testi E\u011fitimi<\/strong><\/p>\n<\/div>\n<div class=\"wpcf7 no-js\" id=\"wpcf7-f211173-o1\" lang=\"en-US\" dir=\"ltr\" data-wpcf7-id=\"211173\">\n<div class=\"screen-reader-response\"><p role=\"status\" aria-live=\"polite\" aria-atomic=\"true\"><\/p> <ul><\/ul><\/div>\n<form action=\"\/tr\/wp-json\/wp\/v2\/pages\/185596#wpcf7-f211173-o1\" method=\"post\" class=\"wpcf7-form init\" aria-label=\"Contact form\" novalidate=\"novalidate\" data-status=\"init\">\n<fieldset class=\"hidden-fields-container\"><input type=\"hidden\" name=\"_wpcf7\" value=\"211173\" \/><input type=\"hidden\" name=\"_wpcf7_version\" value=\"6.1.2\" \/><input type=\"hidden\" name=\"_wpcf7_locale\" value=\"en_US\" \/><input type=\"hidden\" name=\"_wpcf7_unit_tag\" value=\"wpcf7-f211173-o1\" \/><input type=\"hidden\" name=\"_wpcf7_container_post\" value=\"0\" \/><input type=\"hidden\" name=\"_wpcf7_posted_data_hash\" value=\"\" \/><input type=\"hidden\" name=\"_wpcf7cf_hidden_group_fields\" value=\"[]\" \/><input type=\"hidden\" name=\"_wpcf7cf_hidden_groups\" value=\"[]\" \/><input type=\"hidden\" name=\"_wpcf7cf_visible_groups\" value=\"[]\" \/><input type=\"hidden\" name=\"_wpcf7cf_repeaters\" value=\"[]\" \/><input type=\"hidden\" name=\"_wpcf7cf_steps\" value=\"{}\" \/><input type=\"hidden\" name=\"_wpcf7cf_options\" value=\"{&quot;form_id&quot;:211173,&quot;conditions&quot;:[],&quot;settings&quot;:{&quot;animation&quot;:&quot;yes&quot;,&quot;animation_intime&quot;:200,&quot;animation_outtime&quot;:200,&quot;conditions_ui&quot;:&quot;normal&quot;,&quot;notice_dismissed&quot;:false,&quot;notice_dismissed_update-cf7-5.9.5&quot;:true}}\" \/><input type=\"hidden\" name=\"_wpcf7_recaptcha_response\" value=\"\" \/>\n<\/fieldset>\n<div class=\"row\">\n\t<div class=\"row\">\n\t\t<div class=\"col-lg-6\">\n\t\t\t<div class=\"col-lg-6\">\n\t\t\t\t<p><span class=\"wpcf7-form-control-wrap\" data-name=\"isim\"><input size=\"40\" maxlength=\"400\" class=\"wpcf7-form-control wpcf7-text wpcf7-validates-as-required form-fluid\" aria-required=\"true\" aria-invalid=\"false\" placeholder=\"\u0130sim *\" value=\"\" type=\"text\" name=\"isim\" \/><\/span>\n\t\t\t\t<\/p>\n\t\t\t<\/div>\n\t\t\t<div class=\"col-lg-6\">\n\t\t\t\t<p><span class=\"wpcf7-form-control-wrap\" data-name=\"soyisim\"><input size=\"40\" maxlength=\"400\" class=\"wpcf7-form-control wpcf7-text wpcf7-validates-as-required form-fluid\" aria-required=\"true\" aria-invalid=\"false\" placeholder=\"Soyisim *\" value=\"\" type=\"text\" name=\"soyisim\" \/><\/span>\n\t\t\t\t<\/p>\n\t\t\t<\/div>\n\t\t<\/div>\n\t\t<div class=\"col-lg-6\">\n\t\t\t<p><span class=\"wpcf7-form-control-wrap\" data-name=\"e-mail\"><input size=\"40\" maxlength=\"400\" class=\"wpcf7-form-control wpcf7-email wpcf7-validates-as-required wpcf7-text wpcf7-validates-as-email form-fluid\" aria-required=\"true\" aria-invalid=\"false\" placeholder=\"E-mail *\" value=\"\" type=\"email\" name=\"e-mail\" \/><\/span>\n\t\t\t<\/p>\n\t\t<\/div>\n\t<\/div>\n\t<div class=\"row\">\n\t\t<div >\n\t\t\t<div class=\"col-lg-6\">\n\t\t\t\t<p><span class=\"wpcf7-form-control-wrap\" data-name=\"telefon\"><input size=\"40\" maxlength=\"400\" class=\"wpcf7-form-control wpcf7-tel wpcf7-validates-as-required wpcf7-text wpcf7-validates-as-tel form-fluid\" aria-required=\"true\" aria-invalid=\"false\" placeholder=\"Telefon *\" value=\"\" type=\"tel\" name=\"telefon\" \/><\/span>\n\t\t\t\t<\/p>\n\t\t\t<\/div>\n\t\t\t<div class=\"col-lg-6\">\n\t\t\t\t<p><span class=\"wpcf7-form-control-wrap\" data-name=\"sirket-adi\"><input size=\"40\" maxlength=\"400\" class=\"wpcf7-form-control wpcf7-text wpcf7-validates-as-required form-fluid\" aria-required=\"true\" aria-invalid=\"false\" placeholder=\"\u015eirket Ad\u0131\" value=\"\" type=\"text\" name=\"sirket-adi\" \/><\/span>\n\t\t\t\t<\/p>\n\t\t\t<\/div>\n\t\t<\/div>\n\t<\/div>\n\t<div class=\"col-lg-6\">\n\t\t<p><span class=\"wpcf7-form-control-wrap\" data-name=\"mesaj\"><textarea cols=\"40\" rows=\"4\" maxlength=\"2000\" class=\"wpcf7-form-control wpcf7-textarea\" aria-invalid=\"false\" placeholder=\"Mesaj\u0131n\u0131z\" name=\"mesaj\"><\/textarea><\/span>\n\t\t<\/p>\n\t<\/div>\n<\/div>\n<div class=\"row\">\n\t<div class=\"col-lg-8\">\n\t\t<p><span class=\"wpcf7-form-control-wrap\" data-name=\"acceptance-723\"><span class=\"wpcf7-form-control wpcf7-acceptance\"><span class=\"wpcf7-list-item\"><label><input type=\"checkbox\" name=\"acceptance-723\" value=\"1\" aria-invalid=\"false\" \/><span class=\"wpcf7-list-item-label\"><a style=\"font-weight:bold\" href=\"testeryou.com\/tr\/gizlilik-politikasi\">Gizlilik Politikas\u0131<\/a>'n\u0131 okudum ve kabul ediyorum.<\/span><\/label><\/span><\/span><\/span>\n\t\t<\/p>\n\t<\/div>\n\t<div class=\"col-lg-4\">\n\t\t<p><input class=\"wpcf7-form-control wpcf7-submit has-spinner btn btn-accent btn-lg\" type=\"submit\" value=\"Bilgi Al\" \/>\n\t\t<\/p>\n\t<\/div>\n<\/div><div class=\"wpcf7-response-output\" aria-hidden=\"true\"><\/div>\n<\/form>\n<\/div>\n[\/vc_column_text][\/vc_column][\/vc_row][\/vc_section][vc_row row_height_percent=&#8221;0&#8243; override_padding=&#8221;yes&#8221; h_padding=&#8221;2&#8243; top_padding=&#8221;3&#8243; bottom_padding=&#8221;3&#8243; back_color=&#8221;color-909636&#8243; overlay_alpha=&#8221;100&#8243; gutter_size=&#8221;3&#8243; column_width_percent=&#8221;100&#8243; border_color=&#8221;color-gyho&#8221; border_style=&#8221;solid&#8221; shift_y=&#8221;0&#8243; z_index=&#8221;0&#8243; el_class=&#8221;training-section&#8221;][vc_column column_width_percent=&#8221;100&#8243; align_horizontal=&#8221;align_center&#8221; gutter_size=&#8221;3&#8243; overlay_alpha=&#8221;100&#8243; shift_x=&#8221;0&#8243; shift_y=&#8221;0&#8243; z_index=&#8221;0&#8243; medium_width=&#8221;0&#8243; zoom_width=&#8221;0&#8243; zoom_height=&#8221;0&#8243; width=&#8221;1\/1&#8243;][vc_column_text]<\/p>\n<p style=\"text-align: left;\"><b><span data-contrast=\"auto\">E\u011fitim Hakk\u0131nda<\/span><\/b><span data-ccp-props=\"{}\">\u00a0<\/span><\/p>\n<p style=\"text-align: left;\"><span data-contrast=\"auto\">Mobil Uygulama Testi E\u011fitimi,<\/span><span data-contrast=\"auto\">\u00a0yaz\u0131l\u0131m testinde \u00e7al\u0131\u015fan ve Mobil Uygulama Testi anlay\u0131\u015f\u0131n\u0131 geni\u015fletmek veya Mobil Uygulama Testi uzman\u0131 olarak\u00a0<\/span><span data-contrast=\"auto\">bir\u00a0<\/span><span data-contrast=\"auto\">kariyere ba\u015flamak isteyen herkes i\u00e7in<\/span><span data-contrast=\"auto\">\u00a0uygundur.<\/span><span data-ccp-props=\"{}\">\u00a0<\/span><\/p>\n<p>[\/vc_column_text][vc_column_text]<\/p>\n<div class=\"uncode_text_column trainings-ul-2\">\n<p style=\"text-align: left;\"><strong>Kazan\u0131mlar<\/strong><\/p>\n<p style=\"text-align: left;\">Temel Seviye Mobil Uygulama Testi e\u011fitim sertifikas\u0131n\u0131 alan bir ki\u015finin i\u015f hayat\u0131ndaki kazan\u0131mlar\u0131 a\u015fa\u011f\u0131daki gibidir:<\/p>\n<ul>\n<li style=\"text-align: left;\">Yaz\u0131l\u0131m testi i\u00e7in ortak bir dil kullanarak verimli ve etkili ileti\u015fimi te\u015fvik edersiniz.<\/li>\n<li style=\"text-align: left;\">Yaz\u0131l\u0131m testinin temel kavramlar\u0131n\u0131 \u00f6\u011frenirsiniz.<\/li>\n<li style=\"text-align: left;\">Test incelemelerine etkili bir \u015fekilde katk\u0131 verirsiniz.<\/li>\n<li style=\"text-align: left;\">T\u00fcm test seviyelerinde, testleri tasarlamak i\u00e7in yerle\u015fik teknikleri kullan\u0131rs\u0131n\u0131z.<\/li>\n<li style=\"text-align: left;\">Verilen test \u00f6zelliklerine g\u00f6re testleri yorumlar ve y\u00fcr\u00fct\u00fcr, ayr\u0131ca test sonu\u00e7lar\u0131n\u0131 raporlayabilirsiniz.<\/li>\n<li style=\"text-align: left;\">Kaynaklar, stratejiler, planlama, proje kontrol\u00fc ve risk y\u00f6netimi i\u00e7in test y\u00f6netimi ilkelerini benimsersiniz.<\/li>\n<li style=\"text-align: left;\">A\u00e7\u0131k ve anla\u015f\u0131l\u0131r hata raporlar\u0131 yazar ve iletirsiniz.<\/li>\n<li style=\"text-align: left;\">Test \u00f6nceliklerini ve test yakla\u015f\u0131m\u0131n\u0131 y\u00f6nlendiren proje fakt\u00f6rlerini \u00f6\u011frenirsiniz.<\/li>\n<li style=\"text-align: left;\">Yaz\u0131l\u0131m testinin payda\u015flara getirdi\u011fi de\u011feri \u00f6\u011frenirsiniz.<\/li>\n<li style=\"text-align: left;\">Test faaliyetlerinin ve \u00e7al\u0131\u015fma \u00fcr\u00fcnlerinin proje hedefleri ve \u00f6l\u00e7\u00fcmlemeriyle uyumunu \u00f6\u011frenirsiniz.<\/li>\n<li style=\"text-align: left;\">Test ara\u00e7lar\u0131n\u0131n se\u00e7im ve uygulama s\u00fcrecine yard\u0131mc\u0131 olursunuz.<\/li>\n<li style=\"text-align: left;\">\u00d6zellikle mobil uygulama test otomasyonunu desteklemek i\u00e7in y\u00f6ntemleri ve ara\u00e7lar\u0131n\u0131 anlars\u0131n\u0131z.<\/li>\n<li style=\"text-align: left;\">Mobil uygulamalarda test s\u00fcrecinin g\u00fc\u00e7lendirilmesine y\u00f6nelik \u00e7al\u0131\u015fmalarda yer al\u0131r ve \u00f6nc\u00fcl\u00fck edersiniz.<\/li>\n<\/ul>\n<\/div>\n<p>[\/vc_column_text][\/vc_column][\/vc_row]<\/p>\n<\/div>","protected":false},"excerpt":{"rendered":"<p>[vc_section back_color=&#8221;accent&#8221; back_image=&#8221;127300&#8243; back_repeat=&#8221;no-repeat&#8221; back_attachment=&#8221;inherit&#8221; parallax=&#8221;yes&#8221; overlay_alpha=&#8221;95&#8243; back_size=&#8221;cover&#8221;][vc_row row_height_percent=&#8221;0&#8243; override_padding=&#8221;yes&#8221; h_padding=&#8221;2&#8243; top_padding=&#8221;4&#8243; bottom_padding=&#8221;4&#8243; overlay_alpha=&#8221;95&#8243; gutter_size=&#8221;100&#8243; column_width_percent=&#8221;100&#8243; shift_y=&#8221;0&#8243; z_index=&#8221;0&#8243; style=&#8221;inherited&#8221; el_class=&#8221;trainings-section-2&#8243;][vc_column [&hellip;]<\/p>\n","protected":false},"author":1,"featured_media":0,"parent":0,"menu_order":0,"comment_status":"closed","ping_status":"closed","template":"","meta":{"_acf_changed":false,"_exactmetrics_skip_tracking":false,"_exactmetrics_sitenote_active":false,"_exactmetrics_sitenote_note":"","_exactmetrics_sitenote_category":0,"footnotes":""},"class_list":["post-185596","page","type-page","status-publish","hentry"],"acf":[],"yoast_head":"<!-- This site is optimized with the Yoast SEO plugin v26.1.1 - https:\/\/yoast.com\/wordpress\/plugins\/seo\/ -->\n<title>ISTQB\u00ae Temel Seviye Mobil Uygulama Testi E\u011fitimi - TesterYou<\/title>\n<meta name=\"robots\" content=\"index, follow, max-snippet:-1, max-image-preview:large, max-video-preview:-1\" \/>\n<link rel=\"canonical\" href=\"https:\/\/testeryou.com\/tr\/istqb-temel-seviye-mobil-uygulama-testi-egitimi\/\" \/>\n<meta property=\"og:locale\" content=\"tr_TR\" \/>\n<meta property=\"og:type\" content=\"article\" \/>\n<meta property=\"og:title\" content=\"ISTQB\u00ae Temel Seviye Mobil Uygulama Testi E\u011fitimi - TesterYou\" \/>\n<meta property=\"og:description\" content=\"[vc_section back_color=&#8221;accent&#8221; back_image=&#8221;127300&#8243; back_repeat=&#8221;no-repeat&#8221; back_attachment=&#8221;inherit&#8221; parallax=&#8221;yes&#8221; overlay_alpha=&#8221;95&#8243; back_size=&#8221;cover&#8221;][vc_row row_height_percent=&#8221;0&#8243; override_padding=&#8221;yes&#8221; h_padding=&#8221;2&#8243; top_padding=&#8221;4&#8243; bottom_padding=&#8221;4&#8243; overlay_alpha=&#8221;95&#8243; gutter_size=&#8221;100&#8243; column_width_percent=&#8221;100&#8243; shift_y=&#8221;0&#8243; z_index=&#8221;0&#8243; style=&#8221;inherited&#8221; el_class=&#8221;trainings-section-2&#8243;][vc_column [&hellip;]\" \/>\n<meta property=\"og:url\" content=\"https:\/\/testeryou.com\/tr\/istqb-temel-seviye-mobil-uygulama-testi-egitimi\/\" \/>\n<meta property=\"og:site_name\" content=\"TesterYou\" \/>\n<meta property=\"article:publisher\" content=\"http:\/\/www.facebook.com\/testeryouhq\" \/>\n<meta property=\"article:modified_time\" content=\"2025-10-13T12:51:20+00:00\" \/>\n<meta name=\"twitter:card\" content=\"summary_large_image\" \/>\n<meta name=\"twitter:site\" content=\"@testeryouhq\" \/>\n<meta name=\"twitter:label1\" content=\"Tahmini okuma s\u00fcresi\" \/>\n\t<meta name=\"twitter:data1\" content=\"3 dakika\" \/>\n<script type=\"application\/ld+json\" class=\"yoast-schema-graph\">{\"@context\":\"https:\/\/schema.org\",\"@graph\":[{\"@type\":\"WebPage\",\"@id\":\"https:\/\/testeryou.com\/tr\/istqb-temel-seviye-mobil-uygulama-testi-egitimi\/\",\"url\":\"https:\/\/testeryou.com\/tr\/istqb-temel-seviye-mobil-uygulama-testi-egitimi\/\",\"name\":\"ISTQB\u00ae Temel Seviye Mobil Uygulama Testi E\u011fitimi - TesterYou\",\"isPartOf\":{\"@id\":\"https:\/\/testeryou.com\/tr\/#website\"},\"datePublished\":\"2021-06-29T11:28:58+00:00\",\"dateModified\":\"2025-10-13T12:51:20+00:00\",\"breadcrumb\":{\"@id\":\"https:\/\/testeryou.com\/tr\/istqb-temel-seviye-mobil-uygulama-testi-egitimi\/#breadcrumb\"},\"inLanguage\":\"tr\",\"potentialAction\":[{\"@type\":\"ReadAction\",\"target\":[\"https:\/\/testeryou.com\/tr\/istqb-temel-seviye-mobil-uygulama-testi-egitimi\/\"]}]},{\"@type\":\"BreadcrumbList\",\"@id\":\"https:\/\/testeryou.com\/tr\/istqb-temel-seviye-mobil-uygulama-testi-egitimi\/#breadcrumb\",\"itemListElement\":[{\"@type\":\"ListItem\",\"position\":1,\"name\":\"Home\",\"item\":\"https:\/\/testeryou.com\/tr\/\"},{\"@type\":\"ListItem\",\"position\":2,\"name\":\"ISTQB\u00ae Temel Seviye Mobil Uygulama Testi E\u011fitimi\"}]},{\"@type\":\"WebSite\",\"@id\":\"https:\/\/testeryou.com\/tr\/#website\",\"url\":\"https:\/\/testeryou.com\/tr\/\",\"name\":\"TesterYou\",\"description\":\"TesterYou\",\"publisher\":{\"@id\":\"https:\/\/testeryou.com\/tr\/#organization\"},\"potentialAction\":[{\"@type\":\"SearchAction\",\"target\":{\"@type\":\"EntryPoint\",\"urlTemplate\":\"https:\/\/testeryou.com\/tr\/?s={search_term_string}\"},\"query-input\":{\"@type\":\"PropertyValueSpecification\",\"valueRequired\":true,\"valueName\":\"search_term_string\"}}],\"inLanguage\":\"tr\"},{\"@type\":\"Organization\",\"@id\":\"https:\/\/testeryou.com\/tr\/#organization\",\"name\":\"TesterYou Bili\u015fim Hizmetleri A.\u015e.\",\"url\":\"https:\/\/testeryou.com\/tr\/\",\"logo\":{\"@type\":\"ImageObject\",\"inLanguage\":\"tr\",\"@id\":\"https:\/\/testeryou.com\/tr\/#\/schema\/logo\/image\/\",\"url\":\"https:\/\/testeryou.com\/wp-content\/uploads\/2018\/06\/TesterYou_Favicon.png\",\"contentUrl\":\"https:\/\/testeryou.com\/wp-content\/uploads\/2018\/06\/TesterYou_Favicon.png\",\"width\":1691,\"height\":1921,\"caption\":\"TesterYou Bili\u015fim Hizmetleri A.\u015e.\"},\"image\":{\"@id\":\"https:\/\/testeryou.com\/tr\/#\/schema\/logo\/image\/\"},\"sameAs\":[\"http:\/\/www.facebook.com\/testeryouhq\",\"https:\/\/x.com\/testeryouhq\",\"http:\/\/www.instagram.com\/testeryouhq\/\",\"http:\/\/www.linkedin.com\/company\/testeryou\/\",\"http:\/\/www.youtube.com\/channel\/UC77eVCL7mzsIbNP799cEPOQ\"]}]}<\/script>\n<!-- \/ Yoast SEO plugin. -->","yoast_head_json":{"title":"ISTQB\u00ae Temel Seviye Mobil Uygulama Testi E\u011fitimi - TesterYou","robots":{"index":"index","follow":"follow","max-snippet":"max-snippet:-1","max-image-preview":"max-image-preview:large","max-video-preview":"max-video-preview:-1"},"canonical":"https:\/\/testeryou.com\/tr\/istqb-temel-seviye-mobil-uygulama-testi-egitimi\/","og_locale":"tr_TR","og_type":"article","og_title":"ISTQB\u00ae Temel Seviye Mobil Uygulama Testi E\u011fitimi - TesterYou","og_description":"[vc_section back_color=&#8221;accent&#8221; back_image=&#8221;127300&#8243; back_repeat=&#8221;no-repeat&#8221; back_attachment=&#8221;inherit&#8221; parallax=&#8221;yes&#8221; overlay_alpha=&#8221;95&#8243; back_size=&#8221;cover&#8221;][vc_row row_height_percent=&#8221;0&#8243; override_padding=&#8221;yes&#8221; h_padding=&#8221;2&#8243; top_padding=&#8221;4&#8243; bottom_padding=&#8221;4&#8243; overlay_alpha=&#8221;95&#8243; gutter_size=&#8221;100&#8243; column_width_percent=&#8221;100&#8243; shift_y=&#8221;0&#8243; z_index=&#8221;0&#8243; style=&#8221;inherited&#8221; el_class=&#8221;trainings-section-2&#8243;][vc_column [&hellip;]","og_url":"https:\/\/testeryou.com\/tr\/istqb-temel-seviye-mobil-uygulama-testi-egitimi\/","og_site_name":"TesterYou","article_publisher":"http:\/\/www.facebook.com\/testeryouhq","article_modified_time":"2025-10-13T12:51:20+00:00","twitter_card":"summary_large_image","twitter_site":"@testeryouhq","twitter_misc":{"Tahmini okuma s\u00fcresi":"3 dakika"},"schema":{"@context":"https:\/\/schema.org","@graph":[{"@type":"WebPage","@id":"https:\/\/testeryou.com\/tr\/istqb-temel-seviye-mobil-uygulama-testi-egitimi\/","url":"https:\/\/testeryou.com\/tr\/istqb-temel-seviye-mobil-uygulama-testi-egitimi\/","name":"ISTQB\u00ae Temel Seviye Mobil Uygulama Testi E\u011fitimi - TesterYou","isPartOf":{"@id":"https:\/\/testeryou.com\/tr\/#website"},"datePublished":"2021-06-29T11:28:58+00:00","dateModified":"2025-10-13T12:51:20+00:00","breadcrumb":{"@id":"https:\/\/testeryou.com\/tr\/istqb-temel-seviye-mobil-uygulama-testi-egitimi\/#breadcrumb"},"inLanguage":"tr","potentialAction":[{"@type":"ReadAction","target":["https:\/\/testeryou.com\/tr\/istqb-temel-seviye-mobil-uygulama-testi-egitimi\/"]}]},{"@type":"BreadcrumbList","@id":"https:\/\/testeryou.com\/tr\/istqb-temel-seviye-mobil-uygulama-testi-egitimi\/#breadcrumb","itemListElement":[{"@type":"ListItem","position":1,"name":"Home","item":"https:\/\/testeryou.com\/tr\/"},{"@type":"ListItem","position":2,"name":"ISTQB\u00ae Temel Seviye Mobil Uygulama Testi E\u011fitimi"}]},{"@type":"WebSite","@id":"https:\/\/testeryou.com\/tr\/#website","url":"https:\/\/testeryou.com\/tr\/","name":"TesterYou","description":"TesterYou","publisher":{"@id":"https:\/\/testeryou.com\/tr\/#organization"},"potentialAction":[{"@type":"SearchAction","target":{"@type":"EntryPoint","urlTemplate":"https:\/\/testeryou.com\/tr\/?s={search_term_string}"},"query-input":{"@type":"PropertyValueSpecification","valueRequired":true,"valueName":"search_term_string"}}],"inLanguage":"tr"},{"@type":"Organization","@id":"https:\/\/testeryou.com\/tr\/#organization","name":"TesterYou Bili\u015fim Hizmetleri A.\u015e.","url":"https:\/\/testeryou.com\/tr\/","logo":{"@type":"ImageObject","inLanguage":"tr","@id":"https:\/\/testeryou.com\/tr\/#\/schema\/logo\/image\/","url":"https:\/\/testeryou.com\/wp-content\/uploads\/2018\/06\/TesterYou_Favicon.png","contentUrl":"https:\/\/testeryou.com\/wp-content\/uploads\/2018\/06\/TesterYou_Favicon.png","width":1691,"height":1921,"caption":"TesterYou Bili\u015fim Hizmetleri A.\u015e."},"image":{"@id":"https:\/\/testeryou.com\/tr\/#\/schema\/logo\/image\/"},"sameAs":["http:\/\/www.facebook.com\/testeryouhq","https:\/\/x.com\/testeryouhq","http:\/\/www.instagram.com\/testeryouhq\/","http:\/\/www.linkedin.com\/company\/testeryou\/","http:\/\/www.youtube.com\/channel\/UC77eVCL7mzsIbNP799cEPOQ"]}]}},"_links":{"self":[{"href":"https:\/\/testeryou.com\/tr\/wp-json\/wp\/v2\/pages\/185596","targetHints":{"allow":["GET"]}}],"collection":[{"href":"https:\/\/testeryou.com\/tr\/wp-json\/wp\/v2\/pages"}],"about":[{"href":"https:\/\/testeryou.com\/tr\/wp-json\/wp\/v2\/types\/page"}],"author":[{"embeddable":true,"href":"https:\/\/testeryou.com\/tr\/wp-json\/wp\/v2\/users\/1"}],"replies":[{"embeddable":true,"href":"https:\/\/testeryou.com\/tr\/wp-json\/wp\/v2\/comments?post=185596"}],"version-history":[{"count":0,"href":"https:\/\/testeryou.com\/tr\/wp-json\/wp\/v2\/pages\/185596\/revisions"}],"wp:attachment":[{"href":"https:\/\/testeryou.com\/tr\/wp-json\/wp\/v2\/media?parent=185596"}],"curies":[{"name":"wp","href":"https:\/\/api.w.org\/{rel}","templated":true}]}}