{"id":187644,"date":"2021-08-27T14:18:30","date_gmt":"2021-08-27T11:18:30","guid":{"rendered":"http:\/\/testeryou.local\/testeryou-bootcamp\/"},"modified":"2026-03-12T11:16:56","modified_gmt":"2026-03-12T08:16:56","slug":"testeryou-bootcamp","status":"publish","type":"page","link":"https:\/\/testeryou.com\/tr\/testeryou-bootcamp\/","title":{"rendered":"TesterYou Bootcamp"},"content":{"rendered":"<div class=\"wpb-content-wrapper\"><p>[vc_row row_height_percent=&#8221;0&#8243; override_padding=&#8221;yes&#8221; h_padding=&#8221;2&#8243; top_padding=&#8221;3&#8243; bottom_padding=&#8221;3&#8243; overlay_alpha=&#8221;100&#8243; gutter_size=&#8221;3&#8243; column_width_percent=&#8221;100&#8243; border_color=&#8221;color-gyho&#8221; border_style=&#8221;solid&#8221; shift_y=&#8221;0&#8243; z_index=&#8221;0&#8243; el_class=&#8221;events-section-1&#8243;][vc_column column_width_percent=&#8221;100&#8243; align_horizontal=&#8221;align_center&#8221; gutter_size=&#8221;3&#8243; overlay_alpha=&#8221;100&#8243; shift_x=&#8221;0&#8243; shift_y=&#8221;0&#8243; z_index=&#8221;0&#8243; medium_width=&#8221;0&#8243; zoom_width=&#8221;0&#8243; zoom_height=&#8221;0&#8243; width=&#8221;1\/1&#8243;][vc_row_inner row_inner_height_percent=&#8221;0&#8243; overlay_alpha=&#8221;100&#8243; gutter_size=&#8221;3&#8243; shift_y=&#8221;0&#8243; limit_content=&#8221;&#8221;][vc_column_inner column_width_use_pixel=&#8221;yes&#8221; align_horizontal=&#8221;align_center&#8221; gutter_size=&#8221;3&#8243; overlay_alpha=&#8221;100&#8243; shift_x=&#8221;0&#8243; shift_y=&#8221;0&#8243; shift_y_down=&#8221;0&#8243; z_index=&#8221;0&#8243; medium_width=&#8221;0&#8243; mobile_width=&#8221;0&#8243; zoom_width=&#8221;0&#8243; zoom_height=&#8221;0&#8243; mobile_width_full=&#8221;&#8221; width=&#8221;1\/1&#8243; column_width_pixel=&#8221;640&#8243;][vc_custom_heading heading_semantic=&#8221;h5&#8243; text_size=&#8221;h5&#8243; text_transform=&#8221;capitalize&#8221; separator=&#8221;yes&#8221; separator_color=&#8221;yes&#8221; sub_lead=&#8221;yes&#8221; sub_reduced=&#8221;yes&#8221; text_align=&#8221;text-center&#8221; text_serif=&#8221;&#8221; uncode_shortcode_id=&#8221;134482&#8243;]D\u00fcnya \u00c7ap\u0131nda Test Uzmanlar\u0131n\u0131 E\u011fitiyor Ve Geli\u015ftiriyoruz[\/vc_custom_heading][\/vc_column_inner][\/vc_row_inner][vc_column_text uncode_shortcode_id=&#8221;104239&#8243;]Test uzmanlar\u0131n\u0131n al\u0131\u015f\u0131lm\u0131\u015f\u0131n d\u0131\u015f\u0131nda d\u00fc\u015f\u00fcnmelerini ve kariyer yollar\u0131 konusunda tutkulu olmalar\u0131n\u0131 istiyoruz. Yaz\u0131l\u0131m test becerilerini geli\u015ftirmek, i\u015fbirli\u011fi, teknik merak ve yeni fikirlere a\u00e7\u0131k olmay\u0131 gerektirir. Biz de, yaz\u0131l\u0131m testi ve kalitesinde analitik d\u00fc\u015f\u00fcnceyi a\u00e7\u0131k fikirlilikle birle\u015ftirme becerisine sahip bireyler ar\u0131yoruz. Bootcamp s\u0131n\u0131flar\u0131m\u0131z, yaz\u0131l\u0131m testi i\u015f f\u0131rsat\u0131 arayan ve TesterYou\u2019daki harika dan\u0131\u015fman ekibimizle \u00e7al\u0131\u015fmak isteyen profesyonellere ve yeni mezunlara sonuna kadar a\u00e7\u0131kt\u0131r. TesterYou Bootcamp \u00fccretsiz oldu\u011fundan dolay\u0131, program giri\u015fleri olduk\u00e7a se\u00e7icidir. Bootcamp\u2019te, en ba\u015far\u0131l\u0131 kat\u0131l\u0131mc\u0131lar\u0131 i\u015fe almakla da ilgileniyoruz ve bu sayede elde etti\u011fimiz \u015feyleri yaz\u0131l\u0131m test toplulu\u011funa geri veriyoruz.[\/vc_column_text][\/vc_column][\/vc_row][vc_section back_color=&#8221;accent&#8221; back_image=&#8221;11298&#8243; back_repeat=&#8221;inherit&#8221; back_attachment=&#8221;scroll&#8221; overlay_alpha=&#8221;50&#8243; back_size=&#8221;cover&#8221;][vc_row row_height_percent=&#8221;0&#8243; override_padding=&#8221;yes&#8221; h_padding=&#8221;2&#8243; top_padding=&#8221;4&#8243; bottom_padding=&#8221;4&#8243; back_color=&#8221;accent&#8221; back_image=&#8221;11298&#8243; parallax=&#8221;yes&#8221; overlay_alpha=&#8221;95&#8243; gutter_size=&#8221;100&#8243; column_width_percent=&#8221;100&#8243; shift_y=&#8221;0&#8243; z_index=&#8221;0&#8243; style=&#8221;inherited&#8221; el_class=&#8221;trainings-section-2&#8243;][vc_column column_width_percent=&#8221;100&#8243; position_horizontal=&#8221;left&#8221; gutter_size=&#8221;3&#8243; expand_height=&#8221;yes&#8221; back_color=&#8221;color-xsdn&#8221; overlay_alpha=&#8221;100&#8243; shift_x=&#8221;0&#8243; shift_y=&#8221;0&#8243; shift_y_down=&#8221;0&#8243; z_index=&#8221;0&#8243; medium_width=&#8221;0&#8243; mobile_width=&#8221;0&#8243; zoom_width=&#8221;0&#8243; zoom_height=&#8221;0&#8243; width=&#8221;1\/3&#8243;][vc_column_text el_class=&#8221;trainings-ul-2&#8243; uncode_shortcode_id=&#8221;128847&#8243;]<b><span data-contrast=\"none\">Nas\u0131l Test M\u00fchendisi Olunur?<\/span><\/b><\/p>\n<ul>\n<li data-stringify-indent=\"0\" data-stringify-border=\"0\">Test Nedir?<\/li>\n<li data-stringify-indent=\"0\" data-stringify-border=\"0\">Test Neden Gereklidir?<\/li>\n<li data-stringify-indent=\"0\" data-stringify-border=\"0\">Yedi Test \u0130lkesi<\/li>\n<li data-stringify-indent=\"0\" data-stringify-border=\"0\">M\u00fc\u015fteri ve Sat\u0131c\u0131 \u0130li\u015fkileri<\/li>\n<li data-stringify-indent=\"0\" data-stringify-border=\"0\">Test Psikolojisi<\/li>\n<\/ul>\n<p><b><span data-contrast=\"none\">Yaz\u0131l\u0131m Geli\u015ftirme Ya\u015fam D\u00f6ng\u00fcs\u00fc Modelleri<\/span><\/b><\/p>\n<ul>\n<li>Yaz\u0131l\u0131m Geli\u015ftirme Ya\u015fam D\u00f6ng\u00fcs\u00fc<\/li>\n<li data-stringify-indent=\"0\" data-stringify-border=\"0\">Waterfall, V-Model, Spiral<\/li>\n<li data-stringify-indent=\"0\" data-stringify-border=\"0\">Agile Manifesto<\/li>\n<li data-stringify-indent=\"0\" data-stringify-border=\"0\">Scrum, Kanban, XP, TDD, BDD<\/li>\n<li data-stringify-indent=\"0\" data-stringify-border=\"0\">DevOps<\/li>\n<\/ul>\n<p><b><span data-contrast=\"none\">\u0130\u015f Analizi &amp; UX<\/span><\/b><\/p>\n<ul>\n<li data-stringify-indent=\"0\" data-stringify-border=\"0\">Strateji Analizi<\/li>\n<li data-stringify-indent=\"0\" data-stringify-border=\"0\">\u0130htiya\u00e7 Analizi<\/li>\n<li data-stringify-indent=\"0\" data-stringify-border=\"0\">Kullan\u0131c\u0131 Deneyimi Tasar\u0131m\u0131 ve Kullan\u0131labilirli\u011fi<\/li>\n<\/ul>\n<p>[\/vc_column_text][\/vc_column][vc_column column_width_percent=&#8221;100&#8243; position_horizontal=&#8221;left&#8221; gutter_size=&#8221;3&#8243; expand_height=&#8221;yes&#8221; back_color=&#8221;color-xsdn&#8221; overlay_alpha=&#8221;100&#8243; shift_x=&#8221;0&#8243; shift_y=&#8221;0&#8243; shift_y_down=&#8221;0&#8243; z_index=&#8221;0&#8243; medium_width=&#8221;0&#8243; mobile_width=&#8221;0&#8243; zoom_width=&#8221;0&#8243; zoom_height=&#8221;0&#8243; width=&#8221;1\/3&#8243; el_class=&#8221;trainings-section-2-2&#8243;][vc_column_text el_class=&#8221;trainings-ul-2&#8243; uncode_shortcode_id=&#8221;269163&#8243;]<b><span data-contrast=\"none\">Yaz\u0131l\u0131m Testinin Temelleri<\/span><\/b><\/p>\n<ul>\n<li data-stringify-indent=\"0\" data-stringify-border=\"0\">Test Seviyeleri<\/li>\n<li data-stringify-indent=\"0\" data-stringify-border=\"0\">Test T\u00fcrleri<\/li>\n<li data-stringify-indent=\"0\" data-stringify-border=\"0\">Test Tasar\u0131m Teknikleri<\/li>\n<li data-stringify-indent=\"0\" data-stringify-border=\"0\">Test D\u00f6k\u00fcmantasyonu<\/li>\n<\/ul>\n<p><b><span data-contrast=\"none\">Test Y\u00f6netimi<\/span><\/b><\/p>\n<ul>\n<li data-stringify-indent=\"0\" data-stringify-border=\"0\">Test Organizasyonu<\/li>\n<li data-stringify-indent=\"0\" data-stringify-border=\"0\">Test Planlama ve Tahmini<\/li>\n<li data-stringify-indent=\"0\" data-stringify-border=\"0\">Test \u0130zleme ve Kontrol<\/li>\n<li data-stringify-indent=\"0\" data-stringify-border=\"0\">Risk ve Test<\/li>\n<li data-stringify-indent=\"0\" data-stringify-border=\"0\">Kusur Y\u00f6netimi<\/li>\n<\/ul>\n<p><b><span data-contrast=\"none\">Kusur Y\u00f6netimi<\/span><\/b><\/p>\n<ul>\n<li data-stringify-indent=\"0\" data-stringify-border=\"0\">Hata Raporlar\u0131<\/li>\n<li data-stringify-indent=\"0\" data-stringify-border=\"0\">Regresyon ve Etki Analizi<\/li>\n<li data-stringify-indent=\"0\" data-stringify-border=\"0\">Kusur \u0130zleme Ara\u00e7lar\u0131<\/li>\n<\/ul>\n<p>[\/vc_column_text][\/vc_column][vc_column column_width_percent=&#8221;100&#8243; position_horizontal=&#8221;left&#8221; gutter_size=&#8221;3&#8243; back_color=&#8221;color-xsdn&#8221; overlay_alpha=&#8221;100&#8243; shift_x=&#8221;0&#8243; shift_y=&#8221;0&#8243; shift_y_down=&#8221;0&#8243; z_index=&#8221;0&#8243; medium_width=&#8221;0&#8243; mobile_width=&#8221;0&#8243; zoom_width=&#8221;0&#8243; zoom_height=&#8221;0&#8243; width=&#8221;1\/3&#8243; el_class=&#8221;trainings-section-2-3 orange-button-col bootcamp&#8221;][vc_column_text el_class=&#8221;trainings-ul-2&#8243; uncode_shortcode_id=&#8221;128859&#8243;]<b>Hedef Kitle\u00a0<\/b><\/p>\n<ul>\n<li data-stringify-indent=\"0\" data-stringify-border=\"0\">Yeni mezun<\/li>\n<li data-stringify-indent=\"0\" data-stringify-border=\"0\">\u0130\u015f Arayan<\/li>\n<li data-stringify-indent=\"0\" data-stringify-border=\"0\"><span style=\"font-family: -apple-system, BlinkMacSystemFont, 'Segoe UI', Roboto, Oxygen-Sans, Ubuntu, Cantarell, 'Helvetica Neue', sans-serif;\">Test uzmanl\u0131\u011f\u0131na giri\u015f yapmak ve bu alanda ilerlemek isteyen<\/span><\/li>\n<li data-stringify-indent=\"0\" data-stringify-border=\"0\">Kariyerinde fark\u0131ndal\u0131k yaratmak isteyen test uzmanlar\u0131<\/li>\n<\/ul>\n<p>[\/vc_column_text][vc_column_text css=&#8221;.vc_custom_1773230962330{margin-top: 15px !important;margin-bottom: 15px !important;}&#8221; uncode_shortcode_id=&#8221;205720&#8243;]<strong><span style=\"color: #664a9e;\">E\u011fitim S\u00fcresi: <\/span><\/strong>8 hafta (8 Canl\u0131 Oturum + Ev \u00d6devleri)<\/p>\n<p><strong><span style=\"color: #664a9e;\">E\u011fitim Ba\u015flang\u0131\u00e7 Tarihi: <\/span><\/strong><span style=\"color: #664a9e;\">6 Nisan<\/span><\/p>\n<p><strong><span style=\"color: #664a9e;\">Online!<\/span><\/strong><\/p>\n<p><strong><span style=\"color: #664a9e;\">\u00dccretsizdir!<\/span><\/strong>[\/vc_column_text][vc_column_text css=&#8221;.vc_custom_1631012867810{margin-top: 12px !important;}&#8221;]<img decoding=\"async\" class=\"aligncenter wp-image-187955\" src=\"https:\/\/testeryou.com\/wp-content\/uploads\/2021\/09\/6Asset-5-300x113.png\" alt=\"\" width=\"293\" height=\"110\" srcset=\"https:\/\/testeryou.com\/wp-content\/uploads\/2021\/09\/6Asset-5-300x113.png 300w, https:\/\/testeryou.com\/wp-content\/uploads\/2021\/09\/6Asset-5-1024x384.png 1024w, https:\/\/testeryou.com\/wp-content\/uploads\/2021\/09\/6Asset-5-768x288.png 768w, https:\/\/testeryou.com\/wp-content\/uploads\/2021\/09\/6Asset-5-266x100.png 266w, https:\/\/testeryou.com\/wp-content\/uploads\/2021\/09\/6Asset-5-50x19.png 50w, https:\/\/testeryou.com\/wp-content\/uploads\/2021\/09\/6Asset-5-75x28.png 75w, https:\/\/testeryou.com\/wp-content\/uploads\/2021\/09\/6Asset-5-1536x576.png 1536w, https:\/\/testeryou.com\/wp-content\/uploads\/2021\/09\/6Asset-5-2048x768.png 2048w, https:\/\/testeryou.com\/wp-content\/uploads\/2021\/09\/6Asset-5.png 3126w\" sizes=\"(max-width: 293px) 100vw, 293px\" \/>[\/vc_column_text][\/vc_column][\/vc_row][\/vc_section][vc_row row_height_percent=&#8221;0&#8243; overlay_alpha=&#8221;50&#8243; gutter_size=&#8221;3&#8243; column_width_percent=&#8221;100&#8243; shift_y=&#8221;0&#8243; z_index=&#8221;0&#8243; el_id=&#8221;bootcamp-form&#8221;][vc_column width=&#8221;1\/1&#8243;]\n<div class=\"wpcf7 no-js\" id=\"wpcf7-f189071-o1\" lang=\"en-US\" dir=\"ltr\" data-wpcf7-id=\"189071\">\n<div class=\"screen-reader-response\"><p role=\"status\" aria-live=\"polite\" aria-atomic=\"true\"><\/p> <ul><\/ul><\/div>\n<form action=\"\/tr\/wp-json\/wp\/v2\/pages\/187644#wpcf7-f189071-o1\" method=\"post\" class=\"wpcf7-form init\" aria-label=\"Contact form\" enctype=\"multipart\/form-data\" novalidate=\"novalidate\" data-status=\"init\">\n<fieldset class=\"hidden-fields-container\"><input type=\"hidden\" name=\"_wpcf7\" value=\"189071\" \/><input type=\"hidden\" name=\"_wpcf7_version\" value=\"6.1.2\" \/><input type=\"hidden\" name=\"_wpcf7_locale\" value=\"en_US\" \/><input type=\"hidden\" name=\"_wpcf7_unit_tag\" value=\"wpcf7-f189071-o1\" \/><input type=\"hidden\" name=\"_wpcf7_container_post\" value=\"0\" \/><input type=\"hidden\" name=\"_wpcf7_posted_data_hash\" value=\"\" \/><input type=\"hidden\" name=\"_wpcf7cf_hidden_group_fields\" value=\"[]\" \/><input type=\"hidden\" name=\"_wpcf7cf_hidden_groups\" value=\"[]\" \/><input type=\"hidden\" name=\"_wpcf7cf_visible_groups\" value=\"[]\" \/><input type=\"hidden\" name=\"_wpcf7cf_repeaters\" value=\"[]\" \/><input type=\"hidden\" name=\"_wpcf7cf_steps\" value=\"{}\" \/><input type=\"hidden\" name=\"_wpcf7cf_options\" value=\"{&quot;form_id&quot;:189071,&quot;conditions&quot;:[],&quot;settings&quot;:{&quot;animation&quot;:&quot;yes&quot;,&quot;animation_intime&quot;:200,&quot;animation_outtime&quot;:200,&quot;conditions_ui&quot;:&quot;normal&quot;,&quot;notice_dismissed&quot;:false,&quot;notice_dismissed_update-cf7-5.9.5&quot;:true}}\" \/><input type=\"hidden\" name=\"_wpcf7_recaptcha_response\" value=\"\" \/>\n<\/fieldset>\n<div class=\"wpcf7-inline-wrapper\">\n\t<p class=\"wpcf7-inline-field\"><span class=\"wpcf7-form-control-wrap\" data-name=\"Your-Name\"><input size=\"40\" maxlength=\"400\" class=\"wpcf7-form-control wpcf7-text wpcf7-validates-as-required\" aria-required=\"true\" aria-invalid=\"false\" placeholder=\"Name *\" value=\"\" type=\"text\" name=\"Your-Name\" \/><\/span>\n\t<\/p>\n\t<p class=\"wpcf7-inline-field\"><span class=\"wpcf7-form-control-wrap\" data-name=\"Your-Surname\"><input size=\"40\" maxlength=\"400\" class=\"wpcf7-form-control wpcf7-text wpcf7-validates-as-required form-fluid\" aria-required=\"true\" aria-invalid=\"false\" placeholder=\"Surname *\" value=\"\" type=\"text\" name=\"Your-Surname\" \/><\/span>\n\t<\/p>\n<\/div>\n<div class=\"wpcf7-inline-wrapper\">\n\t<p class=\"wpcf7-inline-field\"><span class=\"wpcf7-form-control-wrap\" data-name=\"your-email\"><input size=\"40\" maxlength=\"400\" class=\"wpcf7-form-control wpcf7-email wpcf7-validates-as-required wpcf7-text wpcf7-validates-as-email\" aria-required=\"true\" aria-invalid=\"false\" placeholder=\"Email *\" value=\"\" type=\"email\" name=\"your-email\" \/><\/span>\n\t<\/p>\n\t<p class=\"wpcf7-inline-field\"><span class=\"wpcf7-form-control-wrap\" data-name=\"your-telephone\"><input size=\"40\" maxlength=\"400\" class=\"wpcf7-form-control wpcf7-text wpcf7-validates-as-required form-fluid\" aria-required=\"true\" aria-invalid=\"false\" placeholder=\"Phone *\" value=\"\" type=\"text\" name=\"your-telephone\" \/><\/span>\n\t<\/p>\n<\/div>\n<p><span class=\"wpcf7-form-control-wrap\" data-name=\"your-subject\"><textarea cols=\"40\" rows=\"10\" maxlength=\"2000\" class=\"wpcf7-form-control wpcf7-textarea form-fluid\" aria-invalid=\"false\" placeholder=\"Describe Your Motivation *\" name=\"your-subject\"><\/textarea><\/span>\n<\/p>\n<p class=\"file-form\">\n<\/p>\n<p class=\"baslik-cv\" style=\"margin-top:20px;\">CV (PDF): *\n<\/p>\n<p class=\"baslik-cv-button\" style=\"margin-top:20px; margin-bottom:20px;\"><span class=\"wpcf7-form-control-wrap\" data-name=\"your-file\"><input size=\"40\" class=\"wpcf7-form-control wpcf7-file wpcf7-validates-as-required\" accept=\".pdf\" aria-required=\"true\" aria-invalid=\"false\" type=\"file\" name=\"your-file\" \/><\/span>\n<\/p>\n<div style=\" text-align: left; margin-bottom: 18px; \">\n\t<p><span class=\"wpcf7-form-control-wrap\" data-name=\"acceptance\"><span class=\"wpcf7-form-control wpcf7-acceptance\"><span class=\"wpcf7-list-item\"><label><input type=\"checkbox\" name=\"acceptance\" value=\"1\" aria-invalid=\"false\" \/><span class=\"wpcf7-list-item-label\">I have read and accept the <a style=\"font-weight:bold\" href=\"\/privacy-policy\/\" target=\"_blank\">Privacy Policy<\/a><\/span><\/label><\/span><\/span><\/span>\n\t<\/p>\n<\/div>\n<p><input class=\"wpcf7-form-control wpcf7-submit has-spinner btn btn-accent btn-circle\" type=\"submit\" value=\"Send Application\" \/>\n<\/p><div class=\"wpcf7-response-output\" aria-hidden=\"true\"><\/div>\n<\/form>\n<\/div>\n[\/vc_column][\/vc_row]<\/p>\n<\/div>","protected":false},"excerpt":{"rendered":"<p>[vc_row row_height_percent=&#8221;0&#8243; override_padding=&#8221;yes&#8221; h_padding=&#8221;2&#8243; top_padding=&#8221;3&#8243; bottom_padding=&#8221;3&#8243; overlay_alpha=&#8221;100&#8243; gutter_size=&#8221;3&#8243; column_width_percent=&#8221;100&#8243; border_color=&#8221;color-gyho&#8221; border_style=&#8221;solid&#8221; shift_y=&#8221;0&#8243; z_index=&#8221;0&#8243; el_class=&#8221;events-section-1&#8243;][vc_column column_width_percent=&#8221;100&#8243; align_horizontal=&#8221;align_center&#8221; gutter_size=&#8221;3&#8243; overlay_alpha=&#8221;100&#8243; shift_x=&#8221;0&#8243; shift_y=&#8221;0&#8243; [&hellip;]<\/p>\n","protected":false},"author":1,"featured_media":0,"parent":0,"menu_order":0,"comment_status":"closed","ping_status":"closed","template":"","meta":{"_acf_changed":false,"_exactmetrics_skip_tracking":false,"_exactmetrics_sitenote_active":false,"_exactmetrics_sitenote_note":"","_exactmetrics_sitenote_category":0,"footnotes":""},"class_list":["post-187644","page","type-page","status-publish","hentry"],"acf":[],"yoast_head":"<!-- This site is optimized with the Yoast SEO plugin v26.1.1 - https:\/\/yoast.com\/wordpress\/plugins\/seo\/ -->\n<title>TesterYou Bootcamp - TesterYou<\/title>\n<meta name=\"robots\" content=\"index, follow, max-snippet:-1, max-image-preview:large, max-video-preview:-1\" \/>\n<link rel=\"canonical\" href=\"https:\/\/testeryou.com\/tr\/testeryou-bootcamp\/\" \/>\n<meta property=\"og:locale\" content=\"tr_TR\" \/>\n<meta property=\"og:type\" content=\"article\" \/>\n<meta property=\"og:title\" content=\"TesterYou Bootcamp - TesterYou\" \/>\n<meta property=\"og:description\" content=\"[vc_row row_height_percent=&#8221;0&#8243; override_padding=&#8221;yes&#8221; h_padding=&#8221;2&#8243; top_padding=&#8221;3&#8243; bottom_padding=&#8221;3&#8243; overlay_alpha=&#8221;100&#8243; gutter_size=&#8221;3&#8243; column_width_percent=&#8221;100&#8243; border_color=&#8221;color-gyho&#8221; border_style=&#8221;solid&#8221; shift_y=&#8221;0&#8243; z_index=&#8221;0&#8243; el_class=&#8221;events-section-1&#8243;][vc_column column_width_percent=&#8221;100&#8243; align_horizontal=&#8221;align_center&#8221; gutter_size=&#8221;3&#8243; overlay_alpha=&#8221;100&#8243; shift_x=&#8221;0&#8243; shift_y=&#8221;0&#8243; [&hellip;]\" \/>\n<meta property=\"og:url\" content=\"https:\/\/testeryou.com\/tr\/testeryou-bootcamp\/\" \/>\n<meta property=\"og:site_name\" content=\"TesterYou\" \/>\n<meta property=\"article:publisher\" content=\"http:\/\/www.facebook.com\/testeryouhq\" \/>\n<meta property=\"article:modified_time\" content=\"2026-03-12T08:16:56+00:00\" \/>\n<meta property=\"og:image\" content=\"https:\/\/testeryou.com\/wp-content\/uploads\/2021\/09\/6Asset-5-300x113.png\" \/>\n<meta name=\"twitter:card\" content=\"summary_large_image\" \/>\n<meta name=\"twitter:site\" content=\"@testeryouhq\" \/>\n<meta name=\"twitter:label1\" content=\"Tahmini okuma s\u00fcresi\" \/>\n\t<meta name=\"twitter:data1\" content=\"3 dakika\" \/>\n<script type=\"application\/ld+json\" class=\"yoast-schema-graph\">{\"@context\":\"https:\/\/schema.org\",\"@graph\":[{\"@type\":\"WebPage\",\"@id\":\"https:\/\/testeryou.com\/tr\/testeryou-bootcamp\/\",\"url\":\"https:\/\/testeryou.com\/tr\/testeryou-bootcamp\/\",\"name\":\"TesterYou Bootcamp - TesterYou\",\"isPartOf\":{\"@id\":\"https:\/\/testeryou.com\/tr\/#website\"},\"primaryImageOfPage\":{\"@id\":\"https:\/\/testeryou.com\/tr\/testeryou-bootcamp\/#primaryimage\"},\"image\":{\"@id\":\"https:\/\/testeryou.com\/tr\/testeryou-bootcamp\/#primaryimage\"},\"thumbnailUrl\":\"https:\/\/testeryou.com\/wp-content\/uploads\/2021\/09\/6Asset-5-300x113.png\",\"datePublished\":\"2021-08-27T11:18:30+00:00\",\"dateModified\":\"2026-03-12T08:16:56+00:00\",\"breadcrumb\":{\"@id\":\"https:\/\/testeryou.com\/tr\/testeryou-bootcamp\/#breadcrumb\"},\"inLanguage\":\"tr\",\"potentialAction\":[{\"@type\":\"ReadAction\",\"target\":[\"https:\/\/testeryou.com\/tr\/testeryou-bootcamp\/\"]}]},{\"@type\":\"ImageObject\",\"inLanguage\":\"tr\",\"@id\":\"https:\/\/testeryou.com\/tr\/testeryou-bootcamp\/#primaryimage\",\"url\":\"https:\/\/testeryou.com\/wp-content\/uploads\/2021\/09\/6Asset-5-300x113.png\",\"contentUrl\":\"https:\/\/testeryou.com\/wp-content\/uploads\/2021\/09\/6Asset-5-300x113.png\"},{\"@type\":\"BreadcrumbList\",\"@id\":\"https:\/\/testeryou.com\/tr\/testeryou-bootcamp\/#breadcrumb\",\"itemListElement\":[{\"@type\":\"ListItem\",\"position\":1,\"name\":\"Home\",\"item\":\"https:\/\/testeryou.com\/tr\/\"},{\"@type\":\"ListItem\",\"position\":2,\"name\":\"TesterYou Bootcamp\"}]},{\"@type\":\"WebSite\",\"@id\":\"https:\/\/testeryou.com\/tr\/#website\",\"url\":\"https:\/\/testeryou.com\/tr\/\",\"name\":\"TesterYou\",\"description\":\"TesterYou\",\"publisher\":{\"@id\":\"https:\/\/testeryou.com\/tr\/#organization\"},\"potentialAction\":[{\"@type\":\"SearchAction\",\"target\":{\"@type\":\"EntryPoint\",\"urlTemplate\":\"https:\/\/testeryou.com\/tr\/?s={search_term_string}\"},\"query-input\":{\"@type\":\"PropertyValueSpecification\",\"valueRequired\":true,\"valueName\":\"search_term_string\"}}],\"inLanguage\":\"tr\"},{\"@type\":\"Organization\",\"@id\":\"https:\/\/testeryou.com\/tr\/#organization\",\"name\":\"TesterYou Bili\u015fim Hizmetleri A.\u015e.\",\"url\":\"https:\/\/testeryou.com\/tr\/\",\"logo\":{\"@type\":\"ImageObject\",\"inLanguage\":\"tr\",\"@id\":\"https:\/\/testeryou.com\/tr\/#\/schema\/logo\/image\/\",\"url\":\"https:\/\/testeryou.com\/wp-content\/uploads\/2018\/06\/TesterYou_Favicon.png\",\"contentUrl\":\"https:\/\/testeryou.com\/wp-content\/uploads\/2018\/06\/TesterYou_Favicon.png\",\"width\":1691,\"height\":1921,\"caption\":\"TesterYou Bili\u015fim Hizmetleri A.\u015e.\"},\"image\":{\"@id\":\"https:\/\/testeryou.com\/tr\/#\/schema\/logo\/image\/\"},\"sameAs\":[\"http:\/\/www.facebook.com\/testeryouhq\",\"https:\/\/x.com\/testeryouhq\",\"http:\/\/www.instagram.com\/testeryouhq\/\",\"http:\/\/www.linkedin.com\/company\/testeryou\/\",\"http:\/\/www.youtube.com\/channel\/UC77eVCL7mzsIbNP799cEPOQ\"]}]}<\/script>\n<!-- \/ Yoast SEO plugin. -->","yoast_head_json":{"title":"TesterYou Bootcamp - TesterYou","robots":{"index":"index","follow":"follow","max-snippet":"max-snippet:-1","max-image-preview":"max-image-preview:large","max-video-preview":"max-video-preview:-1"},"canonical":"https:\/\/testeryou.com\/tr\/testeryou-bootcamp\/","og_locale":"tr_TR","og_type":"article","og_title":"TesterYou Bootcamp - TesterYou","og_description":"[vc_row row_height_percent=&#8221;0&#8243; override_padding=&#8221;yes&#8221; h_padding=&#8221;2&#8243; top_padding=&#8221;3&#8243; bottom_padding=&#8221;3&#8243; overlay_alpha=&#8221;100&#8243; gutter_size=&#8221;3&#8243; column_width_percent=&#8221;100&#8243; border_color=&#8221;color-gyho&#8221; border_style=&#8221;solid&#8221; shift_y=&#8221;0&#8243; z_index=&#8221;0&#8243; el_class=&#8221;events-section-1&#8243;][vc_column column_width_percent=&#8221;100&#8243; align_horizontal=&#8221;align_center&#8221; gutter_size=&#8221;3&#8243; overlay_alpha=&#8221;100&#8243; shift_x=&#8221;0&#8243; shift_y=&#8221;0&#8243; [&hellip;]","og_url":"https:\/\/testeryou.com\/tr\/testeryou-bootcamp\/","og_site_name":"TesterYou","article_publisher":"http:\/\/www.facebook.com\/testeryouhq","article_modified_time":"2026-03-12T08:16:56+00:00","og_image":[{"url":"https:\/\/testeryou.com\/wp-content\/uploads\/2021\/09\/6Asset-5-300x113.png","type":"","width":"","height":""}],"twitter_card":"summary_large_image","twitter_site":"@testeryouhq","twitter_misc":{"Tahmini okuma s\u00fcresi":"3 dakika"},"schema":{"@context":"https:\/\/schema.org","@graph":[{"@type":"WebPage","@id":"https:\/\/testeryou.com\/tr\/testeryou-bootcamp\/","url":"https:\/\/testeryou.com\/tr\/testeryou-bootcamp\/","name":"TesterYou Bootcamp - TesterYou","isPartOf":{"@id":"https:\/\/testeryou.com\/tr\/#website"},"primaryImageOfPage":{"@id":"https:\/\/testeryou.com\/tr\/testeryou-bootcamp\/#primaryimage"},"image":{"@id":"https:\/\/testeryou.com\/tr\/testeryou-bootcamp\/#primaryimage"},"thumbnailUrl":"https:\/\/testeryou.com\/wp-content\/uploads\/2021\/09\/6Asset-5-300x113.png","datePublished":"2021-08-27T11:18:30+00:00","dateModified":"2026-03-12T08:16:56+00:00","breadcrumb":{"@id":"https:\/\/testeryou.com\/tr\/testeryou-bootcamp\/#breadcrumb"},"inLanguage":"tr","potentialAction":[{"@type":"ReadAction","target":["https:\/\/testeryou.com\/tr\/testeryou-bootcamp\/"]}]},{"@type":"ImageObject","inLanguage":"tr","@id":"https:\/\/testeryou.com\/tr\/testeryou-bootcamp\/#primaryimage","url":"https:\/\/testeryou.com\/wp-content\/uploads\/2021\/09\/6Asset-5-300x113.png","contentUrl":"https:\/\/testeryou.com\/wp-content\/uploads\/2021\/09\/6Asset-5-300x113.png"},{"@type":"BreadcrumbList","@id":"https:\/\/testeryou.com\/tr\/testeryou-bootcamp\/#breadcrumb","itemListElement":[{"@type":"ListItem","position":1,"name":"Home","item":"https:\/\/testeryou.com\/tr\/"},{"@type":"ListItem","position":2,"name":"TesterYou Bootcamp"}]},{"@type":"WebSite","@id":"https:\/\/testeryou.com\/tr\/#website","url":"https:\/\/testeryou.com\/tr\/","name":"TesterYou","description":"TesterYou","publisher":{"@id":"https:\/\/testeryou.com\/tr\/#organization"},"potentialAction":[{"@type":"SearchAction","target":{"@type":"EntryPoint","urlTemplate":"https:\/\/testeryou.com\/tr\/?s={search_term_string}"},"query-input":{"@type":"PropertyValueSpecification","valueRequired":true,"valueName":"search_term_string"}}],"inLanguage":"tr"},{"@type":"Organization","@id":"https:\/\/testeryou.com\/tr\/#organization","name":"TesterYou Bili\u015fim Hizmetleri A.\u015e.","url":"https:\/\/testeryou.com\/tr\/","logo":{"@type":"ImageObject","inLanguage":"tr","@id":"https:\/\/testeryou.com\/tr\/#\/schema\/logo\/image\/","url":"https:\/\/testeryou.com\/wp-content\/uploads\/2018\/06\/TesterYou_Favicon.png","contentUrl":"https:\/\/testeryou.com\/wp-content\/uploads\/2018\/06\/TesterYou_Favicon.png","width":1691,"height":1921,"caption":"TesterYou Bili\u015fim Hizmetleri A.\u015e."},"image":{"@id":"https:\/\/testeryou.com\/tr\/#\/schema\/logo\/image\/"},"sameAs":["http:\/\/www.facebook.com\/testeryouhq","https:\/\/x.com\/testeryouhq","http:\/\/www.instagram.com\/testeryouhq\/","http:\/\/www.linkedin.com\/company\/testeryou\/","http:\/\/www.youtube.com\/channel\/UC77eVCL7mzsIbNP799cEPOQ"]}]}},"_links":{"self":[{"href":"https:\/\/testeryou.com\/tr\/wp-json\/wp\/v2\/pages\/187644","targetHints":{"allow":["GET"]}}],"collection":[{"href":"https:\/\/testeryou.com\/tr\/wp-json\/wp\/v2\/pages"}],"about":[{"href":"https:\/\/testeryou.com\/tr\/wp-json\/wp\/v2\/types\/page"}],"author":[{"embeddable":true,"href":"https:\/\/testeryou.com\/tr\/wp-json\/wp\/v2\/users\/1"}],"replies":[{"embeddable":true,"href":"https:\/\/testeryou.com\/tr\/wp-json\/wp\/v2\/comments?post=187644"}],"version-history":[{"count":13,"href":"https:\/\/testeryou.com\/tr\/wp-json\/wp\/v2\/pages\/187644\/revisions"}],"predecessor-version":[{"id":212085,"href":"https:\/\/testeryou.com\/tr\/wp-json\/wp\/v2\/pages\/187644\/revisions\/212085"}],"wp:attachment":[{"href":"https:\/\/testeryou.com\/tr\/wp-json\/wp\/v2\/media?parent=187644"}],"curies":[{"name":"wp","href":"https:\/\/api.w.org\/{rel}","templated":true}]}}