{"id":189074,"date":"2021-10-15T12:31:39","date_gmt":"2021-10-15T09:31:39","guid":{"rendered":"http:\/\/testeryou.local\/?page_id=189074"},"modified":"2021-10-15T12:31:39","modified_gmt":"2021-10-15T09:31:39","slug":"kvkk","status":"publish","type":"page","link":"https:\/\/testeryou.com\/tr\/kvkk\/","title":{"rendered":"KVKK"},"content":{"rendered":"<p><strong><u>6698 SAYILI K\u0130\u015e\u0130SEL VER\u0130LER\u0130N KORUNMASI KANUNU (\u201cKVKK\u201d) KAPSAMINDA K\u0130\u015e\u0130SEL VER\u0130 <\/u><\/strong><strong><u>\u0130\u015eLENMES\u0130 VE AKTARILMASI HAKKINDA A\u00c7IK RIZA BEYANI METN\u0130<\/u><\/strong><\/p>\n<p><strong>TANIMLAR:<\/strong><\/p>\n<p><strong>Ki\u015fisel Veri:<\/strong> Kimli\u011fi belirli veya belirlenebilir ger\u00e7ek ki\u015fiye ili\u015fkin her t\u00fcrl\u00fc bilgi. \u00d6rne\u011fin; adsoyad, TCKN, e-posta, adres, do\u011fum tarihi, banka hesap numaras\u0131 vb.<\/p>\n<p><strong>\u00d6zel Nitelikli Ki\u015fisel Veri:<\/strong> Irk, etnik k\u00f6ken, siyasi d\u00fc\u015f\u00fcnce, felsefi inan\u00e7, din, mezhep veya di\u011fer inan\u00e7lar, k\u0131l\u0131k k\u0131yafet, dernek vak\u0131f ya da sendika \u00fcyeli\u011fi, sa\u011fl\u0131k, cinsel hayat, ceza mahk\u00fbmiyeti ve g\u00fcvenlik tedbirleriyle ilgili veriler ile biyometrik ve genetik veriler \u00f6zel nitelikli verilerdir.<\/p>\n<p><strong>Ki\u015fisel Verilerin \u0130\u015flenmesi:<\/strong> Ki\u015fisel verilerin tamamen veya k\u0131smen otomatik olan ya da herhangi bir veri kay\u0131t sisteminin par\u00e7as\u0131 olmak kayd\u0131yla otomatik olmayan yollarla elde edilmesi, kaydedilmesi, depolanmas\u0131, muhafaza edilmesi, de\u011fi\u015ftirilmesi, yeniden d\u00fczenlenmesi, a\u00e7\u0131klanmas\u0131, aktar\u0131lmas\u0131, devral\u0131nmas\u0131, elde edilebilir h\u00e2le getirilmesi, s\u0131n\u0131fland\u0131r\u0131lmas\u0131 ya da kullan\u0131lmas\u0131n\u0131n engellenmesi gibi veriler \u00fczerinde ger\u00e7ekle\u015ftirilen her t\u00fcrl\u00fc i\u015flemlerdir.<\/p>\n<p>TesterYou Bili\u015fim Hizmetleri A.\u015e. <strong>(\u201c\u015eirket\u201d) <\/strong>veri sorumlusu s\u0131fat\u0131yla, KVKK ve ilgili mevzuat taraf\u0131ndan belirlenen ilkeler benimsenerek olu\u015fturmu\u015f oldu\u011fu standartlar (politikalar, prosed\u00fcrler, g\u00f6rev tan\u0131mlar\u0131, idari ve teknik tedbirler) ve yukar\u0131da yer alan Ayd\u0131nlatma Metni \u00e7er\u00e7evesinde taraf\u0131ma gerekli bilgilendirmenin yap\u0131ld\u0131\u011f\u0131n\u0131 kabul eder;<\/p>\n<p>Yapt\u0131\u011f\u0131m i\u015f ba\u015fvurusunun de\u011ferlendirilmesi, bu konuda ger\u00e7ekle\u015ftirilecek ileti\u015fimin sa\u011flanmas\u0131 ve ilgili s\u00fcrecin y\u00fcr\u00fct\u00fclmesi ve nihayetlendirilmesi amac\u0131 ile s\u0131n\u0131rl\u0131 olarak ki\u015fisel verilerimin ve \u00f6zel nitelikli ki\u015fisel verilerimin i\u015flenmesine ve;<\/p>\n<p>&nbsp;<\/p>\n<ul>\n<li>\u0130\u015f ba\u015fvurusu veya staj ba\u015fvurusu yapt\u0131\u011f\u0131m ger\u00e7ek ve t\u00fczel ki\u015filer,<\/li>\n<li>\u0130stihdam ihtiyac\u0131 olan potansiyel ger\u00e7ek ve t\u00fczel ki\u015filer,<\/li>\n<li>Belirtti\u011fim referanslar<\/li>\n<\/ul>\n<p>&nbsp;<\/p>\n<p>da dahil olmak \u00fczere, yurti\u00e7i ve yurtd\u0131\u015f\u0131ndaki \u00fc\u00e7\u00fcnc\u00fc ki\u015filere aktar\u0131lmas\u0131na, \u00f6zg\u00fcr iradem ile r\u0131zam\u0131n bulundu\u011funu a\u00e7\u0131k\u00e7a beyan ederim.<\/p>\n","protected":false},"excerpt":{"rendered":"<p>6698 SAYILI K\u0130\u015e\u0130SEL VER\u0130LER\u0130N KORUNMASI KANUNU (\u201cKVKK\u201d) KAPSAMINDA K\u0130\u015e\u0130SEL VER\u0130 \u0130\u015eLENMES\u0130 VE AKTARILMASI HAKKINDA A\u00c7IK RIZA BEYANI METN\u0130 TANIMLAR: Ki\u015fisel [&hellip;]<\/p>\n","protected":false},"author":2,"featured_media":0,"parent":0,"menu_order":0,"comment_status":"closed","ping_status":"closed","template":"","meta":{"_acf_changed":false,"_exactmetrics_skip_tracking":false,"_exactmetrics_sitenote_active":false,"_exactmetrics_sitenote_note":"","_exactmetrics_sitenote_category":0,"footnotes":""},"class_list":["post-189074","page","type-page","status-publish","hentry"],"acf":[],"yoast_head":"<!-- This site is optimized with the Yoast SEO plugin v26.1.1 - https:\/\/yoast.com\/wordpress\/plugins\/seo\/ -->\n<title>KVKK - TesterYou<\/title>\n<meta name=\"robots\" content=\"index, follow, max-snippet:-1, max-image-preview:large, max-video-preview:-1\" \/>\n<link rel=\"canonical\" href=\"https:\/\/testeryou.com\/tr\/kvkk\/\" \/>\n<meta property=\"og:locale\" content=\"tr_TR\" \/>\n<meta property=\"og:type\" content=\"article\" \/>\n<meta property=\"og:title\" content=\"KVKK - TesterYou\" \/>\n<meta property=\"og:description\" content=\"6698 SAYILI K\u0130\u015e\u0130SEL VER\u0130LER\u0130N KORUNMASI KANUNU (\u201cKVKK\u201d) KAPSAMINDA K\u0130\u015e\u0130SEL VER\u0130 \u0130\u015eLENMES\u0130 VE AKTARILMASI HAKKINDA A\u00c7IK RIZA BEYANI METN\u0130 TANIMLAR: Ki\u015fisel [&hellip;]\" \/>\n<meta property=\"og:url\" content=\"https:\/\/testeryou.com\/tr\/kvkk\/\" \/>\n<meta property=\"og:site_name\" content=\"TesterYou\" \/>\n<meta property=\"article:publisher\" content=\"http:\/\/www.facebook.com\/testeryouhq\" \/>\n<meta name=\"twitter:card\" content=\"summary_large_image\" \/>\n<meta name=\"twitter:site\" content=\"@testeryouhq\" \/>\n<meta name=\"twitter:label1\" content=\"Tahmini okuma s\u00fcresi\" \/>\n\t<meta name=\"twitter:data1\" content=\"2 dakika\" \/>\n<script type=\"application\/ld+json\" class=\"yoast-schema-graph\">{\"@context\":\"https:\/\/schema.org\",\"@graph\":[{\"@type\":\"WebPage\",\"@id\":\"https:\/\/testeryou.com\/tr\/kvkk\/\",\"url\":\"https:\/\/testeryou.com\/tr\/kvkk\/\",\"name\":\"KVKK - TesterYou\",\"isPartOf\":{\"@id\":\"https:\/\/testeryou.com\/tr\/#website\"},\"datePublished\":\"2021-10-15T09:31:39+00:00\",\"breadcrumb\":{\"@id\":\"https:\/\/testeryou.com\/tr\/kvkk\/#breadcrumb\"},\"inLanguage\":\"tr\",\"potentialAction\":[{\"@type\":\"ReadAction\",\"target\":[\"https:\/\/testeryou.com\/tr\/kvkk\/\"]}]},{\"@type\":\"BreadcrumbList\",\"@id\":\"https:\/\/testeryou.com\/tr\/kvkk\/#breadcrumb\",\"itemListElement\":[{\"@type\":\"ListItem\",\"position\":1,\"name\":\"Home\",\"item\":\"https:\/\/testeryou.com\/tr\/\"},{\"@type\":\"ListItem\",\"position\":2,\"name\":\"KVKK\"}]},{\"@type\":\"WebSite\",\"@id\":\"https:\/\/testeryou.com\/tr\/#website\",\"url\":\"https:\/\/testeryou.com\/tr\/\",\"name\":\"TesterYou\",\"description\":\"TesterYou\",\"publisher\":{\"@id\":\"https:\/\/testeryou.com\/tr\/#organization\"},\"potentialAction\":[{\"@type\":\"SearchAction\",\"target\":{\"@type\":\"EntryPoint\",\"urlTemplate\":\"https:\/\/testeryou.com\/tr\/?s={search_term_string}\"},\"query-input\":{\"@type\":\"PropertyValueSpecification\",\"valueRequired\":true,\"valueName\":\"search_term_string\"}}],\"inLanguage\":\"tr\"},{\"@type\":\"Organization\",\"@id\":\"https:\/\/testeryou.com\/tr\/#organization\",\"name\":\"TesterYou Bili\u015fim Hizmetleri A.\u015e.\",\"url\":\"https:\/\/testeryou.com\/tr\/\",\"logo\":{\"@type\":\"ImageObject\",\"inLanguage\":\"tr\",\"@id\":\"https:\/\/testeryou.com\/tr\/#\/schema\/logo\/image\/\",\"url\":\"https:\/\/testeryou.com\/wp-content\/uploads\/2018\/06\/TesterYou_Favicon.png\",\"contentUrl\":\"https:\/\/testeryou.com\/wp-content\/uploads\/2018\/06\/TesterYou_Favicon.png\",\"width\":1691,\"height\":1921,\"caption\":\"TesterYou Bili\u015fim Hizmetleri A.\u015e.\"},\"image\":{\"@id\":\"https:\/\/testeryou.com\/tr\/#\/schema\/logo\/image\/\"},\"sameAs\":[\"http:\/\/www.facebook.com\/testeryouhq\",\"https:\/\/x.com\/testeryouhq\",\"http:\/\/www.instagram.com\/testeryouhq\/\",\"http:\/\/www.linkedin.com\/company\/testeryou\/\",\"http:\/\/www.youtube.com\/channel\/UC77eVCL7mzsIbNP799cEPOQ\"]}]}<\/script>\n<!-- \/ Yoast SEO plugin. -->","yoast_head_json":{"title":"KVKK - TesterYou","robots":{"index":"index","follow":"follow","max-snippet":"max-snippet:-1","max-image-preview":"max-image-preview:large","max-video-preview":"max-video-preview:-1"},"canonical":"https:\/\/testeryou.com\/tr\/kvkk\/","og_locale":"tr_TR","og_type":"article","og_title":"KVKK - TesterYou","og_description":"6698 SAYILI K\u0130\u015e\u0130SEL VER\u0130LER\u0130N KORUNMASI KANUNU (\u201cKVKK\u201d) KAPSAMINDA K\u0130\u015e\u0130SEL VER\u0130 \u0130\u015eLENMES\u0130 VE AKTARILMASI HAKKINDA A\u00c7IK RIZA BEYANI METN\u0130 TANIMLAR: Ki\u015fisel [&hellip;]","og_url":"https:\/\/testeryou.com\/tr\/kvkk\/","og_site_name":"TesterYou","article_publisher":"http:\/\/www.facebook.com\/testeryouhq","twitter_card":"summary_large_image","twitter_site":"@testeryouhq","twitter_misc":{"Tahmini okuma s\u00fcresi":"2 dakika"},"schema":{"@context":"https:\/\/schema.org","@graph":[{"@type":"WebPage","@id":"https:\/\/testeryou.com\/tr\/kvkk\/","url":"https:\/\/testeryou.com\/tr\/kvkk\/","name":"KVKK - TesterYou","isPartOf":{"@id":"https:\/\/testeryou.com\/tr\/#website"},"datePublished":"2021-10-15T09:31:39+00:00","breadcrumb":{"@id":"https:\/\/testeryou.com\/tr\/kvkk\/#breadcrumb"},"inLanguage":"tr","potentialAction":[{"@type":"ReadAction","target":["https:\/\/testeryou.com\/tr\/kvkk\/"]}]},{"@type":"BreadcrumbList","@id":"https:\/\/testeryou.com\/tr\/kvkk\/#breadcrumb","itemListElement":[{"@type":"ListItem","position":1,"name":"Home","item":"https:\/\/testeryou.com\/tr\/"},{"@type":"ListItem","position":2,"name":"KVKK"}]},{"@type":"WebSite","@id":"https:\/\/testeryou.com\/tr\/#website","url":"https:\/\/testeryou.com\/tr\/","name":"TesterYou","description":"TesterYou","publisher":{"@id":"https:\/\/testeryou.com\/tr\/#organization"},"potentialAction":[{"@type":"SearchAction","target":{"@type":"EntryPoint","urlTemplate":"https:\/\/testeryou.com\/tr\/?s={search_term_string}"},"query-input":{"@type":"PropertyValueSpecification","valueRequired":true,"valueName":"search_term_string"}}],"inLanguage":"tr"},{"@type":"Organization","@id":"https:\/\/testeryou.com\/tr\/#organization","name":"TesterYou Bili\u015fim Hizmetleri A.\u015e.","url":"https:\/\/testeryou.com\/tr\/","logo":{"@type":"ImageObject","inLanguage":"tr","@id":"https:\/\/testeryou.com\/tr\/#\/schema\/logo\/image\/","url":"https:\/\/testeryou.com\/wp-content\/uploads\/2018\/06\/TesterYou_Favicon.png","contentUrl":"https:\/\/testeryou.com\/wp-content\/uploads\/2018\/06\/TesterYou_Favicon.png","width":1691,"height":1921,"caption":"TesterYou Bili\u015fim Hizmetleri A.\u015e."},"image":{"@id":"https:\/\/testeryou.com\/tr\/#\/schema\/logo\/image\/"},"sameAs":["http:\/\/www.facebook.com\/testeryouhq","https:\/\/x.com\/testeryouhq","http:\/\/www.instagram.com\/testeryouhq\/","http:\/\/www.linkedin.com\/company\/testeryou\/","http:\/\/www.youtube.com\/channel\/UC77eVCL7mzsIbNP799cEPOQ"]}]}},"_links":{"self":[{"href":"https:\/\/testeryou.com\/tr\/wp-json\/wp\/v2\/pages\/189074","targetHints":{"allow":["GET"]}}],"collection":[{"href":"https:\/\/testeryou.com\/tr\/wp-json\/wp\/v2\/pages"}],"about":[{"href":"https:\/\/testeryou.com\/tr\/wp-json\/wp\/v2\/types\/page"}],"author":[{"embeddable":true,"href":"https:\/\/testeryou.com\/tr\/wp-json\/wp\/v2\/users\/2"}],"replies":[{"embeddable":true,"href":"https:\/\/testeryou.com\/tr\/wp-json\/wp\/v2\/comments?post=189074"}],"version-history":[{"count":0,"href":"https:\/\/testeryou.com\/tr\/wp-json\/wp\/v2\/pages\/189074\/revisions"}],"wp:attachment":[{"href":"https:\/\/testeryou.com\/tr\/wp-json\/wp\/v2\/media?parent=189074"}],"curies":[{"name":"wp","href":"https:\/\/api.w.org\/{rel}","templated":true}]}}