{"id":189076,"date":"2021-10-15T12:35:01","date_gmt":"2021-10-15T09:35:01","guid":{"rendered":"http:\/\/testeryou.local\/?page_id=189076"},"modified":"2021-10-15T12:35:01","modified_gmt":"2021-10-15T09:35:01","slug":"aydinlatma-metni","status":"publish","type":"page","link":"https:\/\/testeryou.com\/tr\/aydinlatma-metni\/","title":{"rendered":"Ayd\u0131nlatma Metni"},"content":{"rendered":"<h2><u>K\u0130\u015e\u0130SEL VER\u0130LER\u0130N \u0130\u015eLENMES\u0130NE \u0130L\u0130\u015eK\u0130N AYDINLATMA METN\u0130<\/u><\/h2>\n<p>TesterYou Bili\u015fim Hizmetleri A.\u015e. (\u201c<strong>TesterYou<\/strong>\u201d) veri sorumlusu s\u0131fat\u0131yla, elde etti\u011fi ki\u015fisel verilerin i\u015flenmesinden \u00f6nce, 6698 say\u0131l\u0131 Ki\u015fisel Verilerin Korunmas\u0131 Kanunu (\u201c<strong>KVKK<\/strong>\u201d) madde 10 uyar\u0131nca ve Ki\u015fisel Verileri Koruma Kurumu taraf\u0131ndan yay\u0131mlanan Ayd\u0131nlatma Y\u00fck\u00fcml\u00fcl\u00fc\u011f\u00fcn\u00fcn Yerine Getirilmesinde Uyulacak Usul ve Esaslar Hakk\u0131nda Tebli\u011f\u2019e uygun olarak, ayd\u0131nlatma y\u00fck\u00fcml\u00fcl\u00fc\u011f\u00fcn\u00fc yerine getirmek amac\u0131yla i\u015fbu Ayd\u0131nlatma Metnini ilgili ki\u015filerin bilgisine sunmaktad\u0131r.<\/p>\n<h2>I)\u00a0 Tan\u0131mlar<\/h2>\n<p><strong>A\u00e7\u0131k R\u0131za: <\/strong>Belirli bir konuya ili\u015fkin, bilgilendirilmeye dayanan ve \u00f6zg\u00fcr iradeyle a\u00e7\u0131klanan olumlu onay beyan\u0131.<\/p>\n<p><strong>Ki\u015fisel Veri: <\/strong>Kimli\u011fi belirli veya belirlenebilir ger\u00e7ek ki\u015fiye ili\u015fkin her t\u00fcrl\u00fc bilgi.<\/p>\n<p><strong>\u00d6zel Nitelikli Ki\u015fisel Veri: <\/strong>Ki\u015filerin \u0131rk\u0131, etnik k\u00f6keni, siyasi d\u00fc\u015f\u00fcncesi, felsefi inanc\u0131, dini, mezhebi veya di\u011fer inan\u00e7lar\u0131, k\u0131l\u0131k ve k\u0131yafeti, dernek, vak\u0131f ya da sendika \u00fcyeli\u011fi, sa\u011fl\u0131\u011f\u0131, cinsel hayat\u0131, ceza mahk\u00fbmiyeti ve g\u00fcvenlik tedbirleriyle ilgili verileri ile biyometrik ve genetik verileri.<\/p>\n<p><strong>Ki\u015fisel Verilerin \u0130\u015flenmesi: <\/strong>Ki\u015fisel verilerin tamamen veya k\u0131smen otomatik olan ya da herhangi bir veri kay\u0131t sisteminin par\u00e7as\u0131 olmak kayd\u0131yla otomatik olmayan yollarla elde edilmesi, kaydedilmesi, depolanmas\u0131, muhafaza edilmesi, de\u011fi\u015ftirilmesi, yeniden d\u00fczenlenmesi, a\u00e7\u0131klanmas\u0131, aktar\u0131lmas\u0131, devral\u0131nmas\u0131, elde edilebilir h\u00e2le getirilmesi, s\u0131n\u0131fland\u0131r\u0131lmas\u0131 ya da kullan\u0131lmas\u0131n\u0131n engellenmesi gibi veriler \u00fczerinde ger\u00e7ekle\u015ftirilen her t\u00fcrl\u00fc i\u015flem.<\/p>\n<p><strong>Veri Sorumlusu: <\/strong>Ki\u015fisel verilerin i\u015fleme ama\u00e7lar\u0131n\u0131 ve vas\u0131talar\u0131n\u0131 belirleyen, veri kay\u0131t sisteminin kurulmas\u0131ndan ve y\u00f6netilmesinden sorumlu olan ger\u00e7ek veya t\u00fczel ki\u015fi.<\/p>\n<p><strong>Veri Kay\u0131t Sistemi: <\/strong>Ki\u015fisel verilerin belirli kriterlere g\u00f6re yap\u0131land\u0131r\u0131larak i\u015flendi\u011fi kay\u0131t sistemi.<\/p>\n<p><strong>\u0130lgili Ki\u015fi: <\/strong>Ki\u015fisel verisi i\u015flenen ger\u00e7ek ki\u015fi.<\/p>\n<h2>II)\u00a0 Ki\u015fisel Verileri \u0130\u015fleme Ama\u00e7lar\u0131<\/h2>\n<p>TesterYou, Ki\u015fisel Verilerinizi a\u015fa\u011f\u0131daki ama\u00e7larla toplar ve i\u015fler<\/p>\n<ul>\n<li>Hizmetlerimizi geli\u015ftirmek, sa\u011flamak ve iyile\u015ftirmek<\/li>\n<li>Hizmetlerimizi tan\u0131tmak ve pazarlamak<\/li>\n<li>Ticari faaliyetimizi eksiksiz s\u00fcrd\u00fcrmek Bu temel ama\u00e7lar ile ilgili olarak;<\/li>\n<li>Aday portf\u00f6y\u00fcm\u00fcz\u00fc y\u00f6netmek<\/li>\n<li>Her t\u00fcrl\u00fc ara\u00e7la ileti\u015fim kurmak<\/li>\n<li>Reklam, tan\u0131t\u0131m ve bilgilendirme faaliyetlerinde bulunmak<\/li>\n<li>Veri kay\u0131plar\u0131n\u0131n \u00f6nlenebilmesi i\u00e7in kopyalama\/yedekleme yapmak<\/li>\n<li>Yasal d\u00fczenlemelerin gerektirdi\u011fi veya zorunlu k\u0131ld\u0131\u011f\u0131 \u015fekilde yasal y\u00fck\u00fcml\u00fcl\u00fcklerin, haklar\u0131n ve sorumluluklar\u0131n yerine getirilmesini sa\u011flamak<\/li>\n<li>Adli ve idari mercilerce talep edilen veri saklama, raporlama ve bilgilendirme y\u00fck\u00fcml\u00fcl\u00fckleri yerine getirmek<\/li>\n<li>KVKK\u2019da belirtilen di\u011fer ama\u00e7lar<\/li>\n<\/ul>\n<h2>III)\u00a0 Ki\u015fisel Verilerin Aktar\u0131laca\u011f\u0131 Al\u0131c\u0131lar:<\/h2>\n<p>Yukar\u0131da belirtilen ama\u00e7larla, \u0130lgili ki\u015filerin TesterYou ile payla\u015ft\u0131\u011f\u0131 Ki\u015fisel Veriler, \u00e7\u00f6z\u00fcm ortaklar\u0131na, m\u00fc\u015fterilere, kanuni y\u00fck\u00fcml\u00fcl\u00fckleri yerine getirmek amac\u0131 ile kurumlara aktar\u0131lmaktad\u0131r.<\/p>\n<p>Taraf\u0131n\u0131zca sa\u011flanan Ki\u015fisel Veriler, yukar\u0131da belirlenmi\u015f olan ama\u00e7lar d\u0131\u015f\u0131nda herhangi bir kapsamda kullan\u0131lmayacak, \u00fc\u00e7\u00fcnc\u00fc \u015fah\u0131slarla payla\u015f\u0131lmayacakt\u0131r.<\/p>\n<h2>IV)\u00a0 Ki\u015fisel Veri Toplama Y\u00f6ntemleri ve Hukuki Sebepleri:<\/h2>\n<p>Ki\u015fisel verileriniz, s\u00f6zl\u00fc, yaz\u0131l\u0131 veya platformlar\u0131m\u0131z dahil olmak \u00fczere elektronik ortam vas\u0131tas\u0131 ile de toplanmaktad\u0131r.<\/p>\n<p>\u0130lgili ki\u015fi, Ki\u015fisel Verilerinin toplanmas\u0131 ve\/veyahut i\u015flenmesine mevzuat ve politikaya uygun olarak bilgilendirilecektir. Akabinde ki\u015fisel veriler, ki\u015finin \u00f6zg\u00fcr iradesi ile yaz\u0131l\u0131 yahut elektronik ortamda a\u00e7\u0131k r\u0131za al\u0131nd\u0131ktan sonra i\u015flenecektir. Ki\u015fisel Sa\u011fl\u0131k Verilerinin i\u015flenmesi durumunda a\u00e7\u0131k r\u0131za muhakkak yaz\u0131l\u0131 al\u0131n\u0131r. Al\u0131nan a\u00e7\u0131k r\u0131za beyanlar\u0131 fiziksel yahut elektronik ortamda belgelenir ve saklan\u0131r. Ki\u015fisel Veriler KVKK\u2019da say\u0131lan a\u015fa\u011f\u0131daki hallerin varl\u0131\u011f\u0131nda ilgili ki\u015finin r\u0131zas\u0131 olmaks\u0131z\u0131n i\u015flenebilir:<\/p>\n<ul>\n<li>Kanunlarda a\u00e7\u0131k\u00e7a \u00f6ng\u00f6r\u00fclmesi.<\/li>\n<li>Fiili imkans\u0131zl\u0131k nedeniyle r\u0131zas\u0131n\u0131 a\u00e7\u0131klayamayacak durumda bulunan veya r\u0131zas\u0131na hukuki ge\u00e7erlilik tan\u0131nmayan ki\u015finin, kendisinin ya da bir ba\u015fkas\u0131n\u0131n hayat\u0131 veya beden b\u00fct\u00fcnl\u00fc\u011f\u00fcn\u00fcn korunmas\u0131 i\u00e7in zorunlu olmas\u0131.<\/li>\n<li>Bir s\u00f6zle\u015fmenin kurulmas\u0131 veya ifas\u0131yla do\u011frudan do\u011fruya ilgili olmas\u0131 kayd\u0131yla, s\u00f6zle\u015fmenin taraflar\u0131na ait ki\u015fisel verilerin i\u015flenmesinin gerekli olmas\u0131.<\/li>\n<li>Veri sorumlusunun hukuki y\u00fck\u00fcml\u00fcl\u00fc\u011f\u00fcn\u00fc yerine getirebilmesi i\u00e7in zorunlu olmas\u0131.<\/li>\n<li>\u0130lgili ki\u015finin kendisi taraf\u0131ndan alenile\u015ftirilmi\u015f olmas\u0131.<\/li>\n<li>Bir hakk\u0131n tesisi, kullan\u0131lmas\u0131 veya korunmas\u0131 i\u00e7in veri i\u015flemenin zorunlu olmas\u0131.<\/li>\n<li>\u0130lgili ki\u015finin temel hak ve \u00f6zg\u00fcrl\u00fcklerine zarar vermemek kayd\u0131yla, veri sorumlusunun me\u015fru menfaatleri i\u00e7in veri i\u015flenmesinin zorunlu olmas\u0131.<\/li>\n<\/ul>\n<p>\u00d6zel nitelikli ki\u015fisel veriler yaln\u0131zca ilgili ki\u015finin a\u00e7\u0131k r\u0131zas\u0131n\u0131n bulunmas\u0131 ya da, sa\u011fl\u0131k ve cinsel hayata ili\u015fkin veriler hari\u00e7 olmak \u00fczere, kanunlarda a\u00e7\u0131k\u00e7a \u00f6ng\u00f6r\u00fclen hallerde i\u015flenebilir. (\u00d6rne\u011fin; yukar\u0131da say\u0131lan hallerde) Sa\u011fl\u0131k ve cinsel hayata ili\u015fkin ki\u015fisel veriler ise ancak kamu sa\u011fl\u0131\u011f\u0131n\u0131n korunmas\u0131, koruyucu hekimlik, t\u0131bbi te\u015fhis, tedavi ve bak\u0131m hizmetlerinin y\u00fcr\u00fct\u00fclmesi, sa\u011fl\u0131k hizmetleri ile finansman\u0131n\u0131n planlanmas\u0131 ve y\u00f6netimi amac\u0131yla, s\u0131r saklama y\u00fck\u00fcml\u00fcl\u00fc\u011f\u00fc alt\u0131nda bulunan ki\u015filer taraf\u0131ndan ilgilinin a\u00e7\u0131k r\u0131zas\u0131 aranmaks\u0131z\u0131n i\u015flenebilir. \u00d6zel nitelikli ki\u015fisel verilerin i\u015flenmesinde Ki\u015fisel Verileri Koruma Kurulu kararlar\u0131na uygun hareket edilir.<\/p>\n<h2>V)\u00a0 \u0130lgili Ki\u015finin Haklar\u0131:<\/h2>\n<p>Ki\u015fisel verisi TesterYou taraf\u0131ndan toplanan yahut i\u015flenen ger\u00e7ek ki\u015filer, KVKK uyar\u0131nca veri sorumlusuna ba\u015fvuru hakk\u0131na sahiptir.<\/p>\n<p>\u0130lgili ki\u015fi, ba\u015fvuru hakk\u0131n\u0131 kullanarak a\u015fa\u011f\u0131da say\u0131lan talepleri yaz\u0131l\u0131 olarak veya e-posta vas\u0131tas\u0131yla i\u015fbu Politika\u2019n\u0131n son k\u0131sm\u0131nda (VI) verilen ileti\u015fim bilgileri do\u011frultusunda TesterYou\u2019ya yahut temsilcilerine y\u00f6neltebilir:<\/p>\n<ol>\n<li>Ki\u015fisel Veri i\u015flenip i\u015flenmedi\u011fini \u00f6\u011frenme,<\/li>\n<li>Ki\u015fisel Verileri i\u015flenmi\u015fse buna ili\u015fkin bilgi alma,<\/li>\n<li>Ki\u015fisel Verilerin i\u015flenme amac\u0131n\u0131 ve bunlar\u0131n amac\u0131na uygun kullan\u0131l\u0131p kullan\u0131lmad\u0131\u011f\u0131n\u0131 \u00f6\u011frenme,<\/li>\n<li>Yurt i\u00e7inde veya yurt d\u0131\u015f\u0131nda Ki\u015fisel Verilerin aktar\u0131ld\u0131\u011f\u0131 \u00fc\u00e7\u00fcnc\u00fc ki\u015fileri bilme,<\/li>\n<li>Ki\u015fisel Verilerin eksik veya yanl\u0131\u015f i\u015flenmi\u015f olmas\u0131 h\u00e2linde bunlar\u0131n d\u00fczeltilmesi,<\/li>\n<li>Kanun \u00e7er\u00e7evesinde Ki\u015fisel Verilerin silinmesi veya yok edilmesi,<\/li>\n<li>Yukar\u0131daki (d) ve (e) bentleri uyar\u0131nca yap\u0131lan i\u015flemlerin, Ki\u015fisel Verilerin aktar\u0131ld\u0131\u011f\u0131 \u00fc\u00e7\u00fcnc\u00fc ki\u015filere bildirilmesi,<\/li>\n<li>\u0130\u015flenen Ki\u015fisel Verilerin m\u00fcnhas\u0131ran otomatik sistemler vas\u0131tas\u0131yla analiz edilmesi suretiyle ki\u015finin kendisi aleyhine bir sonucun ortaya \u00e7\u0131kmas\u0131na itiraz etme,<\/li>\n<li>Ki\u015fisel Verilerin kanuna ayk\u0131r\u0131 olarak i\u015flenmesi sebebiyle zarara u\u011framas\u0131 h\u00e2linde zarar\u0131n giderilmesi.<\/li>\n<\/ol>\n<h2>VI)\u00a0 \u0130leti\u015fim Bilgileri<\/h2>\n<p>TesterYou Bili\u015fim Hizmetleri A.\u015e.<\/p>\n<p>Fatih Sultan Mehmet Mah. Buyaka Kule 3 No:59 Kat:9 34771<\/p>\n<p>\u00dcmraniye \/ \u0130stanbul Tel: +90 216 755 61 51<\/p>\n<p>E-mail : <a href=\"mailto:info@testeryou.com\">info@testeryou.com<\/a><\/p>\n<p>Bu metnin ilgili ki\u015filerin eri\u015fimine uygun yollar ile a\u00e7\u0131lmas\u0131 ile TesterYou, ilgili ki\u015finin onay\u0131na tabi olmadan tek tarafl\u0131 beyan\u0131 ile ayd\u0131nlatma y\u00fck\u00fcml\u00fcl\u00fc\u011f\u00fcn\u00fc yerine getirmi\u015f say\u0131lacakt\u0131r.<\/p>\n","protected":false},"excerpt":{"rendered":"<p>K\u0130\u015e\u0130SEL VER\u0130LER\u0130N \u0130\u015eLENMES\u0130NE \u0130L\u0130\u015eK\u0130N AYDINLATMA METN\u0130 TesterYou Bili\u015fim Hizmetleri A.\u015e. (\u201cTesterYou\u201d) veri sorumlusu s\u0131fat\u0131yla, elde etti\u011fi ki\u015fisel verilerin i\u015flenmesinden \u00f6nce, [&hellip;]<\/p>\n","protected":false},"author":2,"featured_media":0,"parent":0,"menu_order":0,"comment_status":"closed","ping_status":"closed","template":"","meta":{"_acf_changed":false,"_exactmetrics_skip_tracking":false,"_exactmetrics_sitenote_active":false,"_exactmetrics_sitenote_note":"","_exactmetrics_sitenote_category":0,"footnotes":""},"class_list":["post-189076","page","type-page","status-publish","hentry"],"acf":[],"yoast_head":"<!-- This site is optimized with the Yoast SEO plugin v26.1.1 - https:\/\/yoast.com\/wordpress\/plugins\/seo\/ -->\n<title>Ayd\u0131nlatma Metni - TesterYou<\/title>\n<meta name=\"robots\" content=\"index, follow, max-snippet:-1, max-image-preview:large, max-video-preview:-1\" \/>\n<link rel=\"canonical\" href=\"https:\/\/testeryou.com\/tr\/aydinlatma-metni\/\" \/>\n<meta property=\"og:locale\" content=\"tr_TR\" \/>\n<meta property=\"og:type\" content=\"article\" \/>\n<meta property=\"og:title\" content=\"Ayd\u0131nlatma Metni - TesterYou\" \/>\n<meta property=\"og:description\" content=\"K\u0130\u015e\u0130SEL VER\u0130LER\u0130N \u0130\u015eLENMES\u0130NE \u0130L\u0130\u015eK\u0130N AYDINLATMA METN\u0130 TesterYou Bili\u015fim Hizmetleri A.\u015e. (\u201cTesterYou\u201d) veri sorumlusu s\u0131fat\u0131yla, elde etti\u011fi ki\u015fisel verilerin i\u015flenmesinden \u00f6nce, [&hellip;]\" \/>\n<meta property=\"og:url\" content=\"https:\/\/testeryou.com\/tr\/aydinlatma-metni\/\" \/>\n<meta property=\"og:site_name\" content=\"TesterYou\" \/>\n<meta property=\"article:publisher\" content=\"http:\/\/www.facebook.com\/testeryouhq\" \/>\n<meta name=\"twitter:card\" content=\"summary_large_image\" \/>\n<meta name=\"twitter:site\" content=\"@testeryouhq\" \/>\n<meta name=\"twitter:label1\" content=\"Tahmini okuma s\u00fcresi\" \/>\n\t<meta name=\"twitter:data1\" content=\"4 dakika\" \/>\n<script type=\"application\/ld+json\" class=\"yoast-schema-graph\">{\"@context\":\"https:\/\/schema.org\",\"@graph\":[{\"@type\":\"WebPage\",\"@id\":\"https:\/\/testeryou.com\/tr\/aydinlatma-metni\/\",\"url\":\"https:\/\/testeryou.com\/tr\/aydinlatma-metni\/\",\"name\":\"Ayd\u0131nlatma Metni - TesterYou\",\"isPartOf\":{\"@id\":\"https:\/\/testeryou.com\/tr\/#website\"},\"datePublished\":\"2021-10-15T09:35:01+00:00\",\"breadcrumb\":{\"@id\":\"https:\/\/testeryou.com\/tr\/aydinlatma-metni\/#breadcrumb\"},\"inLanguage\":\"tr\",\"potentialAction\":[{\"@type\":\"ReadAction\",\"target\":[\"https:\/\/testeryou.com\/tr\/aydinlatma-metni\/\"]}]},{\"@type\":\"BreadcrumbList\",\"@id\":\"https:\/\/testeryou.com\/tr\/aydinlatma-metni\/#breadcrumb\",\"itemListElement\":[{\"@type\":\"ListItem\",\"position\":1,\"name\":\"Home\",\"item\":\"https:\/\/testeryou.com\/tr\/\"},{\"@type\":\"ListItem\",\"position\":2,\"name\":\"Ayd\u0131nlatma Metni\"}]},{\"@type\":\"WebSite\",\"@id\":\"https:\/\/testeryou.com\/tr\/#website\",\"url\":\"https:\/\/testeryou.com\/tr\/\",\"name\":\"TesterYou\",\"description\":\"TesterYou\",\"publisher\":{\"@id\":\"https:\/\/testeryou.com\/tr\/#organization\"},\"potentialAction\":[{\"@type\":\"SearchAction\",\"target\":{\"@type\":\"EntryPoint\",\"urlTemplate\":\"https:\/\/testeryou.com\/tr\/?s={search_term_string}\"},\"query-input\":{\"@type\":\"PropertyValueSpecification\",\"valueRequired\":true,\"valueName\":\"search_term_string\"}}],\"inLanguage\":\"tr\"},{\"@type\":\"Organization\",\"@id\":\"https:\/\/testeryou.com\/tr\/#organization\",\"name\":\"TesterYou Bili\u015fim Hizmetleri A.\u015e.\",\"url\":\"https:\/\/testeryou.com\/tr\/\",\"logo\":{\"@type\":\"ImageObject\",\"inLanguage\":\"tr\",\"@id\":\"https:\/\/testeryou.com\/tr\/#\/schema\/logo\/image\/\",\"url\":\"https:\/\/testeryou.com\/wp-content\/uploads\/2018\/06\/TesterYou_Favicon.png\",\"contentUrl\":\"https:\/\/testeryou.com\/wp-content\/uploads\/2018\/06\/TesterYou_Favicon.png\",\"width\":1691,\"height\":1921,\"caption\":\"TesterYou Bili\u015fim Hizmetleri A.\u015e.\"},\"image\":{\"@id\":\"https:\/\/testeryou.com\/tr\/#\/schema\/logo\/image\/\"},\"sameAs\":[\"http:\/\/www.facebook.com\/testeryouhq\",\"https:\/\/x.com\/testeryouhq\",\"http:\/\/www.instagram.com\/testeryouhq\/\",\"http:\/\/www.linkedin.com\/company\/testeryou\/\",\"http:\/\/www.youtube.com\/channel\/UC77eVCL7mzsIbNP799cEPOQ\"]}]}<\/script>\n<!-- \/ Yoast SEO plugin. -->","yoast_head_json":{"title":"Ayd\u0131nlatma Metni - TesterYou","robots":{"index":"index","follow":"follow","max-snippet":"max-snippet:-1","max-image-preview":"max-image-preview:large","max-video-preview":"max-video-preview:-1"},"canonical":"https:\/\/testeryou.com\/tr\/aydinlatma-metni\/","og_locale":"tr_TR","og_type":"article","og_title":"Ayd\u0131nlatma Metni - TesterYou","og_description":"K\u0130\u015e\u0130SEL VER\u0130LER\u0130N \u0130\u015eLENMES\u0130NE \u0130L\u0130\u015eK\u0130N AYDINLATMA METN\u0130 TesterYou Bili\u015fim Hizmetleri A.\u015e. (\u201cTesterYou\u201d) veri sorumlusu s\u0131fat\u0131yla, elde etti\u011fi ki\u015fisel verilerin i\u015flenmesinden \u00f6nce, [&hellip;]","og_url":"https:\/\/testeryou.com\/tr\/aydinlatma-metni\/","og_site_name":"TesterYou","article_publisher":"http:\/\/www.facebook.com\/testeryouhq","twitter_card":"summary_large_image","twitter_site":"@testeryouhq","twitter_misc":{"Tahmini okuma s\u00fcresi":"4 dakika"},"schema":{"@context":"https:\/\/schema.org","@graph":[{"@type":"WebPage","@id":"https:\/\/testeryou.com\/tr\/aydinlatma-metni\/","url":"https:\/\/testeryou.com\/tr\/aydinlatma-metni\/","name":"Ayd\u0131nlatma Metni - TesterYou","isPartOf":{"@id":"https:\/\/testeryou.com\/tr\/#website"},"datePublished":"2021-10-15T09:35:01+00:00","breadcrumb":{"@id":"https:\/\/testeryou.com\/tr\/aydinlatma-metni\/#breadcrumb"},"inLanguage":"tr","potentialAction":[{"@type":"ReadAction","target":["https:\/\/testeryou.com\/tr\/aydinlatma-metni\/"]}]},{"@type":"BreadcrumbList","@id":"https:\/\/testeryou.com\/tr\/aydinlatma-metni\/#breadcrumb","itemListElement":[{"@type":"ListItem","position":1,"name":"Home","item":"https:\/\/testeryou.com\/tr\/"},{"@type":"ListItem","position":2,"name":"Ayd\u0131nlatma Metni"}]},{"@type":"WebSite","@id":"https:\/\/testeryou.com\/tr\/#website","url":"https:\/\/testeryou.com\/tr\/","name":"TesterYou","description":"TesterYou","publisher":{"@id":"https:\/\/testeryou.com\/tr\/#organization"},"potentialAction":[{"@type":"SearchAction","target":{"@type":"EntryPoint","urlTemplate":"https:\/\/testeryou.com\/tr\/?s={search_term_string}"},"query-input":{"@type":"PropertyValueSpecification","valueRequired":true,"valueName":"search_term_string"}}],"inLanguage":"tr"},{"@type":"Organization","@id":"https:\/\/testeryou.com\/tr\/#organization","name":"TesterYou Bili\u015fim Hizmetleri A.\u015e.","url":"https:\/\/testeryou.com\/tr\/","logo":{"@type":"ImageObject","inLanguage":"tr","@id":"https:\/\/testeryou.com\/tr\/#\/schema\/logo\/image\/","url":"https:\/\/testeryou.com\/wp-content\/uploads\/2018\/06\/TesterYou_Favicon.png","contentUrl":"https:\/\/testeryou.com\/wp-content\/uploads\/2018\/06\/TesterYou_Favicon.png","width":1691,"height":1921,"caption":"TesterYou Bili\u015fim Hizmetleri A.\u015e."},"image":{"@id":"https:\/\/testeryou.com\/tr\/#\/schema\/logo\/image\/"},"sameAs":["http:\/\/www.facebook.com\/testeryouhq","https:\/\/x.com\/testeryouhq","http:\/\/www.instagram.com\/testeryouhq\/","http:\/\/www.linkedin.com\/company\/testeryou\/","http:\/\/www.youtube.com\/channel\/UC77eVCL7mzsIbNP799cEPOQ"]}]}},"_links":{"self":[{"href":"https:\/\/testeryou.com\/tr\/wp-json\/wp\/v2\/pages\/189076","targetHints":{"allow":["GET"]}}],"collection":[{"href":"https:\/\/testeryou.com\/tr\/wp-json\/wp\/v2\/pages"}],"about":[{"href":"https:\/\/testeryou.com\/tr\/wp-json\/wp\/v2\/types\/page"}],"author":[{"embeddable":true,"href":"https:\/\/testeryou.com\/tr\/wp-json\/wp\/v2\/users\/2"}],"replies":[{"embeddable":true,"href":"https:\/\/testeryou.com\/tr\/wp-json\/wp\/v2\/comments?post=189076"}],"version-history":[{"count":0,"href":"https:\/\/testeryou.com\/tr\/wp-json\/wp\/v2\/pages\/189076\/revisions"}],"wp:attachment":[{"href":"https:\/\/testeryou.com\/tr\/wp-json\/wp\/v2\/media?parent=189076"}],"curies":[{"name":"wp","href":"https:\/\/api.w.org\/{rel}","templated":true}]}}