{"id":201041,"date":"2023-03-09T19:13:30","date_gmt":"2023-03-09T16:13:30","guid":{"rendered":"http:\/\/testeryou.local\/?page_id=201041"},"modified":"2025-12-22T15:17:47","modified_gmt":"2025-12-22T12:17:47","slug":"sirmanin-arkadaslik-manifestosu","status":"publish","type":"page","link":"https:\/\/testeryou.com\/tr\/magaza\/sirmanin-arkadaslik-manifestosu\/","title":{"rendered":"S\u0131rma&#8217;n\u0131n Arkada\u015fl\u0131k Manifestosu"},"content":{"rendered":"<div class=\"wpb-content-wrapper\"><p>[vc_row row_height_percent=&#8221;0&#8243; overlay_alpha=&#8221;50&#8243; gutter_size=&#8221;3&#8243; column_width_percent=&#8221;100&#8243; shift_y=&#8221;0&#8243; z_index=&#8221;0&#8243; el_class=&#8221;products-row&#8221;][vc_column width=&#8221;1\/1&#8243;][vc_row_inner limit_content=&#8221;&#8221;][vc_column_inner width=&#8221;1\/2&#8243;][vc_single_image media=&#8221;201043&#8243; media_width_percent=&#8221;100&#8243;][\/vc_column_inner][vc_column_inner width=&#8221;1\/2&#8243;][vc_custom_heading heading_semantic=&#8221;h1&#8243; uncode_shortcode_id=&#8221;171757&#8243;]S\u0131rma&#8217;n\u0131n Arkada\u015fl\u0131k Manifestosu[\/vc_custom_heading][vc_column_text uncode_shortcode_id=&#8221;326029&#8243;]Agile Manifesto&#8217;dan ilham alan b\u00fcy\u00fcleyici \u00e7ocuk kitab\u0131m\u0131z <strong>S\u0131rma&#8217;n\u0131n Arkada\u015fl\u0131k Manifestosu<\/strong> ile b\u00fcy\u00fcl\u00fc bir maceraya at\u0131l\u0131n. Bu kitap sadece gen\u00e7 kalpleri b\u00fcy\u00fclemekle kalmayacak, ayn\u0131 zamanda kitab\u0131 al\u0131p KA\u00c7UV&#8217;a destek olarak anlaml\u0131 bir etki yaratacaks\u0131n\u0131z. <strong>KA\u00c7UV (Kanserli \u00c7ocuklara Umut Vakf\u0131).<\/strong><\/p>\n<p><b data-stringify-type=\"bold\">Bilgilendirme:<\/b>\u00a0\u00c7ocuk kitaplar\u0131m\u0131z\u0131 online ma\u011fazam\u0131z\u0131n yan\u0131 s\u0131ra \u0130stanbul Oyuncak M\u00fczesi\u2019nden fiziksel olarak da sat\u0131n alabilirsiniz.[\/vc_column_text][vc_button border_width=&#8221;0&#8243; link=&#8221;url:http%3A%2F%2Ftesteryou.com%2Ftr%2Ftesteryou-products%2Fsirmanin-arkadaslik-manifestosu%2F|title:E-Kitap|target:_blank&#8221; uncode_shortcode_id=&#8221;530970&#8243;]Bas\u0131l\u0131 Olarak Sat\u0131n Al (T\u00fcrk\u00e7e): 850 TRY[\/vc_button][vc_button button_color=&#8221;accent&#8221; border_width=&#8221;0&#8243; link=&#8221;url:https%3A%2F%2Fwww.amazon.com%2Fdp%2FB0C251YGST|title:E-Kitap|target:_blank&#8221; uncode_shortcode_id=&#8221;101482&#8243; button_color_type=&#8221;uncode-palette&#8221;]E-Kitap Olarak Sat\u0131n Al (\u0130ngilizce): 2.99 USD[\/vc_button][\/vc_column_inner][\/vc_row_inner][vc_column_text uncode_shortcode_id=&#8221;152039&#8243;]Bilim ve teknoloji alan\u0131ndaki geli\u015fmeler insan do\u011fas\u0131ndan, ihtiya\u00e7lar\u0131ndan ve al\u0131\u015fkanl\u0131klar\u0131ndan beslenmektedir. Bu durum pek \u00e7ok bilimsel d\u00fc\u015f\u00fcnce ve bulu\u015fun insan hayat\u0131n\u0131n herhangi bir evresine uyarlanabilmesini m\u00fcmk\u00fcn k\u0131lar.<\/p>\n<p>Bu kitaptaki k\u0131sa \u00f6yk\u00fcde 2001 y\u0131l\u0131nda Amerika\u2019n\u0131n Utah eyaletinde 17 yaz\u0131l\u0131m uzman\u0131 taraf\u0131ndan yay\u0131mlanan Agile Manifesto\u2019dan ilham ald\u0131m. Agile Manifesto (\u00c7evik Bildiri), \u00e7eviklik yakla\u015f\u0131mlar\u0131n\u0131n yaz\u0131l\u0131m geli\u015ftirme s\u00fcre\u00e7lerinde uygulanmas\u0131n\u0131 ve bu sayede daha kaliteli ve kullan\u0131c\u0131lar\u0131n\u0131 daha memnun eden yaz\u0131l\u0131mlar geli\u015ftirilmesini sa\u011flayan 4 temel de\u011fer ve 12 prensipten olu\u015fan bir bildiridir. Agile Manifesto aradan ge\u00e7en y\u0131llara ra\u011fmen g\u00fcnbeg\u00fcn \u00f6ncelikle bili\u015fim sekt\u00f6r\u00fcnde \u00f6nemli bir yap\u0131 ta\u015f\u0131na, ard\u0131ndan da sekt\u00f6rden ba\u011f\u0131ms\u0131z olarak t\u00fcm alanlarda daha etkin ileti\u015fime ve kaliteli \u00fcretime ilham veren bir ak\u0131ma, bir felsefeye d\u00f6n\u00fc\u015fm\u00fc\u015ft\u00fcr.<\/p>\n<p>Kitapta \u00e7ocuklara uyarlad\u0131\u011f\u0131m bu felsefe arac\u0131l\u0131\u011f\u0131yla, bilim ve teknoloji ile i\u00e7 i\u00e7e b\u00fcy\u00fcyerek \u201c<strong>d\u00fcnyay\u0131 ya\u015fanmas\u0131 \u00e7ok daha g\u00fczel ve bar\u0131\u015f dolu bir yere d\u00f6n\u00fc\u015ft\u00fcrecek\u00a0 yeni nesillere ula\u015fmak<\/strong>\u201d en b\u00fcy\u00fck \u00fcmidim.<\/p>\n<p>Bar\u0131\u015f Sar\u0131alio\u011flu \u2013 04\/04\/2023[\/vc_column_text][vc_row_inner row_inner_height_percent=&#8221;0&#8243; overlay_alpha=&#8221;50&#8243; gutter_size=&#8221;3&#8243; shift_y=&#8221;0&#8243; z_index=&#8221;0&#8243; el_class=&#8221;related-post-row&#8221; limit_content=&#8221;&#8221;][vc_column_inner width=&#8221;1\/1&#8243;][vc_custom_heading]Related Products[\/vc_custom_heading][uncode_index el_id=&#8221;index-190265&#8243; index_type=&#8221;carousel&#8221; loop=&#8221;size:8|order_by:date|post_type:page|tax_query:335&#8243; carousel_lg=&#8221;4&#8243; carousel_md=&#8221;3&#8243; carousel_sm=&#8221;1&#8243; gutter_size=&#8221;3&#8243; page_items=&#8221;media|featured|onpost|original,title&#8221; carousel_interval=&#8221;3000&#8243; carousel_navspeed=&#8221;400&#8243; stage_padding=&#8221;0&#8243; single_overlay_opacity=&#8221;50&#8243; single_padding=&#8221;2&#8243;][\/vc_column_inner][\/vc_row_inner][\/vc_column][\/vc_row]<\/p>\n<\/div>","protected":false},"excerpt":{"rendered":"<p>[vc_row row_height_percent=&#8221;0&#8243; overlay_alpha=&#8221;50&#8243; gutter_size=&#8221;3&#8243; column_width_percent=&#8221;100&#8243; shift_y=&#8221;0&#8243; z_index=&#8221;0&#8243; el_class=&#8221;products-row&#8221;][vc_column width=&#8221;1\/1&#8243;][vc_row_inner limit_content=&#8221;&#8221;][vc_column_inner width=&#8221;1\/2&#8243;][vc_single_image media=&#8221;201043&#8243; media_width_percent=&#8221;100&#8243;][\/vc_column_inner][vc_column_inner width=&#8221;1\/2&#8243;][vc_custom_heading heading_semantic=&#8221;h1&#8243; uncode_shortcode_id=&#8221;171757&#8243;]S\u0131rma&#8217;n\u0131n Arkada\u015fl\u0131k Manifestosu[\/vc_custom_heading][vc_column_text uncode_shortcode_id=&#8221;326029&#8243;]Agile Manifesto&#8217;dan [&hellip;]<\/p>\n","protected":false},"author":376,"featured_media":211033,"parent":126557,"menu_order":0,"comment_status":"closed","ping_status":"closed","template":"","meta":{"_acf_changed":false,"_exactmetrics_skip_tracking":false,"_exactmetrics_sitenote_active":false,"_exactmetrics_sitenote_note":"","_exactmetrics_sitenote_category":0,"footnotes":""},"class_list":["post-201041","page","type-page","status-publish","has-post-thumbnail","hentry","page_category-diger"],"acf":[],"yoast_head":"<!-- This site is optimized with the Yoast SEO plugin v26.1.1 - https:\/\/yoast.com\/wordpress\/plugins\/seo\/ -->\n<title>S\u0131rma&#039;n\u0131n Arkada\u015fl\u0131k Manifestosu - TesterYou<\/title>\n<meta name=\"description\" content=\"You can find many different products in TesterYou store. Click to get information about TesterYou Grey Mug.\" \/>\n<meta name=\"robots\" content=\"index, follow, max-snippet:-1, max-image-preview:large, max-video-preview:-1\" \/>\n<link rel=\"canonical\" href=\"https:\/\/testeryou.com\/tr\/magaza\/sirmanin-arkadaslik-manifestosu\/\" \/>\n<meta property=\"og:locale\" content=\"tr_TR\" \/>\n<meta property=\"og:type\" content=\"article\" \/>\n<meta property=\"og:title\" content=\"S\u0131rma&#039;n\u0131n Arkada\u015fl\u0131k Manifestosu - TesterYou\" \/>\n<meta property=\"og:description\" content=\"You can find many different products in TesterYou store. Click to get information about TesterYou Grey Mug.\" \/>\n<meta property=\"og:url\" content=\"https:\/\/testeryou.com\/tr\/magaza\/sirmanin-arkadaslik-manifestosu\/\" \/>\n<meta property=\"og:site_name\" content=\"TesterYou\" \/>\n<meta property=\"article:publisher\" content=\"http:\/\/www.facebook.com\/testeryouhq\" \/>\n<meta property=\"article:modified_time\" content=\"2025-12-22T12:17:47+00:00\" \/>\n<meta property=\"og:image\" content=\"https:\/\/testeryou.com\/wp-content\/uploads\/2025\/08\/sirma_store_tr.png\" \/>\n\t<meta property=\"og:image:width\" content=\"850\" \/>\n\t<meta property=\"og:image:height\" content=\"595\" \/>\n\t<meta property=\"og:image:type\" content=\"image\/png\" \/>\n<meta name=\"twitter:card\" content=\"summary_large_image\" \/>\n<meta name=\"twitter:site\" content=\"@testeryouhq\" \/>\n<meta name=\"twitter:label1\" content=\"Tahmini okuma s\u00fcresi\" \/>\n\t<meta name=\"twitter:data1\" content=\"2 dakika\" \/>\n<script type=\"application\/ld+json\" class=\"yoast-schema-graph\">{\"@context\":\"https:\/\/schema.org\",\"@graph\":[{\"@type\":\"WebPage\",\"@id\":\"https:\/\/testeryou.com\/tr\/magaza\/sirmanin-arkadaslik-manifestosu\/\",\"url\":\"https:\/\/testeryou.com\/tr\/magaza\/sirmanin-arkadaslik-manifestosu\/\",\"name\":\"S\u0131rma'n\u0131n Arkada\u015fl\u0131k Manifestosu - TesterYou\",\"isPartOf\":{\"@id\":\"https:\/\/testeryou.com\/tr\/#website\"},\"primaryImageOfPage\":{\"@id\":\"https:\/\/testeryou.com\/tr\/magaza\/sirmanin-arkadaslik-manifestosu\/#primaryimage\"},\"image\":{\"@id\":\"https:\/\/testeryou.com\/tr\/magaza\/sirmanin-arkadaslik-manifestosu\/#primaryimage\"},\"thumbnailUrl\":\"https:\/\/testeryou.com\/wp-content\/uploads\/2025\/08\/sirma_store_tr.png\",\"datePublished\":\"2023-03-09T16:13:30+00:00\",\"dateModified\":\"2025-12-22T12:17:47+00:00\",\"description\":\"You can find many different products in TesterYou store. Click to get information about TesterYou Grey Mug.\",\"breadcrumb\":{\"@id\":\"https:\/\/testeryou.com\/tr\/magaza\/sirmanin-arkadaslik-manifestosu\/#breadcrumb\"},\"inLanguage\":\"tr\",\"potentialAction\":[{\"@type\":\"ReadAction\",\"target\":[\"https:\/\/testeryou.com\/tr\/magaza\/sirmanin-arkadaslik-manifestosu\/\"]}]},{\"@type\":\"ImageObject\",\"inLanguage\":\"tr\",\"@id\":\"https:\/\/testeryou.com\/tr\/magaza\/sirmanin-arkadaslik-manifestosu\/#primaryimage\",\"url\":\"https:\/\/testeryou.com\/wp-content\/uploads\/2025\/08\/sirma_store_tr.png\",\"contentUrl\":\"https:\/\/testeryou.com\/wp-content\/uploads\/2025\/08\/sirma_store_tr.png\",\"width\":850,\"height\":595},{\"@type\":\"BreadcrumbList\",\"@id\":\"https:\/\/testeryou.com\/tr\/magaza\/sirmanin-arkadaslik-manifestosu\/#breadcrumb\",\"itemListElement\":[{\"@type\":\"ListItem\",\"position\":1,\"name\":\"Home\",\"item\":\"https:\/\/testeryou.com\/tr\/\"},{\"@type\":\"ListItem\",\"position\":2,\"name\":\"Ma\u011faza\",\"item\":\"https:\/\/testeryou.com\/tr\/magaza\/\"},{\"@type\":\"ListItem\",\"position\":3,\"name\":\"S\u0131rma&#8217;n\u0131n Arkada\u015fl\u0131k Manifestosu\"}]},{\"@type\":\"WebSite\",\"@id\":\"https:\/\/testeryou.com\/tr\/#website\",\"url\":\"https:\/\/testeryou.com\/tr\/\",\"name\":\"TesterYou\",\"description\":\"TesterYou\",\"publisher\":{\"@id\":\"https:\/\/testeryou.com\/tr\/#organization\"},\"potentialAction\":[{\"@type\":\"SearchAction\",\"target\":{\"@type\":\"EntryPoint\",\"urlTemplate\":\"https:\/\/testeryou.com\/tr\/?s={search_term_string}\"},\"query-input\":{\"@type\":\"PropertyValueSpecification\",\"valueRequired\":true,\"valueName\":\"search_term_string\"}}],\"inLanguage\":\"tr\"},{\"@type\":\"Organization\",\"@id\":\"https:\/\/testeryou.com\/tr\/#organization\",\"name\":\"TesterYou Bili\u015fim Hizmetleri A.\u015e.\",\"url\":\"https:\/\/testeryou.com\/tr\/\",\"logo\":{\"@type\":\"ImageObject\",\"inLanguage\":\"tr\",\"@id\":\"https:\/\/testeryou.com\/tr\/#\/schema\/logo\/image\/\",\"url\":\"https:\/\/testeryou.com\/wp-content\/uploads\/2018\/06\/TesterYou_Favicon.png\",\"contentUrl\":\"https:\/\/testeryou.com\/wp-content\/uploads\/2018\/06\/TesterYou_Favicon.png\",\"width\":1691,\"height\":1921,\"caption\":\"TesterYou Bili\u015fim Hizmetleri A.\u015e.\"},\"image\":{\"@id\":\"https:\/\/testeryou.com\/tr\/#\/schema\/logo\/image\/\"},\"sameAs\":[\"http:\/\/www.facebook.com\/testeryouhq\",\"https:\/\/x.com\/testeryouhq\",\"http:\/\/www.instagram.com\/testeryouhq\/\",\"http:\/\/www.linkedin.com\/company\/testeryou\/\",\"http:\/\/www.youtube.com\/channel\/UC77eVCL7mzsIbNP799cEPOQ\"]}]}<\/script>\n<!-- \/ Yoast SEO plugin. -->","yoast_head_json":{"title":"S\u0131rma'n\u0131n Arkada\u015fl\u0131k Manifestosu - TesterYou","description":"You can find many different products in TesterYou store. Click to get information about TesterYou Grey Mug.","robots":{"index":"index","follow":"follow","max-snippet":"max-snippet:-1","max-image-preview":"max-image-preview:large","max-video-preview":"max-video-preview:-1"},"canonical":"https:\/\/testeryou.com\/tr\/magaza\/sirmanin-arkadaslik-manifestosu\/","og_locale":"tr_TR","og_type":"article","og_title":"S\u0131rma'n\u0131n Arkada\u015fl\u0131k Manifestosu - TesterYou","og_description":"You can find many different products in TesterYou store. Click to get information about TesterYou Grey Mug.","og_url":"https:\/\/testeryou.com\/tr\/magaza\/sirmanin-arkadaslik-manifestosu\/","og_site_name":"TesterYou","article_publisher":"http:\/\/www.facebook.com\/testeryouhq","article_modified_time":"2025-12-22T12:17:47+00:00","og_image":[{"width":850,"height":595,"url":"https:\/\/testeryou.com\/wp-content\/uploads\/2025\/08\/sirma_store_tr.png","type":"image\/png"}],"twitter_card":"summary_large_image","twitter_site":"@testeryouhq","twitter_misc":{"Tahmini okuma s\u00fcresi":"2 dakika"},"schema":{"@context":"https:\/\/schema.org","@graph":[{"@type":"WebPage","@id":"https:\/\/testeryou.com\/tr\/magaza\/sirmanin-arkadaslik-manifestosu\/","url":"https:\/\/testeryou.com\/tr\/magaza\/sirmanin-arkadaslik-manifestosu\/","name":"S\u0131rma'n\u0131n Arkada\u015fl\u0131k Manifestosu - TesterYou","isPartOf":{"@id":"https:\/\/testeryou.com\/tr\/#website"},"primaryImageOfPage":{"@id":"https:\/\/testeryou.com\/tr\/magaza\/sirmanin-arkadaslik-manifestosu\/#primaryimage"},"image":{"@id":"https:\/\/testeryou.com\/tr\/magaza\/sirmanin-arkadaslik-manifestosu\/#primaryimage"},"thumbnailUrl":"https:\/\/testeryou.com\/wp-content\/uploads\/2025\/08\/sirma_store_tr.png","datePublished":"2023-03-09T16:13:30+00:00","dateModified":"2025-12-22T12:17:47+00:00","description":"You can find many different products in TesterYou store. Click to get information about TesterYou Grey Mug.","breadcrumb":{"@id":"https:\/\/testeryou.com\/tr\/magaza\/sirmanin-arkadaslik-manifestosu\/#breadcrumb"},"inLanguage":"tr","potentialAction":[{"@type":"ReadAction","target":["https:\/\/testeryou.com\/tr\/magaza\/sirmanin-arkadaslik-manifestosu\/"]}]},{"@type":"ImageObject","inLanguage":"tr","@id":"https:\/\/testeryou.com\/tr\/magaza\/sirmanin-arkadaslik-manifestosu\/#primaryimage","url":"https:\/\/testeryou.com\/wp-content\/uploads\/2025\/08\/sirma_store_tr.png","contentUrl":"https:\/\/testeryou.com\/wp-content\/uploads\/2025\/08\/sirma_store_tr.png","width":850,"height":595},{"@type":"BreadcrumbList","@id":"https:\/\/testeryou.com\/tr\/magaza\/sirmanin-arkadaslik-manifestosu\/#breadcrumb","itemListElement":[{"@type":"ListItem","position":1,"name":"Home","item":"https:\/\/testeryou.com\/tr\/"},{"@type":"ListItem","position":2,"name":"Ma\u011faza","item":"https:\/\/testeryou.com\/tr\/magaza\/"},{"@type":"ListItem","position":3,"name":"S\u0131rma&#8217;n\u0131n Arkada\u015fl\u0131k Manifestosu"}]},{"@type":"WebSite","@id":"https:\/\/testeryou.com\/tr\/#website","url":"https:\/\/testeryou.com\/tr\/","name":"TesterYou","description":"TesterYou","publisher":{"@id":"https:\/\/testeryou.com\/tr\/#organization"},"potentialAction":[{"@type":"SearchAction","target":{"@type":"EntryPoint","urlTemplate":"https:\/\/testeryou.com\/tr\/?s={search_term_string}"},"query-input":{"@type":"PropertyValueSpecification","valueRequired":true,"valueName":"search_term_string"}}],"inLanguage":"tr"},{"@type":"Organization","@id":"https:\/\/testeryou.com\/tr\/#organization","name":"TesterYou Bili\u015fim Hizmetleri A.\u015e.","url":"https:\/\/testeryou.com\/tr\/","logo":{"@type":"ImageObject","inLanguage":"tr","@id":"https:\/\/testeryou.com\/tr\/#\/schema\/logo\/image\/","url":"https:\/\/testeryou.com\/wp-content\/uploads\/2018\/06\/TesterYou_Favicon.png","contentUrl":"https:\/\/testeryou.com\/wp-content\/uploads\/2018\/06\/TesterYou_Favicon.png","width":1691,"height":1921,"caption":"TesterYou Bili\u015fim Hizmetleri A.\u015e."},"image":{"@id":"https:\/\/testeryou.com\/tr\/#\/schema\/logo\/image\/"},"sameAs":["http:\/\/www.facebook.com\/testeryouhq","https:\/\/x.com\/testeryouhq","http:\/\/www.instagram.com\/testeryouhq\/","http:\/\/www.linkedin.com\/company\/testeryou\/","http:\/\/www.youtube.com\/channel\/UC77eVCL7mzsIbNP799cEPOQ"]}]}},"_links":{"self":[{"href":"https:\/\/testeryou.com\/tr\/wp-json\/wp\/v2\/pages\/201041","targetHints":{"allow":["GET"]}}],"collection":[{"href":"https:\/\/testeryou.com\/tr\/wp-json\/wp\/v2\/pages"}],"about":[{"href":"https:\/\/testeryou.com\/tr\/wp-json\/wp\/v2\/types\/page"}],"author":[{"embeddable":true,"href":"https:\/\/testeryou.com\/tr\/wp-json\/wp\/v2\/users\/376"}],"replies":[{"embeddable":true,"href":"https:\/\/testeryou.com\/tr\/wp-json\/wp\/v2\/comments?post=201041"}],"version-history":[{"count":2,"href":"https:\/\/testeryou.com\/tr\/wp-json\/wp\/v2\/pages\/201041\/revisions"}],"predecessor-version":[{"id":211782,"href":"https:\/\/testeryou.com\/tr\/wp-json\/wp\/v2\/pages\/201041\/revisions\/211782"}],"up":[{"embeddable":true,"href":"https:\/\/testeryou.com\/tr\/wp-json\/wp\/v2\/pages\/126557"}],"wp:featuredmedia":[{"embeddable":true,"href":"https:\/\/testeryou.com\/tr\/wp-json\/wp\/v2\/media\/211033"}],"wp:attachment":[{"href":"https:\/\/testeryou.com\/tr\/wp-json\/wp\/v2\/media?parent=201041"}],"curies":[{"name":"wp","href":"https:\/\/api.w.org\/{rel}","templated":true}]}}