{"id":201237,"date":"2023-03-14T10:16:35","date_gmt":"2023-03-14T07:16:35","guid":{"rendered":"http:\/\/testeryou.local\/?page_id=201237"},"modified":"2025-10-13T14:52:10","modified_gmt":"2025-10-13T11:52:10","slug":"agile-fundamentals","status":"publish","type":"page","link":"https:\/\/testeryou.com\/tr\/agile-fundamentals\/","title":{"rendered":"ICAgile Agile Temelleri"},"content":{"rendered":"<div class=\"wpb-content-wrapper\"><p>[vc_section back_color=&#8221;accent&#8221; back_image=&#8221;11298&#8243; back_repeat=&#8221;inherit&#8221; back_attachment=&#8221;scroll&#8221; overlay_alpha=&#8221;50&#8243; back_size=&#8221;cover&#8221;][vc_row row_height_percent=&#8221;0&#8243; override_padding=&#8221;yes&#8221; h_padding=&#8221;2&#8243; top_padding=&#8221;4&#8243; bottom_padding=&#8221;4&#8243; overlay_alpha=&#8221;95&#8243; gutter_size=&#8221;100&#8243; column_width_percent=&#8221;100&#8243; shift_y=&#8221;0&#8243; z_index=&#8221;0&#8243; style=&#8221;inherited&#8221; el_class=&#8221;trainings-section-2&#8243;][vc_column column_width_percent=&#8221;100&#8243; position_horizontal=&#8221;left&#8221; gutter_size=&#8221;3&#8243; expand_height=&#8221;yes&#8221; back_color=&#8221;color-xsdn&#8221; overlay_alpha=&#8221;100&#8243; shift_x=&#8221;0&#8243; shift_y=&#8221;0&#8243; shift_y_down=&#8221;0&#8243; z_index=&#8221;0&#8243; medium_width=&#8221;0&#8243; mobile_width=&#8221;0&#8243; zoom_width=&#8221;0&#8243; zoom_height=&#8221;0&#8243; width=&#8221;1\/3&#8243; uncode_shortcode_id=&#8221;190242&#8243; back_color_type=&#8221;uncode-palette&#8221; el_class=&#8221;card-with-cta&#8221;][vc_column_text el_class=&#8221;trainings-ul-2&#8243; uncode_shortcode_id=&#8221;212941&#8243;]<strong>\u00c7evik D\u00fc\u015f\u00fcnce Yap\u0131s\u0131 ve \u0130lkeler<\/strong><\/p>\n<ul>\n<li>Agile&#8217;\u0131n nas\u0131l \u00e7al\u0131\u015ft\u0131\u011f\u0131n\u0131 anlay\u0131n<\/li>\n<li>Agile zihniyetin \u00f6zeti<\/li>\n<li>Agile \u0130\u015f Analizi ve De\u011fer Yaratma<\/li>\n<li>Agile \u0130\u015f Analistlerinin Rolleri<\/li>\n<li>\u00dcr\u00fcn Sahipleri ile \u0130\u015f Analistleri ve di\u011fer ekip \u00fcyeleri aras\u0131ndaki farklar<\/li>\n<\/ul>\n<p><strong>Agile Manifesto ve Metodolojiler<\/strong><\/p>\n<ul>\n<li>Ayr\u0131nt\u0131l\u0131 Agile Manifesto<\/li>\n<li>\u00c7evik Metodolojiler (Scrum, XP, Kanban, SAFe, Lean vb.)<\/li>\n<li>Agile ve Geleneksel Modellerin Kar\u015f\u0131la\u015ft\u0131r\u0131lmas\u0131 (\u00c7evik ve S\u0131ral\u0131 Modeller)<\/li>\n<li>Scrum \u00c7er\u00e7evesi (Yap\u0131lar, Roller ve Rit\u00fceller)<\/li>\n<li>Kanban \u00c7er\u00e7evesi (Yap\u0131lar, Roller ve Rit\u00fceller)<\/li>\n<li>SAFe \u00c7er\u00e7evesi (Yap\u0131lar, Roller ve Rit\u00fceller)<\/li>\n<li>Yal\u0131n \u00c7er\u00e7eve (Yap\u0131lar, Roller ve Rit\u00fceller)<\/li>\n<\/ul>\n<p>[\/vc_column_text][\/vc_column][vc_column column_width_percent=&#8221;100&#8243; position_horizontal=&#8221;left&#8221; gutter_size=&#8221;3&#8243; expand_height=&#8221;yes&#8221; back_color=&#8221;color-xsdn&#8221; overlay_alpha=&#8221;100&#8243; shift_x=&#8221;0&#8243; shift_y=&#8221;0&#8243; shift_y_down=&#8221;0&#8243; z_index=&#8221;0&#8243; medium_width=&#8221;0&#8243; mobile_width=&#8221;0&#8243; zoom_width=&#8221;0&#8243; zoom_height=&#8221;0&#8243; width=&#8221;1\/3&#8243; el_class=&#8221;trainings-section-2-2 card-with-cta&#8221; uncode_shortcode_id=&#8221;853872&#8243; back_color_type=&#8221;uncode-palette&#8221;][vc_column_text el_class=&#8221;trainings-ul-2&#8243; uncode_shortcode_id=&#8221;918372&#8243;]<strong>Agile Uygulamalar, Rit\u00fceller ve Aktiviteler<\/strong><\/p>\n<ul>\n<li>\u00c7evik Proje Y\u00f6netimi<\/li>\n<li>Agile Rit\u00fceller\n<ul>\n<li>G\u00fcnl\u00fck Toplant\u0131<\/li>\n<li>\u0130\u015f Listesi \u0130yile\u015ftirme<\/li>\n<li>Retrospektif<\/li>\n<li>Yeniden D\u00fczenleme<\/li>\n<\/ul>\n<\/li>\n<li>Tema, Epik, \u00d6zellik, Kullan\u0131c\u0131 Hikayesi, G\u00f6rev<\/li>\n<li>Kabul kriterleri<\/li>\n<li>Tamamlama Kriterleri<\/li>\n<li>Tamamlanman\u0131n tan\u0131m\u0131<\/li>\n<li>Agile Tahmin<\/li>\n<li>Agile&#8217;da \u00f6nceliklendirme<\/li>\n<li>Strateji Analizi<\/li>\n<li>S\u00fcrekli Entegrasyon<\/li>\n<li>S\u00fcrekli Teslimat<\/li>\n<li>KPI&#8217;lar, Metrikler ve \u0130zleme<\/li>\n<\/ul>\n<p>[\/vc_column_text][\/vc_column][vc_column column_width_percent=&#8221;100&#8243; position_horizontal=&#8221;left&#8221; gutter_size=&#8221;3&#8243; back_color=&#8221;color-xsdn&#8221; overlay_alpha=&#8221;100&#8243; shift_x=&#8221;0&#8243; shift_y=&#8221;0&#8243; shift_y_down=&#8221;0&#8243; z_index=&#8221;0&#8243; medium_width=&#8221;0&#8243; mobile_width=&#8221;0&#8243; zoom_width=&#8221;0&#8243; zoom_height=&#8221;0&#8243; width=&#8221;1\/3&#8243; el_class=&#8221;trainings-section-2-3 orange-button-col card-with-cta&#8221; uncode_shortcode_id=&#8221;152812&#8243; back_color_type=&#8221;uncode-palette&#8221;][vc_column_text el_class=&#8221;trainings-ul-2&#8243; uncode_shortcode_id=&#8221;137003&#8243;]<strong>Hedef Kitle<\/strong><\/p>\n<ul>\n<li>\u0130\u015f Profesyonelleri<\/li>\n<li>\u0130K, Pazarlama, Sat\u0131\u015f, Sat\u0131nalma, Hukuk, Proje Y\u00f6netimi<\/li>\n<li>Teknoloji Profesyonelleri<\/li>\n<li>Yaz\u0131l\u0131m Geli\u015ftiriciler, Tasar\u0131mc\u0131lar, Analistler, Test Uzmanlar\u0131<\/li>\n<\/ul>\n<p>[\/vc_column_text][vc_column_text css=&#8221;.vc_custom_1698822796556{margin-top: 15px !important;margin-bottom: 15px !important;}&#8221; uncode_shortcode_id=&#8221;132593&#8243;]<strong><span style=\"color: #664a9e;\">E\u011fitim S\u00fcresi:<\/span><\/strong> 2 g\u00fcn<\/p>\n<p><img decoding=\"async\" class=\" wp-image-207106 aligncenter\" src=\"https:\/\/testeryou.com\/wp-content\/uploads\/2023\/09\/Accredited-Course-300x300.png\" alt=\"\" width=\"237\" height=\"237\" srcset=\"https:\/\/testeryou.com\/wp-content\/uploads\/2023\/09\/Accredited-Course-300x300.png 300w, https:\/\/testeryou.com\/wp-content\/uploads\/2023\/09\/Accredited-Course-150x150.png 150w, https:\/\/testeryou.com\/wp-content\/uploads\/2023\/09\/Accredited-Course-768x768.png 768w, https:\/\/testeryou.com\/wp-content\/uploads\/2023\/09\/Accredited-Course-350x350.png 350w, https:\/\/testeryou.com\/wp-content\/uploads\/2023\/09\/Accredited-Course-348x348.png 348w, https:\/\/testeryou.com\/wp-content\/uploads\/2023\/09\/Accredited-Course-24x24.png 24w, https:\/\/testeryou.com\/wp-content\/uploads\/2023\/09\/Accredited-Course-48x48.png 48w, https:\/\/testeryou.com\/wp-content\/uploads\/2023\/09\/Accredited-Course-96x96.png 96w, https:\/\/testeryou.com\/wp-content\/uploads\/2023\/09\/Accredited-Course.png 800w\" sizes=\"(max-width: 237px) 100vw, 237px\" \/>[\/vc_column_text][vc_button button_color=&#8221;color-5ED3B1&#8243; border_width=&#8221;0&#8243; link=&#8221;url:https%3A%2F%2Fforms.office.com%2Fr%2FNTswHvjBPF||target:%20_blank|&#8221; el_class=&#8221;button-orange egitim-section-buton&#8221; button_color_type=&#8221;uncode-palette&#8221; uncode_shortcode_id=&#8221;292838&#8243;]Bilgi Al[\/vc_button][vc_button button_color=&#8221;color-882BFF&#8221; border_width=&#8221;0&#8243; link=&#8221;url:http%3A%2F%2Ftesteryou.com%2Ftr%2Ftesteryou-products%2Fagile-temelleri-egitimi%2F|target:_blank&#8221; el_class=&#8221;button-orange egitim-section-buton&#8221; button_color_type=&#8221;uncode-palette&#8221; uncode_shortcode_id=&#8221;483413&#8243;]Sat\u0131n Al[\/vc_button][\/vc_column][\/vc_row][vc_row row_height_percent=&#8221;0&#8243; overlay_alpha=&#8221;50&#8243; gutter_size=&#8221;3&#8243; column_width_percent=&#8221;100&#8243; shift_y=&#8221;0&#8243; z_index=&#8221;0&#8243; el_id=&#8221;form&#8221; uncode_shortcode_id=&#8221;830322&#8243; el_class=&#8221;training-form color-5ED3B1&#8243;][vc_column width=&#8221;1\/1&#8243;][vc_column_text el_class=&#8221;form-testeryou&#8221; uncode_shortcode_id=&#8221;672846&#8243;]<\/p>\n<div class=\"modalboxtitle\">\n<h4 style=\"text-align: center;\">Daha fazla bilgi al<\/h4>\n<\/div>\n<div class=\"modalboxtitle\">\n<h4 style=\"text-align: center;\"><strong>ICAgile Agile Temelleri E\u011fitimi<\/strong><\/h4>\n<\/div>\n<div class=\"wpcf7 no-js\" id=\"wpcf7-f211173-o1\" lang=\"en-US\" dir=\"ltr\" data-wpcf7-id=\"211173\">\n<div class=\"screen-reader-response\"><p role=\"status\" aria-live=\"polite\" aria-atomic=\"true\"><\/p> <ul><\/ul><\/div>\n<form action=\"\/tr\/wp-json\/wp\/v2\/pages\/201237#wpcf7-f211173-o1\" method=\"post\" class=\"wpcf7-form init\" aria-label=\"Contact form\" novalidate=\"novalidate\" data-status=\"init\">\n<fieldset class=\"hidden-fields-container\"><input type=\"hidden\" name=\"_wpcf7\" value=\"211173\" \/><input type=\"hidden\" name=\"_wpcf7_version\" value=\"6.1.2\" \/><input type=\"hidden\" name=\"_wpcf7_locale\" value=\"en_US\" \/><input type=\"hidden\" name=\"_wpcf7_unit_tag\" value=\"wpcf7-f211173-o1\" \/><input type=\"hidden\" name=\"_wpcf7_container_post\" value=\"0\" \/><input type=\"hidden\" name=\"_wpcf7_posted_data_hash\" value=\"\" \/><input type=\"hidden\" name=\"_wpcf7cf_hidden_group_fields\" value=\"[]\" \/><input type=\"hidden\" name=\"_wpcf7cf_hidden_groups\" value=\"[]\" \/><input type=\"hidden\" name=\"_wpcf7cf_visible_groups\" value=\"[]\" \/><input type=\"hidden\" name=\"_wpcf7cf_repeaters\" value=\"[]\" \/><input type=\"hidden\" name=\"_wpcf7cf_steps\" value=\"{}\" \/><input type=\"hidden\" name=\"_wpcf7cf_options\" value=\"{&quot;form_id&quot;:211173,&quot;conditions&quot;:[],&quot;settings&quot;:{&quot;animation&quot;:&quot;yes&quot;,&quot;animation_intime&quot;:200,&quot;animation_outtime&quot;:200,&quot;conditions_ui&quot;:&quot;normal&quot;,&quot;notice_dismissed&quot;:false,&quot;notice_dismissed_update-cf7-5.9.5&quot;:true}}\" \/><input type=\"hidden\" name=\"_wpcf7_recaptcha_response\" value=\"\" \/>\n<\/fieldset>\n<div class=\"row\">\n\t<div class=\"row\">\n\t\t<div class=\"col-lg-6\">\n\t\t\t<div class=\"col-lg-6\">\n\t\t\t\t<p><span class=\"wpcf7-form-control-wrap\" data-name=\"isim\"><input size=\"40\" maxlength=\"400\" class=\"wpcf7-form-control wpcf7-text wpcf7-validates-as-required form-fluid\" aria-required=\"true\" aria-invalid=\"false\" placeholder=\"\u0130sim *\" value=\"\" type=\"text\" name=\"isim\" \/><\/span>\n\t\t\t\t<\/p>\n\t\t\t<\/div>\n\t\t\t<div class=\"col-lg-6\">\n\t\t\t\t<p><span class=\"wpcf7-form-control-wrap\" data-name=\"soyisim\"><input size=\"40\" maxlength=\"400\" class=\"wpcf7-form-control wpcf7-text wpcf7-validates-as-required form-fluid\" aria-required=\"true\" aria-invalid=\"false\" placeholder=\"Soyisim *\" value=\"\" type=\"text\" name=\"soyisim\" \/><\/span>\n\t\t\t\t<\/p>\n\t\t\t<\/div>\n\t\t<\/div>\n\t\t<div class=\"col-lg-6\">\n\t\t\t<p><span class=\"wpcf7-form-control-wrap\" data-name=\"e-mail\"><input size=\"40\" maxlength=\"400\" class=\"wpcf7-form-control wpcf7-email wpcf7-validates-as-required wpcf7-text wpcf7-validates-as-email form-fluid\" aria-required=\"true\" aria-invalid=\"false\" placeholder=\"E-mail *\" value=\"\" type=\"email\" name=\"e-mail\" \/><\/span>\n\t\t\t<\/p>\n\t\t<\/div>\n\t<\/div>\n\t<div class=\"row\">\n\t\t<div >\n\t\t\t<div class=\"col-lg-6\">\n\t\t\t\t<p><span class=\"wpcf7-form-control-wrap\" data-name=\"telefon\"><input size=\"40\" maxlength=\"400\" class=\"wpcf7-form-control wpcf7-tel wpcf7-validates-as-required wpcf7-text wpcf7-validates-as-tel form-fluid\" aria-required=\"true\" aria-invalid=\"false\" placeholder=\"Telefon *\" value=\"\" type=\"tel\" name=\"telefon\" \/><\/span>\n\t\t\t\t<\/p>\n\t\t\t<\/div>\n\t\t\t<div class=\"col-lg-6\">\n\t\t\t\t<p><span class=\"wpcf7-form-control-wrap\" data-name=\"sirket-adi\"><input size=\"40\" maxlength=\"400\" class=\"wpcf7-form-control wpcf7-text wpcf7-validates-as-required form-fluid\" aria-required=\"true\" aria-invalid=\"false\" placeholder=\"\u015eirket Ad\u0131\" value=\"\" type=\"text\" name=\"sirket-adi\" \/><\/span>\n\t\t\t\t<\/p>\n\t\t\t<\/div>\n\t\t<\/div>\n\t<\/div>\n\t<div class=\"col-lg-6\">\n\t\t<p><span class=\"wpcf7-form-control-wrap\" data-name=\"mesaj\"><textarea cols=\"40\" rows=\"4\" maxlength=\"2000\" class=\"wpcf7-form-control wpcf7-textarea\" aria-invalid=\"false\" placeholder=\"Mesaj\u0131n\u0131z\" name=\"mesaj\"><\/textarea><\/span>\n\t\t<\/p>\n\t<\/div>\n<\/div>\n<div class=\"row\">\n\t<div class=\"col-lg-8\">\n\t\t<p><span class=\"wpcf7-form-control-wrap\" data-name=\"acceptance-723\"><span class=\"wpcf7-form-control wpcf7-acceptance\"><span class=\"wpcf7-list-item\"><label><input type=\"checkbox\" name=\"acceptance-723\" value=\"1\" aria-invalid=\"false\" \/><span class=\"wpcf7-list-item-label\"><a style=\"font-weight:bold\" href=\"testeryou.com\/tr\/gizlilik-politikasi\">Gizlilik Politikas\u0131<\/a>'n\u0131 okudum ve kabul ediyorum.<\/span><\/label><\/span><\/span><\/span>\n\t\t<\/p>\n\t<\/div>\n\t<div class=\"col-lg-4\">\n\t\t<p><input class=\"wpcf7-form-control wpcf7-submit has-spinner btn btn-accent btn-lg\" type=\"submit\" value=\"Bilgi Al\" \/>\n\t\t<\/p>\n\t<\/div>\n<\/div><div class=\"wpcf7-response-output\" aria-hidden=\"true\"><\/div>\n<\/form>\n<\/div>\n[\/vc_column_text][\/vc_column][\/vc_row][\/vc_section]<\/p>\n<\/div>","protected":false},"excerpt":{"rendered":"<p>[vc_section back_color=&#8221;accent&#8221; back_image=&#8221;11298&#8243; back_repeat=&#8221;inherit&#8221; back_attachment=&#8221;scroll&#8221; overlay_alpha=&#8221;50&#8243; back_size=&#8221;cover&#8221;][vc_row row_height_percent=&#8221;0&#8243; override_padding=&#8221;yes&#8221; h_padding=&#8221;2&#8243; top_padding=&#8221;4&#8243; bottom_padding=&#8221;4&#8243; overlay_alpha=&#8221;95&#8243; gutter_size=&#8221;100&#8243; column_width_percent=&#8221;100&#8243; shift_y=&#8221;0&#8243; z_index=&#8221;0&#8243; style=&#8221;inherited&#8221; el_class=&#8221;trainings-section-2&#8243;][vc_column column_width_percent=&#8221;100&#8243; [&hellip;]<\/p>\n","protected":false},"author":376,"featured_media":0,"parent":0,"menu_order":0,"comment_status":"closed","ping_status":"closed","template":"","meta":{"_acf_changed":false,"_exactmetrics_skip_tracking":false,"_exactmetrics_sitenote_active":false,"_exactmetrics_sitenote_note":"","_exactmetrics_sitenote_category":0,"footnotes":""},"class_list":["post-201237","page","type-page","status-publish","hentry"],"acf":[],"yoast_head":"<!-- This site is optimized with the Yoast SEO plugin v26.1.1 - https:\/\/yoast.com\/wordpress\/plugins\/seo\/ -->\n<title>ICAgile Agile Temelleri - TesterYou<\/title>\n<meta name=\"robots\" content=\"index, follow, max-snippet:-1, max-image-preview:large, max-video-preview:-1\" \/>\n<link rel=\"canonical\" href=\"https:\/\/testeryou.com\/tr\/agile-fundamentals\/\" \/>\n<meta property=\"og:locale\" content=\"tr_TR\" \/>\n<meta property=\"og:type\" content=\"article\" \/>\n<meta property=\"og:title\" content=\"ICAgile Agile Temelleri - TesterYou\" \/>\n<meta property=\"og:description\" content=\"[vc_section back_color=&#8221;accent&#8221; back_image=&#8221;11298&#8243; back_repeat=&#8221;inherit&#8221; back_attachment=&#8221;scroll&#8221; overlay_alpha=&#8221;50&#8243; back_size=&#8221;cover&#8221;][vc_row row_height_percent=&#8221;0&#8243; override_padding=&#8221;yes&#8221; h_padding=&#8221;2&#8243; top_padding=&#8221;4&#8243; bottom_padding=&#8221;4&#8243; overlay_alpha=&#8221;95&#8243; gutter_size=&#8221;100&#8243; column_width_percent=&#8221;100&#8243; shift_y=&#8221;0&#8243; z_index=&#8221;0&#8243; style=&#8221;inherited&#8221; el_class=&#8221;trainings-section-2&#8243;][vc_column column_width_percent=&#8221;100&#8243; [&hellip;]\" \/>\n<meta property=\"og:url\" content=\"https:\/\/testeryou.com\/tr\/agile-fundamentals\/\" \/>\n<meta property=\"og:site_name\" content=\"TesterYou\" \/>\n<meta property=\"article:publisher\" content=\"http:\/\/www.facebook.com\/testeryouhq\" \/>\n<meta property=\"article:modified_time\" content=\"2025-10-13T11:52:10+00:00\" \/>\n<meta property=\"og:image\" content=\"https:\/\/testeryou.com\/wp-content\/uploads\/2023\/09\/Accredited-Course-300x300.png\" \/>\n<meta name=\"twitter:card\" content=\"summary_large_image\" \/>\n<meta name=\"twitter:site\" content=\"@testeryouhq\" \/>\n<meta name=\"twitter:label1\" content=\"Tahmini okuma s\u00fcresi\" \/>\n\t<meta name=\"twitter:data1\" content=\"2 dakika\" \/>\n<script type=\"application\/ld+json\" class=\"yoast-schema-graph\">{\"@context\":\"https:\/\/schema.org\",\"@graph\":[{\"@type\":\"WebPage\",\"@id\":\"https:\/\/testeryou.com\/tr\/agile-fundamentals\/\",\"url\":\"https:\/\/testeryou.com\/tr\/agile-fundamentals\/\",\"name\":\"ICAgile Agile Temelleri - TesterYou\",\"isPartOf\":{\"@id\":\"https:\/\/testeryou.com\/tr\/#website\"},\"primaryImageOfPage\":{\"@id\":\"https:\/\/testeryou.com\/tr\/agile-fundamentals\/#primaryimage\"},\"image\":{\"@id\":\"https:\/\/testeryou.com\/tr\/agile-fundamentals\/#primaryimage\"},\"thumbnailUrl\":\"https:\/\/testeryou.com\/wp-content\/uploads\/2023\/09\/Accredited-Course-300x300.png\",\"datePublished\":\"2023-03-14T07:16:35+00:00\",\"dateModified\":\"2025-10-13T11:52:10+00:00\",\"breadcrumb\":{\"@id\":\"https:\/\/testeryou.com\/tr\/agile-fundamentals\/#breadcrumb\"},\"inLanguage\":\"tr\",\"potentialAction\":[{\"@type\":\"ReadAction\",\"target\":[\"https:\/\/testeryou.com\/tr\/agile-fundamentals\/\"]}]},{\"@type\":\"ImageObject\",\"inLanguage\":\"tr\",\"@id\":\"https:\/\/testeryou.com\/tr\/agile-fundamentals\/#primaryimage\",\"url\":\"https:\/\/testeryou.com\/wp-content\/uploads\/2023\/09\/Accredited-Course-300x300.png\",\"contentUrl\":\"https:\/\/testeryou.com\/wp-content\/uploads\/2023\/09\/Accredited-Course-300x300.png\"},{\"@type\":\"BreadcrumbList\",\"@id\":\"https:\/\/testeryou.com\/tr\/agile-fundamentals\/#breadcrumb\",\"itemListElement\":[{\"@type\":\"ListItem\",\"position\":1,\"name\":\"Home\",\"item\":\"https:\/\/testeryou.com\/tr\/\"},{\"@type\":\"ListItem\",\"position\":2,\"name\":\"ICAgile Agile Temelleri\"}]},{\"@type\":\"WebSite\",\"@id\":\"https:\/\/testeryou.com\/tr\/#website\",\"url\":\"https:\/\/testeryou.com\/tr\/\",\"name\":\"TesterYou\",\"description\":\"TesterYou\",\"publisher\":{\"@id\":\"https:\/\/testeryou.com\/tr\/#organization\"},\"potentialAction\":[{\"@type\":\"SearchAction\",\"target\":{\"@type\":\"EntryPoint\",\"urlTemplate\":\"https:\/\/testeryou.com\/tr\/?s={search_term_string}\"},\"query-input\":{\"@type\":\"PropertyValueSpecification\",\"valueRequired\":true,\"valueName\":\"search_term_string\"}}],\"inLanguage\":\"tr\"},{\"@type\":\"Organization\",\"@id\":\"https:\/\/testeryou.com\/tr\/#organization\",\"name\":\"TesterYou Bili\u015fim Hizmetleri A.\u015e.\",\"url\":\"https:\/\/testeryou.com\/tr\/\",\"logo\":{\"@type\":\"ImageObject\",\"inLanguage\":\"tr\",\"@id\":\"https:\/\/testeryou.com\/tr\/#\/schema\/logo\/image\/\",\"url\":\"https:\/\/testeryou.com\/wp-content\/uploads\/2018\/06\/TesterYou_Favicon.png\",\"contentUrl\":\"https:\/\/testeryou.com\/wp-content\/uploads\/2018\/06\/TesterYou_Favicon.png\",\"width\":1691,\"height\":1921,\"caption\":\"TesterYou Bili\u015fim Hizmetleri A.\u015e.\"},\"image\":{\"@id\":\"https:\/\/testeryou.com\/tr\/#\/schema\/logo\/image\/\"},\"sameAs\":[\"http:\/\/www.facebook.com\/testeryouhq\",\"https:\/\/x.com\/testeryouhq\",\"http:\/\/www.instagram.com\/testeryouhq\/\",\"http:\/\/www.linkedin.com\/company\/testeryou\/\",\"http:\/\/www.youtube.com\/channel\/UC77eVCL7mzsIbNP799cEPOQ\"]}]}<\/script>\n<!-- \/ Yoast SEO plugin. -->","yoast_head_json":{"title":"ICAgile Agile Temelleri - TesterYou","robots":{"index":"index","follow":"follow","max-snippet":"max-snippet:-1","max-image-preview":"max-image-preview:large","max-video-preview":"max-video-preview:-1"},"canonical":"https:\/\/testeryou.com\/tr\/agile-fundamentals\/","og_locale":"tr_TR","og_type":"article","og_title":"ICAgile Agile Temelleri - TesterYou","og_description":"[vc_section back_color=&#8221;accent&#8221; back_image=&#8221;11298&#8243; back_repeat=&#8221;inherit&#8221; back_attachment=&#8221;scroll&#8221; overlay_alpha=&#8221;50&#8243; back_size=&#8221;cover&#8221;][vc_row row_height_percent=&#8221;0&#8243; override_padding=&#8221;yes&#8221; h_padding=&#8221;2&#8243; top_padding=&#8221;4&#8243; bottom_padding=&#8221;4&#8243; overlay_alpha=&#8221;95&#8243; gutter_size=&#8221;100&#8243; column_width_percent=&#8221;100&#8243; shift_y=&#8221;0&#8243; z_index=&#8221;0&#8243; style=&#8221;inherited&#8221; el_class=&#8221;trainings-section-2&#8243;][vc_column column_width_percent=&#8221;100&#8243; [&hellip;]","og_url":"https:\/\/testeryou.com\/tr\/agile-fundamentals\/","og_site_name":"TesterYou","article_publisher":"http:\/\/www.facebook.com\/testeryouhq","article_modified_time":"2025-10-13T11:52:10+00:00","og_image":[{"url":"https:\/\/testeryou.com\/wp-content\/uploads\/2023\/09\/Accredited-Course-300x300.png","type":"","width":"","height":""}],"twitter_card":"summary_large_image","twitter_site":"@testeryouhq","twitter_misc":{"Tahmini okuma s\u00fcresi":"2 dakika"},"schema":{"@context":"https:\/\/schema.org","@graph":[{"@type":"WebPage","@id":"https:\/\/testeryou.com\/tr\/agile-fundamentals\/","url":"https:\/\/testeryou.com\/tr\/agile-fundamentals\/","name":"ICAgile Agile Temelleri - TesterYou","isPartOf":{"@id":"https:\/\/testeryou.com\/tr\/#website"},"primaryImageOfPage":{"@id":"https:\/\/testeryou.com\/tr\/agile-fundamentals\/#primaryimage"},"image":{"@id":"https:\/\/testeryou.com\/tr\/agile-fundamentals\/#primaryimage"},"thumbnailUrl":"https:\/\/testeryou.com\/wp-content\/uploads\/2023\/09\/Accredited-Course-300x300.png","datePublished":"2023-03-14T07:16:35+00:00","dateModified":"2025-10-13T11:52:10+00:00","breadcrumb":{"@id":"https:\/\/testeryou.com\/tr\/agile-fundamentals\/#breadcrumb"},"inLanguage":"tr","potentialAction":[{"@type":"ReadAction","target":["https:\/\/testeryou.com\/tr\/agile-fundamentals\/"]}]},{"@type":"ImageObject","inLanguage":"tr","@id":"https:\/\/testeryou.com\/tr\/agile-fundamentals\/#primaryimage","url":"https:\/\/testeryou.com\/wp-content\/uploads\/2023\/09\/Accredited-Course-300x300.png","contentUrl":"https:\/\/testeryou.com\/wp-content\/uploads\/2023\/09\/Accredited-Course-300x300.png"},{"@type":"BreadcrumbList","@id":"https:\/\/testeryou.com\/tr\/agile-fundamentals\/#breadcrumb","itemListElement":[{"@type":"ListItem","position":1,"name":"Home","item":"https:\/\/testeryou.com\/tr\/"},{"@type":"ListItem","position":2,"name":"ICAgile Agile Temelleri"}]},{"@type":"WebSite","@id":"https:\/\/testeryou.com\/tr\/#website","url":"https:\/\/testeryou.com\/tr\/","name":"TesterYou","description":"TesterYou","publisher":{"@id":"https:\/\/testeryou.com\/tr\/#organization"},"potentialAction":[{"@type":"SearchAction","target":{"@type":"EntryPoint","urlTemplate":"https:\/\/testeryou.com\/tr\/?s={search_term_string}"},"query-input":{"@type":"PropertyValueSpecification","valueRequired":true,"valueName":"search_term_string"}}],"inLanguage":"tr"},{"@type":"Organization","@id":"https:\/\/testeryou.com\/tr\/#organization","name":"TesterYou Bili\u015fim Hizmetleri A.\u015e.","url":"https:\/\/testeryou.com\/tr\/","logo":{"@type":"ImageObject","inLanguage":"tr","@id":"https:\/\/testeryou.com\/tr\/#\/schema\/logo\/image\/","url":"https:\/\/testeryou.com\/wp-content\/uploads\/2018\/06\/TesterYou_Favicon.png","contentUrl":"https:\/\/testeryou.com\/wp-content\/uploads\/2018\/06\/TesterYou_Favicon.png","width":1691,"height":1921,"caption":"TesterYou Bili\u015fim Hizmetleri A.\u015e."},"image":{"@id":"https:\/\/testeryou.com\/tr\/#\/schema\/logo\/image\/"},"sameAs":["http:\/\/www.facebook.com\/testeryouhq","https:\/\/x.com\/testeryouhq","http:\/\/www.instagram.com\/testeryouhq\/","http:\/\/www.linkedin.com\/company\/testeryou\/","http:\/\/www.youtube.com\/channel\/UC77eVCL7mzsIbNP799cEPOQ"]}]}},"_links":{"self":[{"href":"https:\/\/testeryou.com\/tr\/wp-json\/wp\/v2\/pages\/201237","targetHints":{"allow":["GET"]}}],"collection":[{"href":"https:\/\/testeryou.com\/tr\/wp-json\/wp\/v2\/pages"}],"about":[{"href":"https:\/\/testeryou.com\/tr\/wp-json\/wp\/v2\/types\/page"}],"author":[{"embeddable":true,"href":"https:\/\/testeryou.com\/tr\/wp-json\/wp\/v2\/users\/376"}],"replies":[{"embeddable":true,"href":"https:\/\/testeryou.com\/tr\/wp-json\/wp\/v2\/comments?post=201237"}],"version-history":[{"count":0,"href":"https:\/\/testeryou.com\/tr\/wp-json\/wp\/v2\/pages\/201237\/revisions"}],"wp:attachment":[{"href":"https:\/\/testeryou.com\/tr\/wp-json\/wp\/v2\/media?parent=201237"}],"curies":[{"name":"wp","href":"https:\/\/api.w.org\/{rel}","templated":true}]}}