{"id":202503,"date":"2023-03-27T15:18:32","date_gmt":"2023-03-27T12:18:32","guid":{"rendered":"http:\/\/testeryou.local\/agile\/"},"modified":"2026-04-17T10:06:21","modified_gmt":"2026-04-17T07:06:21","slug":"agile","status":"publish","type":"page","link":"https:\/\/testeryou.com\/tr\/agile\/","title":{"rendered":"Agile"},"content":{"rendered":"<div class=\"wpb-content-wrapper\"><p>[vc_row row_height_percent=&#8221;0&#8243; overlay_alpha=&#8221;50&#8243; gutter_size=&#8221;3&#8243; column_width_percent=&#8221;100&#8243; shift_y=&#8221;0&#8243; z_index=&#8221;0&#8243; el_class=&#8221;section-agile-one&#8221;][vc_column width=&#8221;1\/1&#8243;][vc_column_text el_class=&#8221;text-testeryou-title&#8221; css=&#8221;.vc_custom_1679913354750{margin-top: 50px !important;}&#8221;]<\/p>\n<h2 style=\"text-align: center;\">TesterYou Agile<\/h2>\n<p>[\/vc_column_text][vc_row_inner row_inner_height_percent=&#8221;0&#8243; overlay_alpha=&#8221;50&#8243; gutter_size=&#8221;3&#8243; shift_y=&#8221;0&#8243; z_index=&#8221;0&#8243; el_class=&#8221;center-row&#8221; limit_content=&#8221;&#8221;][vc_column_inner column_width_percent=&#8221;100&#8243; gutter_size=&#8221;3&#8243; overlay_alpha=&#8221;50&#8243; shift_x=&#8221;0&#8243; shift_y=&#8221;0&#8243; shift_y_down=&#8221;0&#8243; z_index=&#8221;0&#8243; medium_width=&#8221;0&#8243; mobile_width=&#8221;0&#8243; width=&#8221;1\/2&#8243;][vc_button button_color=&#8221;color-5ED3B1&#8243; border_width=&#8221;0&#8243; link=&#8221;url:http%3A%2F%2Ftesteryou.com%2Ftr%2Filetisim%2F|title:%C4%B0leti%C5%9Fim&#8221; button_color_type=&#8221;uncode-palette&#8221; uncode_shortcode_id=&#8221;793799&#8243;]B\u0130ZE ULA\u015eIN[\/vc_button][\/vc_column_inner][vc_column_inner column_width_percent=&#8221;100&#8243; gutter_size=&#8221;3&#8243; overlay_alpha=&#8221;50&#8243; shift_x=&#8221;0&#8243; shift_y=&#8221;0&#8243; shift_y_down=&#8221;0&#8243; z_index=&#8221;0&#8243; medium_width=&#8221;0&#8243; mobile_width=&#8221;0&#8243; width=&#8221;1\/2&#8243;][vc_button button_color=&#8221;color-882BFF&#8221; border_width=&#8221;0&#8243; link=&#8221;url:http%3A%2F%2Ftesteryou.com%2Ftr%2Fegitim%2F|title:E%C4%9Fitimler&#8221; uncode_shortcode_id=&#8221;257567&#8243; button_color_type=&#8221;uncode-palette&#8221;]E\u011e\u0130T\u0130MLER[\/vc_button][\/vc_column_inner][\/vc_row_inner][\/vc_column][\/vc_row][vc_row row_height_percent=&#8221;0&#8243; overlay_alpha=&#8221;50&#8243; gutter_size=&#8221;3&#8243; column_width_percent=&#8221;100&#8243; shift_y=&#8221;0&#8243; z_index=&#8221;0&#8243; uncode_shortcode_id=&#8221;162631&#8243; el_class=&#8221;section-testeryou-2&#8243;][vc_column column_width_percent=&#8221;100&#8243; gutter_size=&#8221;3&#8243; overlay_alpha=&#8221;50&#8243; shift_x=&#8221;0&#8243; shift_y=&#8221;0&#8243; shift_y_down=&#8221;0&#8243; z_index=&#8221;0&#8243; medium_width=&#8221;0&#8243; mobile_width=&#8221;0&#8243; width=&#8221;1\/2&#8243; el_class=&#8221;sol-kolon-testeryou&#8221; uncode_shortcode_id=&#8221;552309&#8243;][vc_column_text uncode_shortcode_id=&#8221;536691&#8243; el_class=&#8221;text-strong&#8221;]<strong>\u201cAgile\u201d Nedir?<\/strong><\/p>\n<p>&#8220;Agile&#8221; &#8211; \u00e7evik- kelimesi, zaman i\u00e7inde geli\u015fen \u00e7e\u015fitli yinelemeli geli\u015ftirme metodolojilerini belirtmek i\u00e7in kullan\u0131l\u0131r.<\/p>\n<p>Agile, ekip \u00e7al\u0131\u015fmas\u0131n\u0131, esnekli\u011fi ve m\u00fc\u015fteri memnuniyetini vurgulayan bir proje y\u00f6netimi metodolojisidir. Uyarlanabilir planlamay\u0131, s\u00fcrekli iyile\u015ftirmeyi ve de\u011fi\u015fime h\u0131zl\u0131 ve esnek tepki vermeyi te\u015fvik eder.[\/vc_column_text][\/vc_column][vc_column column_width_percent=&#8221;100&#8243; gutter_size=&#8221;3&#8243; overlay_alpha=&#8221;50&#8243; shift_x=&#8221;0&#8243; shift_y=&#8221;0&#8243; shift_y_down=&#8221;0&#8243; z_index=&#8221;0&#8243; medium_width=&#8221;0&#8243; mobile_width=&#8221;0&#8243; width=&#8221;1\/2&#8243; el_class=&#8221;sag-kolon-testeryou&#8221;][vc_single_image media=&#8221;202259&#8243; media_width_percent=&#8221;100&#8243; alignment=&#8221;center&#8221; uncode_shortcode_id=&#8221;823112&#8243;][\/vc_column][\/vc_row][vc_row row_height_percent=&#8221;0&#8243; overlay_alpha=&#8221;50&#8243; gutter_size=&#8221;3&#8243; column_width_percent=&#8221;100&#8243; shift_y=&#8221;0&#8243; z_index=&#8221;0&#8243; el_class=&#8221;benifits-agile-testeryou&#8221;][vc_column column_width_percent=&#8221;100&#8243; gutter_size=&#8221;3&#8243; overlay_alpha=&#8221;50&#8243; shift_x=&#8221;0&#8243; shift_y=&#8221;0&#8243; shift_y_down=&#8221;0&#8243; z_index=&#8221;0&#8243; medium_width=&#8221;0&#8243; mobile_width=&#8221;0&#8243; width=&#8221;2\/3&#8243; el_class=&#8221;testeryou-agile-benefits-img&#8221; uncode_shortcode_id=&#8221;594450&#8243;][vc_single_image media=&#8221;201699&#8243; media_width_percent=&#8221;100&#8243; uncode_shortcode_id=&#8221;181606&#8243;][\/vc_column][vc_column column_width_percent=&#8221;100&#8243; gutter_size=&#8221;3&#8243; overlay_alpha=&#8221;50&#8243; shift_x=&#8221;0&#8243; shift_y=&#8221;0&#8243; shift_y_down=&#8221;0&#8243; z_index=&#8221;0&#8243; medium_width=&#8221;0&#8243; mobile_width=&#8221;0&#8243; width=&#8221;1\/3&#8243; el_class=&#8221;sol-kolon-testeryou&#8221; uncode_shortcode_id=&#8221;119334&#8243;][vc_column_text uncode_shortcode_id=&#8221;110587&#8243; el_class=&#8221;text-strong&#8221;]<b>Agile Yakla\u015f\u0131m\u0131n Faydalar\u0131 Nelerdir?<\/b><\/p>\n<p>\u00c7evik yakla\u015f\u0131m\u0131n daha y\u00fcksek m\u00fc\u015fteri memnuniyeti, daha az kusur ve daha h\u0131zl\u0131 geli\u015ftirme zaman \u00e7izelgeleri gibi faydalar\u0131 vard\u0131r. \u00c7evik metodoloji, proje \u00e7\u0131kt\u0131lar\u0131n\u0131n teknolojik y\u00f6nlerine ili\u015fkin erken girdilerden yararland\u0131\u011f\u0131ndan, h\u0131zla de\u011fi\u015fen ihtiya\u00e7lara da yan\u0131t verir.[\/vc_column_text][\/vc_column][\/vc_row][vc_row row_height_percent=&#8221;0&#8243; overlay_alpha=&#8221;50&#8243; gutter_size=&#8221;3&#8243; column_width_percent=&#8221;100&#8243; shift_y=&#8221;0&#8243; z_index=&#8221;0&#8243; uncode_shortcode_id=&#8221;182336&#8243; el_class=&#8221;our-referans&#8221;][vc_column width=&#8221;1\/1&#8243;][vc_column_text uncode_shortcode_id=&#8221;590266&#8243;]<\/p>\n<p style=\"text-align: center; font-style: normal; font-weight: 400; font-size: 18px !important; line-height: 170%; color: #000000;\"><strong>Our References<\/strong><\/p>\n<p>[\/vc_column_text][vc_gallery el_id=&#8221;gallery-209963&#8243; isotope_mode=&#8221;fitRows&#8221; medias=&#8221;211853,202860,202885,202864,202908,211872,202917,202854&#8243; gutter_size=&#8221;3&#8243; screen_lg=&#8221;1000&#8243; screen_md=&#8221;600&#8243; screen_sm=&#8221;480&#8243; single_width=&#8221;3&#8243; single_overlay_opacity=&#8221;50&#8243; single_padding=&#8221;2&#8243; single_border=&#8221;yes&#8221; uncode_shortcode_id=&#8221;159435&#8243;][vc_row_inner row_inner_height_percent=&#8221;0&#8243; overlay_alpha=&#8221;50&#8243; gutter_size=&#8221;3&#8243; shift_y=&#8221;0&#8243; z_index=&#8221;0&#8243; uncode_shortcode_id=&#8221;137439&#8243; el_class=&#8221;referans&#8221; limit_content=&#8221;&#8221;][vc_column_inner width=&#8221;1\/1&#8243;][vc_button button_color=&#8221;color-882BFF&#8221; border_width=&#8221;0&#8243; uncode_shortcode_id=&#8221;137608&#8243; button_color_type=&#8221;uncode-palette&#8221; link=&#8221;url:http%3A%2F%2Ftesteryou.com%2Ftr%2Freferanslarimiz%2F|title:Referanslar%C4%B1m%C4%B1z&#8221;]T\u00fcm\u00fcn\u00fc G\u00f6r[\/vc_button][\/vc_column_inner][\/vc_row_inner][\/vc_column][\/vc_row][vc_row row_height_percent=&#8221;0&#8243; back_image=&#8221;201695&#8243; overlay_alpha=&#8221;50&#8243; gutter_size=&#8221;3&#8243; column_width_percent=&#8221;100&#8243; shift_y=&#8221;0&#8243; z_index=&#8221;0&#8243; el_class=&#8221;section-3-testeryou&#8221; uncode_shortcode_id=&#8221;676911&#8243;][vc_column column_width_percent=&#8221;100&#8243; gutter_size=&#8221;3&#8243; overlay_alpha=&#8221;50&#8243; shift_x=&#8221;0&#8243; shift_y=&#8221;0&#8243; shift_y_down=&#8221;0&#8243; z_index=&#8221;0&#8243; medium_width=&#8221;0&#8243; mobile_width=&#8221;0&#8243; width=&#8221;1\/1&#8243; el_class=&#8221;section-3-testeryou-media&#8221;][vc_column_text uncode_shortcode_id=&#8221;184522&#8243;]<\/p>\n<p style=\"text-align: center;\"><strong>T\u00fcm\u00fcn\u00fc ayn\u0131 zamanda ba\u015far\u0131n<\/strong><\/p>\n<p>[\/vc_column_text][vc_column_text uncode_shortcode_id=&#8221;371551&#8243;]<\/p>\n<p><img decoding=\"async\" class=\"size-full wp-image-201446 aligncenter\" src=\"\/wp-content\/uploads\/2023\/03\/Group-14.svg\" alt=\"\" width=\"513\" height=\"391\" \/><\/p>\n<p>[\/vc_column_text][\/vc_column][\/vc_row][vc_row row_height_percent=&#8221;0&#8243; overlay_alpha=&#8221;50&#8243; gutter_size=&#8221;3&#8243; column_width_percent=&#8221;100&#8243; shift_y=&#8221;0&#8243; z_index=&#8221;0&#8243; el_class=&#8221;benifits-agile-testeryou-Consultancy&#8221; uncode_shortcode_id=&#8221;594223&#8243;][vc_column column_width_percent=&#8221;100&#8243; gutter_size=&#8221;3&#8243; overlay_alpha=&#8221;50&#8243; shift_x=&#8221;0&#8243; shift_y=&#8221;0&#8243; shift_y_down=&#8221;0&#8243; z_index=&#8221;0&#8243; medium_width=&#8221;0&#8243; mobile_width=&#8221;0&#8243; width=&#8221;1\/3&#8243; el_class=&#8221;sol-kolon-testeryou&#8221; uncode_shortcode_id=&#8221;292247&#8243;][vc_column_text uncode_shortcode_id=&#8221;291027&#8243; el_class=&#8221;text-strong&#8221;]<strong>Agile Dan\u0131\u015fmanl\u0131k<\/strong><\/p>\n<p>M\u00fc\u015fterilerimizin mevcut yaz\u0131l\u0131m geli\u015ftirme ve teslim s\u00fcre\u00e7lerini h\u0131zland\u0131r\u0131yor, Scrum, Kanban, SAFe vb. \u00c7evik Metodolojilerdeki beceri ve deneyimlerini geli\u015ftiriyoruz.[\/vc_column_text][\/vc_column][vc_column column_width_percent=&#8221;100&#8243; gutter_size=&#8221;3&#8243; overlay_alpha=&#8221;50&#8243; shift_x=&#8221;0&#8243; shift_y=&#8221;0&#8243; shift_y_down=&#8221;0&#8243; z_index=&#8221;0&#8243; medium_width=&#8221;0&#8243; mobile_width=&#8221;0&#8243; width=&#8221;2\/3&#8243; el_class=&#8221;sag-kolon-testeryou&#8221;][vc_single_image media=&#8221;201693&#8243; media_width_percent=&#8221;100&#8243; alignment=&#8221;right&#8221; uncode_shortcode_id=&#8221;679925&#8243;][\/vc_column][\/vc_row][vc_row row_height_percent=&#8221;0&#8243; overlay_alpha=&#8221;50&#8243; gutter_size=&#8221;3&#8243; column_width_percent=&#8221;100&#8243; shift_y=&#8221;0&#8243; z_index=&#8221;0&#8243; el_class=&#8221;icon-title-section&#8221;][vc_column width=&#8221;1\/1&#8243;][vc_single_image media=&#8221;201690&#8243; media_width_percent=&#8221;100&#8243; alignment=&#8221;center&#8221; el_class=&#8221;agile-methodologies&#8221; uncode_shortcode_id=&#8221;864381&#8243;][vc_row_inner row_inner_height_percent=&#8221;0&#8243; overlay_alpha=&#8221;50&#8243; gutter_size=&#8221;3&#8243; shift_y=&#8221;0&#8243; z_index=&#8221;0&#8243; el_class=&#8221;img-title-row-1&#8243; limit_content=&#8221;&#8221;][vc_column_inner column_width_percent=&#8221;100&#8243; gutter_size=&#8221;3&#8243; overlay_alpha=&#8221;50&#8243; shift_x=&#8221;0&#8243; shift_y=&#8221;0&#8243; shift_y_down=&#8221;0&#8243; z_index=&#8221;0&#8243; medium_width=&#8221;0&#8243; mobile_width=&#8221;0&#8243; width=&#8221;1\/3&#8243; el_class=&#8221;icon-title-testeryou&#8221;][vc_icon icon_image=&#8221;201682&#8243; uncode_shortcode_id=&#8221;191829&#8243;]<strong>De\u011fer Odakl\u0131<\/strong>[\/vc_icon][\/vc_column_inner][vc_column_inner column_width_percent=&#8221;100&#8243; gutter_size=&#8221;3&#8243; overlay_alpha=&#8221;50&#8243; shift_x=&#8221;0&#8243; shift_y=&#8221;0&#8243; shift_y_down=&#8221;0&#8243; z_index=&#8221;0&#8243; medium_width=&#8221;0&#8243; mobile_width=&#8221;0&#8243; width=&#8221;1\/3&#8243; el_class=&#8221;icon-title-testeryou&#8221;][vc_icon icon_image=&#8221;201680&#8243; uncode_shortcode_id=&#8221;131195&#8243;]<strong>Kullan\u0131c\u0131 Merkezli<\/strong>[\/vc_icon][\/vc_column_inner][vc_column_inner column_width_percent=&#8221;100&#8243; gutter_size=&#8221;3&#8243; overlay_alpha=&#8221;50&#8243; shift_x=&#8221;0&#8243; shift_y=&#8221;0&#8243; shift_y_down=&#8221;0&#8243; z_index=&#8221;0&#8243; medium_width=&#8221;0&#8243; mobile_width=&#8221;0&#8243; width=&#8221;1\/3&#8243; el_class=&#8221;icon-title-testeryou&#8221;][vc_icon icon_image=&#8221;201678&#8243; uncode_shortcode_id=&#8221;573027&#8243;]<strong>Basit<\/strong>[\/vc_icon][\/vc_column_inner][\/vc_row_inner][vc_row_inner row_inner_height_percent=&#8221;0&#8243; overlay_alpha=&#8221;50&#8243; gutter_size=&#8221;3&#8243; shift_y=&#8221;0&#8243; z_index=&#8221;0&#8243; el_class=&#8221;img-title-row-2&#8243; limit_content=&#8221;&#8221;][vc_column_inner column_width_percent=&#8221;100&#8243; gutter_size=&#8221;3&#8243; overlay_alpha=&#8221;50&#8243; shift_x=&#8221;0&#8243; shift_y=&#8221;0&#8243; shift_y_down=&#8221;0&#8243; z_index=&#8221;0&#8243; medium_width=&#8221;0&#8243; mobile_width=&#8221;0&#8243; width=&#8221;1\/4&#8243; el_class=&#8221;icon-title-testeryou&#8221;][vc_icon icon_image=&#8221;201676&#8243; uncode_shortcode_id=&#8221;830916&#8243;]<strong>Yinelenen<\/strong>[\/vc_icon][\/vc_column_inner][vc_column_inner column_width_percent=&#8221;100&#8243; gutter_size=&#8221;3&#8243; overlay_alpha=&#8221;50&#8243; shift_x=&#8221;0&#8243; shift_y=&#8221;0&#8243; shift_y_down=&#8221;0&#8243; z_index=&#8221;0&#8243; medium_width=&#8221;0&#8243; mobile_width=&#8221;0&#8243; width=&#8221;1\/4&#8243; el_class=&#8221;icon-title-testeryou&#8221;][vc_icon icon_image=&#8221;201674&#8243; uncode_shortcode_id=&#8221;494958&#8243;]<strong>Devaml\u0131 \u00d6\u011frenme<\/strong>[\/vc_icon][\/vc_column_inner][vc_column_inner column_width_percent=&#8221;100&#8243; gutter_size=&#8221;3&#8243; overlay_alpha=&#8221;50&#8243; shift_x=&#8221;0&#8243; shift_y=&#8221;0&#8243; shift_y_down=&#8221;0&#8243; z_index=&#8221;0&#8243; medium_width=&#8221;0&#8243; mobile_width=&#8221;0&#8243; width=&#8221;1\/4&#8243; el_class=&#8221;icon-title-testeryou&#8221;][vc_icon icon_image=&#8221;201672&#8243; uncode_shortcode_id=&#8221;183637&#8243;]<strong>Optimize \u0130\u015f Ak\u0131\u015f\u0131<\/strong>[\/vc_icon][\/vc_column_inner][vc_column_inner column_width_percent=&#8221;100&#8243; gutter_size=&#8221;3&#8243; overlay_alpha=&#8221;50&#8243; shift_x=&#8221;0&#8243; shift_y=&#8221;0&#8243; shift_y_down=&#8221;0&#8243; z_index=&#8221;0&#8243; medium_width=&#8221;0&#8243; mobile_width=&#8221;0&#8243; width=&#8221;1\/4&#8243; el_class=&#8221;icon-title-testeryou&#8221;][vc_icon icon_image=&#8221;201670&#8243; uncode_shortcode_id=&#8221;346238&#8243;]<b>At\u0131ks\u0131z<\/b>[\/vc_icon][\/vc_column_inner][\/vc_row_inner][\/vc_column][\/vc_row][vc_row unlock_row_content=&#8221;yes&#8221; row_height_percent=&#8221;0&#8243; overlay_alpha=&#8221;50&#8243; gutter_size=&#8221;3&#8243; column_width_percent=&#8221;100&#8243; shift_y=&#8221;0&#8243; z_index=&#8221;0&#8243; el_class=&#8221;agile-transformation-testeryou&#8221;][vc_column column_width_percent=&#8221;100&#8243; gutter_size=&#8221;3&#8243; overlay_alpha=&#8221;50&#8243; shift_x=&#8221;0&#8243; shift_y=&#8221;0&#8243; shift_y_down=&#8221;0&#8243; z_index=&#8221;0&#8243; medium_width=&#8221;0&#8243; mobile_width=&#8221;0&#8243; width=&#8221;1\/2&#8243; uncode_shortcode_id=&#8221;496694&#8243; el_class=&#8221;agile-transformation-img-div&#8221;][vc_single_image media=&#8221;202499&#8243; media_width_percent=&#8221;100&#8243; uncode_shortcode_id=&#8221;121337&#8243;][\/vc_column][vc_column column_width_percent=&#8221;100&#8243; gutter_size=&#8221;3&#8243; overlay_alpha=&#8221;50&#8243; shift_x=&#8221;0&#8243; shift_y=&#8221;0&#8243; shift_y_down=&#8221;0&#8243; z_index=&#8221;0&#8243; medium_width=&#8221;0&#8243; mobile_width=&#8221;0&#8243; width=&#8221;1\/2&#8243; el_class=&#8221;Transformation-agile&#8221; uncode_shortcode_id=&#8221;692362&#8243;][vc_column_text uncode_shortcode_id=&#8221;111735&#8243; el_class=&#8221;text-strong&#8221;]<strong>Agile D\u00f6n\u00fc\u015f\u00fcm<\/strong><br \/>\nM\u00fc\u015fterilerimizin g\u00fcnl\u00fck faaliyetlerini birle\u015ftirerek kurulu\u015flar\u0131n\u0131 \u00e7evik hale d\u00f6n\u00fc\u015ft\u00fcrmelerine yard\u0131mc\u0131 oluyoruz ve daha y\u00fcksek verimlilik ve daha h\u0131zl\u0131 teslimat i\u00e7in geli\u015fmelerine yard\u0131mc\u0131 oluyoruz.[\/vc_column_text][\/vc_column][\/vc_row][vc_row row_height_percent=&#8221;0&#8243; overlay_alpha=&#8221;50&#8243; gutter_size=&#8221;3&#8243; column_width_percent=&#8221;100&#8243; shift_y=&#8221;0&#8243; z_index=&#8221;0&#8243; el_class=&#8221;Better-testeryou&#8221;][vc_column width=&#8221;1\/1&#8243;][vc_column_text uncode_shortcode_id=&#8221;166798&#8243;]<\/p>\n<p style=\"text-align: center; font-style: normal; font-weight: 400; font-size: 18px !important; line-height: 170%; color: #000000;\"><strong>Better Together<\/strong><\/p>\n<p>[\/vc_column_text][vc_row_inner limit_content=&#8221;&#8221;][vc_column_inner column_width_percent=&#8221;100&#8243; gutter_size=&#8221;3&#8243; overlay_alpha=&#8221;50&#8243; shift_x=&#8221;0&#8243; shift_y=&#8221;0&#8243; shift_y_down=&#8221;0&#8243; z_index=&#8221;0&#8243; medium_width=&#8221;0&#8243; mobile_width=&#8221;0&#8243; width=&#8221;1\/2&#8243; uncode_shortcode_id=&#8221;160736&#8243; el_class=&#8221;core-team&#8221;][vc_single_image media=&#8221;201686&#8243; media_width_percent=&#8221;100&#8243; alignment=&#8221;right&#8221; uncode_shortcode_id=&#8221;115671&#8243;][\/vc_column_inner][vc_column_inner width=&#8221;1\/2&#8243;][vc_single_image media=&#8221;201684&#8243; media_width_percent=&#8221;100&#8243; alignment=&#8221;right&#8221; uncode_shortcode_id=&#8221;193934&#8243;][\/vc_column_inner][\/vc_row_inner][\/vc_column][\/vc_row]<\/p>\n<\/div>","protected":false},"excerpt":{"rendered":"<p>[vc_row row_height_percent=&#8221;0&#8243; overlay_alpha=&#8221;50&#8243; gutter_size=&#8221;3&#8243; column_width_percent=&#8221;100&#8243; shift_y=&#8221;0&#8243; z_index=&#8221;0&#8243; el_class=&#8221;section-agile-one&#8221;][vc_column width=&#8221;1\/1&#8243;][vc_column_text el_class=&#8221;text-testeryou-title&#8221; css=&#8221;.vc_custom_1679913354750{margin-top: 50px !important;}&#8221;] TesterYou Agile [\/vc_column_text][vc_row_inner row_inner_height_percent=&#8221;0&#8243; overlay_alpha=&#8221;50&#8243; gutter_size=&#8221;3&#8243; shift_y=&#8221;0&#8243; [&hellip;]<\/p>\n","protected":false},"author":2,"featured_media":0,"parent":0,"menu_order":0,"comment_status":"closed","ping_status":"closed","template":"","meta":{"_acf_changed":false,"_exactmetrics_skip_tracking":false,"_exactmetrics_sitenote_active":false,"_exactmetrics_sitenote_note":"","_exactmetrics_sitenote_category":0,"footnotes":""},"class_list":["post-202503","page","type-page","status-publish","hentry"],"acf":[],"yoast_head":"<!-- This site is optimized with the Yoast SEO plugin v26.1.1 - https:\/\/yoast.com\/wordpress\/plugins\/seo\/ -->\n<title>Agile - TesterYou<\/title>\n<meta name=\"robots\" content=\"index, follow, max-snippet:-1, max-image-preview:large, max-video-preview:-1\" \/>\n<link rel=\"canonical\" href=\"https:\/\/testeryou.com\/tr\/agile\/\" \/>\n<meta property=\"og:locale\" content=\"tr_TR\" \/>\n<meta property=\"og:type\" content=\"article\" \/>\n<meta property=\"og:title\" content=\"Agile - TesterYou\" \/>\n<meta property=\"og:description\" content=\"[vc_row row_height_percent=&#8221;0&#8243; overlay_alpha=&#8221;50&#8243; gutter_size=&#8221;3&#8243; column_width_percent=&#8221;100&#8243; shift_y=&#8221;0&#8243; z_index=&#8221;0&#8243; el_class=&#8221;section-agile-one&#8221;][vc_column width=&#8221;1\/1&#8243;][vc_column_text el_class=&#8221;text-testeryou-title&#8221; css=&#8221;.vc_custom_1679913354750{margin-top: 50px !important;}&#8221;] TesterYou Agile [\/vc_column_text][vc_row_inner row_inner_height_percent=&#8221;0&#8243; overlay_alpha=&#8221;50&#8243; gutter_size=&#8221;3&#8243; shift_y=&#8221;0&#8243; [&hellip;]\" \/>\n<meta property=\"og:url\" content=\"https:\/\/testeryou.com\/tr\/agile\/\" \/>\n<meta property=\"og:site_name\" content=\"TesterYou\" \/>\n<meta property=\"article:publisher\" content=\"http:\/\/www.facebook.com\/testeryouhq\" \/>\n<meta property=\"article:modified_time\" content=\"2026-04-17T07:06:21+00:00\" \/>\n<meta name=\"twitter:card\" content=\"summary_large_image\" \/>\n<meta name=\"twitter:site\" content=\"@testeryouhq\" \/>\n<meta name=\"twitter:label1\" content=\"Tahmini okuma s\u00fcresi\" \/>\n\t<meta name=\"twitter:data1\" content=\"4 dakika\" \/>\n<script type=\"application\/ld+json\" class=\"yoast-schema-graph\">{\"@context\":\"https:\/\/schema.org\",\"@graph\":[{\"@type\":\"WebPage\",\"@id\":\"https:\/\/testeryou.com\/tr\/agile\/\",\"url\":\"https:\/\/testeryou.com\/tr\/agile\/\",\"name\":\"Agile - TesterYou\",\"isPartOf\":{\"@id\":\"https:\/\/testeryou.com\/tr\/#website\"},\"datePublished\":\"2023-03-27T12:18:32+00:00\",\"dateModified\":\"2026-04-17T07:06:21+00:00\",\"breadcrumb\":{\"@id\":\"https:\/\/testeryou.com\/tr\/agile\/#breadcrumb\"},\"inLanguage\":\"tr\",\"potentialAction\":[{\"@type\":\"ReadAction\",\"target\":[\"https:\/\/testeryou.com\/tr\/agile\/\"]}]},{\"@type\":\"BreadcrumbList\",\"@id\":\"https:\/\/testeryou.com\/tr\/agile\/#breadcrumb\",\"itemListElement\":[{\"@type\":\"ListItem\",\"position\":1,\"name\":\"Home\",\"item\":\"https:\/\/testeryou.com\/tr\/\"},{\"@type\":\"ListItem\",\"position\":2,\"name\":\"Agile\"}]},{\"@type\":\"WebSite\",\"@id\":\"https:\/\/testeryou.com\/tr\/#website\",\"url\":\"https:\/\/testeryou.com\/tr\/\",\"name\":\"TesterYou\",\"description\":\"TesterYou\",\"publisher\":{\"@id\":\"https:\/\/testeryou.com\/tr\/#organization\"},\"potentialAction\":[{\"@type\":\"SearchAction\",\"target\":{\"@type\":\"EntryPoint\",\"urlTemplate\":\"https:\/\/testeryou.com\/tr\/?s={search_term_string}\"},\"query-input\":{\"@type\":\"PropertyValueSpecification\",\"valueRequired\":true,\"valueName\":\"search_term_string\"}}],\"inLanguage\":\"tr\"},{\"@type\":\"Organization\",\"@id\":\"https:\/\/testeryou.com\/tr\/#organization\",\"name\":\"TesterYou Bili\u015fim Hizmetleri A.\u015e.\",\"url\":\"https:\/\/testeryou.com\/tr\/\",\"logo\":{\"@type\":\"ImageObject\",\"inLanguage\":\"tr\",\"@id\":\"https:\/\/testeryou.com\/tr\/#\/schema\/logo\/image\/\",\"url\":\"https:\/\/testeryou.com\/wp-content\/uploads\/2018\/06\/TesterYou_Favicon.png\",\"contentUrl\":\"https:\/\/testeryou.com\/wp-content\/uploads\/2018\/06\/TesterYou_Favicon.png\",\"width\":1691,\"height\":1921,\"caption\":\"TesterYou Bili\u015fim Hizmetleri A.\u015e.\"},\"image\":{\"@id\":\"https:\/\/testeryou.com\/tr\/#\/schema\/logo\/image\/\"},\"sameAs\":[\"http:\/\/www.facebook.com\/testeryouhq\",\"https:\/\/x.com\/testeryouhq\",\"http:\/\/www.instagram.com\/testeryouhq\/\",\"http:\/\/www.linkedin.com\/company\/testeryou\/\",\"http:\/\/www.youtube.com\/channel\/UC77eVCL7mzsIbNP799cEPOQ\"]}]}<\/script>\n<!-- \/ Yoast SEO plugin. -->","yoast_head_json":{"title":"Agile - TesterYou","robots":{"index":"index","follow":"follow","max-snippet":"max-snippet:-1","max-image-preview":"max-image-preview:large","max-video-preview":"max-video-preview:-1"},"canonical":"https:\/\/testeryou.com\/tr\/agile\/","og_locale":"tr_TR","og_type":"article","og_title":"Agile - TesterYou","og_description":"[vc_row row_height_percent=&#8221;0&#8243; overlay_alpha=&#8221;50&#8243; gutter_size=&#8221;3&#8243; column_width_percent=&#8221;100&#8243; shift_y=&#8221;0&#8243; z_index=&#8221;0&#8243; el_class=&#8221;section-agile-one&#8221;][vc_column width=&#8221;1\/1&#8243;][vc_column_text el_class=&#8221;text-testeryou-title&#8221; css=&#8221;.vc_custom_1679913354750{margin-top: 50px !important;}&#8221;] TesterYou Agile [\/vc_column_text][vc_row_inner row_inner_height_percent=&#8221;0&#8243; overlay_alpha=&#8221;50&#8243; gutter_size=&#8221;3&#8243; shift_y=&#8221;0&#8243; [&hellip;]","og_url":"https:\/\/testeryou.com\/tr\/agile\/","og_site_name":"TesterYou","article_publisher":"http:\/\/www.facebook.com\/testeryouhq","article_modified_time":"2026-04-17T07:06:21+00:00","twitter_card":"summary_large_image","twitter_site":"@testeryouhq","twitter_misc":{"Tahmini okuma s\u00fcresi":"4 dakika"},"schema":{"@context":"https:\/\/schema.org","@graph":[{"@type":"WebPage","@id":"https:\/\/testeryou.com\/tr\/agile\/","url":"https:\/\/testeryou.com\/tr\/agile\/","name":"Agile - TesterYou","isPartOf":{"@id":"https:\/\/testeryou.com\/tr\/#website"},"datePublished":"2023-03-27T12:18:32+00:00","dateModified":"2026-04-17T07:06:21+00:00","breadcrumb":{"@id":"https:\/\/testeryou.com\/tr\/agile\/#breadcrumb"},"inLanguage":"tr","potentialAction":[{"@type":"ReadAction","target":["https:\/\/testeryou.com\/tr\/agile\/"]}]},{"@type":"BreadcrumbList","@id":"https:\/\/testeryou.com\/tr\/agile\/#breadcrumb","itemListElement":[{"@type":"ListItem","position":1,"name":"Home","item":"https:\/\/testeryou.com\/tr\/"},{"@type":"ListItem","position":2,"name":"Agile"}]},{"@type":"WebSite","@id":"https:\/\/testeryou.com\/tr\/#website","url":"https:\/\/testeryou.com\/tr\/","name":"TesterYou","description":"TesterYou","publisher":{"@id":"https:\/\/testeryou.com\/tr\/#organization"},"potentialAction":[{"@type":"SearchAction","target":{"@type":"EntryPoint","urlTemplate":"https:\/\/testeryou.com\/tr\/?s={search_term_string}"},"query-input":{"@type":"PropertyValueSpecification","valueRequired":true,"valueName":"search_term_string"}}],"inLanguage":"tr"},{"@type":"Organization","@id":"https:\/\/testeryou.com\/tr\/#organization","name":"TesterYou Bili\u015fim Hizmetleri A.\u015e.","url":"https:\/\/testeryou.com\/tr\/","logo":{"@type":"ImageObject","inLanguage":"tr","@id":"https:\/\/testeryou.com\/tr\/#\/schema\/logo\/image\/","url":"https:\/\/testeryou.com\/wp-content\/uploads\/2018\/06\/TesterYou_Favicon.png","contentUrl":"https:\/\/testeryou.com\/wp-content\/uploads\/2018\/06\/TesterYou_Favicon.png","width":1691,"height":1921,"caption":"TesterYou Bili\u015fim Hizmetleri A.\u015e."},"image":{"@id":"https:\/\/testeryou.com\/tr\/#\/schema\/logo\/image\/"},"sameAs":["http:\/\/www.facebook.com\/testeryouhq","https:\/\/x.com\/testeryouhq","http:\/\/www.instagram.com\/testeryouhq\/","http:\/\/www.linkedin.com\/company\/testeryou\/","http:\/\/www.youtube.com\/channel\/UC77eVCL7mzsIbNP799cEPOQ"]}]}},"_links":{"self":[{"href":"https:\/\/testeryou.com\/tr\/wp-json\/wp\/v2\/pages\/202503","targetHints":{"allow":["GET"]}}],"collection":[{"href":"https:\/\/testeryou.com\/tr\/wp-json\/wp\/v2\/pages"}],"about":[{"href":"https:\/\/testeryou.com\/tr\/wp-json\/wp\/v2\/types\/page"}],"author":[{"embeddable":true,"href":"https:\/\/testeryou.com\/tr\/wp-json\/wp\/v2\/users\/2"}],"replies":[{"embeddable":true,"href":"https:\/\/testeryou.com\/tr\/wp-json\/wp\/v2\/comments?post=202503"}],"version-history":[{"count":5,"href":"https:\/\/testeryou.com\/tr\/wp-json\/wp\/v2\/pages\/202503\/revisions"}],"predecessor-version":[{"id":212419,"href":"https:\/\/testeryou.com\/tr\/wp-json\/wp\/v2\/pages\/202503\/revisions\/212419"}],"wp:attachment":[{"href":"https:\/\/testeryou.com\/tr\/wp-json\/wp\/v2\/media?parent=202503"}],"curies":[{"name":"wp","href":"https:\/\/api.w.org\/{rel}","templated":true}]}}