{"id":202507,"date":"2023-03-29T11:04:22","date_gmt":"2023-03-29T08:04:22","guid":{"rendered":"http:\/\/testeryou.local\/digital\/"},"modified":"2026-01-04T18:39:54","modified_gmt":"2026-01-04T15:39:54","slug":"digital","status":"publish","type":"page","link":"https:\/\/testeryou.com\/tr\/digital\/","title":{"rendered":"Digital"},"content":{"rendered":"<div class=\"wpb-content-wrapper\"><p>[vc_row row_height_percent=&#8221;0&#8243; overlay_alpha=&#8221;50&#8243; gutter_size=&#8221;3&#8243; column_width_percent=&#8221;100&#8243; shift_y=&#8221;0&#8243; z_index=&#8221;0&#8243; el_class=&#8221;section-agile-one&#8221;][vc_column width=&#8221;1\/1&#8243;][vc_column_text el_class=&#8221;text-testeryou-title&#8221; css=&#8221;.vc_custom_1680077121580{margin-top: 50px !important;}&#8221; uncode_shortcode_id=&#8221;978252&#8243;]<\/p>\n<h2 style=\"text-align: center;\">TesterYou Digital<\/h2>\n<p>[\/vc_column_text][vc_row_inner row_inner_height_percent=&#8221;0&#8243; overlay_alpha=&#8221;50&#8243; gutter_size=&#8221;3&#8243; shift_y=&#8221;0&#8243; z_index=&#8221;0&#8243; el_class=&#8221;center-row&#8221; limit_content=&#8221;&#8221;][vc_column_inner column_width_percent=&#8221;100&#8243; gutter_size=&#8221;3&#8243; overlay_alpha=&#8221;50&#8243; shift_x=&#8221;0&#8243; shift_y=&#8221;0&#8243; shift_y_down=&#8221;0&#8243; z_index=&#8221;0&#8243; medium_width=&#8221;0&#8243; mobile_width=&#8221;0&#8243; width=&#8221;1\/2&#8243; uncode_shortcode_id=&#8221;459711&#8243;][vc_button border_width=&#8221;0&#8243; link=&#8221;url:http%3A%2F%2Ftesteryou.com%2Ftr%2Filetisim%2F|title:%C4%B0leti%C5%9Fim&#8221; uncode_shortcode_id=&#8221;115546&#8243;]Bize Ula\u015f\u0131n[\/vc_button][\/vc_column_inner][vc_column_inner column_width_percent=&#8221;100&#8243; gutter_size=&#8221;3&#8243; overlay_alpha=&#8221;50&#8243; shift_x=&#8221;0&#8243; shift_y=&#8221;0&#8243; shift_y_down=&#8221;0&#8243; z_index=&#8221;0&#8243; medium_width=&#8221;0&#8243; mobile_width=&#8221;0&#8243; width=&#8221;1\/2&#8243;][vc_button button_color=&#8221;color-882BFF&#8221; border_width=&#8221;0&#8243; link=&#8221;url:http%3A%2F%2Ftesteryou.com%2Ftr%2Fegitim%2F|title:E%C4%9Fitimler&#8221; uncode_shortcode_id=&#8221;153635&#8243; button_color_type=&#8221;uncode-palette&#8221;]E\u011fitimler[\/vc_button][\/vc_column_inner][\/vc_row_inner][\/vc_column][\/vc_row][vc_row row_height_percent=&#8221;0&#8243; overlay_alpha=&#8221;50&#8243; gutter_size=&#8221;3&#8243; column_width_percent=&#8221;100&#8243; shift_y=&#8221;0&#8243; z_index=&#8221;0&#8243; uncode_shortcode_id=&#8221;158322&#8243; el_class=&#8221;what-digital-section&#8221;][vc_column column_width_percent=&#8221;100&#8243; gutter_size=&#8221;3&#8243; overlay_alpha=&#8221;50&#8243; shift_x=&#8221;0&#8243; shift_y=&#8221;0&#8243; shift_y_down=&#8221;0&#8243; z_index=&#8221;0&#8243; medium_width=&#8221;0&#8243; mobile_width=&#8221;0&#8243; width=&#8221;1\/2&#8243; el_class=&#8221;sol-kolon-testeryou&#8221; uncode_shortcode_id=&#8221;212529&#8243;][vc_column_text uncode_shortcode_id=&#8221;194169&#8243; el_class=&#8221;text-strong&#8221;]<strong>Dijital D\u00f6n\u00fc\u015f\u00fcm Nedir?<\/strong><br \/>\nDijital d\u00f6n\u00fc\u015f\u00fcm, de\u011fi\u015fen i\u015f ve pazar gereksinimlerini kar\u015f\u0131lamak i\u00e7in yeni i\u015f s\u00fcre\u00e7leri, k\u00fclt\u00fcr ve m\u00fc\u015fteri deneyimleri olu\u015fturmak veya bunlar\u0131 de\u011fi\u015ftirmek i\u00e7in dijital teknolojileri kullanma s\u00fcrecidir. Kurulu\u015flar\u0131n verimlili\u011fi art\u0131rmak, maliyetleri azaltmak ve m\u00fc\u015fteri memnuniyetini art\u0131rmak i\u00e7in dijital teknolojiden yararlanmalar\u0131n\u0131 sa\u011flar.[\/vc_column_text][\/vc_column][vc_column column_width_percent=&#8221;100&#8243; gutter_size=&#8221;3&#8243; overlay_alpha=&#8221;50&#8243; shift_x=&#8221;0&#8243; shift_y=&#8221;0&#8243; shift_y_down=&#8221;0&#8243; z_index=&#8221;0&#8243; medium_width=&#8221;0&#8243; mobile_width=&#8221;0&#8243; width=&#8221;1\/2&#8243; el_class=&#8221;sag-kolon-testeryou-quality-section-1&#8243; uncode_shortcode_id=&#8221;193926&#8243;][vc_single_image media=&#8221;202042&#8243; media_width_percent=&#8221;100&#8243; alignment=&#8221;center&#8221; uncode_shortcode_id=&#8221;177558&#8243;][\/vc_column][\/vc_row][vc_row unlock_row_content=&#8221;yes&#8221; row_height_percent=&#8221;0&#8243; overlay_alpha=&#8221;50&#8243; gutter_size=&#8221;3&#8243; column_width_percent=&#8221;100&#8243; shift_y=&#8221;0&#8243; z_index=&#8221;0&#8243; el_class=&#8221;digital-agile-testeryou&#8221; uncode_shortcode_id=&#8221;860758&#8243;][vc_column column_width_percent=&#8221;100&#8243; gutter_size=&#8221;3&#8243; overlay_alpha=&#8221;50&#8243; shift_x=&#8221;0&#8243; shift_y=&#8221;0&#8243; shift_y_down=&#8221;0&#8243; z_index=&#8221;0&#8243; medium_width=&#8221;0&#8243; mobile_width=&#8221;0&#8243; width=&#8221;1\/2&#8243; el_class=&#8221;sag-kolon-testeryou-digital&#8221; uncode_shortcode_id=&#8221;376212&#8243;][vc_single_image media=&#8221;202207&#8243; media_width_percent=&#8221;100&#8243; uncode_shortcode_id=&#8221;529415&#8243;][\/vc_column][vc_column column_width_percent=&#8221;100&#8243; gutter_size=&#8221;3&#8243; overlay_alpha=&#8221;50&#8243; shift_x=&#8221;0&#8243; shift_y=&#8221;0&#8243; shift_y_down=&#8221;0&#8243; z_index=&#8221;0&#8243; medium_width=&#8221;0&#8243; mobile_width=&#8221;0&#8243; width=&#8221;1\/2&#8243; el_class=&#8221;sol-kolon-testeryou-digital&#8221; uncode_shortcode_id=&#8221;535611&#8243;][vc_column_text uncode_shortcode_id=&#8221;932759&#8243;]Dijital d\u00f6n\u00fc\u015f\u00fcm, <strong>Nesnelerin \u0130nterneti (IoT), Yapay Zeka (AI), robotik, bulut bili\u015fim ve b\u00fcy\u00fck veri analiti\u011fi<\/strong> gibi teknolojilerin kullan\u0131lmas\u0131n\u0131 i\u00e7erir. \u0130\u015fletmeler bu teknolojilerden yararlanarak yenilik\u00e7i \u00fcr\u00fcnler ve hizmetler geli\u015ftirebilir, mevcut s\u00fcre\u00e7leri optimize edebilir ve rekabet avantajlar\u0131n\u0131 art\u0131rabilir.[\/vc_column_text][\/vc_column][\/vc_row][vc_row row_height_percent=&#8221;0&#8243; overlay_alpha=&#8221;50&#8243; gutter_size=&#8221;3&#8243; column_width_percent=&#8221;100&#8243; shift_y=&#8221;0&#8243; z_index=&#8221;0&#8243; uncode_shortcode_id=&#8221;194655&#8243; el_class=&#8221;our-referans-digital&#8221;][vc_column width=&#8221;1\/1&#8243;][vc_column_text uncode_shortcode_id=&#8221;429921&#8243;]<\/p>\n<p style=\"text-align: center; font-style: normal; font-weight: 400; font-size: 18px !important; line-height: 170%; color: #000000;\"><strong>Our References<\/strong><\/p>\n<p>[\/vc_column_text][vc_gallery el_id=&#8221;gallery-209963&#8243; isotope_mode=&#8221;fitRows&#8221; medias=&#8221;211853,202860,202885,202864,202908,211872,202852,202854&#8243; gutter_size=&#8221;3&#8243; screen_lg=&#8221;1000&#8243; screen_md=&#8221;600&#8243; screen_sm=&#8221;480&#8243; single_width=&#8221;3&#8243; single_overlay_opacity=&#8221;50&#8243; single_padding=&#8221;2&#8243; single_border=&#8221;yes&#8221; uncode_shortcode_id=&#8221;190512&#8243;][vc_row_inner row_inner_height_percent=&#8221;0&#8243; overlay_alpha=&#8221;50&#8243; gutter_size=&#8221;3&#8243; shift_y=&#8221;0&#8243; z_index=&#8221;0&#8243; uncode_shortcode_id=&#8221;137439&#8243; el_class=&#8221;referans&#8221; limit_content=&#8221;&#8221;][vc_column_inner width=&#8221;1\/1&#8243;][vc_button button_color=&#8221;color-882BFF&#8221; border_width=&#8221;0&#8243; uncode_shortcode_id=&#8221;999611&#8243; button_color_type=&#8221;uncode-palette&#8221; link=&#8221;url:%20http%3A%2F%2Ftesteryou.com%2Freferences%2F&#8221;]See All[\/vc_button][\/vc_column_inner][\/vc_row_inner][\/vc_column][\/vc_row][vc_row unlock_row_content=&#8221;yes&#8221; row_height_percent=&#8221;0&#8243; back_image=&#8221;202050&#8243; overlay_alpha=&#8221;50&#8243; gutter_size=&#8221;3&#8243; column_width_percent=&#8221;100&#8243; shift_y=&#8221;0&#8243; z_index=&#8221;0&#8243; el_class=&#8221;section-3-testeryou-Digital&#8221; uncode_shortcode_id=&#8221;182901&#8243;][vc_column column_width_percent=&#8221;100&#8243; gutter_size=&#8221;3&#8243; overlay_alpha=&#8221;50&#8243; shift_x=&#8221;0&#8243; shift_y=&#8221;0&#8243; shift_y_down=&#8221;0&#8243; z_index=&#8221;0&#8243; medium_width=&#8221;0&#8243; mobile_width=&#8221;0&#8243; width=&#8221;1\/1&#8243; el_class=&#8221;section-3-testeryou-Digital&#8221; uncode_shortcode_id=&#8221;201875&#8243;][vc_row_inner row_inner_height_percent=&#8221;0&#8243; force_width_grid=&#8221;yes&#8221; overlay_alpha=&#8221;50&#8243; gutter_size=&#8221;3&#8243; shift_y=&#8221;0&#8243; z_index=&#8221;0&#8243; uncode_shortcode_id=&#8221;191850&#8243; limit_content=&#8221;&#8221;][vc_column_inner column_width_percent=&#8221;100&#8243; gutter_size=&#8221;3&#8243; overlay_alpha=&#8221;50&#8243; shift_x=&#8221;0&#8243; shift_y=&#8221;0&#8243; shift_y_down=&#8221;0&#8243; z_index=&#8221;0&#8243; medium_width=&#8221;0&#8243; mobile_width=&#8221;0&#8243; width=&#8221;1\/2&#8243; uncode_shortcode_id=&#8221;186577&#8243; el_class=&#8221;Digital-tranformastion-tester-you-sol&#8221;][vc_column_text uncode_shortcode_id=&#8221;122361&#8243;]<\/p>\n<p style=\"text-align: left;\"><strong>Dijital D\u00f6n\u00fc\u015f\u00fcm \u0130\u015fletmenize<br \/>\nNas\u0131l Yard\u0131mc\u0131 Olabilir?<\/strong><\/p>\n<p>Dijital d\u00f6n\u00fc\u015f\u00fcm, i\u015fletmenize bir\u00e7ok y\u00f6nden yard\u0131mc\u0131 olabilir. Rutin g\u00f6revleri otomatikle\u015ftirerek, manuel hatalar\u0131 azaltarak ve verilerin do\u011frulu\u011funu iyile\u015ftirerek verimlili\u011fi art\u0131rman\u0131za yard\u0131mc\u0131 olabilir.<\/p>\n<p>Dijital d\u00f6n\u00fc\u015f\u00fcm sayesinde, m\u00fc\u015fteri yolculu\u011funu daha ki\u015fisel hale getirerek ve gezinmesi daha kolay hale getirerek m\u00fc\u015fteri deneyimini de optimize edebilirsiniz. Ek olarak, dijital d\u00f6n\u00fc\u015f\u00fcm, i\u015fletmenizin m\u00fc\u015fteri davran\u0131\u015flar\u0131 ve tercihleri hakk\u0131nda bilgi edinmesine yard\u0131mc\u0131 olabilir ve tekliflerinizi onlar\u0131n ihtiya\u00e7lar\u0131n\u0131 kar\u015f\u0131layacak \u015fekilde daha iyi uyarlaman\u0131za olanak tan\u0131r.[\/vc_column_text][\/vc_column_inner][vc_column_inner column_width_percent=&#8221;100&#8243; gutter_size=&#8221;3&#8243; overlay_alpha=&#8221;50&#8243; shift_x=&#8221;0&#8243; shift_y=&#8221;0&#8243; shift_y_down=&#8221;0&#8243; z_index=&#8221;0&#8243; medium_width=&#8221;0&#8243; mobile_width=&#8221;0&#8243; width=&#8221;1\/2&#8243; uncode_shortcode_id=&#8221;208386&#8243; el_class=&#8221;Digital-tranformastion-tester-you-sag&#8221;][vc_single_image media=&#8221;202047&#8243; media_width_percent=&#8221;100&#8243; uncode_shortcode_id=&#8221;179111&#8243;][\/vc_column_inner][\/vc_row_inner][\/vc_column][\/vc_row][vc_row row_height_percent=&#8221;0&#8243; overlay_alpha=&#8221;50&#8243; gutter_size=&#8221;3&#8243; column_width_percent=&#8221;100&#8243; shift_y=&#8221;0&#8243; z_index=&#8221;0&#8243; el_class=&#8221;icon-title-section-improvement&#8221; uncode_shortcode_id=&#8221;893528&#8243;][vc_column width=&#8221;1\/1&#8243;][vc_column_text uncode_shortcode_id=&#8221;123477&#8243; el_class=&#8221;text-strong&#8221;]<\/p>\n<p style=\"text-align: center;\"><strong>Neden TesterYou Digital?<\/strong><br \/>\nTesterYou&#8217;da i\u015fletmelerin verimli ve etkili bir dijital d\u00f6n\u00fc\u015f\u00fcm stratejisi olu\u015fturmas\u0131na yard\u0131mc\u0131 olacak, a\u015fa\u011f\u0131daki gibi \u00e7ok \u00e7e\u015fitli hizmetler sunuyoruz:<\/p>\n<p>[\/vc_column_text][vc_row_inner row_inner_height_percent=&#8221;0&#8243; overlay_alpha=&#8221;50&#8243; gutter_size=&#8221;3&#8243; shift_y=&#8221;0&#8243; z_index=&#8221;0&#8243; uncode_shortcode_id=&#8221;305014&#8243; el_class=&#8221;why-digital-icon-box&#8221; limit_content=&#8221;&#8221;][vc_column_inner column_width_percent=&#8221;100&#8243; gutter_size=&#8221;3&#8243; overlay_alpha=&#8221;50&#8243; shift_x=&#8221;0&#8243; shift_y=&#8221;0&#8243; shift_y_down=&#8221;0&#8243; z_index=&#8221;0&#8243; medium_width=&#8221;0&#8243; mobile_width=&#8221;0&#8243; width=&#8221;1\/3&#8243; el_class=&#8221;icon-title-testeryou&#8221;][vc_icon icon_image=&#8221;202059&#8243; uncode_shortcode_id=&#8221;625008&#8243; el_class=&#8221;text-strong&#8221;]<strong>S\u00fcre\u00e7 Optimizasyonu<\/strong><br \/>\nVerimlili\u011fi ve \u00fcretkenli\u011fi art\u0131rmak i\u00e7in mevcut s\u00fcre\u00e7leri optimize etmenize ve yenilerini olu\u015fturman\u0131za yard\u0131mc\u0131 oluyoruz.[\/vc_icon][\/vc_column_inner][vc_column_inner column_width_percent=&#8221;100&#8243; gutter_size=&#8221;3&#8243; overlay_alpha=&#8221;50&#8243; shift_x=&#8221;0&#8243; shift_y=&#8221;0&#8243; shift_y_down=&#8221;0&#8243; z_index=&#8221;0&#8243; medium_width=&#8221;0&#8243; mobile_width=&#8221;0&#8243; width=&#8221;1\/3&#8243; el_class=&#8221;icon-title-testeryou&#8221;][vc_icon icon_image=&#8221;202061&#8243; uncode_shortcode_id=&#8221;182271&#8243; el_class=&#8221;text-strong&#8221;]<strong>Teknoloji Etkinle\u015ftirme<\/strong><br \/>\n\u0130\u015fletmeniz i\u00e7in en do\u011fru teknolojik \u00e7\u00f6z\u00fcmleri belirlemenize ve bunlar\u0131 uygulaman\u0131za ve optimize etmenize yard\u0131mc\u0131 oluyoruz.[\/vc_icon][\/vc_column_inner][vc_column_inner column_width_percent=&#8221;100&#8243; gutter_size=&#8221;3&#8243; overlay_alpha=&#8221;50&#8243; shift_x=&#8221;0&#8243; shift_y=&#8221;0&#8243; shift_y_down=&#8221;0&#8243; z_index=&#8221;0&#8243; medium_width=&#8221;0&#8243; mobile_width=&#8221;0&#8243; width=&#8221;1\/3&#8243; el_class=&#8221;icon-title-testeryou&#8221;][vc_icon icon_image=&#8221;202063&#8243; uncode_shortcode_id=&#8221;150916&#8243; el_class=&#8221;text-strong&#8221;]<strong>E\u011fitim ve Destek<\/strong><br \/>\nEkibinizin dijital d\u00f6n\u00fc\u015f\u00fcm s\u00fcrecini y\u00f6netecek donan\u0131ma sahip olmas\u0131n\u0131 sa\u011flamak i\u00e7in e\u011fitim ve destek sunuyoruz.[\/vc_icon][\/vc_column_inner][\/vc_row_inner][\/vc_column][\/vc_row][vc_row row_height_percent=&#8221;0&#8243; overlay_alpha=&#8221;50&#8243; gutter_size=&#8221;3&#8243; column_width_percent=&#8221;100&#8243; shift_y=&#8221;0&#8243; z_index=&#8221;0&#8243; uncode_shortcode_id=&#8221;156489&#8243; el_class=&#8221;footer-digital-cta-testeryou&#8221;][vc_column width=&#8221;1\/1&#8243;][vc_row_inner row_inner_height_percent=&#8221;0&#8243; back_image=&#8221;202065&#8243; overlay_alpha=&#8221;50&#8243; gutter_size=&#8221;3&#8243; shift_y=&#8221;0&#8243; z_index=&#8221;0&#8243; uncode_shortcode_id=&#8221;483986&#8243; el_class=&#8221;footer-top-testeryou-section-son&#8221; limit_content=&#8221;&#8221;][vc_column_inner width=&#8221;1\/1&#8243;][vc_column_text uncode_shortcode_id=&#8221;850481&#8243; el_class=&#8221;footer-top-testeryou-cta&#8221;]TesterYou&#8217;da her i\u015fletmenin benzersiz oldu\u011funu ve dijital d\u00f6n\u00fc\u015f\u00fcm i\u00e7in ki\u015fiselle\u015ftirilmi\u015f bir yakla\u015f\u0131m gerektirdi\u011fini biliyoruz. Her m\u00fc\u015fteriye \u00f6zel bir yakla\u015f\u0131m sunuyoruz ve ba\u015far\u0131y\u0131 garantilemek i\u00e7in gerekli stratejileri, \u00e7\u00f6z\u00fcmleri ve deste\u011fi sa\u011fl\u0131yoruz.[\/vc_column_text][\/vc_column_inner][\/vc_row_inner][\/vc_column][\/vc_row]<\/p>\n<\/div>","protected":false},"excerpt":{"rendered":"<p>[vc_row row_height_percent=&#8221;0&#8243; overlay_alpha=&#8221;50&#8243; gutter_size=&#8221;3&#8243; column_width_percent=&#8221;100&#8243; shift_y=&#8221;0&#8243; z_index=&#8221;0&#8243; el_class=&#8221;section-agile-one&#8221;][vc_column width=&#8221;1\/1&#8243;][vc_column_text el_class=&#8221;text-testeryou-title&#8221; css=&#8221;.vc_custom_1680077121580{margin-top: 50px !important;}&#8221; uncode_shortcode_id=&#8221;978252&#8243;] TesterYou Digital [\/vc_column_text][vc_row_inner row_inner_height_percent=&#8221;0&#8243; overlay_alpha=&#8221;50&#8243; gutter_size=&#8221;3&#8243; [&hellip;]<\/p>\n","protected":false},"author":2,"featured_media":0,"parent":0,"menu_order":0,"comment_status":"closed","ping_status":"closed","template":"","meta":{"_acf_changed":false,"_exactmetrics_skip_tracking":false,"_exactmetrics_sitenote_active":false,"_exactmetrics_sitenote_note":"","_exactmetrics_sitenote_category":0,"footnotes":""},"class_list":["post-202507","page","type-page","status-publish","hentry"],"acf":[],"yoast_head":"<!-- This site is optimized with the Yoast SEO plugin v26.1.1 - https:\/\/yoast.com\/wordpress\/plugins\/seo\/ -->\n<title>Digital - TesterYou<\/title>\n<meta name=\"robots\" content=\"index, follow, max-snippet:-1, max-image-preview:large, max-video-preview:-1\" \/>\n<link rel=\"canonical\" href=\"https:\/\/testeryou.com\/tr\/digital\/\" \/>\n<meta property=\"og:locale\" content=\"tr_TR\" \/>\n<meta property=\"og:type\" content=\"article\" \/>\n<meta property=\"og:title\" content=\"Digital - TesterYou\" \/>\n<meta property=\"og:description\" content=\"[vc_row row_height_percent=&#8221;0&#8243; overlay_alpha=&#8221;50&#8243; gutter_size=&#8221;3&#8243; column_width_percent=&#8221;100&#8243; shift_y=&#8221;0&#8243; z_index=&#8221;0&#8243; el_class=&#8221;section-agile-one&#8221;][vc_column width=&#8221;1\/1&#8243;][vc_column_text el_class=&#8221;text-testeryou-title&#8221; css=&#8221;.vc_custom_1680077121580{margin-top: 50px !important;}&#8221; uncode_shortcode_id=&#8221;978252&#8243;] TesterYou Digital [\/vc_column_text][vc_row_inner row_inner_height_percent=&#8221;0&#8243; overlay_alpha=&#8221;50&#8243; gutter_size=&#8221;3&#8243; [&hellip;]\" \/>\n<meta property=\"og:url\" content=\"https:\/\/testeryou.com\/tr\/digital\/\" \/>\n<meta property=\"og:site_name\" content=\"TesterYou\" \/>\n<meta property=\"article:publisher\" content=\"http:\/\/www.facebook.com\/testeryouhq\" \/>\n<meta property=\"article:modified_time\" content=\"2026-01-04T15:39:54+00:00\" \/>\n<meta name=\"twitter:card\" content=\"summary_large_image\" \/>\n<meta name=\"twitter:site\" content=\"@testeryouhq\" \/>\n<meta name=\"twitter:label1\" content=\"Tahmini okuma s\u00fcresi\" \/>\n\t<meta name=\"twitter:data1\" content=\"4 dakika\" \/>\n<script type=\"application\/ld+json\" class=\"yoast-schema-graph\">{\"@context\":\"https:\/\/schema.org\",\"@graph\":[{\"@type\":\"WebPage\",\"@id\":\"https:\/\/testeryou.com\/tr\/digital\/\",\"url\":\"https:\/\/testeryou.com\/tr\/digital\/\",\"name\":\"Digital - TesterYou\",\"isPartOf\":{\"@id\":\"https:\/\/testeryou.com\/tr\/#website\"},\"datePublished\":\"2023-03-29T08:04:22+00:00\",\"dateModified\":\"2026-01-04T15:39:54+00:00\",\"breadcrumb\":{\"@id\":\"https:\/\/testeryou.com\/tr\/digital\/#breadcrumb\"},\"inLanguage\":\"tr\",\"potentialAction\":[{\"@type\":\"ReadAction\",\"target\":[\"https:\/\/testeryou.com\/tr\/digital\/\"]}]},{\"@type\":\"BreadcrumbList\",\"@id\":\"https:\/\/testeryou.com\/tr\/digital\/#breadcrumb\",\"itemListElement\":[{\"@type\":\"ListItem\",\"position\":1,\"name\":\"Home\",\"item\":\"https:\/\/testeryou.com\/tr\/\"},{\"@type\":\"ListItem\",\"position\":2,\"name\":\"Digital\"}]},{\"@type\":\"WebSite\",\"@id\":\"https:\/\/testeryou.com\/tr\/#website\",\"url\":\"https:\/\/testeryou.com\/tr\/\",\"name\":\"TesterYou\",\"description\":\"TesterYou\",\"publisher\":{\"@id\":\"https:\/\/testeryou.com\/tr\/#organization\"},\"potentialAction\":[{\"@type\":\"SearchAction\",\"target\":{\"@type\":\"EntryPoint\",\"urlTemplate\":\"https:\/\/testeryou.com\/tr\/?s={search_term_string}\"},\"query-input\":{\"@type\":\"PropertyValueSpecification\",\"valueRequired\":true,\"valueName\":\"search_term_string\"}}],\"inLanguage\":\"tr\"},{\"@type\":\"Organization\",\"@id\":\"https:\/\/testeryou.com\/tr\/#organization\",\"name\":\"TesterYou Bili\u015fim Hizmetleri A.\u015e.\",\"url\":\"https:\/\/testeryou.com\/tr\/\",\"logo\":{\"@type\":\"ImageObject\",\"inLanguage\":\"tr\",\"@id\":\"https:\/\/testeryou.com\/tr\/#\/schema\/logo\/image\/\",\"url\":\"https:\/\/testeryou.com\/wp-content\/uploads\/2018\/06\/TesterYou_Favicon.png\",\"contentUrl\":\"https:\/\/testeryou.com\/wp-content\/uploads\/2018\/06\/TesterYou_Favicon.png\",\"width\":1691,\"height\":1921,\"caption\":\"TesterYou Bili\u015fim Hizmetleri A.\u015e.\"},\"image\":{\"@id\":\"https:\/\/testeryou.com\/tr\/#\/schema\/logo\/image\/\"},\"sameAs\":[\"http:\/\/www.facebook.com\/testeryouhq\",\"https:\/\/x.com\/testeryouhq\",\"http:\/\/www.instagram.com\/testeryouhq\/\",\"http:\/\/www.linkedin.com\/company\/testeryou\/\",\"http:\/\/www.youtube.com\/channel\/UC77eVCL7mzsIbNP799cEPOQ\"]}]}<\/script>\n<!-- \/ Yoast SEO plugin. -->","yoast_head_json":{"title":"Digital - TesterYou","robots":{"index":"index","follow":"follow","max-snippet":"max-snippet:-1","max-image-preview":"max-image-preview:large","max-video-preview":"max-video-preview:-1"},"canonical":"https:\/\/testeryou.com\/tr\/digital\/","og_locale":"tr_TR","og_type":"article","og_title":"Digital - TesterYou","og_description":"[vc_row row_height_percent=&#8221;0&#8243; overlay_alpha=&#8221;50&#8243; gutter_size=&#8221;3&#8243; column_width_percent=&#8221;100&#8243; shift_y=&#8221;0&#8243; z_index=&#8221;0&#8243; el_class=&#8221;section-agile-one&#8221;][vc_column width=&#8221;1\/1&#8243;][vc_column_text el_class=&#8221;text-testeryou-title&#8221; css=&#8221;.vc_custom_1680077121580{margin-top: 50px !important;}&#8221; uncode_shortcode_id=&#8221;978252&#8243;] TesterYou Digital [\/vc_column_text][vc_row_inner row_inner_height_percent=&#8221;0&#8243; overlay_alpha=&#8221;50&#8243; gutter_size=&#8221;3&#8243; [&hellip;]","og_url":"https:\/\/testeryou.com\/tr\/digital\/","og_site_name":"TesterYou","article_publisher":"http:\/\/www.facebook.com\/testeryouhq","article_modified_time":"2026-01-04T15:39:54+00:00","twitter_card":"summary_large_image","twitter_site":"@testeryouhq","twitter_misc":{"Tahmini okuma s\u00fcresi":"4 dakika"},"schema":{"@context":"https:\/\/schema.org","@graph":[{"@type":"WebPage","@id":"https:\/\/testeryou.com\/tr\/digital\/","url":"https:\/\/testeryou.com\/tr\/digital\/","name":"Digital - TesterYou","isPartOf":{"@id":"https:\/\/testeryou.com\/tr\/#website"},"datePublished":"2023-03-29T08:04:22+00:00","dateModified":"2026-01-04T15:39:54+00:00","breadcrumb":{"@id":"https:\/\/testeryou.com\/tr\/digital\/#breadcrumb"},"inLanguage":"tr","potentialAction":[{"@type":"ReadAction","target":["https:\/\/testeryou.com\/tr\/digital\/"]}]},{"@type":"BreadcrumbList","@id":"https:\/\/testeryou.com\/tr\/digital\/#breadcrumb","itemListElement":[{"@type":"ListItem","position":1,"name":"Home","item":"https:\/\/testeryou.com\/tr\/"},{"@type":"ListItem","position":2,"name":"Digital"}]},{"@type":"WebSite","@id":"https:\/\/testeryou.com\/tr\/#website","url":"https:\/\/testeryou.com\/tr\/","name":"TesterYou","description":"TesterYou","publisher":{"@id":"https:\/\/testeryou.com\/tr\/#organization"},"potentialAction":[{"@type":"SearchAction","target":{"@type":"EntryPoint","urlTemplate":"https:\/\/testeryou.com\/tr\/?s={search_term_string}"},"query-input":{"@type":"PropertyValueSpecification","valueRequired":true,"valueName":"search_term_string"}}],"inLanguage":"tr"},{"@type":"Organization","@id":"https:\/\/testeryou.com\/tr\/#organization","name":"TesterYou Bili\u015fim Hizmetleri A.\u015e.","url":"https:\/\/testeryou.com\/tr\/","logo":{"@type":"ImageObject","inLanguage":"tr","@id":"https:\/\/testeryou.com\/tr\/#\/schema\/logo\/image\/","url":"https:\/\/testeryou.com\/wp-content\/uploads\/2018\/06\/TesterYou_Favicon.png","contentUrl":"https:\/\/testeryou.com\/wp-content\/uploads\/2018\/06\/TesterYou_Favicon.png","width":1691,"height":1921,"caption":"TesterYou Bili\u015fim Hizmetleri A.\u015e."},"image":{"@id":"https:\/\/testeryou.com\/tr\/#\/schema\/logo\/image\/"},"sameAs":["http:\/\/www.facebook.com\/testeryouhq","https:\/\/x.com\/testeryouhq","http:\/\/www.instagram.com\/testeryouhq\/","http:\/\/www.linkedin.com\/company\/testeryou\/","http:\/\/www.youtube.com\/channel\/UC77eVCL7mzsIbNP799cEPOQ"]}]}},"_links":{"self":[{"href":"https:\/\/testeryou.com\/tr\/wp-json\/wp\/v2\/pages\/202507","targetHints":{"allow":["GET"]}}],"collection":[{"href":"https:\/\/testeryou.com\/tr\/wp-json\/wp\/v2\/pages"}],"about":[{"href":"https:\/\/testeryou.com\/tr\/wp-json\/wp\/v2\/types\/page"}],"author":[{"embeddable":true,"href":"https:\/\/testeryou.com\/tr\/wp-json\/wp\/v2\/users\/2"}],"replies":[{"embeddable":true,"href":"https:\/\/testeryou.com\/tr\/wp-json\/wp\/v2\/comments?post=202507"}],"version-history":[{"count":1,"href":"https:\/\/testeryou.com\/tr\/wp-json\/wp\/v2\/pages\/202507\/revisions"}],"predecessor-version":[{"id":211877,"href":"https:\/\/testeryou.com\/tr\/wp-json\/wp\/v2\/pages\/202507\/revisions\/211877"}],"wp:attachment":[{"href":"https:\/\/testeryou.com\/tr\/wp-json\/wp\/v2\/media?parent=202507"}],"curies":[{"name":"wp","href":"https:\/\/api.w.org\/{rel}","templated":true}]}}