{"id":210576,"date":"2024-07-26T14:23:37","date_gmt":"2024-07-26T11:23:37","guid":{"rendered":"http:\/\/testeryou.local\/?page_id=210576"},"modified":"2025-12-22T15:10:39","modified_gmt":"2025-12-22T12:10:39","slug":"selim-ve-yedi-mistik-prensip","status":"publish","type":"page","link":"https:\/\/testeryou.com\/tr\/magaza\/selim-ve-yedi-mistik-prensip\/","title":{"rendered":"Selim ve Yedi Mistik Prensip"},"content":{"rendered":"<div class=\"wpb-content-wrapper\"><p>[vc_row row_height_percent=&#8221;0&#8243; overlay_alpha=&#8221;50&#8243; gutter_size=&#8221;3&#8243; column_width_percent=&#8221;100&#8243; shift_y=&#8221;0&#8243; z_index=&#8221;0&#8243; el_class=&#8221;products-row&#8221;][vc_column width=&#8221;1\/1&#8243;][vc_row_inner limit_content=&#8221;&#8221;][vc_column_inner width=&#8221;1\/2&#8243;][vc_single_image media=&#8221;210516&#8243; media_width_percent=&#8221;100&#8243; uncode_shortcode_id=&#8221;211307&#8243;][\/vc_column_inner][vc_column_inner width=&#8221;1\/2&#8243;][vc_custom_heading heading_semantic=&#8221;h1&#8243; uncode_shortcode_id=&#8221;742084&#8243;]Selim ve Yedi Mistik Prensip[\/vc_custom_heading][vc_column_text uncode_shortcode_id=&#8221;460802&#8243;]<\/p>\n<p class=\"p1\"><span class=\"s1\">\u201cSelim ve Yedi Mistik Prensip\u201d, ISTQB Yaz\u0131l\u0131m Test Prensipleri&#8217;nin temel unsurlar\u0131ndan esinlenerek bir \u00e7ocu\u011fun g\u00f6z\u00fcnden <\/span><span class=\"s2\">g\u00fcndelik<\/span> <span class=\"s2\">zorluklar\u0131n<\/span><span class=\"s1\"> kalbine do\u011fru yap\u0131lan canl\u0131 bir yolculuk.<\/span><\/p>\n<p class=\"p1\"><span class=\"s1\">Bu kitab\u0131n sat\u0131\u015f\u0131ndan elde edilecek gelirin tamam\u0131<strong> \u00c7ocuk Kanserleri Sevgi ve Dayan\u0131\u015fma Derne\u011fi&#8217;nin (\u00c7OKSEV)<\/strong> \u00e7al\u0131\u015fmalar\u0131na destek olacakt\u0131r.<\/span><\/p>\n<p><b data-stringify-type=\"bold\">Bilgilendirme:<\/b>\u00a0\u00c7ocuk kitaplar\u0131m\u0131z\u0131 online ma\u011fazam\u0131z\u0131n yan\u0131 s\u0131ra \u0130stanbul Oyuncak M\u00fczesi\u2019nden fiziksel olarak da sat\u0131n alabilirsiniz.[\/vc_column_text][vc_button border_width=&#8221;0&#8243; link=&#8221;url:http%3A%2F%2Ftesteryou.com%2Ftr%2Ftesteryou-products%2Fselim-ve-yedi-mistik-prensip%2F|title:Sat%C4%B1n%20Al|target:_blank&#8221; uncode_shortcode_id=&#8221;198506&#8243;]Sat\u0131n Al (Bask\u0131\/TR): 850 TRY[\/vc_button][vc_button button_color=&#8221;accent&#8221; border_width=&#8221;0&#8243; link=&#8221;url:https%3A%2F%2Fwww.amazon.com%2FSelim-Seven-Mystical-Principles-English-ebook%2Fdp%2FB0D3TYHJTW|title:Sat%C4%B1n%20Al|target:_blank&#8221; uncode_shortcode_id=&#8221;478899&#8243; button_color_type=&#8221;uncode-palette&#8221;]Sat\u0131n Al (E-Book\/EN): 2.99 USD[\/vc_button][\/vc_column_inner][\/vc_row_inner][vc_column_text uncode_shortcode_id=&#8221;594506&#8243;]<\/p>\n<p class=\"p1\"><span class=\"s1\">\u201cSelim ve Yedi Mistik Prensip\u201d, ISTQB Yaz\u0131l\u0131m Test Prensipleri&#8217;nin temel unsurlar\u0131ndan esinlenerek bir \u00e7ocu\u011fun g\u00f6z\u00fcnden <\/span><span class=\"s2\">g\u00fcndelik<\/span> <span class=\"s2\">zorluklar\u0131n<\/span><span class=\"s1\"> kalbine do\u011fru yap\u0131lan canl\u0131 bir yolculuk. Bu b\u00fcy\u00fcleyici hik\u00e2ye, sadece basit bir \u00f6yk\u00fcden \u00e7ok daha fazlas\u0131. Genellikle karma\u015f\u0131k kabul edilen teknolojik metodolojilerin ve ilkelerin<\/span> <span class=\"s2\">bir \u00e7ocu\u011fun d\u00fcnyas\u0131yla kusursuz bir \u015fekilde nas\u0131l b\u00fct\u00fcnle\u015ftirilebilece\u011finin, b\u00f6ylelikle s\u0131radan anlar\u0131n nas\u0131l ola\u011fan\u00fcst\u00fc derslere d\u00f6n\u00fc\u015ft\u00fcrebilece\u011finin adeta bir ke\u015ffi.<\/span><\/p>\n<p class=\"p3\"><span class=\"s1\">\u00c7ocuklu\u011fun \u00f6\u011frenme ve geli\u015fme i\u00e7in alt\u0131n bir f\u0131rsat oldu\u011fu inanc\u0131yla haz\u0131rlanan bu kitap, k\u00fc\u00e7\u00fck ya\u015ftan itibaren teknolojiyle ve onun temel ilkeleriyle tan\u0131\u015ft\u0131r\u0131ld\u0131\u011f\u0131nda \u00e7ocuklar\u0131n yaln\u0131zca daha anlay\u0131\u015fl\u0131 olmakla kalmay\u0131p ayn\u0131 zamanda bu konularda uzmanla\u015fma konusunda ne kadar<span class=\"Apple-converted-space\">\u00a0 <\/span>becerikli olduklar\u0131 fikrinin alt\u0131n\u0131 \u00e7iziyor.<\/span><\/p>\n<p class=\"p3\"><span class=\"s1\">Selim&#8217;in b\u00fcy\u00fcl\u00fc maceralar\u0131nda gen\u00e7 okuyucular, yaz\u0131l\u0131m testinin karma\u015f\u0131k d\u00fcnyas\u0131na y\u00f6n veren ilkelerin yaln\u0131zca bilgisayarlar ve kodlarla s\u0131n\u0131rl\u0131 olmad\u0131\u011f\u0131n\u0131, bu prensiplerin ayn\u0131 zamanda g\u00fcnl\u00fck ya\u015famda kar\u015f\u0131la\u015ft\u0131klar\u0131 bulmacalar\u0131n \u00e7\u00f6z\u00fcm\u00fcndeki evrensel yollar oldu\u011funu ke\u015ffedecekler.<\/span><\/p>\n<p class=\"p3\"><span class=\"s1\">Selim&#8217;in oyun alan\u0131ndan s\u0131n\u0131f\u0131na giden yolculu\u011funu, teknolojik bilgeli\u011fin en beklenmedik yerlerde bile uyarlanabilirli\u011finin ve ge\u00e7erlili\u011finin bir kan\u0131t\u0131 olarak g\u00f6recekler.<\/span><\/p>\n<p class=\"p1\"><span class=\"s1\">\u201cSelim ve Yedi Mistik Prensip\u201d, gen\u00e7 ku\u015faklara teknolojiyi g\u00fcnl\u00fck maceralar\u0131nda uzak bir ara\u00e7 olarak de\u011fil, yak\u0131n bir m\u00fcttefik olarak benimsemeleri konusunda ilham vermeyi ama\u00e7l\u0131yor.<\/span><\/p>\n<p class=\"p1\"><span class=\"s1\">Bu y\u00fcrek \u0131s\u0131tan \u00f6yk\u00fc arac\u0131l\u0131\u011f\u0131yla gen\u00e7 okuyucular\u0131 ve onlar\u0131n koruyucular\u0131n\u0131, teknolojinin y\u00fczeyinin \u00f6tesine bakmaya ve onu sonsuz olas\u0131l\u0131klar\u0131n oyun alan\u0131 olarak g\u00f6rmeye davet ediyor. \u00c7ocuklara teknolojik ilkelerin hayatlar\u0131na uygulanabilece\u011fi fikrini \u00f6\u011freterek, onlar\u0131n d\u00fcnyan\u0131n karma\u015f\u0131kl\u0131klar\u0131 aras\u0131nda g\u00fcvenle ve kolayl\u0131kla yol almaya haz\u0131r, yetkin, yenilik\u00e7i ve g\u00fc\u00e7l\u00fc yarat\u0131c\u0131lar olarak ortaya \u00e7\u0131kacaklar\u0131 bir gelece\u011fi besliyor. <\/span><\/p>\n<p class=\"p1\"><span class=\"s1\">\u201c<b>Selim ve Yedi Mistik Prensip<\/b>\u201d sadece bir kitap de\u011fil; teknolojinin b\u00fcy\u00fcs\u00fcn\u00fcn her ad\u0131m\u0131, her karar\u0131 ve her hayali ayd\u0131nlatt\u0131\u011f\u0131 bir d\u00fcnyaya a\u00e7\u0131lan kap\u0131d\u0131r. Sizler de bu yolculu\u011funda Selim&#8217;e kat\u0131l\u0131n ve \u00e7ocuklu\u011fun kaprislerinden en derin derslerin nas\u0131l \u00f6\u011frenilebilece\u011fini ke\u015ffedin. Gen\u00e7 kahramanlar\u0131m\u0131z\u0131, yaln\u0131zca teknolojiyle uyumlu de\u011fil ayn\u0131 zamanda onun evrimine \u00f6nc\u00fcl\u00fck edecekleri bir gelece\u011fe haz\u0131rlay\u0131n. <\/span><\/p>\n<p>[\/vc_column_text][vc_row_inner row_inner_height_percent=&#8221;0&#8243; overlay_alpha=&#8221;50&#8243; gutter_size=&#8221;3&#8243; shift_y=&#8221;0&#8243; z_index=&#8221;0&#8243; el_class=&#8221;related-post-row&#8221; limit_content=&#8221;&#8221;][vc_column_inner width=&#8221;1\/1&#8243;][vc_custom_heading]\u0130lgili \u00dcr\u00fcnler[\/vc_custom_heading][uncode_index el_id=&#8221;index-190265&#8243; index_type=&#8221;carousel&#8221; loop=&#8221;size:8|order_by:date|post_type:page|tax_query:335&#8243; carousel_lg=&#8221;4&#8243; carousel_md=&#8221;3&#8243; carousel_sm=&#8221;1&#8243; gutter_size=&#8221;3&#8243; page_items=&#8221;media|featured|onpost|original,title&#8221; carousel_interval=&#8221;3000&#8243; carousel_navspeed=&#8221;400&#8243; stage_padding=&#8221;0&#8243; single_overlay_opacity=&#8221;50&#8243; single_padding=&#8221;2&#8243;][\/vc_column_inner][\/vc_row_inner][\/vc_column][\/vc_row]<\/p>\n<\/div>","protected":false},"excerpt":{"rendered":"<p>[vc_row row_height_percent=&#8221;0&#8243; overlay_alpha=&#8221;50&#8243; gutter_size=&#8221;3&#8243; column_width_percent=&#8221;100&#8243; shift_y=&#8221;0&#8243; z_index=&#8221;0&#8243; el_class=&#8221;products-row&#8221;][vc_column width=&#8221;1\/1&#8243;][vc_row_inner limit_content=&#8221;&#8221;][vc_column_inner width=&#8221;1\/2&#8243;][vc_single_image media=&#8221;210516&#8243; media_width_percent=&#8221;100&#8243; uncode_shortcode_id=&#8221;211307&#8243;][\/vc_column_inner][vc_column_inner width=&#8221;1\/2&#8243;][vc_custom_heading heading_semantic=&#8221;h1&#8243; uncode_shortcode_id=&#8221;742084&#8243;]Selim ve Yedi Mistik [&hellip;]<\/p>\n","protected":false},"author":2,"featured_media":210517,"parent":126557,"menu_order":0,"comment_status":"closed","ping_status":"closed","template":"","meta":{"_acf_changed":false,"_exactmetrics_skip_tracking":false,"_exactmetrics_sitenote_active":false,"_exactmetrics_sitenote_note":"","_exactmetrics_sitenote_category":0,"footnotes":""},"class_list":["post-210576","page","type-page","status-publish","has-post-thumbnail","hentry","page_category-diger"],"acf":[],"yoast_head":"<!-- This site is optimized with the Yoast SEO plugin v26.1.1 - https:\/\/yoast.com\/wordpress\/plugins\/seo\/ -->\n<title>Selim ve Yedi Mistik Prensip - TesterYou<\/title>\n<meta name=\"robots\" content=\"index, follow, max-snippet:-1, max-image-preview:large, max-video-preview:-1\" \/>\n<link rel=\"canonical\" href=\"https:\/\/testeryou.com\/tr\/magaza\/selim-ve-yedi-mistik-prensip\/\" \/>\n<meta property=\"og:locale\" content=\"tr_TR\" \/>\n<meta property=\"og:type\" content=\"article\" \/>\n<meta property=\"og:title\" content=\"Selim ve Yedi Mistik Prensip - TesterYou\" \/>\n<meta property=\"og:description\" content=\"[vc_row row_height_percent=&#8221;0&#8243; overlay_alpha=&#8221;50&#8243; gutter_size=&#8221;3&#8243; column_width_percent=&#8221;100&#8243; shift_y=&#8221;0&#8243; z_index=&#8221;0&#8243; el_class=&#8221;products-row&#8221;][vc_column width=&#8221;1\/1&#8243;][vc_row_inner limit_content=&#8221;&#8221;][vc_column_inner width=&#8221;1\/2&#8243;][vc_single_image media=&#8221;210516&#8243; media_width_percent=&#8221;100&#8243; uncode_shortcode_id=&#8221;211307&#8243;][\/vc_column_inner][vc_column_inner width=&#8221;1\/2&#8243;][vc_custom_heading heading_semantic=&#8221;h1&#8243; uncode_shortcode_id=&#8221;742084&#8243;]Selim ve Yedi Mistik [&hellip;]\" \/>\n<meta property=\"og:url\" content=\"https:\/\/testeryou.com\/tr\/magaza\/selim-ve-yedi-mistik-prensip\/\" \/>\n<meta property=\"og:site_name\" content=\"TesterYou\" \/>\n<meta property=\"article:publisher\" content=\"http:\/\/www.facebook.com\/testeryouhq\" \/>\n<meta property=\"article:modified_time\" content=\"2025-12-22T12:10:39+00:00\" \/>\n<meta property=\"og:image\" content=\"https:\/\/testeryou.com\/wp-content\/uploads\/2024\/06\/store-kapak-1.png\" \/>\n\t<meta property=\"og:image:width\" content=\"850\" \/>\n\t<meta property=\"og:image:height\" content=\"595\" \/>\n\t<meta property=\"og:image:type\" content=\"image\/png\" \/>\n<meta name=\"twitter:card\" content=\"summary_large_image\" \/>\n<meta name=\"twitter:site\" content=\"@testeryouhq\" \/>\n<meta name=\"twitter:label1\" content=\"Tahmini okuma s\u00fcresi\" \/>\n\t<meta name=\"twitter:data1\" content=\"3 dakika\" \/>\n<script type=\"application\/ld+json\" class=\"yoast-schema-graph\">{\"@context\":\"https:\/\/schema.org\",\"@graph\":[{\"@type\":\"WebPage\",\"@id\":\"https:\/\/testeryou.com\/tr\/magaza\/selim-ve-yedi-mistik-prensip\/\",\"url\":\"https:\/\/testeryou.com\/tr\/magaza\/selim-ve-yedi-mistik-prensip\/\",\"name\":\"Selim ve Yedi Mistik Prensip - TesterYou\",\"isPartOf\":{\"@id\":\"https:\/\/testeryou.com\/tr\/#website\"},\"primaryImageOfPage\":{\"@id\":\"https:\/\/testeryou.com\/tr\/magaza\/selim-ve-yedi-mistik-prensip\/#primaryimage\"},\"image\":{\"@id\":\"https:\/\/testeryou.com\/tr\/magaza\/selim-ve-yedi-mistik-prensip\/#primaryimage\"},\"thumbnailUrl\":\"https:\/\/testeryou.com\/wp-content\/uploads\/2024\/06\/store-kapak-1.png\",\"datePublished\":\"2024-07-26T11:23:37+00:00\",\"dateModified\":\"2025-12-22T12:10:39+00:00\",\"breadcrumb\":{\"@id\":\"https:\/\/testeryou.com\/tr\/magaza\/selim-ve-yedi-mistik-prensip\/#breadcrumb\"},\"inLanguage\":\"tr\",\"potentialAction\":[{\"@type\":\"ReadAction\",\"target\":[\"https:\/\/testeryou.com\/tr\/magaza\/selim-ve-yedi-mistik-prensip\/\"]}]},{\"@type\":\"ImageObject\",\"inLanguage\":\"tr\",\"@id\":\"https:\/\/testeryou.com\/tr\/magaza\/selim-ve-yedi-mistik-prensip\/#primaryimage\",\"url\":\"https:\/\/testeryou.com\/wp-content\/uploads\/2024\/06\/store-kapak-1.png\",\"contentUrl\":\"https:\/\/testeryou.com\/wp-content\/uploads\/2024\/06\/store-kapak-1.png\",\"width\":850,\"height\":595},{\"@type\":\"BreadcrumbList\",\"@id\":\"https:\/\/testeryou.com\/tr\/magaza\/selim-ve-yedi-mistik-prensip\/#breadcrumb\",\"itemListElement\":[{\"@type\":\"ListItem\",\"position\":1,\"name\":\"Home\",\"item\":\"https:\/\/testeryou.com\/tr\/\"},{\"@type\":\"ListItem\",\"position\":2,\"name\":\"Ma\u011faza\",\"item\":\"https:\/\/testeryou.com\/tr\/magaza\/\"},{\"@type\":\"ListItem\",\"position\":3,\"name\":\"Selim ve Yedi Mistik Prensip\"}]},{\"@type\":\"WebSite\",\"@id\":\"https:\/\/testeryou.com\/tr\/#website\",\"url\":\"https:\/\/testeryou.com\/tr\/\",\"name\":\"TesterYou\",\"description\":\"TesterYou\",\"publisher\":{\"@id\":\"https:\/\/testeryou.com\/tr\/#organization\"},\"potentialAction\":[{\"@type\":\"SearchAction\",\"target\":{\"@type\":\"EntryPoint\",\"urlTemplate\":\"https:\/\/testeryou.com\/tr\/?s={search_term_string}\"},\"query-input\":{\"@type\":\"PropertyValueSpecification\",\"valueRequired\":true,\"valueName\":\"search_term_string\"}}],\"inLanguage\":\"tr\"},{\"@type\":\"Organization\",\"@id\":\"https:\/\/testeryou.com\/tr\/#organization\",\"name\":\"TesterYou Bili\u015fim Hizmetleri A.\u015e.\",\"url\":\"https:\/\/testeryou.com\/tr\/\",\"logo\":{\"@type\":\"ImageObject\",\"inLanguage\":\"tr\",\"@id\":\"https:\/\/testeryou.com\/tr\/#\/schema\/logo\/image\/\",\"url\":\"https:\/\/testeryou.com\/wp-content\/uploads\/2018\/06\/TesterYou_Favicon.png\",\"contentUrl\":\"https:\/\/testeryou.com\/wp-content\/uploads\/2018\/06\/TesterYou_Favicon.png\",\"width\":1691,\"height\":1921,\"caption\":\"TesterYou Bili\u015fim Hizmetleri A.\u015e.\"},\"image\":{\"@id\":\"https:\/\/testeryou.com\/tr\/#\/schema\/logo\/image\/\"},\"sameAs\":[\"http:\/\/www.facebook.com\/testeryouhq\",\"https:\/\/x.com\/testeryouhq\",\"http:\/\/www.instagram.com\/testeryouhq\/\",\"http:\/\/www.linkedin.com\/company\/testeryou\/\",\"http:\/\/www.youtube.com\/channel\/UC77eVCL7mzsIbNP799cEPOQ\"]}]}<\/script>\n<!-- \/ Yoast SEO plugin. -->","yoast_head_json":{"title":"Selim ve Yedi Mistik Prensip - TesterYou","robots":{"index":"index","follow":"follow","max-snippet":"max-snippet:-1","max-image-preview":"max-image-preview:large","max-video-preview":"max-video-preview:-1"},"canonical":"https:\/\/testeryou.com\/tr\/magaza\/selim-ve-yedi-mistik-prensip\/","og_locale":"tr_TR","og_type":"article","og_title":"Selim ve Yedi Mistik Prensip - TesterYou","og_description":"[vc_row row_height_percent=&#8221;0&#8243; overlay_alpha=&#8221;50&#8243; gutter_size=&#8221;3&#8243; column_width_percent=&#8221;100&#8243; shift_y=&#8221;0&#8243; z_index=&#8221;0&#8243; el_class=&#8221;products-row&#8221;][vc_column width=&#8221;1\/1&#8243;][vc_row_inner limit_content=&#8221;&#8221;][vc_column_inner width=&#8221;1\/2&#8243;][vc_single_image media=&#8221;210516&#8243; media_width_percent=&#8221;100&#8243; uncode_shortcode_id=&#8221;211307&#8243;][\/vc_column_inner][vc_column_inner width=&#8221;1\/2&#8243;][vc_custom_heading heading_semantic=&#8221;h1&#8243; uncode_shortcode_id=&#8221;742084&#8243;]Selim ve Yedi Mistik [&hellip;]","og_url":"https:\/\/testeryou.com\/tr\/magaza\/selim-ve-yedi-mistik-prensip\/","og_site_name":"TesterYou","article_publisher":"http:\/\/www.facebook.com\/testeryouhq","article_modified_time":"2025-12-22T12:10:39+00:00","og_image":[{"width":850,"height":595,"url":"https:\/\/testeryou.com\/wp-content\/uploads\/2024\/06\/store-kapak-1.png","type":"image\/png"}],"twitter_card":"summary_large_image","twitter_site":"@testeryouhq","twitter_misc":{"Tahmini okuma s\u00fcresi":"3 dakika"},"schema":{"@context":"https:\/\/schema.org","@graph":[{"@type":"WebPage","@id":"https:\/\/testeryou.com\/tr\/magaza\/selim-ve-yedi-mistik-prensip\/","url":"https:\/\/testeryou.com\/tr\/magaza\/selim-ve-yedi-mistik-prensip\/","name":"Selim ve Yedi Mistik Prensip - TesterYou","isPartOf":{"@id":"https:\/\/testeryou.com\/tr\/#website"},"primaryImageOfPage":{"@id":"https:\/\/testeryou.com\/tr\/magaza\/selim-ve-yedi-mistik-prensip\/#primaryimage"},"image":{"@id":"https:\/\/testeryou.com\/tr\/magaza\/selim-ve-yedi-mistik-prensip\/#primaryimage"},"thumbnailUrl":"https:\/\/testeryou.com\/wp-content\/uploads\/2024\/06\/store-kapak-1.png","datePublished":"2024-07-26T11:23:37+00:00","dateModified":"2025-12-22T12:10:39+00:00","breadcrumb":{"@id":"https:\/\/testeryou.com\/tr\/magaza\/selim-ve-yedi-mistik-prensip\/#breadcrumb"},"inLanguage":"tr","potentialAction":[{"@type":"ReadAction","target":["https:\/\/testeryou.com\/tr\/magaza\/selim-ve-yedi-mistik-prensip\/"]}]},{"@type":"ImageObject","inLanguage":"tr","@id":"https:\/\/testeryou.com\/tr\/magaza\/selim-ve-yedi-mistik-prensip\/#primaryimage","url":"https:\/\/testeryou.com\/wp-content\/uploads\/2024\/06\/store-kapak-1.png","contentUrl":"https:\/\/testeryou.com\/wp-content\/uploads\/2024\/06\/store-kapak-1.png","width":850,"height":595},{"@type":"BreadcrumbList","@id":"https:\/\/testeryou.com\/tr\/magaza\/selim-ve-yedi-mistik-prensip\/#breadcrumb","itemListElement":[{"@type":"ListItem","position":1,"name":"Home","item":"https:\/\/testeryou.com\/tr\/"},{"@type":"ListItem","position":2,"name":"Ma\u011faza","item":"https:\/\/testeryou.com\/tr\/magaza\/"},{"@type":"ListItem","position":3,"name":"Selim ve Yedi Mistik Prensip"}]},{"@type":"WebSite","@id":"https:\/\/testeryou.com\/tr\/#website","url":"https:\/\/testeryou.com\/tr\/","name":"TesterYou","description":"TesterYou","publisher":{"@id":"https:\/\/testeryou.com\/tr\/#organization"},"potentialAction":[{"@type":"SearchAction","target":{"@type":"EntryPoint","urlTemplate":"https:\/\/testeryou.com\/tr\/?s={search_term_string}"},"query-input":{"@type":"PropertyValueSpecification","valueRequired":true,"valueName":"search_term_string"}}],"inLanguage":"tr"},{"@type":"Organization","@id":"https:\/\/testeryou.com\/tr\/#organization","name":"TesterYou Bili\u015fim Hizmetleri A.\u015e.","url":"https:\/\/testeryou.com\/tr\/","logo":{"@type":"ImageObject","inLanguage":"tr","@id":"https:\/\/testeryou.com\/tr\/#\/schema\/logo\/image\/","url":"https:\/\/testeryou.com\/wp-content\/uploads\/2018\/06\/TesterYou_Favicon.png","contentUrl":"https:\/\/testeryou.com\/wp-content\/uploads\/2018\/06\/TesterYou_Favicon.png","width":1691,"height":1921,"caption":"TesterYou Bili\u015fim Hizmetleri A.\u015e."},"image":{"@id":"https:\/\/testeryou.com\/tr\/#\/schema\/logo\/image\/"},"sameAs":["http:\/\/www.facebook.com\/testeryouhq","https:\/\/x.com\/testeryouhq","http:\/\/www.instagram.com\/testeryouhq\/","http:\/\/www.linkedin.com\/company\/testeryou\/","http:\/\/www.youtube.com\/channel\/UC77eVCL7mzsIbNP799cEPOQ"]}]}},"_links":{"self":[{"href":"https:\/\/testeryou.com\/tr\/wp-json\/wp\/v2\/pages\/210576","targetHints":{"allow":["GET"]}}],"collection":[{"href":"https:\/\/testeryou.com\/tr\/wp-json\/wp\/v2\/pages"}],"about":[{"href":"https:\/\/testeryou.com\/tr\/wp-json\/wp\/v2\/types\/page"}],"author":[{"embeddable":true,"href":"https:\/\/testeryou.com\/tr\/wp-json\/wp\/v2\/users\/2"}],"replies":[{"embeddable":true,"href":"https:\/\/testeryou.com\/tr\/wp-json\/wp\/v2\/comments?post=210576"}],"version-history":[{"count":2,"href":"https:\/\/testeryou.com\/tr\/wp-json\/wp\/v2\/pages\/210576\/revisions"}],"predecessor-version":[{"id":211779,"href":"https:\/\/testeryou.com\/tr\/wp-json\/wp\/v2\/pages\/210576\/revisions\/211779"}],"up":[{"embeddable":true,"href":"https:\/\/testeryou.com\/tr\/wp-json\/wp\/v2\/pages\/126557"}],"wp:featuredmedia":[{"embeddable":true,"href":"https:\/\/testeryou.com\/tr\/wp-json\/wp\/v2\/media\/210517"}],"wp:attachment":[{"href":"https:\/\/testeryou.com\/tr\/wp-json\/wp\/v2\/media?parent=210576"}],"curies":[{"name":"wp","href":"https:\/\/api.w.org\/{rel}","templated":true}]}}