{"id":210974,"date":"2025-08-14T16:37:47","date_gmt":"2025-08-14T13:37:47","guid":{"rendered":"http:\/\/testeryou.local\/?page_id=210974"},"modified":"2025-12-22T15:04:10","modified_gmt":"2025-12-22T12:04:10","slug":"kuantum-sozu-zamanin-otesinde","status":"publish","type":"page","link":"https:\/\/testeryou.com\/tr\/magaza\/kuantum-sozu-zamanin-otesinde\/","title":{"rendered":"Kuantum S\u00f6z\u00fc \u2013 Zaman\u0131n \u00d6tesinde"},"content":{"rendered":"<div class=\"wpb-content-wrapper\"><p>[vc_row row_height_percent=&#8221;0&#8243; overlay_alpha=&#8221;50&#8243; gutter_size=&#8221;3&#8243; column_width_percent=&#8221;100&#8243; shift_y=&#8221;0&#8243; z_index=&#8221;0&#8243; el_class=&#8221;products-row&#8221;][vc_column width=&#8221;1\/1&#8243;][vc_row_inner limit_content=&#8221;&#8221;][vc_column_inner width=&#8221;1\/2&#8243;][vc_single_image media=&#8221;210975&#8243; media_width_percent=&#8221;100&#8243; uncode_shortcode_id=&#8221;180385&#8243;][\/vc_column_inner][vc_column_inner width=&#8221;1\/2&#8243;][vc_custom_heading heading_semantic=&#8221;h1&#8243; uncode_shortcode_id=&#8221;185648&#8243;]<strong data-start=\"311\" data-end=\"357\">Kuantum S\u00f6z\u00fc \u2013 Zaman\u0131n \u00d6tesinde<\/strong>[\/vc_custom_heading][vc_column_text uncode_shortcode_id=&#8221;977517&#8243;]<\/p>\n<div>\n<p class=\"p1\">Kuantum S\u00f6z\u00fc hik\u00e2yesinde, S\u0131rma ve Selim aralar\u0131ndaki mesafeye meydan okuyan bir ba\u011f payla\u015f\u0131rlar; ne kadar uza\u011fa d\u00fc\u015ferlerse d\u00fc\u015fs\u00fcnler, bu ba\u011f asla kopmaz. Bu fikir sadece g\u00fczel bir metafor de\u011fil, fizik d\u00fcnyas\u0131nda ger\u00e7ekten var olan bir olgudur: kuantum dolan\u0131kl\u0131k.<\/p>\n<p class=\"p1\">Bu kitab\u0131n sat\u0131\u015f\u0131ndan elde edilecek <strong data-start=\"1951\" data-end=\"1964\">t\u00fcm gelir<\/strong>, <strong data-start=\"1966\" data-end=\"2022\">\u00c7OKSEV \u2013 \u00c7ocuk Kanserleri Sevgi ve Dayan\u0131\u015fma Derne\u011fi<\/strong>\u2019ne ba\u011f\u0131\u015flanacakt\u0131r.<\/p>\n<p><b data-stringify-type=\"bold\">Bilgilendirme:<\/b>\u00a0\u00c7ocuk kitaplar\u0131m\u0131z\u0131 online ma\u011fazam\u0131z\u0131n yan\u0131 s\u0131ra \u0130stanbul Oyuncak M\u00fczesi\u2019nden fiziksel olarak da sat\u0131n alabilirsiniz.<\/p>\n<\/div>\n<p>[\/vc_column_text][vc_button border_width=&#8221;0&#8243; link=&#8221;url:http%3A%2F%2Ftesteryou.com%2Ftr%2Ftesteryou-products%2Fkuantum-sozu-zamanin-otesinde|title:Sat%C4%B1n%20Al|target:_blank&#8221; uncode_shortcode_id=&#8221;988141&#8243;]Sat\u0131n Al (Bask\u0131\/TR): 850 TRY[\/vc_button][vc_button button_color=&#8221;accent&#8221; border_width=&#8221;0&#8243; link=&#8221;url:https%3A%2F%2Fwww.amazon.com%2FQuantum-Promise-Bond-Beyond-Time-ebook%2Fdp%2FB0CW1KFWPF|title:Sat%C4%B1n%20Al|target:_blank&#8221; uncode_shortcode_id=&#8221;126545&#8243; button_color_type=&#8221;uncode-palette&#8221;]Sat\u0131n Al (E-Book\/EN): 2.99 USD[\/vc_button][\/vc_column_inner][\/vc_row_inner][vc_column_text uncode_shortcode_id=&#8221;139446&#8243;]<\/p>\n<div>\n<p class=\"p1\">\u00d6z\u00fcnde, kuantum dolan\u0131kl\u0131k iki par\u00e7ac\u0131k aras\u0131ndaki gizemli bir ba\u011fd\u0131r. \u0130ki par\u00e7ac\u0131k dolan\u0131k hale geldi\u011finde, durumlar\u0131 birbirine ba\u011flan\u0131r; aralar\u0131ndaki mesafe ister birka\u00e7 milimetre ister evrenin \u00f6b\u00fcr ucu olsun farketmez. Birine bir \u015fey oldu\u011funda, di\u011feri an\u0131nda tepki verir; sanki \u0131\u015f\u0131ktan daha h\u0131zl\u0131 ileti\u015fim kuruyorlarm\u0131\u015f gibidirler.<\/p>\n<p class=\"p1\">Hayal edin: Sen ve en yak\u0131n arkada\u015f\u0131n, sihirli birer madeni para ald\u0131n\u0131z. Senin paran yaz\u0131 gelirse, arkada\u015f\u0131n\u0131n paras\u0131 her zaman tura gelir \u2014 ikiniz d\u00fcnyan\u0131n neresinde, hatta uzayda olursan\u0131z olun. \u0130\u015fin p\u00fcf noktas\u0131? \u0130kiniz de paray\u0131 atmazs\u0131n\u0131z; evren son anda karar verir ama sonu\u00e7lar her zaman kusursuz \u015fekilde z\u0131t \u00e7\u0131kar.<\/p>\n<\/div>\n<div>\n<p class=\"p1\">Bilim insanlar\u0131 bu tuhaf etkiyi defalarca test ettiler ve sonu\u00e7 hep ayn\u0131 kald\u0131: Dolan\u0131k par\u00e7ac\u0131klar klasik fizi\u011fi a\u00e7\u0131klayamayaca\u011f\u0131 kadar derin bir \u015fekilde ba\u011flant\u0131l\u0131 davran\u0131yorlar.<\/p>\n<\/div>\n<div>\n<p class=\"p1\">Einstein bile bu fikri huzursuz edici bulmu\u015f ve ona \u201cuzaktan hayaletimsi etki\u201d (spooky action at a distance) demi\u015ftir. Einstein, fizi\u011fi tam anlamad\u0131\u011f\u0131m\u0131z\u0131 d\u00fc\u015f\u00fcnm\u00fc\u015ft\u00fc ama sonraki deneyler kuantum dolan\u0131kl\u0131\u011f\u0131n ger\u00e7ek oldu\u011funu ve evrenin i\u015fleyi\u015finin temel bir par\u00e7as\u0131 oldu\u011funu kan\u0131tlad\u0131. Bug\u00fcn bu tuhaf ba\u011f sadece bir gizem de\u011fil, kuantum bilgisayarlar ve ultra-g\u00fcvenli ileti\u015fim gibi en ileri teknolojilere de y\u00f6n veren bir ger\u00e7ektir.<\/p>\n<\/div>\n<div>\n<p class=\"p1\">Peki bu bizim i\u00e7in ne anlama geliyor? Bu, evrenin d\u00fc\u015f\u00fcnd\u00fc\u011f\u00fcm\u00fczden \u00e7ok daha derin bir \u015fekilde birbirine ba\u011fl\u0131 oldu\u011funu g\u00f6steriyor. Bir \u015fekilde, her \u015feyin ve herkesin birbirine ba\u011fl\u0131 olabilece\u011fini ima ediyor.<\/p>\n<\/div>\n<div>\n<p class=\"p1\">Belki de S\u0131rma ve Selim gibi, bizim sevgi, aile ve dostluk ba\u011flar\u0131m\u0131z da zaman\u0131n ve mek\u00e2n\u0131n s\u0131n\u0131rlar\u0131n\u0131n \u00f6tesinde varl\u0131\u011f\u0131n\u0131 s\u00fcrd\u00fcr\u00fcyor.<\/p>\n<\/div>\n<p>[\/vc_column_text][vc_row_inner row_inner_height_percent=&#8221;0&#8243; overlay_alpha=&#8221;50&#8243; gutter_size=&#8221;3&#8243; shift_y=&#8221;0&#8243; z_index=&#8221;0&#8243; el_class=&#8221;related-post-row&#8221; limit_content=&#8221;&#8221;][vc_column_inner width=&#8221;1\/1&#8243;][vc_custom_heading]\u0130lgili \u00dcr\u00fcnler[\/vc_custom_heading][uncode_index el_id=&#8221;index-190265&#8243; index_type=&#8221;carousel&#8221; loop=&#8221;size:8|order_by:date|post_type:page|tax_query:335&#8243; carousel_lg=&#8221;4&#8243; carousel_md=&#8221;3&#8243; carousel_sm=&#8221;1&#8243; gutter_size=&#8221;3&#8243; page_items=&#8221;media|featured|onpost|original,title&#8221; carousel_interval=&#8221;3000&#8243; carousel_navspeed=&#8221;400&#8243; stage_padding=&#8221;0&#8243; single_overlay_opacity=&#8221;50&#8243; single_padding=&#8221;2&#8243;][\/vc_column_inner][\/vc_row_inner][\/vc_column][\/vc_row]<\/p>\n<\/div>","protected":false},"excerpt":{"rendered":"<p>[vc_row row_height_percent=&#8221;0&#8243; overlay_alpha=&#8221;50&#8243; gutter_size=&#8221;3&#8243; column_width_percent=&#8221;100&#8243; shift_y=&#8221;0&#8243; z_index=&#8221;0&#8243; el_class=&#8221;products-row&#8221;][vc_column width=&#8221;1\/1&#8243;][vc_row_inner limit_content=&#8221;&#8221;][vc_column_inner width=&#8221;1\/2&#8243;][vc_single_image media=&#8221;210975&#8243; media_width_percent=&#8221;100&#8243; uncode_shortcode_id=&#8221;180385&#8243;][\/vc_column_inner][vc_column_inner width=&#8221;1\/2&#8243;][vc_custom_heading heading_semantic=&#8221;h1&#8243; uncode_shortcode_id=&#8221;185648&#8243;]Kuantum S\u00f6z\u00fc \u2013 Zaman\u0131n [&hellip;]<\/p>\n","protected":false},"author":480,"featured_media":211038,"parent":126557,"menu_order":0,"comment_status":"closed","ping_status":"closed","template":"","meta":{"_acf_changed":false,"_exactmetrics_skip_tracking":false,"_exactmetrics_sitenote_active":false,"_exactmetrics_sitenote_note":"","_exactmetrics_sitenote_category":0,"footnotes":""},"class_list":["post-210974","page","type-page","status-publish","has-post-thumbnail","hentry","page_category-diger"],"acf":[],"yoast_head":"<!-- This site is optimized with the Yoast SEO plugin v26.1.1 - https:\/\/yoast.com\/wordpress\/plugins\/seo\/ -->\n<title>Kuantum S\u00f6z\u00fc \u2013 Zaman\u0131n \u00d6tesinde - TesterYou<\/title>\n<meta name=\"description\" content=\"Kuantum S\u00f6z\u00fc, sevgi ve ba\u011flanmay\u0131 kuantum dolan\u0131kl\u0131kla anlatan, \u00e7ocuklar ve yeti\u015fkinler i\u00e7in yaz\u0131lm\u0131\u015f bilimle harmanlanm\u0131\u015f etkileyici bir hik\u00e2ye.\" \/>\n<meta name=\"robots\" content=\"index, follow, max-snippet:-1, max-image-preview:large, max-video-preview:-1\" \/>\n<link rel=\"canonical\" href=\"https:\/\/testeryou.com\/tr\/magaza\/kuantum-sozu-zamanin-otesinde\/\" \/>\n<meta property=\"og:locale\" content=\"tr_TR\" \/>\n<meta property=\"og:type\" content=\"article\" \/>\n<meta property=\"og:title\" content=\"Kuantum S\u00f6z\u00fc \u2013 Zaman\u0131n \u00d6tesinde - TesterYou\" \/>\n<meta property=\"og:description\" content=\"Kuantum S\u00f6z\u00fc, sevgi ve ba\u011flanmay\u0131 kuantum dolan\u0131kl\u0131kla anlatan, \u00e7ocuklar ve yeti\u015fkinler i\u00e7in yaz\u0131lm\u0131\u015f bilimle harmanlanm\u0131\u015f etkileyici bir hik\u00e2ye.\" \/>\n<meta property=\"og:url\" content=\"https:\/\/testeryou.com\/tr\/magaza\/kuantum-sozu-zamanin-otesinde\/\" \/>\n<meta property=\"og:site_name\" content=\"TesterYou\" \/>\n<meta property=\"article:publisher\" content=\"http:\/\/www.facebook.com\/testeryouhq\" \/>\n<meta property=\"article:modified_time\" content=\"2025-12-22T12:04:10+00:00\" \/>\n<meta property=\"og:image\" content=\"https:\/\/testeryou.com\/wp-content\/uploads\/2025\/08\/quantum_turkce-1.jpg\" \/>\n\t<meta property=\"og:image:width\" content=\"851\" \/>\n\t<meta property=\"og:image:height\" content=\"597\" \/>\n\t<meta property=\"og:image:type\" content=\"image\/jpeg\" \/>\n<meta name=\"twitter:card\" content=\"summary_large_image\" \/>\n<meta name=\"twitter:site\" content=\"@testeryouhq\" \/>\n<meta name=\"twitter:label1\" content=\"Tahmini okuma s\u00fcresi\" \/>\n\t<meta name=\"twitter:data1\" content=\"3 dakika\" \/>\n<script type=\"application\/ld+json\" class=\"yoast-schema-graph\">{\"@context\":\"https:\/\/schema.org\",\"@graph\":[{\"@type\":\"WebPage\",\"@id\":\"https:\/\/testeryou.com\/tr\/magaza\/kuantum-sozu-zamanin-otesinde\/\",\"url\":\"https:\/\/testeryou.com\/tr\/magaza\/kuantum-sozu-zamanin-otesinde\/\",\"name\":\"Kuantum S\u00f6z\u00fc \u2013 Zaman\u0131n \u00d6tesinde - TesterYou\",\"isPartOf\":{\"@id\":\"https:\/\/testeryou.com\/tr\/#website\"},\"primaryImageOfPage\":{\"@id\":\"https:\/\/testeryou.com\/tr\/magaza\/kuantum-sozu-zamanin-otesinde\/#primaryimage\"},\"image\":{\"@id\":\"https:\/\/testeryou.com\/tr\/magaza\/kuantum-sozu-zamanin-otesinde\/#primaryimage\"},\"thumbnailUrl\":\"https:\/\/testeryou.com\/wp-content\/uploads\/2025\/08\/quantum_turkce-1.jpg\",\"datePublished\":\"2025-08-14T13:37:47+00:00\",\"dateModified\":\"2025-12-22T12:04:10+00:00\",\"description\":\"Kuantum S\u00f6z\u00fc, sevgi ve ba\u011flanmay\u0131 kuantum dolan\u0131kl\u0131kla anlatan, \u00e7ocuklar ve yeti\u015fkinler i\u00e7in yaz\u0131lm\u0131\u015f bilimle harmanlanm\u0131\u015f etkileyici bir hik\u00e2ye.\",\"breadcrumb\":{\"@id\":\"https:\/\/testeryou.com\/tr\/magaza\/kuantum-sozu-zamanin-otesinde\/#breadcrumb\"},\"inLanguage\":\"tr\",\"potentialAction\":[{\"@type\":\"ReadAction\",\"target\":[\"https:\/\/testeryou.com\/tr\/magaza\/kuantum-sozu-zamanin-otesinde\/\"]}]},{\"@type\":\"ImageObject\",\"inLanguage\":\"tr\",\"@id\":\"https:\/\/testeryou.com\/tr\/magaza\/kuantum-sozu-zamanin-otesinde\/#primaryimage\",\"url\":\"https:\/\/testeryou.com\/wp-content\/uploads\/2025\/08\/quantum_turkce-1.jpg\",\"contentUrl\":\"https:\/\/testeryou.com\/wp-content\/uploads\/2025\/08\/quantum_turkce-1.jpg\",\"width\":851,\"height\":597},{\"@type\":\"BreadcrumbList\",\"@id\":\"https:\/\/testeryou.com\/tr\/magaza\/kuantum-sozu-zamanin-otesinde\/#breadcrumb\",\"itemListElement\":[{\"@type\":\"ListItem\",\"position\":1,\"name\":\"Home\",\"item\":\"https:\/\/testeryou.com\/tr\/\"},{\"@type\":\"ListItem\",\"position\":2,\"name\":\"Ma\u011faza\",\"item\":\"https:\/\/testeryou.com\/tr\/magaza\/\"},{\"@type\":\"ListItem\",\"position\":3,\"name\":\"Kuantum S\u00f6z\u00fc \u2013 Zaman\u0131n \u00d6tesinde\"}]},{\"@type\":\"WebSite\",\"@id\":\"https:\/\/testeryou.com\/tr\/#website\",\"url\":\"https:\/\/testeryou.com\/tr\/\",\"name\":\"TesterYou\",\"description\":\"TesterYou\",\"publisher\":{\"@id\":\"https:\/\/testeryou.com\/tr\/#organization\"},\"potentialAction\":[{\"@type\":\"SearchAction\",\"target\":{\"@type\":\"EntryPoint\",\"urlTemplate\":\"https:\/\/testeryou.com\/tr\/?s={search_term_string}\"},\"query-input\":{\"@type\":\"PropertyValueSpecification\",\"valueRequired\":true,\"valueName\":\"search_term_string\"}}],\"inLanguage\":\"tr\"},{\"@type\":\"Organization\",\"@id\":\"https:\/\/testeryou.com\/tr\/#organization\",\"name\":\"TesterYou Bili\u015fim Hizmetleri A.\u015e.\",\"url\":\"https:\/\/testeryou.com\/tr\/\",\"logo\":{\"@type\":\"ImageObject\",\"inLanguage\":\"tr\",\"@id\":\"https:\/\/testeryou.com\/tr\/#\/schema\/logo\/image\/\",\"url\":\"https:\/\/testeryou.com\/wp-content\/uploads\/2018\/06\/TesterYou_Favicon.png\",\"contentUrl\":\"https:\/\/testeryou.com\/wp-content\/uploads\/2018\/06\/TesterYou_Favicon.png\",\"width\":1691,\"height\":1921,\"caption\":\"TesterYou Bili\u015fim Hizmetleri A.\u015e.\"},\"image\":{\"@id\":\"https:\/\/testeryou.com\/tr\/#\/schema\/logo\/image\/\"},\"sameAs\":[\"http:\/\/www.facebook.com\/testeryouhq\",\"https:\/\/x.com\/testeryouhq\",\"http:\/\/www.instagram.com\/testeryouhq\/\",\"http:\/\/www.linkedin.com\/company\/testeryou\/\",\"http:\/\/www.youtube.com\/channel\/UC77eVCL7mzsIbNP799cEPOQ\"]}]}<\/script>\n<!-- \/ Yoast SEO plugin. -->","yoast_head_json":{"title":"Kuantum S\u00f6z\u00fc \u2013 Zaman\u0131n \u00d6tesinde - TesterYou","description":"Kuantum S\u00f6z\u00fc, sevgi ve ba\u011flanmay\u0131 kuantum dolan\u0131kl\u0131kla anlatan, \u00e7ocuklar ve yeti\u015fkinler i\u00e7in yaz\u0131lm\u0131\u015f bilimle harmanlanm\u0131\u015f etkileyici bir hik\u00e2ye.","robots":{"index":"index","follow":"follow","max-snippet":"max-snippet:-1","max-image-preview":"max-image-preview:large","max-video-preview":"max-video-preview:-1"},"canonical":"https:\/\/testeryou.com\/tr\/magaza\/kuantum-sozu-zamanin-otesinde\/","og_locale":"tr_TR","og_type":"article","og_title":"Kuantum S\u00f6z\u00fc \u2013 Zaman\u0131n \u00d6tesinde - TesterYou","og_description":"Kuantum S\u00f6z\u00fc, sevgi ve ba\u011flanmay\u0131 kuantum dolan\u0131kl\u0131kla anlatan, \u00e7ocuklar ve yeti\u015fkinler i\u00e7in yaz\u0131lm\u0131\u015f bilimle harmanlanm\u0131\u015f etkileyici bir hik\u00e2ye.","og_url":"https:\/\/testeryou.com\/tr\/magaza\/kuantum-sozu-zamanin-otesinde\/","og_site_name":"TesterYou","article_publisher":"http:\/\/www.facebook.com\/testeryouhq","article_modified_time":"2025-12-22T12:04:10+00:00","og_image":[{"width":851,"height":597,"url":"https:\/\/testeryou.com\/wp-content\/uploads\/2025\/08\/quantum_turkce-1.jpg","type":"image\/jpeg"}],"twitter_card":"summary_large_image","twitter_site":"@testeryouhq","twitter_misc":{"Tahmini okuma s\u00fcresi":"3 dakika"},"schema":{"@context":"https:\/\/schema.org","@graph":[{"@type":"WebPage","@id":"https:\/\/testeryou.com\/tr\/magaza\/kuantum-sozu-zamanin-otesinde\/","url":"https:\/\/testeryou.com\/tr\/magaza\/kuantum-sozu-zamanin-otesinde\/","name":"Kuantum S\u00f6z\u00fc \u2013 Zaman\u0131n \u00d6tesinde - TesterYou","isPartOf":{"@id":"https:\/\/testeryou.com\/tr\/#website"},"primaryImageOfPage":{"@id":"https:\/\/testeryou.com\/tr\/magaza\/kuantum-sozu-zamanin-otesinde\/#primaryimage"},"image":{"@id":"https:\/\/testeryou.com\/tr\/magaza\/kuantum-sozu-zamanin-otesinde\/#primaryimage"},"thumbnailUrl":"https:\/\/testeryou.com\/wp-content\/uploads\/2025\/08\/quantum_turkce-1.jpg","datePublished":"2025-08-14T13:37:47+00:00","dateModified":"2025-12-22T12:04:10+00:00","description":"Kuantum S\u00f6z\u00fc, sevgi ve ba\u011flanmay\u0131 kuantum dolan\u0131kl\u0131kla anlatan, \u00e7ocuklar ve yeti\u015fkinler i\u00e7in yaz\u0131lm\u0131\u015f bilimle harmanlanm\u0131\u015f etkileyici bir hik\u00e2ye.","breadcrumb":{"@id":"https:\/\/testeryou.com\/tr\/magaza\/kuantum-sozu-zamanin-otesinde\/#breadcrumb"},"inLanguage":"tr","potentialAction":[{"@type":"ReadAction","target":["https:\/\/testeryou.com\/tr\/magaza\/kuantum-sozu-zamanin-otesinde\/"]}]},{"@type":"ImageObject","inLanguage":"tr","@id":"https:\/\/testeryou.com\/tr\/magaza\/kuantum-sozu-zamanin-otesinde\/#primaryimage","url":"https:\/\/testeryou.com\/wp-content\/uploads\/2025\/08\/quantum_turkce-1.jpg","contentUrl":"https:\/\/testeryou.com\/wp-content\/uploads\/2025\/08\/quantum_turkce-1.jpg","width":851,"height":597},{"@type":"BreadcrumbList","@id":"https:\/\/testeryou.com\/tr\/magaza\/kuantum-sozu-zamanin-otesinde\/#breadcrumb","itemListElement":[{"@type":"ListItem","position":1,"name":"Home","item":"https:\/\/testeryou.com\/tr\/"},{"@type":"ListItem","position":2,"name":"Ma\u011faza","item":"https:\/\/testeryou.com\/tr\/magaza\/"},{"@type":"ListItem","position":3,"name":"Kuantum S\u00f6z\u00fc \u2013 Zaman\u0131n \u00d6tesinde"}]},{"@type":"WebSite","@id":"https:\/\/testeryou.com\/tr\/#website","url":"https:\/\/testeryou.com\/tr\/","name":"TesterYou","description":"TesterYou","publisher":{"@id":"https:\/\/testeryou.com\/tr\/#organization"},"potentialAction":[{"@type":"SearchAction","target":{"@type":"EntryPoint","urlTemplate":"https:\/\/testeryou.com\/tr\/?s={search_term_string}"},"query-input":{"@type":"PropertyValueSpecification","valueRequired":true,"valueName":"search_term_string"}}],"inLanguage":"tr"},{"@type":"Organization","@id":"https:\/\/testeryou.com\/tr\/#organization","name":"TesterYou Bili\u015fim Hizmetleri A.\u015e.","url":"https:\/\/testeryou.com\/tr\/","logo":{"@type":"ImageObject","inLanguage":"tr","@id":"https:\/\/testeryou.com\/tr\/#\/schema\/logo\/image\/","url":"https:\/\/testeryou.com\/wp-content\/uploads\/2018\/06\/TesterYou_Favicon.png","contentUrl":"https:\/\/testeryou.com\/wp-content\/uploads\/2018\/06\/TesterYou_Favicon.png","width":1691,"height":1921,"caption":"TesterYou Bili\u015fim Hizmetleri A.\u015e."},"image":{"@id":"https:\/\/testeryou.com\/tr\/#\/schema\/logo\/image\/"},"sameAs":["http:\/\/www.facebook.com\/testeryouhq","https:\/\/x.com\/testeryouhq","http:\/\/www.instagram.com\/testeryouhq\/","http:\/\/www.linkedin.com\/company\/testeryou\/","http:\/\/www.youtube.com\/channel\/UC77eVCL7mzsIbNP799cEPOQ"]}]}},"_links":{"self":[{"href":"https:\/\/testeryou.com\/tr\/wp-json\/wp\/v2\/pages\/210974","targetHints":{"allow":["GET"]}}],"collection":[{"href":"https:\/\/testeryou.com\/tr\/wp-json\/wp\/v2\/pages"}],"about":[{"href":"https:\/\/testeryou.com\/tr\/wp-json\/wp\/v2\/types\/page"}],"author":[{"embeddable":true,"href":"https:\/\/testeryou.com\/tr\/wp-json\/wp\/v2\/users\/480"}],"replies":[{"embeddable":true,"href":"https:\/\/testeryou.com\/tr\/wp-json\/wp\/v2\/comments?post=210974"}],"version-history":[{"count":1,"href":"https:\/\/testeryou.com\/tr\/wp-json\/wp\/v2\/pages\/210974\/revisions"}],"predecessor-version":[{"id":211777,"href":"https:\/\/testeryou.com\/tr\/wp-json\/wp\/v2\/pages\/210974\/revisions\/211777"}],"up":[{"embeddable":true,"href":"https:\/\/testeryou.com\/tr\/wp-json\/wp\/v2\/pages\/126557"}],"wp:featuredmedia":[{"embeddable":true,"href":"https:\/\/testeryou.com\/tr\/wp-json\/wp\/v2\/media\/211038"}],"wp:attachment":[{"href":"https:\/\/testeryou.com\/tr\/wp-json\/wp\/v2\/media?parent=210974"}],"curies":[{"name":"wp","href":"https:\/\/api.w.org\/{rel}","templated":true}]}}