{"id":211085,"date":"2025-08-27T15:50:04","date_gmt":"2025-08-27T12:50:04","guid":{"rendered":"http:\/\/testeryou.local\/?page_id=211085"},"modified":"2026-01-05T01:39:10","modified_gmt":"2026-01-04T22:39:10","slug":"the-tespih-code","status":"publish","type":"page","link":"https:\/\/testeryou.com\/tr\/magaza\/the-tespih-code\/","title":{"rendered":"The Tespih Code"},"content":{"rendered":"<div class=\"wpb-content-wrapper\"><p>[vc_row row_height_percent=&#8221;0&#8243; overlay_alpha=&#8221;50&#8243; gutter_size=&#8221;3&#8243; column_width_percent=&#8221;100&#8243; shift_y=&#8221;0&#8243; z_index=&#8221;0&#8243; el_class=&#8221;products-row&#8221;][vc_column width=&#8221;1\/1&#8243;][vc_row_inner limit_content=&#8221;&#8221;][vc_column_inner width=&#8221;1\/2&#8243;][vc_single_image media=&#8221;211026&#8243; media_width_percent=&#8221;100&#8243; uncode_shortcode_id=&#8221;114681&#8243;][\/vc_column_inner][vc_column_inner width=&#8221;1\/2&#8243;][vc_custom_heading heading_semantic=&#8221;h1&#8243; uncode_shortcode_id=&#8221;929243&#8243;]<strong data-start=\"311\" data-end=\"357\">The Tespih Code<br \/>\n<\/strong>[\/vc_custom_heading][vc_column_text uncode_shortcode_id=&#8221;886467&#8243;]Bir tespih dizisi, iyi kurgulanm\u0131\u015f bir algoritman\u0131n mant\u0131\u011f\u0131n\u0131 yans\u0131tabilir mi?<\/p>\n<p>\u00c7ocukluk y\u0131llar\u0131nda hediye edilen ilk tespihle ba\u015flayan ve y\u0131llar i\u00e7inde 500\u2019\u00fc a\u015fk\u0131n par\u00e7adan olu\u015fan bir koleksiyona d\u00f6n\u00fc\u015fen bu yolculuk, Bar\u0131\u015f Sar\u0131alio\u011flu\u2019nun tespihe duydu\u011fu ilginin izini s\u00fcr\u00fcyor.[\/vc_column_text][vc_button border_width=&#8221;0&#8243; link=&#8221;url:https%3A%2F%2Ftesteryou.com%2Ftesteryou-products%2Fthe-tespih-code%2F|title:Sat%C4%B1n%20Al|target:_blank&#8221; uncode_shortcode_id=&#8221;112664&#8243;]Sat\u0131n Al (Bask\u0131\/TR): 2.500 TRY[\/vc_button][\/vc_column_inner][\/vc_row_inner][vc_column_text uncode_shortcode_id=&#8221;136747&#8243;]<\/p>\n<p data-start=\"518\" data-end=\"815\"><em data-start=\"518\" data-end=\"531\">Tespih Code<\/em>, tespihi yaln\u0131zca manevi bir nesne olarak de\u011fil; ayn\u0131 zamanda <strong data-start=\"594\" data-end=\"642\">sistematik d\u00fc\u015f\u00fcnme, mod\u00fcler yap\u0131 ve yineleme<\/strong> kavramlar\u0131n\u0131n simgesi olarak ele al\u0131yor.<\/p>\n<p data-start=\"518\" data-end=\"815\">Bar\u0131\u015f Sar\u0131alio\u011flu, k\u00fclt\u00fcrel miras ile kod d\u00fcnyas\u0131 aras\u0131nda \u00f6zg\u00fcn bir ba\u011f kuruyor.<\/p>\n<p data-start=\"817\" data-end=\"1034\">Her ne kadar yaz\u0131l\u0131m terimleri do\u011frudan kullan\u0131lmasa da, kitab\u0131n yap\u0131s\u0131 ve anlat\u0131m ritmi yaz\u0131l\u0131m\u0131n temel ilkeleriyle \u00f6rt\u00fc\u015f\u00fcyor:<\/p>\n<ul>\n<li>\u00a0Tekrarl\u0131l\u0131k (d\u00f6ng\u00fcler)<\/li>\n<li>\u00a0S\u0131ralama ve mod\u00fclerlik<\/li>\n<li>\u00a0Soyutlama ve ak\u0131\u015f kontrol\u00fc<\/li>\n<\/ul>\n<p data-start=\"1036\" data-end=\"1291\">Nas\u0131l ki her boncuk zihinsel bir odaklanma ad\u0131m\u0131ysa, yaz\u0131l\u0131mda her sat\u0131r kontroll\u00fc bir mant\u0131\u011f\u0131 temsil eder.<\/p>\n<p data-start=\"1036\" data-end=\"1291\">Tespihin fiziksel tasar\u0131m\u0131 \u2014 b\u00f6l\u00fcnm\u00fc\u015f yap\u0131s\u0131, bilin\u00e7li duraksamalar ve ritmik d\u00f6ng\u00fcs\u00fc \u2014 algoritmik d\u00fc\u015f\u00fcnce mimarisiyle anlaml\u0131 bir benzerlik ta\u015f\u0131r.<\/p>\n<blockquote data-start=\"1293\" data-end=\"1421\">\n<p data-start=\"1295\" data-end=\"1421\">\u201cBu kitap sadece tespih hakk\u0131nda de\u011fil. Nesnelerde, haf\u0131zada ve d\u00fc\u015f\u00fcncede tekrar eden desenler \u00fczerine sessiz bir meditasyon.\u201d<\/p>\n<\/blockquote>\n<p data-start=\"1423\" data-end=\"1568\"><em data-start=\"1423\" data-end=\"1436\">Tespih Code<\/em>, ge\u00e7mi\u015fin tefekk\u00fcr\u00fc ile bug\u00fcn\u00fcn analitik bak\u0131\u015f\u0131n\u0131 bulu\u015fturan bir k\u00f6pr\u00fc. K\u00fclt\u00fcrel derinli\u011fi seven, ama kod gibi d\u00fc\u015f\u00fcnen herkes i\u00e7in.<\/p>\n<p>[\/vc_column_text][vc_row_inner row_inner_height_percent=&#8221;0&#8243; overlay_alpha=&#8221;50&#8243; gutter_size=&#8221;3&#8243; shift_y=&#8221;0&#8243; z_index=&#8221;0&#8243; el_class=&#8221;related-post-row&#8221; limit_content=&#8221;&#8221;][vc_column_inner width=&#8221;1\/1&#8243;][vc_custom_heading]\u0130lgili \u00dcr\u00fcnler[\/vc_custom_heading][uncode_index el_id=&#8221;index-190265&#8243; index_type=&#8221;carousel&#8221; loop=&#8221;size:8|order_by:date|post_type:page|tax_query:335&#8243; carousel_lg=&#8221;4&#8243; carousel_md=&#8221;3&#8243; carousel_sm=&#8221;1&#8243; gutter_size=&#8221;3&#8243; page_items=&#8221;media|featured|onpost|original,title&#8221; carousel_interval=&#8221;3000&#8243; carousel_navspeed=&#8221;400&#8243; stage_padding=&#8221;0&#8243; single_overlay_opacity=&#8221;50&#8243; single_padding=&#8221;2&#8243;][\/vc_column_inner][\/vc_row_inner][\/vc_column][\/vc_row]<\/p>\n<\/div>","protected":false},"excerpt":{"rendered":"<p>[vc_row row_height_percent=&#8221;0&#8243; overlay_alpha=&#8221;50&#8243; gutter_size=&#8221;3&#8243; column_width_percent=&#8221;100&#8243; shift_y=&#8221;0&#8243; z_index=&#8221;0&#8243; el_class=&#8221;products-row&#8221;][vc_column width=&#8221;1\/1&#8243;][vc_row_inner limit_content=&#8221;&#8221;][vc_column_inner width=&#8221;1\/2&#8243;][vc_single_image media=&#8221;211026&#8243; media_width_percent=&#8221;100&#8243; uncode_shortcode_id=&#8221;114681&#8243;][\/vc_column_inner][vc_column_inner width=&#8221;1\/2&#8243;][vc_custom_heading heading_semantic=&#8221;h1&#8243; uncode_shortcode_id=&#8221;929243&#8243;]The Tespih Code [\/vc_custom_heading][vc_column_text [&hellip;]<\/p>\n","protected":false},"author":480,"featured_media":211026,"parent":126557,"menu_order":0,"comment_status":"closed","ping_status":"closed","template":"","meta":{"_acf_changed":false,"_exactmetrics_skip_tracking":false,"_exactmetrics_sitenote_active":false,"_exactmetrics_sitenote_note":"","_exactmetrics_sitenote_category":0,"footnotes":""},"class_list":["post-211085","page","type-page","status-publish","has-post-thumbnail","hentry","page_category-diger"],"acf":[],"yoast_head":"<!-- This site is optimized with the Yoast SEO plugin v26.1.1 - https:\/\/yoast.com\/wordpress\/plugins\/seo\/ -->\n<title>The Tespih Code - TesterYou<\/title>\n<meta name=\"description\" content=\"Tespihin tarihsel, k\u00fclt\u00fcrel ve bilimsel y\u00f6nlerini ke\u015ffe \u00e7\u0131kan; duygusal ve entelekt\u00fcel bir yolculuk sunan, Bar\u0131\u015f Sar\u0131alio\u011flu\u2019ndan \u00f6zel bir kitap.\" \/>\n<meta name=\"robots\" content=\"index, follow, max-snippet:-1, max-image-preview:large, max-video-preview:-1\" \/>\n<link rel=\"canonical\" href=\"https:\/\/testeryou.com\/tr\/magaza\/the-tespih-code\/\" \/>\n<meta property=\"og:locale\" content=\"tr_TR\" \/>\n<meta property=\"og:type\" content=\"article\" \/>\n<meta property=\"og:title\" content=\"The Tespih Code - TesterYou\" \/>\n<meta property=\"og:description\" content=\"Tespihin tarihsel, k\u00fclt\u00fcrel ve bilimsel y\u00f6nlerini ke\u015ffe \u00e7\u0131kan; duygusal ve entelekt\u00fcel bir yolculuk sunan, Bar\u0131\u015f Sar\u0131alio\u011flu\u2019ndan \u00f6zel bir kitap.\" \/>\n<meta property=\"og:url\" content=\"https:\/\/testeryou.com\/tr\/magaza\/the-tespih-code\/\" \/>\n<meta property=\"og:site_name\" content=\"TesterYou\" \/>\n<meta property=\"article:publisher\" content=\"http:\/\/www.facebook.com\/testeryouhq\" \/>\n<meta property=\"article:modified_time\" content=\"2026-01-04T22:39:10+00:00\" \/>\n<meta property=\"og:image\" content=\"https:\/\/testeryou.com\/wp-content\/uploads\/2025\/08\/TespihCode_Store.jpg\" \/>\n\t<meta property=\"og:image:width\" content=\"851\" \/>\n\t<meta property=\"og:image:height\" content=\"596\" \/>\n\t<meta property=\"og:image:type\" content=\"image\/jpeg\" \/>\n<meta name=\"twitter:card\" content=\"summary_large_image\" \/>\n<meta name=\"twitter:site\" content=\"@testeryouhq\" \/>\n<meta name=\"twitter:label1\" content=\"Tahmini okuma s\u00fcresi\" \/>\n\t<meta name=\"twitter:data1\" content=\"2 dakika\" \/>\n<script type=\"application\/ld+json\" class=\"yoast-schema-graph\">{\"@context\":\"https:\/\/schema.org\",\"@graph\":[{\"@type\":\"WebPage\",\"@id\":\"https:\/\/testeryou.com\/tr\/magaza\/the-tespih-code\/\",\"url\":\"https:\/\/testeryou.com\/tr\/magaza\/the-tespih-code\/\",\"name\":\"The Tespih Code - TesterYou\",\"isPartOf\":{\"@id\":\"https:\/\/testeryou.com\/tr\/#website\"},\"primaryImageOfPage\":{\"@id\":\"https:\/\/testeryou.com\/tr\/magaza\/the-tespih-code\/#primaryimage\"},\"image\":{\"@id\":\"https:\/\/testeryou.com\/tr\/magaza\/the-tespih-code\/#primaryimage\"},\"thumbnailUrl\":\"https:\/\/testeryou.com\/wp-content\/uploads\/2025\/08\/TespihCode_Store.jpg\",\"datePublished\":\"2025-08-27T12:50:04+00:00\",\"dateModified\":\"2026-01-04T22:39:10+00:00\",\"description\":\"Tespihin tarihsel, k\u00fclt\u00fcrel ve bilimsel y\u00f6nlerini ke\u015ffe \u00e7\u0131kan; duygusal ve entelekt\u00fcel bir yolculuk sunan, Bar\u0131\u015f Sar\u0131alio\u011flu\u2019ndan \u00f6zel bir kitap.\",\"breadcrumb\":{\"@id\":\"https:\/\/testeryou.com\/tr\/magaza\/the-tespih-code\/#breadcrumb\"},\"inLanguage\":\"tr\",\"potentialAction\":[{\"@type\":\"ReadAction\",\"target\":[\"https:\/\/testeryou.com\/tr\/magaza\/the-tespih-code\/\"]}]},{\"@type\":\"ImageObject\",\"inLanguage\":\"tr\",\"@id\":\"https:\/\/testeryou.com\/tr\/magaza\/the-tespih-code\/#primaryimage\",\"url\":\"https:\/\/testeryou.com\/wp-content\/uploads\/2025\/08\/TespihCode_Store.jpg\",\"contentUrl\":\"https:\/\/testeryou.com\/wp-content\/uploads\/2025\/08\/TespihCode_Store.jpg\",\"width\":851,\"height\":596},{\"@type\":\"BreadcrumbList\",\"@id\":\"https:\/\/testeryou.com\/tr\/magaza\/the-tespih-code\/#breadcrumb\",\"itemListElement\":[{\"@type\":\"ListItem\",\"position\":1,\"name\":\"Home\",\"item\":\"https:\/\/testeryou.com\/tr\/\"},{\"@type\":\"ListItem\",\"position\":2,\"name\":\"Ma\u011faza\",\"item\":\"https:\/\/testeryou.com\/tr\/magaza\/\"},{\"@type\":\"ListItem\",\"position\":3,\"name\":\"The Tespih Code\"}]},{\"@type\":\"WebSite\",\"@id\":\"https:\/\/testeryou.com\/tr\/#website\",\"url\":\"https:\/\/testeryou.com\/tr\/\",\"name\":\"TesterYou\",\"description\":\"TesterYou\",\"publisher\":{\"@id\":\"https:\/\/testeryou.com\/tr\/#organization\"},\"potentialAction\":[{\"@type\":\"SearchAction\",\"target\":{\"@type\":\"EntryPoint\",\"urlTemplate\":\"https:\/\/testeryou.com\/tr\/?s={search_term_string}\"},\"query-input\":{\"@type\":\"PropertyValueSpecification\",\"valueRequired\":true,\"valueName\":\"search_term_string\"}}],\"inLanguage\":\"tr\"},{\"@type\":\"Organization\",\"@id\":\"https:\/\/testeryou.com\/tr\/#organization\",\"name\":\"TesterYou Bili\u015fim Hizmetleri A.\u015e.\",\"url\":\"https:\/\/testeryou.com\/tr\/\",\"logo\":{\"@type\":\"ImageObject\",\"inLanguage\":\"tr\",\"@id\":\"https:\/\/testeryou.com\/tr\/#\/schema\/logo\/image\/\",\"url\":\"https:\/\/testeryou.com\/wp-content\/uploads\/2018\/06\/TesterYou_Favicon.png\",\"contentUrl\":\"https:\/\/testeryou.com\/wp-content\/uploads\/2018\/06\/TesterYou_Favicon.png\",\"width\":1691,\"height\":1921,\"caption\":\"TesterYou Bili\u015fim Hizmetleri A.\u015e.\"},\"image\":{\"@id\":\"https:\/\/testeryou.com\/tr\/#\/schema\/logo\/image\/\"},\"sameAs\":[\"http:\/\/www.facebook.com\/testeryouhq\",\"https:\/\/x.com\/testeryouhq\",\"http:\/\/www.instagram.com\/testeryouhq\/\",\"http:\/\/www.linkedin.com\/company\/testeryou\/\",\"http:\/\/www.youtube.com\/channel\/UC77eVCL7mzsIbNP799cEPOQ\"]}]}<\/script>\n<!-- \/ Yoast SEO plugin. -->","yoast_head_json":{"title":"The Tespih Code - TesterYou","description":"Tespihin tarihsel, k\u00fclt\u00fcrel ve bilimsel y\u00f6nlerini ke\u015ffe \u00e7\u0131kan; duygusal ve entelekt\u00fcel bir yolculuk sunan, Bar\u0131\u015f Sar\u0131alio\u011flu\u2019ndan \u00f6zel bir kitap.","robots":{"index":"index","follow":"follow","max-snippet":"max-snippet:-1","max-image-preview":"max-image-preview:large","max-video-preview":"max-video-preview:-1"},"canonical":"https:\/\/testeryou.com\/tr\/magaza\/the-tespih-code\/","og_locale":"tr_TR","og_type":"article","og_title":"The Tespih Code - TesterYou","og_description":"Tespihin tarihsel, k\u00fclt\u00fcrel ve bilimsel y\u00f6nlerini ke\u015ffe \u00e7\u0131kan; duygusal ve entelekt\u00fcel bir yolculuk sunan, Bar\u0131\u015f Sar\u0131alio\u011flu\u2019ndan \u00f6zel bir kitap.","og_url":"https:\/\/testeryou.com\/tr\/magaza\/the-tespih-code\/","og_site_name":"TesterYou","article_publisher":"http:\/\/www.facebook.com\/testeryouhq","article_modified_time":"2026-01-04T22:39:10+00:00","og_image":[{"width":851,"height":596,"url":"https:\/\/testeryou.com\/wp-content\/uploads\/2025\/08\/TespihCode_Store.jpg","type":"image\/jpeg"}],"twitter_card":"summary_large_image","twitter_site":"@testeryouhq","twitter_misc":{"Tahmini okuma s\u00fcresi":"2 dakika"},"schema":{"@context":"https:\/\/schema.org","@graph":[{"@type":"WebPage","@id":"https:\/\/testeryou.com\/tr\/magaza\/the-tespih-code\/","url":"https:\/\/testeryou.com\/tr\/magaza\/the-tespih-code\/","name":"The Tespih Code - TesterYou","isPartOf":{"@id":"https:\/\/testeryou.com\/tr\/#website"},"primaryImageOfPage":{"@id":"https:\/\/testeryou.com\/tr\/magaza\/the-tespih-code\/#primaryimage"},"image":{"@id":"https:\/\/testeryou.com\/tr\/magaza\/the-tespih-code\/#primaryimage"},"thumbnailUrl":"https:\/\/testeryou.com\/wp-content\/uploads\/2025\/08\/TespihCode_Store.jpg","datePublished":"2025-08-27T12:50:04+00:00","dateModified":"2026-01-04T22:39:10+00:00","description":"Tespihin tarihsel, k\u00fclt\u00fcrel ve bilimsel y\u00f6nlerini ke\u015ffe \u00e7\u0131kan; duygusal ve entelekt\u00fcel bir yolculuk sunan, Bar\u0131\u015f Sar\u0131alio\u011flu\u2019ndan \u00f6zel bir kitap.","breadcrumb":{"@id":"https:\/\/testeryou.com\/tr\/magaza\/the-tespih-code\/#breadcrumb"},"inLanguage":"tr","potentialAction":[{"@type":"ReadAction","target":["https:\/\/testeryou.com\/tr\/magaza\/the-tespih-code\/"]}]},{"@type":"ImageObject","inLanguage":"tr","@id":"https:\/\/testeryou.com\/tr\/magaza\/the-tespih-code\/#primaryimage","url":"https:\/\/testeryou.com\/wp-content\/uploads\/2025\/08\/TespihCode_Store.jpg","contentUrl":"https:\/\/testeryou.com\/wp-content\/uploads\/2025\/08\/TespihCode_Store.jpg","width":851,"height":596},{"@type":"BreadcrumbList","@id":"https:\/\/testeryou.com\/tr\/magaza\/the-tespih-code\/#breadcrumb","itemListElement":[{"@type":"ListItem","position":1,"name":"Home","item":"https:\/\/testeryou.com\/tr\/"},{"@type":"ListItem","position":2,"name":"Ma\u011faza","item":"https:\/\/testeryou.com\/tr\/magaza\/"},{"@type":"ListItem","position":3,"name":"The Tespih Code"}]},{"@type":"WebSite","@id":"https:\/\/testeryou.com\/tr\/#website","url":"https:\/\/testeryou.com\/tr\/","name":"TesterYou","description":"TesterYou","publisher":{"@id":"https:\/\/testeryou.com\/tr\/#organization"},"potentialAction":[{"@type":"SearchAction","target":{"@type":"EntryPoint","urlTemplate":"https:\/\/testeryou.com\/tr\/?s={search_term_string}"},"query-input":{"@type":"PropertyValueSpecification","valueRequired":true,"valueName":"search_term_string"}}],"inLanguage":"tr"},{"@type":"Organization","@id":"https:\/\/testeryou.com\/tr\/#organization","name":"TesterYou Bili\u015fim Hizmetleri A.\u015e.","url":"https:\/\/testeryou.com\/tr\/","logo":{"@type":"ImageObject","inLanguage":"tr","@id":"https:\/\/testeryou.com\/tr\/#\/schema\/logo\/image\/","url":"https:\/\/testeryou.com\/wp-content\/uploads\/2018\/06\/TesterYou_Favicon.png","contentUrl":"https:\/\/testeryou.com\/wp-content\/uploads\/2018\/06\/TesterYou_Favicon.png","width":1691,"height":1921,"caption":"TesterYou Bili\u015fim Hizmetleri A.\u015e."},"image":{"@id":"https:\/\/testeryou.com\/tr\/#\/schema\/logo\/image\/"},"sameAs":["http:\/\/www.facebook.com\/testeryouhq","https:\/\/x.com\/testeryouhq","http:\/\/www.instagram.com\/testeryouhq\/","http:\/\/www.linkedin.com\/company\/testeryou\/","http:\/\/www.youtube.com\/channel\/UC77eVCL7mzsIbNP799cEPOQ"]}]}},"_links":{"self":[{"href":"https:\/\/testeryou.com\/tr\/wp-json\/wp\/v2\/pages\/211085","targetHints":{"allow":["GET"]}}],"collection":[{"href":"https:\/\/testeryou.com\/tr\/wp-json\/wp\/v2\/pages"}],"about":[{"href":"https:\/\/testeryou.com\/tr\/wp-json\/wp\/v2\/types\/page"}],"author":[{"embeddable":true,"href":"https:\/\/testeryou.com\/tr\/wp-json\/wp\/v2\/users\/480"}],"replies":[{"embeddable":true,"href":"https:\/\/testeryou.com\/tr\/wp-json\/wp\/v2\/comments?post=211085"}],"version-history":[{"count":2,"href":"https:\/\/testeryou.com\/tr\/wp-json\/wp\/v2\/pages\/211085\/revisions"}],"predecessor-version":[{"id":211916,"href":"https:\/\/testeryou.com\/tr\/wp-json\/wp\/v2\/pages\/211085\/revisions\/211916"}],"up":[{"embeddable":true,"href":"https:\/\/testeryou.com\/tr\/wp-json\/wp\/v2\/pages\/126557"}],"wp:featuredmedia":[{"embeddable":true,"href":"https:\/\/testeryou.com\/tr\/wp-json\/wp\/v2\/media\/211026"}],"wp:attachment":[{"href":"https:\/\/testeryou.com\/tr\/wp-json\/wp\/v2\/media?parent=211085"}],"curies":[{"name":"wp","href":"https:\/\/api.w.org\/{rel}","templated":true}]}}