{"id":212235,"date":"2026-04-17T09:51:10","date_gmt":"2026-04-17T06:51:10","guid":{"rendered":"https:\/\/testeryou.com\/?page_id=212235"},"modified":"2026-04-17T09:51:10","modified_gmt":"2026-04-17T06:51:10","slug":"ex","status":"publish","type":"page","link":"https:\/\/testeryou.com\/tr\/ex\/","title":{"rendered":"EX"},"content":{"rendered":"<div class=\"wpb-content-wrapper\"><p>[vc_row][vc_column width=&#8221;1\/1&#8243;][vc_column_text uncode_shortcode_id=&#8221;193166&#8243;]<\/p>\n<h2 style=\"text-align: center;\">TesterYou EX<\/h2>\n<p>[\/vc_column_text][vc_row_inner][vc_column_inner width=&#8221;1\/2&#8243;][vc_button button_color=&#8221;color-5ED3B1&#8243; border_width=&#8221;0&#8243; uncode_shortcode_id=&#8221;122038&#8243; link=&#8221;url:http%3A%2F%2Ftesteryou.com%2Ftr%2Filetisim%2F&#8221; button_color_type=&#8221;uncode-palette&#8221;]B\u0130ZE ULA\u015eIN[\/vc_button][\/vc_column_inner][vc_column_inner width=&#8221;1\/2&#8243;][vc_button button_color=&#8221;color-0F5CCE\u200b&#8221; border_width=&#8221;0&#8243; uncode_shortcode_id=&#8221;141920&#8243; link=&#8221;url:http%3A%2F%2Ftesteryou.com%2Ftr%2Fegitim%2F&#8221; button_color_type=&#8221;uncode-palette&#8221;]E\u011e\u0130T\u0130M[\/vc_button][\/vc_column_inner][\/vc_row_inner][\/vc_column][\/vc_row][vc_row][vc_column width=&#8221;1\/2&#8243;][vc_single_image media=&#8221;212337&#8243; media_width_percent=&#8221;100&#8243; uncode_shortcode_id=&#8221;488463&#8243;][\/vc_column][vc_column width=&#8221;1\/2&#8243;][vc_column_text text_color=&#8221;color-383F47&#8243; uncode_shortcode_id=&#8221;130020&#8243; text_color_type=&#8221;uncode-palette&#8221; el_class=&#8221;text-strong&#8221;]<strong>\u0130nsan Odakl\u0131, Veri Destekli Organizasyonlar Tasarl\u0131yoruz\u00a0<\/strong><\/p>\n<p><span data-contrast=\"auto\">G\u00fcn\u00fcm\u00fcz organizasyonlar\u0131nda s\u00fcrd\u00fcr\u00fclebilir ba\u015far\u0131; yaln\u0131zca do\u011fru teknolojilerle de\u011fil, do\u011fru hedefler ve do\u011fru kaynak planlamas\u0131yla desteklenen \u00e7al\u0131\u015fan deneyimi ile m\u00fcmk\u00fcnd\u00fcr.<\/span><span data-ccp-props=\"{}\">\u00a0<\/span><\/p>\n<p><span data-contrast=\"auto\">Employee Experience dan\u0131\u015fmanl\u0131\u011f\u0131m\u0131z ile organizasyonlar\u0131n:<\/span><span data-ccp-props=\"{}\">\u00a0<\/span><\/p>\n<ul>\n<li><span data-contrast=\"auto\">Stratejik hedeflerini netle\u015ftirmesine\u00a0<\/span><span data-ccp-props=\"{}\">\u00a0<\/span><\/li>\n<li><span data-contrast=\"auto\">Ekip yap\u0131lar\u0131n\u0131 optimize etmesine\u00a0<\/span><span data-ccp-props=\"{}\">\u00a0<\/span><\/li>\n<li><span data-contrast=\"auto\">\u00c7al\u0131\u015fan ba\u011fl\u0131l\u0131\u011f\u0131n\u0131 ve verimlili\u011fini art\u0131rmas\u0131na destek oluyoruz.<\/span><span data-ccp-props=\"{}\">\u00a0<\/span><\/li>\n<\/ul>\n<p>[\/vc_column_text][\/vc_column][\/vc_row][vc_row][vc_column width=&#8221;1\/1&#8243;][vc_column_text text_color=&#8221;color-383F47&#8243; uncode_shortcode_id=&#8221;208704&#8243; text_color_type=&#8221;uncode-palette&#8221; el_class=&#8221;text-strong&#8221;]<\/p>\n<p style=\"text-align: center;\"><b><span data-contrast=\"auto\">OKR (Objectives &amp; Key Results) Dan\u0131\u015fmanl\u0131\u011f\u0131<\/span><\/b><span data-ccp-props=\"{}\">\u00a0<\/span><\/p>\n<p style=\"text-align: center;\"><span data-contrast=\"auto\">OKR, organizasyonlar\u0131n stratejik \u00f6nceliklerini t\u00fcm seviyelere hizalayarak, odaklanmay\u0131 art\u0131ran, performans\u0131 \u00f6l\u00e7\u00fclebilir k\u0131lan ve d\u00fczenli takip mekanizmalar\u0131yla s\u00fcrd\u00fcr\u00fclebilir geli\u015fim sa\u011flayan bir hedef y\u00f6netim \u00e7er\u00e7evesidir.<\/span><span data-ccp-props=\"{}\">\u00a0<\/span><\/p>\n<p style=\"text-align: center;\"><span data-contrast=\"auto\">Bu metot ile organizasyonlar\u0131n stratejik hedeflerini \u00f6l\u00e7\u00fclebilir ve \u015feffaf hale getiriyoruz.<\/span><span data-ccp-props=\"{&quot;335559685&quot;:360}\">\u00a0<\/span><\/p>\n<p>[\/vc_column_text][vc_single_image media=&#8221;212278&#8243; media_width_percent=&#8221;100&#8243; uncode_shortcode_id=&#8221;516377&#8243;][vc_column_text text_color=&#8221;color-383F47&#8243; uncode_shortcode_id=&#8221;131783&#8243; text_color_type=&#8221;uncode-palette&#8221;]<\/p>\n<p style=\"text-align: center;\"><strong><span class=\"TextRun Underlined SCXW56582196 BCX4\" lang=\"TR-TR\" xml:lang=\"TR-TR\" data-contrast=\"auto\"><span class=\"NormalTextRun SCXW56582196 BCX4\">Bunu Nas\u0131l Yap\u0131yoruz?<\/span><\/span><\/strong><span class=\"EOP Selected SCXW56582196 BCX4\" data-ccp-props=\"{&quot;335559685&quot;:360}\">\u00a0<\/span><\/p>\n<p style=\"text-align: center;\"><span data-contrast=\"auto\">Organizasyonel hedefleri (\u015eirket <\/span><span data-contrast=\"auto\">Departman <\/span><span data-contrast=\"auto\">Tak\u0131m <\/span><span data-contrast=\"auto\">Birey) yap\u0131land\u0131r\u0131yoruz.<\/span><span data-ccp-props=\"{}\">\u00a0<\/span><\/p>\n<p style=\"text-align: center;\"><span data-contrast=\"auto\">OKR framework\u2019\u00fcn\u00fc kuruyor ve \u015firket genelinde kullan\u0131m\u0131n\u0131n sa\u011flanmas\u0131na destek oluyoruz.\u00a0<\/span><span data-ccp-props=\"{}\">\u00a0<\/span><\/p>\n<p style=\"text-align: center;\"><span data-contrast=\"auto\">KPI ve metrikleri i\u015f hedefleri ile hizal\u0131yoruz.<\/span><span data-ccp-props=\"{}\">\u00a0<\/span><\/p>\n<p style=\"text-align: center;\"><span data-contrast=\"auto\">OKR yaz\u0131m ve k\u0131r\u0131l\u0131m \u00e7al\u0131\u015fmalar\u0131 yap\u0131yoruz.<\/span><span data-ccp-props=\"{}\">\u00a0<\/span><\/p>\n<p style=\"text-align: center;\"><span data-contrast=\"auto\">OKR takip ve de\u011ferlendirme mekanizmalar\u0131n\u0131 kurarak s\u00fcrd\u00fcr\u00fclebilir bir yap\u0131 in\u015fa ediyoruz.<\/span><span data-ccp-props=\"{}\">\u00a0<\/span><\/p>\n<p>[\/vc_column_text][vc_single_image media=&#8221;212385&#8243; media_width_percent=&#8221;100&#8243; alignment=&#8221;center&#8221; uncode_shortcode_id=&#8221;107181&#8243;][\/vc_column][\/vc_row][vc_row][vc_column width=&#8221;1\/2&#8243;][vc_column_text text_color=&#8221;color-383F47&#8243; uncode_shortcode_id=&#8221;116322&#8243; text_color_type=&#8221;uncode-palette&#8221; el_class=&#8221;text-strong&#8221;]<b><span data-contrast=\"auto\">Kaynak Planlama &amp; Ekip Optimizasyonu (Staff Sizing)<\/span><\/b><span data-ccp-props=\"{}\">\u00a0<\/span><\/p>\n<p><span data-contrast=\"auto\">Staff Sizing (Kadrolama \/ \u0130\u015f G\u00fcc\u00fc \u00d6l\u00e7eklendirme), bir organizasyonun hedeflerine ula\u015fabilmesi i\u00e7in do\u011fru zamanda, do\u011fru yetkinlikte ve do\u011fru say\u0131da \u00e7al\u0131\u015fan\u0131 belirleme ve planlama s\u00fcrecidir.<\/span><span data-ccp-props=\"{}\">\u00a0<\/span><\/p>\n<p><span data-contrast=\"auto\">\u0130\u015f y\u00fck\u00fc, s\u00fcre\u00e7 verimlili\u011fi ve b\u00fcy\u00fcme hedefleri analiz edilerek ideal ekip yap\u0131s\u0131n\u0131n olu\u015fturulmas\u0131n\u0131 sa\u011flar.<\/span><span data-ccp-props=\"{}\">\u00a0<\/span><\/p>\n<p><span data-contrast=\"auto\">Bu yakla\u015f\u0131mlar i\u015f hedeflerine uygun, do\u011fru b\u00fcy\u00fckl\u00fckte ve s\u00fcrd\u00fcr\u00fclebilir ekip yap\u0131lar\u0131 olu\u015fturuyoruz.<\/span><span data-ccp-props=\"{}\">\u00a0<\/span>[\/vc_column_text][\/vc_column][vc_column width=&#8221;1\/2&#8243;][vc_single_image media=&#8221;212302&#8243; media_width_percent=&#8221;100&#8243; uncode_shortcode_id=&#8221;181880&#8243;][\/vc_column][\/vc_row][vc_row][vc_column width=&#8221;1\/2&#8243;][vc_single_image media=&#8221;212309&#8243; media_width_percent=&#8221;100&#8243; uncode_shortcode_id=&#8221;273004&#8243;][\/vc_column][vc_column width=&#8221;1\/2&#8243;][vc_column_text text_color=&#8221;color-383F47&#8243; uncode_shortcode_id=&#8221;673162&#8243; text_color_type=&#8221;uncode-palette&#8221; el_class=&#8221;text-strong&#8221;]<\/p>\n<p style=\"text-align: right;\"><strong>Bunu Nas\u0131l Yap\u0131yoruz?\u00a0<\/strong><\/p>\n<p style=\"text-align: right;\"><span data-contrast=\"auto\">Mevcut organizasyon ve rolleri analiz ediyoruz.<\/span><span data-ccp-props=\"{}\">\u00a0<\/span><\/p>\n<p style=\"text-align: right;\"><span data-contrast=\"auto\">\u0130\u015f y\u00fck\u00fcn\u00fc ve kapasiteyi de\u011ferlendiriyoruz.<\/span><span data-ccp-props=\"{}\">\u00a0<\/span><\/p>\n<p style=\"text-align: right;\"><span data-contrast=\"auto\">Yetkinlik bazl\u0131 planlama yap\u0131yoruz.<\/span><span data-ccp-props=\"{}\">\u00a0<\/span><\/p>\n<p style=\"text-align: right;\"><span data-contrast=\"auto\">\u0130deal ekip yap\u0131s\u0131n\u0131, rol da\u011f\u0131l\u0131m\u0131n\u0131, hiyerar\u015fik yap\u0131y\u0131 tasarl\u0131yoruz.<\/span><span data-ccp-props=\"{}\">\u00a0<\/span><\/p>\n<p style=\"text-align: right;\"><span data-contrast=\"auto\">Kaynak planlama modeli olu\u015fturuyoruz.<\/span><span data-ccp-props=\"{}\">\u00a0<\/span><\/p>\n<p>[\/vc_column_text][\/vc_column][\/vc_row][vc_row][vc_column width=&#8221;1\/2&#8243;][vc_column_text text_color=&#8221;color-383F47&#8243; uncode_shortcode_id=&#8221;108013&#8243; text_color_type=&#8221;uncode-palette&#8221;]<strong>S\u00fcre\u00e7 Sonu Kazan\u0131mlar<\/strong><\/p>\n<p><span data-contrast=\"auto\">Do\u011fru Ki\u015fi \u2013 Do\u011fru Rol E\u015fle\u015fmesi\u00a0<\/span><span data-ccp-props=\"{}\">\u00a0<\/span><\/p>\n<p><span data-contrast=\"auto\">A\u015f\u0131r\u0131 \/ Yetersiz Kaynak Kullan\u0131m\u0131n\u0131n \u00d6nlenmesi\u00a0<\/span><span data-ccp-props=\"{}\">\u00a0<\/span><\/p>\n<p><span data-contrast=\"auto\">Maliyet ve Verimlilik Optimizasyonu\u00a0<\/span><span data-ccp-props=\"{}\">\u00a0<\/span><\/p>\n<p><span data-contrast=\"auto\">\u00d6l\u00e7eklenebilir Organizasyon Yap\u0131s\u0131<\/span><span data-ccp-props=\"{}\">\u00a0<\/span>[\/vc_column_text][\/vc_column][vc_column width=&#8221;1\/2&#8243;][vc_single_image media=&#8221;212311&#8243; media_width_percent=&#8221;100&#8243; uncode_shortcode_id=&#8221;180528&#8243;][\/vc_column][\/vc_row][vc_row][vc_column width=&#8221;1\/1&#8243;][vc_column_text uncode_shortcode_id=&#8221;173126&#8243;]<\/p>\n<h2 style=\"text-align: center;\"><b><span data-contrast=\"auto\">Yakla\u015f\u0131m\u0131m\u0131z<\/span><\/b><span data-ccp-props=\"{}\">\u00a0<\/span><\/h2>\n<p style=\"text-align: center;\"><b><span data-contrast=\"auto\">K\u00dcLT\u00dcR<\/span><\/b><b><span data-contrast=\"auto\"> &#8212; <\/span><\/b><b><span data-contrast=\"auto\">S\u00dcRE\u00c7 &#8212; ORGAN\u0130ZASYON<\/span><\/b><span data-ccp-props=\"{}\">\u00a0<\/span><\/p>\n<p>[\/vc_column_text][vc_single_image media=&#8221;212322&#8243; media_width_percent=&#8221;100&#8243; uncode_shortcode_id=&#8221;115083&#8243;][\/vc_column][\/vc_row]<\/p>\n<\/div>","protected":false},"excerpt":{"rendered":"<p>[vc_row][vc_column width=&#8221;1\/1&#8243;][vc_column_text uncode_shortcode_id=&#8221;193166&#8243;] TesterYou EX [\/vc_column_text][vc_row_inner][vc_column_inner width=&#8221;1\/2&#8243;][vc_button button_color=&#8221;color-5ED3B1&#8243; border_width=&#8221;0&#8243; uncode_shortcode_id=&#8221;122038&#8243; link=&#8221;url:http%3A%2F%2Ftesteryou.com%2Ftr%2Filetisim%2F&#8221; button_color_type=&#8221;uncode-palette&#8221;]B\u0130ZE ULA\u015eIN[\/vc_button][\/vc_column_inner][vc_column_inner width=&#8221;1\/2&#8243;][vc_button button_color=&#8221;color-0F5CCE\u200b&#8221; border_width=&#8221;0&#8243; uncode_shortcode_id=&#8221;141920&#8243; link=&#8221;url:http%3A%2F%2Ftesteryou.com%2Ftr%2Fegitim%2F&#8221; button_color_type=&#8221;uncode-palette&#8221;]E\u011e\u0130T\u0130M[\/vc_button][\/vc_column_inner][\/vc_row_inner][\/vc_column][\/vc_row][vc_row][vc_column width=&#8221;1\/2&#8243;][vc_single_image [&hellip;]<\/p>\n","protected":false},"author":486,"featured_media":0,"parent":0,"menu_order":0,"comment_status":"closed","ping_status":"closed","template":"","meta":{"_acf_changed":false,"_exactmetrics_skip_tracking":false,"_exactmetrics_sitenote_active":false,"_exactmetrics_sitenote_note":"","_exactmetrics_sitenote_category":0,"footnotes":""},"class_list":["post-212235","page","type-page","status-publish","hentry"],"acf":[],"yoast_head":"<!-- This site is optimized with the Yoast SEO plugin v26.1.1 - https:\/\/yoast.com\/wordpress\/plugins\/seo\/ -->\n<title>EX - TesterYou<\/title>\n<meta name=\"robots\" content=\"index, follow, max-snippet:-1, max-image-preview:large, max-video-preview:-1\" \/>\n<link rel=\"canonical\" href=\"https:\/\/testeryou.com\/tr\/ex\/\" \/>\n<meta property=\"og:locale\" content=\"tr_TR\" \/>\n<meta property=\"og:type\" content=\"article\" \/>\n<meta property=\"og:title\" content=\"EX - TesterYou\" \/>\n<meta property=\"og:description\" content=\"[vc_row][vc_column width=&#8221;1\/1&#8243;][vc_column_text uncode_shortcode_id=&#8221;193166&#8243;] TesterYou EX [\/vc_column_text][vc_row_inner][vc_column_inner width=&#8221;1\/2&#8243;][vc_button button_color=&#8221;color-5ED3B1&#8243; border_width=&#8221;0&#8243; uncode_shortcode_id=&#8221;122038&#8243; link=&#8221;url:http%3A%2F%2Ftesteryou.com%2Ftr%2Filetisim%2F&#8221; button_color_type=&#8221;uncode-palette&#8221;]B\u0130ZE ULA\u015eIN[\/vc_button][\/vc_column_inner][vc_column_inner width=&#8221;1\/2&#8243;][vc_button button_color=&#8221;color-0F5CCE\u200b&#8221; border_width=&#8221;0&#8243; uncode_shortcode_id=&#8221;141920&#8243; link=&#8221;url:http%3A%2F%2Ftesteryou.com%2Ftr%2Fegitim%2F&#8221; button_color_type=&#8221;uncode-palette&#8221;]E\u011e\u0130T\u0130M[\/vc_button][\/vc_column_inner][\/vc_row_inner][\/vc_column][\/vc_row][vc_row][vc_column width=&#8221;1\/2&#8243;][vc_single_image [&hellip;]\" \/>\n<meta property=\"og:url\" content=\"https:\/\/testeryou.com\/tr\/ex\/\" \/>\n<meta property=\"og:site_name\" content=\"TesterYou\" \/>\n<meta property=\"article:publisher\" content=\"http:\/\/www.facebook.com\/testeryouhq\" \/>\n<meta name=\"twitter:card\" content=\"summary_large_image\" \/>\n<meta name=\"twitter:site\" content=\"@testeryouhq\" \/>\n<meta name=\"twitter:label1\" content=\"Tahmini okuma s\u00fcresi\" \/>\n\t<meta name=\"twitter:data1\" content=\"2 dakika\" \/>\n<script type=\"application\/ld+json\" class=\"yoast-schema-graph\">{\"@context\":\"https:\/\/schema.org\",\"@graph\":[{\"@type\":\"WebPage\",\"@id\":\"https:\/\/testeryou.com\/tr\/ex\/\",\"url\":\"https:\/\/testeryou.com\/tr\/ex\/\",\"name\":\"EX - TesterYou\",\"isPartOf\":{\"@id\":\"https:\/\/testeryou.com\/tr\/#website\"},\"datePublished\":\"2026-04-17T06:51:10+00:00\",\"breadcrumb\":{\"@id\":\"https:\/\/testeryou.com\/tr\/ex\/#breadcrumb\"},\"inLanguage\":\"tr\",\"potentialAction\":[{\"@type\":\"ReadAction\",\"target\":[\"https:\/\/testeryou.com\/tr\/ex\/\"]}]},{\"@type\":\"BreadcrumbList\",\"@id\":\"https:\/\/testeryou.com\/tr\/ex\/#breadcrumb\",\"itemListElement\":[{\"@type\":\"ListItem\",\"position\":1,\"name\":\"Home\",\"item\":\"https:\/\/testeryou.com\/tr\/\"},{\"@type\":\"ListItem\",\"position\":2,\"name\":\"EX\"}]},{\"@type\":\"WebSite\",\"@id\":\"https:\/\/testeryou.com\/tr\/#website\",\"url\":\"https:\/\/testeryou.com\/tr\/\",\"name\":\"TesterYou\",\"description\":\"TesterYou\",\"publisher\":{\"@id\":\"https:\/\/testeryou.com\/tr\/#organization\"},\"potentialAction\":[{\"@type\":\"SearchAction\",\"target\":{\"@type\":\"EntryPoint\",\"urlTemplate\":\"https:\/\/testeryou.com\/tr\/?s={search_term_string}\"},\"query-input\":{\"@type\":\"PropertyValueSpecification\",\"valueRequired\":true,\"valueName\":\"search_term_string\"}}],\"inLanguage\":\"tr\"},{\"@type\":\"Organization\",\"@id\":\"https:\/\/testeryou.com\/tr\/#organization\",\"name\":\"TesterYou Bili\u015fim Hizmetleri A.\u015e.\",\"url\":\"https:\/\/testeryou.com\/tr\/\",\"logo\":{\"@type\":\"ImageObject\",\"inLanguage\":\"tr\",\"@id\":\"https:\/\/testeryou.com\/tr\/#\/schema\/logo\/image\/\",\"url\":\"https:\/\/testeryou.com\/wp-content\/uploads\/2018\/06\/TesterYou_Favicon.png\",\"contentUrl\":\"https:\/\/testeryou.com\/wp-content\/uploads\/2018\/06\/TesterYou_Favicon.png\",\"width\":1691,\"height\":1921,\"caption\":\"TesterYou Bili\u015fim Hizmetleri A.\u015e.\"},\"image\":{\"@id\":\"https:\/\/testeryou.com\/tr\/#\/schema\/logo\/image\/\"},\"sameAs\":[\"http:\/\/www.facebook.com\/testeryouhq\",\"https:\/\/x.com\/testeryouhq\",\"http:\/\/www.instagram.com\/testeryouhq\/\",\"http:\/\/www.linkedin.com\/company\/testeryou\/\",\"http:\/\/www.youtube.com\/channel\/UC77eVCL7mzsIbNP799cEPOQ\"]}]}<\/script>\n<!-- \/ Yoast SEO plugin. -->","yoast_head_json":{"title":"EX - TesterYou","robots":{"index":"index","follow":"follow","max-snippet":"max-snippet:-1","max-image-preview":"max-image-preview:large","max-video-preview":"max-video-preview:-1"},"canonical":"https:\/\/testeryou.com\/tr\/ex\/","og_locale":"tr_TR","og_type":"article","og_title":"EX - TesterYou","og_description":"[vc_row][vc_column width=&#8221;1\/1&#8243;][vc_column_text uncode_shortcode_id=&#8221;193166&#8243;] TesterYou EX [\/vc_column_text][vc_row_inner][vc_column_inner width=&#8221;1\/2&#8243;][vc_button button_color=&#8221;color-5ED3B1&#8243; border_width=&#8221;0&#8243; uncode_shortcode_id=&#8221;122038&#8243; link=&#8221;url:http%3A%2F%2Ftesteryou.com%2Ftr%2Filetisim%2F&#8221; button_color_type=&#8221;uncode-palette&#8221;]B\u0130ZE ULA\u015eIN[\/vc_button][\/vc_column_inner][vc_column_inner width=&#8221;1\/2&#8243;][vc_button button_color=&#8221;color-0F5CCE\u200b&#8221; border_width=&#8221;0&#8243; uncode_shortcode_id=&#8221;141920&#8243; link=&#8221;url:http%3A%2F%2Ftesteryou.com%2Ftr%2Fegitim%2F&#8221; button_color_type=&#8221;uncode-palette&#8221;]E\u011e\u0130T\u0130M[\/vc_button][\/vc_column_inner][\/vc_row_inner][\/vc_column][\/vc_row][vc_row][vc_column width=&#8221;1\/2&#8243;][vc_single_image [&hellip;]","og_url":"https:\/\/testeryou.com\/tr\/ex\/","og_site_name":"TesterYou","article_publisher":"http:\/\/www.facebook.com\/testeryouhq","twitter_card":"summary_large_image","twitter_site":"@testeryouhq","twitter_misc":{"Tahmini okuma s\u00fcresi":"2 dakika"},"schema":{"@context":"https:\/\/schema.org","@graph":[{"@type":"WebPage","@id":"https:\/\/testeryou.com\/tr\/ex\/","url":"https:\/\/testeryou.com\/tr\/ex\/","name":"EX - TesterYou","isPartOf":{"@id":"https:\/\/testeryou.com\/tr\/#website"},"datePublished":"2026-04-17T06:51:10+00:00","breadcrumb":{"@id":"https:\/\/testeryou.com\/tr\/ex\/#breadcrumb"},"inLanguage":"tr","potentialAction":[{"@type":"ReadAction","target":["https:\/\/testeryou.com\/tr\/ex\/"]}]},{"@type":"BreadcrumbList","@id":"https:\/\/testeryou.com\/tr\/ex\/#breadcrumb","itemListElement":[{"@type":"ListItem","position":1,"name":"Home","item":"https:\/\/testeryou.com\/tr\/"},{"@type":"ListItem","position":2,"name":"EX"}]},{"@type":"WebSite","@id":"https:\/\/testeryou.com\/tr\/#website","url":"https:\/\/testeryou.com\/tr\/","name":"TesterYou","description":"TesterYou","publisher":{"@id":"https:\/\/testeryou.com\/tr\/#organization"},"potentialAction":[{"@type":"SearchAction","target":{"@type":"EntryPoint","urlTemplate":"https:\/\/testeryou.com\/tr\/?s={search_term_string}"},"query-input":{"@type":"PropertyValueSpecification","valueRequired":true,"valueName":"search_term_string"}}],"inLanguage":"tr"},{"@type":"Organization","@id":"https:\/\/testeryou.com\/tr\/#organization","name":"TesterYou Bili\u015fim Hizmetleri A.\u015e.","url":"https:\/\/testeryou.com\/tr\/","logo":{"@type":"ImageObject","inLanguage":"tr","@id":"https:\/\/testeryou.com\/tr\/#\/schema\/logo\/image\/","url":"https:\/\/testeryou.com\/wp-content\/uploads\/2018\/06\/TesterYou_Favicon.png","contentUrl":"https:\/\/testeryou.com\/wp-content\/uploads\/2018\/06\/TesterYou_Favicon.png","width":1691,"height":1921,"caption":"TesterYou Bili\u015fim Hizmetleri A.\u015e."},"image":{"@id":"https:\/\/testeryou.com\/tr\/#\/schema\/logo\/image\/"},"sameAs":["http:\/\/www.facebook.com\/testeryouhq","https:\/\/x.com\/testeryouhq","http:\/\/www.instagram.com\/testeryouhq\/","http:\/\/www.linkedin.com\/company\/testeryou\/","http:\/\/www.youtube.com\/channel\/UC77eVCL7mzsIbNP799cEPOQ"]}]}},"_links":{"self":[{"href":"https:\/\/testeryou.com\/tr\/wp-json\/wp\/v2\/pages\/212235","targetHints":{"allow":["GET"]}}],"collection":[{"href":"https:\/\/testeryou.com\/tr\/wp-json\/wp\/v2\/pages"}],"about":[{"href":"https:\/\/testeryou.com\/tr\/wp-json\/wp\/v2\/types\/page"}],"author":[{"embeddable":true,"href":"https:\/\/testeryou.com\/tr\/wp-json\/wp\/v2\/users\/486"}],"replies":[{"embeddable":true,"href":"https:\/\/testeryou.com\/tr\/wp-json\/wp\/v2\/comments?post=212235"}],"version-history":[{"count":20,"href":"https:\/\/testeryou.com\/tr\/wp-json\/wp\/v2\/pages\/212235\/revisions"}],"predecessor-version":[{"id":212418,"href":"https:\/\/testeryou.com\/tr\/wp-json\/wp\/v2\/pages\/212235\/revisions\/212418"}],"wp:attachment":[{"href":"https:\/\/testeryou.com\/tr\/wp-json\/wp\/v2\/media?parent=212235"}],"curies":[{"name":"wp","href":"https:\/\/api.w.org\/{rel}","templated":true}]}}